{"id":1688,"date":"2020-12-07T11:42:00","date_gmt":"2020-12-07T11:42:00","guid":{"rendered":"https:\/\/terraixufa.com\/cacauet\/"},"modified":"2020-12-30T14:40:03","modified_gmt":"2020-12-30T14:40:03","slug":"cacauet","status":"publish","type":"page","link":"https:\/\/terraixufa.com\/ca\/cacauet\/","title":{"rendered":"Cacauet"},"content":{"rendered":"<div class=\"wpb-content-wrapper\"><p>[vc_row][vc_column width=&#8221;1\/6&#8243;][\/vc_column][vc_column width=&#8221;2\/3&#8243;][vc_column_text]<\/p>\n<h2 style=\"text-align: center;\">Cacauet, Man\u00ed, Manduv\u00ed<\/h2>\n<p style=\"text-align: center;\">Arachis hypogaea<\/p>\n<p>[\/vc_column_text][\/vc_column][vc_column width=&#8221;1\/6&#8243;][\/vc_column][\/vc_row][vc_row][vc_column][vc_single_image image=&#8221;1334&#8243; img_size=&#8221;full&#8221;][\/vc_column][\/vc_row][vc_row][vc_column width=&#8221;1\/6&#8243;][\/vc_column][vc_column width=&#8221;2\/3&#8243;][vc_empty_space][vc_column_text]<strong>Nom com\u00fa o vulgar:<\/strong> Cacauet, Man\u00ed, Mandub\u00ed, Manduv\u00ed<\/p>\n<p><strong>Nom cient\u00edfic o llat\u00ed:<\/strong> <em>Arachis hypogaea<\/em>. Fam\u00edlia: Lleguminoses<\/p>\n<p><strong>Varietat:<\/strong> Cacauet llarg<\/p>\n<p><strong>Origen:<\/strong> nadiu de la part tropical d&#8217;Am\u00e8rica del Sud, probablement el Brasil. Planta anual herbacea, erecta, ascendent de 15-70 cm d&#8217;alt amb tiges lleugerament peludes, amb ramificacions des de la base, que desenvolupa arrels quan aquestes branques toquen el s\u00f2l.<\/p>\n<p><strong>\u00das:<\/strong> El man\u00ed o cacauet \u00e9s una altra important font d&#8217;oli vegetal en les zones tropicals i subtropicals.<br \/>\nEs consumeixen en grans quantitats, torrats o bullits i preparats en una infinitat de formes. Es fan dol\u00e7os, pastissos, galetes etc; en mantega de cacauet; oli de cacauet, pans de cacauet, etc.<\/p>\n<p>Els grans frescos contenen de 35 a 32% de prote\u00efnes i de 40-50% de greix i a m\u00e9s cistina, tiamina, riboflavina i niacina.[\/vc_column_text][vc_btn title=&#8221;\u00bfOn comprar?&#8221; style=&#8221;flat&#8221; color=&#8221;black&#8221; align=&#8221;center&#8221; link=&#8221;url:https%3A%2F%2Fterraixufa.com%2Fca%2Fcontacto%2F|title:Contacte|&#8221;][vc_empty_space][\/vc_column][vc_column width=&#8221;1\/6&#8243;][\/vc_column][\/vc_row]<\/p>\n<\/div>","protected":false},"excerpt":{"rendered":"<p>[vc_row][vc_column width=&#8221;1\/6&#8243;][\/vc_column][vc_column width=&#8221;2\/3&#8243;][vc_column_text] Cacauet, Man\u00ed, Manduv\u00ed Arachis hypogaea [\/vc_column_text][\/vc_column][vc_column width=&#8221;1\/6&#8243;][\/vc_column][\/vc_row][vc_row][vc_column][vc_single_image image=&#8221;1334&#8243; img_size=&#8221;full&#8221;][\/vc_column][\/vc_row][vc_row][vc_column width=&#8221;1\/6&#8243;][\/vc_column][vc_column width=&#8221;2\/3&#8243;][vc_empty_space][vc_column_text]Nom com\u00fa o vulgar: Cacauet, Man\u00ed, Mandub\u00ed, Manduv\u00ed Nom cient\u00edfic o llat\u00ed: Arachis hypogaea. Fam\u00edlia: Lleguminoses Varietat: Cacauet llarg Origen: nadiu de la part tropical d&#8217;Am\u00e8rica del Sud, probablement el Brasil. Planta anual herbacea, erecta, ascendent de 15-70 cm d&#8217;alt amb tiges&hellip;<\/p>\n","protected":false},"author":3,"featured_media":0,"parent":0,"menu_order":0,"comment_status":"closed","ping_status":"closed","template":"","meta":{"_acf_changed":false,"footnotes":""},"class_list":["post-1688","page","type-page","status-publish","hentry"],"acf":[],"yoast_head":"<!-- This site is optimized with the Yoast SEO plugin v27.5 - https:\/\/yoast.com\/product\/yoast-seo-wordpress\/ -->\n<title>Cacauet -<\/title>\n<meta name=\"description\" content=\"Els cacauets es consumeixen en dol\u00e7os, pastissos, galetes etc.; en mantega de cacauet; oli de cacauet, pans de cacauet, etc.\" \/>\n<meta name=\"robots\" content=\"index, follow, max-snippet:-1, max-image-preview:large, max-video-preview:-1\" \/>\n<link rel=\"canonical\" href=\"https:\/\/terraixufa.com\/ca\/cacauet\/\" \/>\n<meta property=\"og:locale\" content=\"en_US\" \/>\n<meta property=\"og:type\" content=\"article\" \/>\n<meta property=\"og:title\" content=\"Cacauet -\" \/>\n<meta property=\"og:description\" content=\"Els cacauets es consumeixen en dol\u00e7os, pastissos, galetes etc.; en mantega de cacauet; oli de cacauet, pans de cacauet, etc.\" \/>\n<meta property=\"og:url\" content=\"https:\/\/terraixufa.com\/ca\/cacauet\/\" \/>\n<meta property=\"og:site_name\" content=\"terraixufa\" \/>\n<meta property=\"article:modified_time\" content=\"2020-12-30T14:40:03+00:00\" \/>\n<meta name=\"twitter:card\" content=\"summary_large_image\" \/>\n<meta name=\"twitter:label1\" content=\"Est. reading time\" \/>\n\t<meta name=\"twitter:data1\" content=\"1 minute\" \/>\n<script type=\"application\/ld+json\" class=\"yoast-schema-graph\">{\"@context\":\"https:\\\/\\\/schema.org\",\"@graph\":[{\"@type\":\"WebPage\",\"@id\":\"https:\\\/\\\/terraixufa.com\\\/ca\\\/cacauet\\\/\",\"url\":\"https:\\\/\\\/terraixufa.com\\\/ca\\\/cacauet\\\/\",\"name\":\"Cacauet -\",\"isPartOf\":{\"@id\":\"https:\\\/\\\/terraixufa.com\\\/ca\\\/#website\"},\"datePublished\":\"2020-12-07T11:42:00+00:00\",\"dateModified\":\"2020-12-30T14:40:03+00:00\",\"description\":\"Els cacauets es consumeixen en dol\u00e7os, pastissos, galetes etc.; en mantega de cacauet; oli de cacauet, pans de cacauet, etc.\",\"breadcrumb\":{\"@id\":\"https:\\\/\\\/terraixufa.com\\\/ca\\\/cacauet\\\/#breadcrumb\"},\"inLanguage\":\"val\",\"potentialAction\":[{\"@type\":\"ReadAction\",\"target\":[\"https:\\\/\\\/terraixufa.com\\\/ca\\\/cacauet\\\/\"]}]},{\"@type\":\"BreadcrumbList\",\"@id\":\"https:\\\/\\\/terraixufa.com\\\/ca\\\/cacauet\\\/#breadcrumb\",\"itemListElement\":[{\"@type\":\"ListItem\",\"position\":1,\"name\":\"Portada\",\"item\":\"https:\\\/\\\/terraixufa.com\\\/ca\\\/\"},{\"@type\":\"ListItem\",\"position\":2,\"name\":\"Cacauet\"}]},{\"@type\":\"WebSite\",\"@id\":\"https:\\\/\\\/terraixufa.com\\\/ca\\\/#website\",\"url\":\"https:\\\/\\\/terraixufa.com\\\/ca\\\/\",\"name\":\"terraixufa\",\"description\":\"Productes locals i de temporada\",\"potentialAction\":[{\"@type\":\"SearchAction\",\"target\":{\"@type\":\"EntryPoint\",\"urlTemplate\":\"https:\\\/\\\/terraixufa.com\\\/ca\\\/?s={search_term_string}\"},\"query-input\":{\"@type\":\"PropertyValueSpecification\",\"valueRequired\":true,\"valueName\":\"search_term_string\"}}],\"inLanguage\":\"val\"}]}<\/script>\n<!-- \/ Yoast SEO plugin. -->","yoast_head_json":{"title":"Cacauet -","description":"Els cacauets es consumeixen en dol\u00e7os, pastissos, galetes etc.; en mantega de cacauet; oli de cacauet, pans de cacauet, etc.","robots":{"index":"index","follow":"follow","max-snippet":"max-snippet:-1","max-image-preview":"max-image-preview:large","max-video-preview":"max-video-preview:-1"},"canonical":"https:\/\/terraixufa.com\/ca\/cacauet\/","og_locale":"en_US","og_type":"article","og_title":"Cacauet -","og_description":"Els cacauets es consumeixen en dol\u00e7os, pastissos, galetes etc.; en mantega de cacauet; oli de cacauet, pans de cacauet, etc.","og_url":"https:\/\/terraixufa.com\/ca\/cacauet\/","og_site_name":"terraixufa","article_modified_time":"2020-12-30T14:40:03+00:00","twitter_card":"summary_large_image","twitter_misc":{"Est. reading time":"1 minute"},"schema":{"@context":"https:\/\/schema.org","@graph":[{"@type":"WebPage","@id":"https:\/\/terraixufa.com\/ca\/cacauet\/","url":"https:\/\/terraixufa.com\/ca\/cacauet\/","name":"Cacauet -","isPartOf":{"@id":"https:\/\/terraixufa.com\/ca\/#website"},"datePublished":"2020-12-07T11:42:00+00:00","dateModified":"2020-12-30T14:40:03+00:00","description":"Els cacauets es consumeixen en dol\u00e7os, pastissos, galetes etc.; en mantega de cacauet; oli de cacauet, pans de cacauet, etc.","breadcrumb":{"@id":"https:\/\/terraixufa.com\/ca\/cacauet\/#breadcrumb"},"inLanguage":"val","potentialAction":[{"@type":"ReadAction","target":["https:\/\/terraixufa.com\/ca\/cacauet\/"]}]},{"@type":"BreadcrumbList","@id":"https:\/\/terraixufa.com\/ca\/cacauet\/#breadcrumb","itemListElement":[{"@type":"ListItem","position":1,"name":"Portada","item":"https:\/\/terraixufa.com\/ca\/"},{"@type":"ListItem","position":2,"name":"Cacauet"}]},{"@type":"WebSite","@id":"https:\/\/terraixufa.com\/ca\/#website","url":"https:\/\/terraixufa.com\/ca\/","name":"terraixufa","description":"Productes locals i de temporada","potentialAction":[{"@type":"SearchAction","target":{"@type":"EntryPoint","urlTemplate":"https:\/\/terraixufa.com\/ca\/?s={search_term_string}"},"query-input":{"@type":"PropertyValueSpecification","valueRequired":true,"valueName":"search_term_string"}}],"inLanguage":"val"}]}},"_links":{"self":[{"href":"https:\/\/terraixufa.com\/ca\/wp-json\/wp\/v2\/pages\/1688","targetHints":{"allow":["GET"]}}],"collection":[{"href":"https:\/\/terraixufa.com\/ca\/wp-json\/wp\/v2\/pages"}],"about":[{"href":"https:\/\/terraixufa.com\/ca\/wp-json\/wp\/v2\/types\/page"}],"author":[{"embeddable":true,"href":"https:\/\/terraixufa.com\/ca\/wp-json\/wp\/v2\/users\/3"}],"replies":[{"embeddable":true,"href":"https:\/\/terraixufa.com\/ca\/wp-json\/wp\/v2\/comments?post=1688"}],"version-history":[{"count":31,"href":"https:\/\/terraixufa.com\/ca\/wp-json\/wp\/v2\/pages\/1688\/revisions"}],"predecessor-version":[{"id":2453,"href":"https:\/\/terraixufa.com\/ca\/wp-json\/wp\/v2\/pages\/1688\/revisions\/2453"}],"wp:attachment":[{"href":"https:\/\/terraixufa.com\/ca\/wp-json\/wp\/v2\/media?parent=1688"}],"curies":[{"name":"wp","href":"https:\/\/api.w.org\/{rel}","templated":true}]}}