{"id":1750,"date":"2020-12-07T20:11:11","date_gmt":"2020-12-07T20:11:11","guid":{"rendered":"https:\/\/terraixufa.com\/dificultats\/"},"modified":"2020-12-29T09:45:18","modified_gmt":"2020-12-29T09:45:18","slug":"dificultats","status":"publish","type":"page","link":"https:\/\/terraixufa.com\/ca\/dificultats\/","title":{"rendered":"Dificultats"},"content":{"rendered":"<div class=\"wpb-content-wrapper\"><p>[vc_row][vc_column][vc_column_text]<\/p>\n<h2 style=\"text-align: center;\" data-mce-style=\"text-align: center;\">Dificultats<\/h2>\n<p style=\"text-align: center;\" data-mce-style=\"text-align: center;\">&#8212;<\/p>\n<p>[\/vc_column_text][vc_single_image image=&#8221;1458&#8243; img_size=&#8221;full&#8221;][vc_column_text][\/vc_column_text][\/vc_column][\/vc_row][vc_row][vc_column width=&#8221;1\/2&#8243;][vc_single_image image=&#8221;1428&#8243; img_size=&#8221;full&#8221;][vc_column_text]<\/p>\n<p><strong>Pl\u00e0stic agr\u00edcola.<\/strong><\/p>\n<p>Utilitzem pl\u00e0stic agr\u00edcola per a evitar la compet\u00e8ncia amb l&#8217;herba, avan\u00e7ar els cultius captant l&#8217;energia del sol i estalviar aigua evitant la evapotranspiraci\u00f3n.<\/p>\n<p>[\/vc_column_text][\/vc_column][vc_column width=&#8221;1\/2&#8243;][vc_single_image image=&#8221;1436&#8243; img_size=&#8221;full&#8221;][vc_column_text]<\/p>\n<h4 class=\"p1\"><strong><span class=\"s1\">Canonades del reg i mantes t\u00e8rmiques.<\/span><\/strong><\/h4>\n<p>Tamb\u00e9 reciclem les canonades del reg i la manta t\u00e8rmica que utilitzem per a protegir els cultius de les gelades i de la pujada prematura a flor.<\/p>\n<p>[\/vc_column_text][vc_column_text]<\/p>\n<h5 style=\"text-align: left;\" data-mce-style=\"text-align: left;\"><em><a href=\"https:\/\/www.cmplastik.com\/\" target=\"_blank\" rel=\"noopener noreferrer\" data-mce-href=\"https:\/\/www.cmplastik.com\/\">M\u00e9s informaci\u00f3 <strong>\u2192 &nbsp;<\/strong><\/a><\/em>CM Plastik<\/h5>\n<p>[\/vc_column_text][\/vc_column][\/vc_row][vc_row][vc_column width=&#8221;1\/2&#8243;][vc_single_image image=&#8221;1454&#8243; img_size=&#8221;full&#8221;][vc_column_text]<\/p>\n<p><strong>Mussol de pl\u00e0stic.<\/strong><\/p>\n<p>Altra de les esp\u00e8cies que ens pot provocar un dany econ\u00f2mic a les collites no \u00e9s cap insecte ni plaga habitual. S\u00f3n els coloms, especialment els torcassos que volen en bandades grans i en els primers estadis de la planta, quan est\u00e0 m\u00e9s tendra, en poques hores poden acabar amb una superf\u00edcie important.<br \/>Instal.lem mussols i altres espantalls per a evitar que es posen sobre el camp acabat de trasplantar.<\/p>\n<p>[\/vc_column_text][\/vc_column][vc_column width=&#8221;1\/2&#8243;][vc_single_image image=&#8221;1446&#8243; img_size=&#8221;full&#8221;][vc_column_text]<\/p>\n<p><strong>Catxirulo d&#8217;\u00e0liga.<\/strong><\/p>\n<p>L&#8217;espantall m\u00e9s efectiu \u00e9s el catxirulo que reprodueix la silueta d&#8217;un aligot. Gr\u00e0cies al seu moviment, per poquet que bufe el vent, evita que coloms, conills i altres rosegadors entren als camps del Mas del Fondo protegint les collites.<\/p>\n<p>[\/vc_column_text][\/vc_column][\/vc_row][vc_row][vc_column width=&#8221;1\/2&#8243;][vc_single_image image=&#8221;1450&#8243; img_size=&#8221;full&#8221;][vc_column_text]<\/p>\n<p><strong>Xarxa conills.<\/strong><\/p>\n<p>La p\u00e8rdua de biodiversitat afavoreix que algunes esp\u00e8cies es puguen convertir en plaga. \u00c9s el cas dels conills, qu\u00e8 sense la pres\u00e8ncia de les aus rapinyaires que els controlen causen importants danys a les collites. Especialment quan els cultius estan acabats de trasplantar.<br \/>Per aix\u00f2 a banda d&#8217;afavorir la reintroducci\u00f3 d&#8217;\u00e0ligues, falcons, mussols i altres aus, hem hagut de tancar els camps de cultiu amb una malla soterrada mig metre de m\u00e9s de cinc quil\u00f2metres de per\u00edmetre.<br \/>Per tal d&#8217;afavorir la instal\u00b7laci\u00f3 de rapinyaires col.loquem postes que els serveixen de punts elevats d&#8217;observaci\u00f3, sense el perill d&#8217;electrocuci\u00f3 que tenen les l\u00ednies el\u00e8ctriques.<\/p>\n<p>[\/vc_column_text][\/vc_column][vc_column width=&#8221;1\/2&#8243;][\/vc_column][\/vc_row]<\/p>\n<\/div>","protected":false},"excerpt":{"rendered":"<p>[vc_row][vc_column][vc_column_text] Dificultats &#8212; [\/vc_column_text][vc_single_image image=&#8221;1458&#8243; img_size=&#8221;full&#8221;][vc_column_text][\/vc_column_text][\/vc_column][\/vc_row][vc_row][vc_column width=&#8221;1\/2&#8243;][vc_single_image image=&#8221;1428&#8243; img_size=&#8221;full&#8221;][vc_column_text] Pl\u00e0stic agr\u00edcola. Utilitzem pl\u00e0stic agr\u00edcola per a evitar la compet\u00e8ncia amb l&#8217;herba, avan\u00e7ar els cultius captant l&#8217;energia del sol i estalviar aigua evitant la evapotranspiraci\u00f3n. [\/vc_column_text][\/vc_column][vc_column width=&#8221;1\/2&#8243;][vc_single_image image=&#8221;1436&#8243; img_size=&#8221;full&#8221;][vc_column_text] Canonades del reg i mantes t\u00e8rmiques. Tamb\u00e9 reciclem les canonades del reg i la manta t\u00e8rmica que&hellip;<\/p>\n","protected":false},"author":3,"featured_media":0,"parent":0,"menu_order":0,"comment_status":"closed","ping_status":"closed","template":"","meta":{"_acf_changed":false,"footnotes":""},"class_list":["post-1750","page","type-page","status-publish","hentry"],"acf":[],"yoast_head":"<!-- This site is optimized with the Yoast SEO plugin v27.4 - https:\/\/yoast.com\/product\/yoast-seo-wordpress\/ -->\n<title>Dificultats - terraixufa<\/title>\n<meta name=\"robots\" content=\"index, follow, max-snippet:-1, max-image-preview:large, max-video-preview:-1\" \/>\n<link rel=\"canonical\" href=\"https:\/\/terraixufa.com\/ca\/dificultats\/\" \/>\n<meta property=\"og:locale\" content=\"en_US\" \/>\n<meta property=\"og:type\" content=\"article\" \/>\n<meta property=\"og:title\" content=\"Dificultats - terraixufa\" \/>\n<meta property=\"og:description\" content=\"[vc_row][vc_column][vc_column_text] Dificultats &#8212; [\/vc_column_text][vc_single_image image=&#8221;1458&#8243; img_size=&#8221;full&#8221;][vc_column_text][\/vc_column_text][\/vc_column][\/vc_row][vc_row][vc_column width=&#8221;1\/2&#8243;][vc_single_image image=&#8221;1428&#8243; img_size=&#8221;full&#8221;][vc_column_text] Pl\u00e0stic agr\u00edcola. Utilitzem pl\u00e0stic agr\u00edcola per a evitar la compet\u00e8ncia amb l&#8217;herba, avan\u00e7ar els cultius captant l&#8217;energia del sol i estalviar aigua evitant la evapotranspiraci\u00f3n. [\/vc_column_text][\/vc_column][vc_column width=&#8221;1\/2&#8243;][vc_single_image image=&#8221;1436&#8243; img_size=&#8221;full&#8221;][vc_column_text] Canonades del reg i mantes t\u00e8rmiques. Tamb\u00e9 reciclem les canonades del reg i la manta t\u00e8rmica que&hellip;\" \/>\n<meta property=\"og:url\" content=\"https:\/\/terraixufa.com\/ca\/dificultats\/\" \/>\n<meta property=\"og:site_name\" content=\"terraixufa\" \/>\n<meta property=\"article:modified_time\" content=\"2020-12-29T09:45:18+00:00\" \/>\n<meta name=\"twitter:card\" content=\"summary_large_image\" \/>\n<meta name=\"twitter:label1\" content=\"Est. reading time\" \/>\n\t<meta name=\"twitter:data1\" content=\"2 minutes\" \/>\n<script type=\"application\/ld+json\" class=\"yoast-schema-graph\">{\"@context\":\"https:\\\/\\\/schema.org\",\"@graph\":[{\"@type\":\"WebPage\",\"@id\":\"https:\\\/\\\/terraixufa.com\\\/ca\\\/dificultats\\\/\",\"url\":\"https:\\\/\\\/terraixufa.com\\\/ca\\\/dificultats\\\/\",\"name\":\"Dificultats - terraixufa\",\"isPartOf\":{\"@id\":\"https:\\\/\\\/terraixufa.com\\\/ca\\\/#website\"},\"datePublished\":\"2020-12-07T20:11:11+00:00\",\"dateModified\":\"2020-12-29T09:45:18+00:00\",\"breadcrumb\":{\"@id\":\"https:\\\/\\\/terraixufa.com\\\/ca\\\/dificultats\\\/#breadcrumb\"},\"inLanguage\":\"val\",\"potentialAction\":[{\"@type\":\"ReadAction\",\"target\":[\"https:\\\/\\\/terraixufa.com\\\/ca\\\/dificultats\\\/\"]}]},{\"@type\":\"BreadcrumbList\",\"@id\":\"https:\\\/\\\/terraixufa.com\\\/ca\\\/dificultats\\\/#breadcrumb\",\"itemListElement\":[{\"@type\":\"ListItem\",\"position\":1,\"name\":\"Portada\",\"item\":\"https:\\\/\\\/terraixufa.com\\\/ca\\\/\"},{\"@type\":\"ListItem\",\"position\":2,\"name\":\"Dificultats\"}]},{\"@type\":\"WebSite\",\"@id\":\"https:\\\/\\\/terraixufa.com\\\/ca\\\/#website\",\"url\":\"https:\\\/\\\/terraixufa.com\\\/ca\\\/\",\"name\":\"terraixufa\",\"description\":\"Productes locals i de temporada\",\"potentialAction\":[{\"@type\":\"SearchAction\",\"target\":{\"@type\":\"EntryPoint\",\"urlTemplate\":\"https:\\\/\\\/terraixufa.com\\\/ca\\\/?s={search_term_string}\"},\"query-input\":{\"@type\":\"PropertyValueSpecification\",\"valueRequired\":true,\"valueName\":\"search_term_string\"}}],\"inLanguage\":\"val\"}]}<\/script>\n<!-- \/ Yoast SEO plugin. -->","yoast_head_json":{"title":"Dificultats - terraixufa","robots":{"index":"index","follow":"follow","max-snippet":"max-snippet:-1","max-image-preview":"max-image-preview:large","max-video-preview":"max-video-preview:-1"},"canonical":"https:\/\/terraixufa.com\/ca\/dificultats\/","og_locale":"en_US","og_type":"article","og_title":"Dificultats - terraixufa","og_description":"[vc_row][vc_column][vc_column_text] Dificultats &#8212; [\/vc_column_text][vc_single_image image=&#8221;1458&#8243; img_size=&#8221;full&#8221;][vc_column_text][\/vc_column_text][\/vc_column][\/vc_row][vc_row][vc_column width=&#8221;1\/2&#8243;][vc_single_image image=&#8221;1428&#8243; img_size=&#8221;full&#8221;][vc_column_text] Pl\u00e0stic agr\u00edcola. Utilitzem pl\u00e0stic agr\u00edcola per a evitar la compet\u00e8ncia amb l&#8217;herba, avan\u00e7ar els cultius captant l&#8217;energia del sol i estalviar aigua evitant la evapotranspiraci\u00f3n. [\/vc_column_text][\/vc_column][vc_column width=&#8221;1\/2&#8243;][vc_single_image image=&#8221;1436&#8243; img_size=&#8221;full&#8221;][vc_column_text] Canonades del reg i mantes t\u00e8rmiques. Tamb\u00e9 reciclem les canonades del reg i la manta t\u00e8rmica que&hellip;","og_url":"https:\/\/terraixufa.com\/ca\/dificultats\/","og_site_name":"terraixufa","article_modified_time":"2020-12-29T09:45:18+00:00","twitter_card":"summary_large_image","twitter_misc":{"Est. reading time":"2 minutes"},"schema":{"@context":"https:\/\/schema.org","@graph":[{"@type":"WebPage","@id":"https:\/\/terraixufa.com\/ca\/dificultats\/","url":"https:\/\/terraixufa.com\/ca\/dificultats\/","name":"Dificultats - terraixufa","isPartOf":{"@id":"https:\/\/terraixufa.com\/ca\/#website"},"datePublished":"2020-12-07T20:11:11+00:00","dateModified":"2020-12-29T09:45:18+00:00","breadcrumb":{"@id":"https:\/\/terraixufa.com\/ca\/dificultats\/#breadcrumb"},"inLanguage":"val","potentialAction":[{"@type":"ReadAction","target":["https:\/\/terraixufa.com\/ca\/dificultats\/"]}]},{"@type":"BreadcrumbList","@id":"https:\/\/terraixufa.com\/ca\/dificultats\/#breadcrumb","itemListElement":[{"@type":"ListItem","position":1,"name":"Portada","item":"https:\/\/terraixufa.com\/ca\/"},{"@type":"ListItem","position":2,"name":"Dificultats"}]},{"@type":"WebSite","@id":"https:\/\/terraixufa.com\/ca\/#website","url":"https:\/\/terraixufa.com\/ca\/","name":"terraixufa","description":"Productes locals i de temporada","potentialAction":[{"@type":"SearchAction","target":{"@type":"EntryPoint","urlTemplate":"https:\/\/terraixufa.com\/ca\/?s={search_term_string}"},"query-input":{"@type":"PropertyValueSpecification","valueRequired":true,"valueName":"search_term_string"}}],"inLanguage":"val"}]}},"_links":{"self":[{"href":"https:\/\/terraixufa.com\/ca\/wp-json\/wp\/v2\/pages\/1750","targetHints":{"allow":["GET"]}}],"collection":[{"href":"https:\/\/terraixufa.com\/ca\/wp-json\/wp\/v2\/pages"}],"about":[{"href":"https:\/\/terraixufa.com\/ca\/wp-json\/wp\/v2\/types\/page"}],"author":[{"embeddable":true,"href":"https:\/\/terraixufa.com\/ca\/wp-json\/wp\/v2\/users\/3"}],"replies":[{"embeddable":true,"href":"https:\/\/terraixufa.com\/ca\/wp-json\/wp\/v2\/comments?post=1750"}],"version-history":[{"count":16,"href":"https:\/\/terraixufa.com\/ca\/wp-json\/wp\/v2\/pages\/1750\/revisions"}],"predecessor-version":[{"id":2301,"href":"https:\/\/terraixufa.com\/ca\/wp-json\/wp\/v2\/pages\/1750\/revisions\/2301"}],"wp:attachment":[{"href":"https:\/\/terraixufa.com\/ca\/wp-json\/wp\/v2\/media?parent=1750"}],"curies":[{"name":"wp","href":"https:\/\/api.w.org\/{rel}","templated":true}]}}