{"id":1767,"date":"2020-12-07T20:15:40","date_gmt":"2020-12-07T20:15:40","guid":{"rendered":"https:\/\/terraixufa.com\/organisme\/"},"modified":"2020-12-30T14:24:17","modified_gmt":"2020-12-30T14:24:17","slug":"organisme","status":"publish","type":"page","link":"https:\/\/terraixufa.com\/ca\/organisme\/","title":{"rendered":"Organisme."},"content":{"rendered":"<div class=\"wpb-content-wrapper\"><p>[vc_row][vc_column][vc_column_text]<\/p>\n<h2 style=\"text-align: center;\">Granja<\/h2>\n<p style=\"text-align: center;\">Ovelles, Cabres, Abelles<\/p>\n<p>[\/vc_column_text][vc_single_image image=&#8221;1350&#8243; img_size=&#8221;full&#8221;][vc_empty_space height=&#8221;30px&#8221;][vc_column_text]<\/p>\n<div id=\"dv_traduccio\">\n<div id=\"traduccio\" class=\"texte\">Segons el cens de Ministeri d&#8217;Agricultura nom\u00e9s queden 6000 ovelles guirres a tot el m\u00f3n, i d&#8217;aquestes 600 estan en la nostra finca del Mas del Fons. Una ra\u00e7a perfectament adaptada a les condicions de la muntanya i el camp valenci\u00e0.<\/div>\n<\/div>\n<p>[\/vc_column_text][vc_column_text]<\/p>\n<h5 style=\"text-align: left;\"><em><a href=\"https:\/\/www.anguirra.com\/\" target=\"_blank\" rel=\"noopener noreferrer\">M\u00e9s informaci\u00f3<strong>\u2192<\/strong><\/a>\u00a0<\/em>Associaci\u00f3 Nacional de Criadors de Ra\u00e7a<em> Guirra ANGUIRRA<\/em><\/h5>\n<p>[\/vc_column_text][\/vc_column][\/vc_row][vc_row equal_height=&#8221;yes&#8221;][vc_column width=&#8221;1\/2&#8243;][vc_single_image image=&#8221;1355&#8243; img_size=&#8221;full&#8221;][vc_column_text]<\/p>\n<h4 class=\"p1\"><strong><span class=\"s1\">Abelles.<\/span><\/strong><\/h4>\n<p class=\"p1\">Les abelles s\u00f3n important\u00edssimes per a la pol\u00b7linitzaci\u00f3 de la majoria de fruiters, per\u00f2 tamb\u00e9 per a molts cultius hort\u00edcoles, especialment els que aprofitem pel seu fruit, com carabasses, tomaques o melons.<br \/>\nPer aix\u00f2 tenim un apiari permanent durant tot l&#8217;any al Mas refor\u00e7ant-lo en primavera i estiu.<\/p>\n<p>[\/vc_column_text][vc_empty_space height=&#8221;60px&#8221;][vc_empty_space height=&#8221;60px&#8221;][\/vc_column][vc_column width=&#8221;1\/2&#8243;][vc_single_image image=&#8221;1359&#8243; img_size=&#8221;full&#8221;][vc_column_text]<\/p>\n<h4 class=\"p1\"><strong><span class=\"s1\">Cabres.<\/span><\/strong><\/h4>\n<p class=\"p1\">No nom\u00e9s tenim ovelles guirres al Mas del Fondo, imprescindibles en qualsevol granja d&#8217;ov\u00ed per a tindre llet en quantitat suficient per a amamantar a aquells corders que la mare no vol donar-los-en.<\/p>\n<p>&nbsp;<br \/>\n[\/vc_column_text][vc_empty_space height=&#8221;60px&#8221;][vc_empty_space height=&#8221;60px&#8221;][\/vc_column][\/vc_row][vc_row equal_height=&#8221;yes&#8221;][vc_column width=&#8221;1\/2&#8243;][vc_single_image image=&#8221;1363&#8243; img_size=&#8221;full&#8221;][vc_column_text]<\/p>\n<h4 class=\"p1\"><strong><span class=\"s1\">Corders.<\/span><\/strong><\/h4>\n<p class=\"p1\">La carn de corder guirro \u00e9s d&#8217;un sabor excepcional gr\u00e0cies sobretot a una alimentaci\u00f3 variada i equilibrada, mescla dels rastolls de la finca, els fruits del sec\u00e0 i el past de la muntanya, completada amb subproductes com la polpa que queda despr\u00e9s d&#8217;elaborar l&#8217;orxata. Del Mas s&#8217;abasteixen hotels i restaurants amb unes quantes estreles Michelin.<\/p>\n<p>&nbsp;<br \/>\n[\/vc_column_text][vc_empty_space height=&#8221;60px&#8221;][\/vc_column][vc_column width=&#8221;1\/2&#8243;][vc_single_image image=&#8221;1367&#8243; img_size=&#8221;full&#8221;][vc_column_text]<\/p>\n<h4 class=\"p1\"><strong><span class=\"s1\">Gos pastor.<\/span><\/strong><\/h4>\n<p class=\"p1\">Qu\u00e8 seria de Ramon, el pastor, sense la gosseta Luna? De bon mat\u00ed, o una miqueta m\u00e9s tard si hi ha aiguatge, ixen junts amb les ovelles i estan recorreguent les 30 hect\u00e0rees de sec\u00e0 i muntanya i les 28 de bancals al voltant del Mas.<\/p>\n<p>&nbsp;<br \/>\n[\/vc_column_text][vc_empty_space height=&#8221;60px&#8221;][\/vc_column][\/vc_row]<\/p>\n<\/div>","protected":false},"excerpt":{"rendered":"<p>[vc_row][vc_column][vc_column_text] Granja Ovelles, Cabres, Abelles [\/vc_column_text][vc_single_image image=&#8221;1350&#8243; img_size=&#8221;full&#8221;][vc_empty_space height=&#8221;30px&#8221;][vc_column_text] Segons el cens de Ministeri d&#8217;Agricultura nom\u00e9s queden 6000 ovelles guirres a tot el m\u00f3n, i d&#8217;aquestes 600 estan en la nostra finca del Mas del Fons. Una ra\u00e7a perfectament adaptada a les condicions de la muntanya i el camp valenci\u00e0. [\/vc_column_text][vc_column_text] M\u00e9s informaci\u00f3\u2192\u00a0Associaci\u00f3 Nacional de&hellip;<\/p>\n","protected":false},"author":3,"featured_media":0,"parent":0,"menu_order":0,"comment_status":"closed","ping_status":"closed","template":"","meta":{"_acf_changed":false,"footnotes":""},"class_list":["post-1767","page","type-page","status-publish","hentry"],"acf":[],"yoast_head":"<!-- This site is optimized with the Yoast SEO plugin v27.3 - https:\/\/yoast.com\/product\/yoast-seo-wordpress\/ -->\n<title>Organisme. - terraixufa - granja<\/title>\n<meta name=\"description\" content=\"Nom\u00e9s queden 6000 ovelles guirres a tot el m\u00f3n, i d&#039;aquestes, 600 estan en la nostra finca del Mas del Fons.\" \/>\n<meta name=\"robots\" content=\"index, follow, max-snippet:-1, max-image-preview:large, max-video-preview:-1\" \/>\n<link rel=\"canonical\" href=\"https:\/\/terraixufa.com\/ca\/organisme\/\" \/>\n<meta property=\"og:locale\" content=\"en_US\" \/>\n<meta property=\"og:type\" content=\"article\" \/>\n<meta property=\"og:title\" content=\"Organisme. - terraixufa - granja\" \/>\n<meta property=\"og:description\" content=\"Nom\u00e9s queden 6000 ovelles guirres a tot el m\u00f3n, i d&#039;aquestes, 600 estan en la nostra finca del Mas del Fons.\" \/>\n<meta property=\"og:url\" content=\"https:\/\/terraixufa.com\/ca\/organisme\/\" \/>\n<meta property=\"og:site_name\" content=\"terraixufa\" \/>\n<meta property=\"article:modified_time\" content=\"2020-12-30T14:24:17+00:00\" \/>\n<meta name=\"twitter:card\" content=\"summary_large_image\" \/>\n<meta name=\"twitter:label1\" content=\"Est. reading time\" \/>\n\t<meta name=\"twitter:data1\" content=\"2 minutes\" \/>\n<script type=\"application\/ld+json\" class=\"yoast-schema-graph\">{\"@context\":\"https:\\\/\\\/schema.org\",\"@graph\":[{\"@type\":\"WebPage\",\"@id\":\"https:\\\/\\\/terraixufa.com\\\/ca\\\/organisme\\\/\",\"url\":\"https:\\\/\\\/terraixufa.com\\\/ca\\\/organisme\\\/\",\"name\":\"Organisme. - terraixufa - granja\",\"isPartOf\":{\"@id\":\"https:\\\/\\\/terraixufa.com\\\/ca\\\/#website\"},\"datePublished\":\"2020-12-07T20:15:40+00:00\",\"dateModified\":\"2020-12-30T14:24:17+00:00\",\"description\":\"Nom\u00e9s queden 6000 ovelles guirres a tot el m\u00f3n, i d'aquestes, 600 estan en la nostra finca del Mas del Fons.\",\"breadcrumb\":{\"@id\":\"https:\\\/\\\/terraixufa.com\\\/ca\\\/organisme\\\/#breadcrumb\"},\"inLanguage\":\"val\",\"potentialAction\":[{\"@type\":\"ReadAction\",\"target\":[\"https:\\\/\\\/terraixufa.com\\\/ca\\\/organisme\\\/\"]}]},{\"@type\":\"BreadcrumbList\",\"@id\":\"https:\\\/\\\/terraixufa.com\\\/ca\\\/organisme\\\/#breadcrumb\",\"itemListElement\":[{\"@type\":\"ListItem\",\"position\":1,\"name\":\"Portada\",\"item\":\"https:\\\/\\\/terraixufa.com\\\/ca\\\/\"},{\"@type\":\"ListItem\",\"position\":2,\"name\":\"Organisme.\"}]},{\"@type\":\"WebSite\",\"@id\":\"https:\\\/\\\/terraixufa.com\\\/ca\\\/#website\",\"url\":\"https:\\\/\\\/terraixufa.com\\\/ca\\\/\",\"name\":\"terraixufa\",\"description\":\"Productes locals i de temporada\",\"potentialAction\":[{\"@type\":\"SearchAction\",\"target\":{\"@type\":\"EntryPoint\",\"urlTemplate\":\"https:\\\/\\\/terraixufa.com\\\/ca\\\/?s={search_term_string}\"},\"query-input\":{\"@type\":\"PropertyValueSpecification\",\"valueRequired\":true,\"valueName\":\"search_term_string\"}}],\"inLanguage\":\"val\"}]}<\/script>\n<!-- \/ Yoast SEO plugin. -->","yoast_head_json":{"title":"Organisme. - terraixufa - granja","description":"Nom\u00e9s queden 6000 ovelles guirres a tot el m\u00f3n, i d'aquestes, 600 estan en la nostra finca del Mas del Fons.","robots":{"index":"index","follow":"follow","max-snippet":"max-snippet:-1","max-image-preview":"max-image-preview:large","max-video-preview":"max-video-preview:-1"},"canonical":"https:\/\/terraixufa.com\/ca\/organisme\/","og_locale":"en_US","og_type":"article","og_title":"Organisme. - terraixufa - granja","og_description":"Nom\u00e9s queden 6000 ovelles guirres a tot el m\u00f3n, i d'aquestes, 600 estan en la nostra finca del Mas del Fons.","og_url":"https:\/\/terraixufa.com\/ca\/organisme\/","og_site_name":"terraixufa","article_modified_time":"2020-12-30T14:24:17+00:00","twitter_card":"summary_large_image","twitter_misc":{"Est. reading time":"2 minutes"},"schema":{"@context":"https:\/\/schema.org","@graph":[{"@type":"WebPage","@id":"https:\/\/terraixufa.com\/ca\/organisme\/","url":"https:\/\/terraixufa.com\/ca\/organisme\/","name":"Organisme. - terraixufa - granja","isPartOf":{"@id":"https:\/\/terraixufa.com\/ca\/#website"},"datePublished":"2020-12-07T20:15:40+00:00","dateModified":"2020-12-30T14:24:17+00:00","description":"Nom\u00e9s queden 6000 ovelles guirres a tot el m\u00f3n, i d'aquestes, 600 estan en la nostra finca del Mas del Fons.","breadcrumb":{"@id":"https:\/\/terraixufa.com\/ca\/organisme\/#breadcrumb"},"inLanguage":"val","potentialAction":[{"@type":"ReadAction","target":["https:\/\/terraixufa.com\/ca\/organisme\/"]}]},{"@type":"BreadcrumbList","@id":"https:\/\/terraixufa.com\/ca\/organisme\/#breadcrumb","itemListElement":[{"@type":"ListItem","position":1,"name":"Portada","item":"https:\/\/terraixufa.com\/ca\/"},{"@type":"ListItem","position":2,"name":"Organisme."}]},{"@type":"WebSite","@id":"https:\/\/terraixufa.com\/ca\/#website","url":"https:\/\/terraixufa.com\/ca\/","name":"terraixufa","description":"Productes locals i de temporada","potentialAction":[{"@type":"SearchAction","target":{"@type":"EntryPoint","urlTemplate":"https:\/\/terraixufa.com\/ca\/?s={search_term_string}"},"query-input":{"@type":"PropertyValueSpecification","valueRequired":true,"valueName":"search_term_string"}}],"inLanguage":"val"}]}},"_links":{"self":[{"href":"https:\/\/terraixufa.com\/ca\/wp-json\/wp\/v2\/pages\/1767","targetHints":{"allow":["GET"]}}],"collection":[{"href":"https:\/\/terraixufa.com\/ca\/wp-json\/wp\/v2\/pages"}],"about":[{"href":"https:\/\/terraixufa.com\/ca\/wp-json\/wp\/v2\/types\/page"}],"author":[{"embeddable":true,"href":"https:\/\/terraixufa.com\/ca\/wp-json\/wp\/v2\/users\/3"}],"replies":[{"embeddable":true,"href":"https:\/\/terraixufa.com\/ca\/wp-json\/wp\/v2\/comments?post=1767"}],"version-history":[{"count":24,"href":"https:\/\/terraixufa.com\/ca\/wp-json\/wp\/v2\/pages\/1767\/revisions"}],"predecessor-version":[{"id":2434,"href":"https:\/\/terraixufa.com\/ca\/wp-json\/wp\/v2\/pages\/1767\/revisions\/2434"}],"wp:attachment":[{"href":"https:\/\/terraixufa.com\/ca\/wp-json\/wp\/v2\/media?parent=1767"}],"curies":[{"name":"wp","href":"https:\/\/api.w.org\/{rel}","templated":true}]}}