{"id":1828,"date":"2020-12-09T16:44:25","date_gmt":"2020-12-09T16:44:25","guid":{"rendered":"https:\/\/terraixufa.com\/terra-i-xufa-mercat-russafa\/"},"modified":"2020-12-30T14:30:13","modified_gmt":"2020-12-30T14:30:13","slug":"terra-i-xufa-mercat-russafa","status":"publish","type":"page","link":"https:\/\/terraixufa.com\/ca\/terra-i-xufa-mercat-russafa\/","title":{"rendered":"Terra i Xufa (Mercat Russafa)"},"content":{"rendered":"<div class=\"wpb-content-wrapper\"><p>[vc_row][vc_column][vc_column_text]<\/p>\n<h2 style=\"text-align: center;\" data-mce-style=\"text-align: center;\">Parada Mercat Russafa<\/h2>\n<p style=\"text-align: center;\" data-mce-style=\"text-align: center;\">Val\u00e8ncia<\/p>\n<p>[\/vc_column_text][vc_empty_space][\/vc_column][\/vc_row][vc_row][vc_column width=&#8221;1\/2&#8243;][vc_single_image image=&#8221;1567&#8243; img_size=&#8221;full&#8221;][\/vc_column][vc_column width=&#8221;1\/2&#8243;][vc_empty_space][vc_column_text]<strong>Emilio Plomer.<\/strong> Gerent<br \/>\n<strong>\u00d3scar D\u00edaz.<\/strong> Venedor<\/p>\n<p>&nbsp;<\/p>\n<h4>HORARIO<\/h4>\n<p>de Lunes a s\u00e1bado de 9:00 a 14:00<\/p>\n<h4>PEDIDOS POR WHATSAPP o TELEFONO 629156846<\/h4>\n<p><a href=\"mailto:russafa@terraixufa.com\" target=\"_blank\" rel=\"noopener noreferrer\">russafa@terraixufa.com<\/a><\/p>\n<p>&nbsp;<\/p>\n<p>&nbsp;<\/p>\n<p>[\/vc_column_text][vc_empty_space][\/vc_column][\/vc_row][vc_row][vc_column width=&#8221;1\/2&#8243;][vc_single_image image=&#8221;1554&#8243; img_size=&#8221;full&#8221;][\/vc_column][vc_column width=&#8221;1\/2&#8243;][vc_empty_space][vc_column_text]<\/p>\n<h4><b>Mercat Russafa<\/b><\/h4>\n<p><span style=\"font-weight: 400;\">Pla\u00e7a Bar\u00f3n de Cortes<\/span><\/p>\n<p><span style=\"font-weight: 400;\">Mercat de Russafa<\/span><\/p>\n<p><span style=\"font-weight: 400;\">46006 Val\u00e8ncia, ES-V<\/span><\/p>\n<p><span style=\"font-weight: 400;\">Espanya<\/span><\/p>\n<p><span style=\"font-weight: 400;\">Tel\u00e9fono 629156846<\/span><\/p>\n<h5><a href=\"https:\/\/goo.gl\/maps\/jmm5bH4RP3iUYyiM8\" target=\"_blank\" rel=\"noopener noreferrer\"><strong>como llegar<\/strong> \u2192<\/a><\/h5>\n<h5><\/h5>\n<p>[\/vc_column_text][\/vc_column][\/vc_row]<\/p>\n<\/div>","protected":false},"excerpt":{"rendered":"<p>[vc_row][vc_column][vc_column_text] Parada Mercat Russafa Val\u00e8ncia [\/vc_column_text][vc_empty_space][\/vc_column][\/vc_row][vc_row][vc_column width=&#8221;1\/2&#8243;][vc_single_image image=&#8221;1567&#8243; img_size=&#8221;full&#8221;][\/vc_column][vc_column width=&#8221;1\/2&#8243;][vc_empty_space][vc_column_text]Emilio Plomer. Gerent \u00d3scar D\u00edaz. Venedor &nbsp; HORARIO de Lunes a s\u00e1bado de 9:00 a 14:00 PEDIDOS POR WHATSAPP o TELEFONO 629156846 russafa@terraixufa.com &nbsp; &nbsp; [\/vc_column_text][vc_empty_space][\/vc_column][\/vc_row][vc_row][vc_column width=&#8221;1\/2&#8243;][vc_single_image image=&#8221;1554&#8243; img_size=&#8221;full&#8221;][\/vc_column][vc_column width=&#8221;1\/2&#8243;][vc_empty_space][vc_column_text] Mercat Russafa Pla\u00e7a Bar\u00f3n de Cortes Mercat de Russafa 46006 Val\u00e8ncia, ES-V Espanya Tel\u00e9fono 629156846 como&hellip;<\/p>\n","protected":false},"author":3,"featured_media":0,"parent":0,"menu_order":0,"comment_status":"closed","ping_status":"closed","template":"","meta":{"_acf_changed":false,"footnotes":""},"class_list":["post-1828","page","type-page","status-publish","hentry"],"acf":[],"yoast_head":"<!-- This site is optimized with the Yoast SEO plugin v27.5 - https:\/\/yoast.com\/product\/yoast-seo-wordpress\/ -->\n<title>Terra i Xufa (Mercat Russafa) - terraixufa<\/title>\n<meta name=\"description\" content=\"Horari de Dilluns a dissabte de 9.00 a 14.00. Comandes per whatsapp o per tel\u00e8fon 629156846. Mercat de Russafa, c\/ Pla\u00e7a Bar\u00f3 de Corts\" \/>\n<meta name=\"robots\" content=\"index, follow, max-snippet:-1, max-image-preview:large, max-video-preview:-1\" \/>\n<link rel=\"canonical\" href=\"https:\/\/terraixufa.com\/ca\/terra-i-xufa-mercat-russafa\/\" \/>\n<meta property=\"og:locale\" content=\"en_US\" \/>\n<meta property=\"og:type\" content=\"article\" \/>\n<meta property=\"og:title\" content=\"Terra i Xufa (Mercat Russafa) - terraixufa\" \/>\n<meta property=\"og:description\" content=\"Horari de Dilluns a dissabte de 9.00 a 14.00. Comandes per whatsapp o per tel\u00e8fon 629156846. Mercat de Russafa, c\/ Pla\u00e7a Bar\u00f3 de Corts\" \/>\n<meta property=\"og:url\" content=\"https:\/\/terraixufa.com\/ca\/terra-i-xufa-mercat-russafa\/\" \/>\n<meta property=\"og:site_name\" content=\"terraixufa\" \/>\n<meta property=\"article:modified_time\" content=\"2020-12-30T14:30:13+00:00\" \/>\n<meta name=\"twitter:card\" content=\"summary_large_image\" \/>\n<meta name=\"twitter:label1\" content=\"Est. reading time\" \/>\n\t<meta name=\"twitter:data1\" content=\"1 minute\" \/>\n<script type=\"application\/ld+json\" class=\"yoast-schema-graph\">{\"@context\":\"https:\\\/\\\/schema.org\",\"@graph\":[{\"@type\":\"WebPage\",\"@id\":\"https:\\\/\\\/terraixufa.com\\\/ca\\\/terra-i-xufa-mercat-russafa\\\/\",\"url\":\"https:\\\/\\\/terraixufa.com\\\/ca\\\/terra-i-xufa-mercat-russafa\\\/\",\"name\":\"Terra i Xufa (Mercat Russafa) - terraixufa\",\"isPartOf\":{\"@id\":\"https:\\\/\\\/terraixufa.com\\\/ca\\\/#website\"},\"datePublished\":\"2020-12-09T16:44:25+00:00\",\"dateModified\":\"2020-12-30T14:30:13+00:00\",\"description\":\"Horari de Dilluns a dissabte de 9.00 a 14.00. Comandes per whatsapp o per tel\u00e8fon 629156846. Mercat de Russafa, c\\\/ Pla\u00e7a Bar\u00f3 de Corts\",\"breadcrumb\":{\"@id\":\"https:\\\/\\\/terraixufa.com\\\/ca\\\/terra-i-xufa-mercat-russafa\\\/#breadcrumb\"},\"inLanguage\":\"val\",\"potentialAction\":[{\"@type\":\"ReadAction\",\"target\":[\"https:\\\/\\\/terraixufa.com\\\/ca\\\/terra-i-xufa-mercat-russafa\\\/\"]}]},{\"@type\":\"BreadcrumbList\",\"@id\":\"https:\\\/\\\/terraixufa.com\\\/ca\\\/terra-i-xufa-mercat-russafa\\\/#breadcrumb\",\"itemListElement\":[{\"@type\":\"ListItem\",\"position\":1,\"name\":\"Portada\",\"item\":\"https:\\\/\\\/terraixufa.com\\\/ca\\\/\"},{\"@type\":\"ListItem\",\"position\":2,\"name\":\"Terra i Xufa (Mercat Russafa)\"}]},{\"@type\":\"WebSite\",\"@id\":\"https:\\\/\\\/terraixufa.com\\\/ca\\\/#website\",\"url\":\"https:\\\/\\\/terraixufa.com\\\/ca\\\/\",\"name\":\"terraixufa\",\"description\":\"Productes locals i de temporada\",\"potentialAction\":[{\"@type\":\"SearchAction\",\"target\":{\"@type\":\"EntryPoint\",\"urlTemplate\":\"https:\\\/\\\/terraixufa.com\\\/ca\\\/?s={search_term_string}\"},\"query-input\":{\"@type\":\"PropertyValueSpecification\",\"valueRequired\":true,\"valueName\":\"search_term_string\"}}],\"inLanguage\":\"val\"}]}<\/script>\n<!-- \/ Yoast SEO plugin. -->","yoast_head_json":{"title":"Terra i Xufa (Mercat Russafa) - terraixufa","description":"Horari de Dilluns a dissabte de 9.00 a 14.00. Comandes per whatsapp o per tel\u00e8fon 629156846. Mercat de Russafa, c\/ Pla\u00e7a Bar\u00f3 de Corts","robots":{"index":"index","follow":"follow","max-snippet":"max-snippet:-1","max-image-preview":"max-image-preview:large","max-video-preview":"max-video-preview:-1"},"canonical":"https:\/\/terraixufa.com\/ca\/terra-i-xufa-mercat-russafa\/","og_locale":"en_US","og_type":"article","og_title":"Terra i Xufa (Mercat Russafa) - terraixufa","og_description":"Horari de Dilluns a dissabte de 9.00 a 14.00. Comandes per whatsapp o per tel\u00e8fon 629156846. Mercat de Russafa, c\/ Pla\u00e7a Bar\u00f3 de Corts","og_url":"https:\/\/terraixufa.com\/ca\/terra-i-xufa-mercat-russafa\/","og_site_name":"terraixufa","article_modified_time":"2020-12-30T14:30:13+00:00","twitter_card":"summary_large_image","twitter_misc":{"Est. reading time":"1 minute"},"schema":{"@context":"https:\/\/schema.org","@graph":[{"@type":"WebPage","@id":"https:\/\/terraixufa.com\/ca\/terra-i-xufa-mercat-russafa\/","url":"https:\/\/terraixufa.com\/ca\/terra-i-xufa-mercat-russafa\/","name":"Terra i Xufa (Mercat Russafa) - terraixufa","isPartOf":{"@id":"https:\/\/terraixufa.com\/ca\/#website"},"datePublished":"2020-12-09T16:44:25+00:00","dateModified":"2020-12-30T14:30:13+00:00","description":"Horari de Dilluns a dissabte de 9.00 a 14.00. Comandes per whatsapp o per tel\u00e8fon 629156846. Mercat de Russafa, c\/ Pla\u00e7a Bar\u00f3 de Corts","breadcrumb":{"@id":"https:\/\/terraixufa.com\/ca\/terra-i-xufa-mercat-russafa\/#breadcrumb"},"inLanguage":"val","potentialAction":[{"@type":"ReadAction","target":["https:\/\/terraixufa.com\/ca\/terra-i-xufa-mercat-russafa\/"]}]},{"@type":"BreadcrumbList","@id":"https:\/\/terraixufa.com\/ca\/terra-i-xufa-mercat-russafa\/#breadcrumb","itemListElement":[{"@type":"ListItem","position":1,"name":"Portada","item":"https:\/\/terraixufa.com\/ca\/"},{"@type":"ListItem","position":2,"name":"Terra i Xufa (Mercat Russafa)"}]},{"@type":"WebSite","@id":"https:\/\/terraixufa.com\/ca\/#website","url":"https:\/\/terraixufa.com\/ca\/","name":"terraixufa","description":"Productes locals i de temporada","potentialAction":[{"@type":"SearchAction","target":{"@type":"EntryPoint","urlTemplate":"https:\/\/terraixufa.com\/ca\/?s={search_term_string}"},"query-input":{"@type":"PropertyValueSpecification","valueRequired":true,"valueName":"search_term_string"}}],"inLanguage":"val"}]}},"_links":{"self":[{"href":"https:\/\/terraixufa.com\/ca\/wp-json\/wp\/v2\/pages\/1828","targetHints":{"allow":["GET"]}}],"collection":[{"href":"https:\/\/terraixufa.com\/ca\/wp-json\/wp\/v2\/pages"}],"about":[{"href":"https:\/\/terraixufa.com\/ca\/wp-json\/wp\/v2\/types\/page"}],"author":[{"embeddable":true,"href":"https:\/\/terraixufa.com\/ca\/wp-json\/wp\/v2\/users\/3"}],"replies":[{"embeddable":true,"href":"https:\/\/terraixufa.com\/ca\/wp-json\/wp\/v2\/comments?post=1828"}],"version-history":[{"count":14,"href":"https:\/\/terraixufa.com\/ca\/wp-json\/wp\/v2\/pages\/1828\/revisions"}],"predecessor-version":[{"id":2446,"href":"https:\/\/terraixufa.com\/ca\/wp-json\/wp\/v2\/pages\/1828\/revisions\/2446"}],"wp:attachment":[{"href":"https:\/\/terraixufa.com\/ca\/wp-json\/wp\/v2\/media?parent=1828"}],"curies":[{"name":"wp","href":"https:\/\/api.w.org\/{rel}","templated":true}]}}