{"id":2749,"date":"2021-04-26T17:43:57","date_gmt":"2021-04-26T17:43:57","guid":{"rendered":"https:\/\/terraixufa.com\/?page_id=2749"},"modified":"2021-04-26T17:59:22","modified_gmt":"2021-04-26T17:59:22","slug":"xufa-2","status":"publish","type":"page","link":"https:\/\/terraixufa.com\/ca\/xufa-2\/","title":{"rendered":"xufa"},"content":{"rendered":"<div class=\"wpb-content-wrapper\"><p>[vc_row][vc_column width=&#8221;1\/6&#8243;][\/vc_column][vc_column width=&#8221;2\/3&#8243;][vc_column_text]<\/p>\n<h4 style=\"text-align: center;\">Xufa, Chufa, Catufa, Juncia Avellanada, Erdmandeln, Souchet, Tigernut<\/h4>\n<p style=\"text-align: center;\"><em>Cyperus esculentus<\/em><\/p>\n<p>[\/vc_column_text][\/vc_column][vc_column width=&#8221;1\/6&#8243;][\/vc_column][\/vc_row][vc_row][vc_column]\n\t\t\t<!-- START xufa REVOLUTION SLIDER 6.6.7 --><p class=\"rs-p-wp-fix\"><\/p>\n\t\t\t<rs-module-wrap id=\"rev_slider_5_1_wrapper\" data-source=\"gallery\" style=\"visibility:hidden;background:transparent;padding:0;margin:0px auto;margin-top:0;margin-bottom:0;\">\n\t\t\t\t<rs-module id=\"rev_slider_5_1\" style=\"\" data-version=\"6.6.7\">\n\t\t\t\t\t<rs-slides style=\"overflow: hidden; position: absolute;\">\n\t\t\t\t\t\t<rs-slide style=\"position: absolute;\" data-key=\"rs-14\" data-title=\"Slide\" data-anim=\"adpr:false;\" data-in=\"o:0;\" data-out=\"a:false;\">\n\t\t\t\t\t\t\t<img decoding=\"async\" src=\"\/\/terraixufa.com\/wp-content\/plugins\/revslider\/public\/assets\/assets\/dummy.png\" alt=\"Slide\" title=\"xufa\" class=\"rev-slidebg tp-rs-img rs-lazyload\" data-lazyload=\"\/\/terraixufa.com\/wp-content\/plugins\/revslider\/public\/assets\/assets\/transparent.png\" data-no-retina>\n<!--\n\t\t\t\t\t\t\t--><rs-layer\n\t\t\t\t\t\t\t\tid=\"slider-5-slide-14-layer-0\" \n\t\t\t\t\t\t\t\tdata-type=\"image\"\n\t\t\t\t\t\t\t\tdata-rsp_ch=\"on\"\n\t\t\t\t\t\t\t\tdata-text=\"w:normal;\"\n\t\t\t\t\t\t\t\tdata-dim=\"w:1200px;h:644px;\"\n\t\t\t\t\t\t\t\tdata-frame_999=\"o:0;st:w;\"\n\t\t\t\t\t\t\t\tstyle=\"z-index:5;\"\n\t\t\t\t\t\t\t><img decoding=\"async\" src=\"\/\/terraixufa.com\/wp-content\/plugins\/revslider\/public\/assets\/assets\/dummy.png\" alt=\"\" class=\"tp-rs-img rs-lazyload\" width=\"1200\" height=\"644\" data-lazyload=\"\/\/terraixufa.com\/wp-content\/uploads\/2021\/04\/xufa-chufa-erdmandel.jpg\" data-no-retina> \n\t\t\t\t\t\t\t<\/rs-layer><!--\n-->\t\t\t\t\t\t<\/rs-slide>\n\t\t\t\t\t\t<rs-slide style=\"position: absolute;\" data-key=\"rs-15\" data-title=\"Slide\" data-anim=\"adpr:false;\" data-in=\"o:0;\" data-out=\"a:false;\">\n\t\t\t\t\t\t\t<img decoding=\"async\" src=\"\/\/terraixufa.com\/wp-content\/plugins\/revslider\/public\/assets\/assets\/dummy.png\" alt=\"Slide\" title=\"xufa\" class=\"rev-slidebg tp-rs-img rs-lazyload\" data-lazyload=\"\/\/terraixufa.com\/wp-content\/plugins\/revslider\/public\/assets\/assets\/transparent.png\" data-no-retina>\n<!--\n\t\t\t\t\t\t\t--><rs-layer\n\t\t\t\t\t\t\t\tid=\"slider-5-slide-15-layer-0\" \n\t\t\t\t\t\t\t\tdata-type=\"image\"\n\t\t\t\t\t\t\t\tdata-rsp_ch=\"on\"\n\t\t\t\t\t\t\t\tdata-text=\"w:normal;\"\n\t\t\t\t\t\t\t\tdata-dim=\"w:1200px;h:644px;\"\n\t\t\t\t\t\t\t\tdata-frame_999=\"o:0;st:w;\"\n\t\t\t\t\t\t\t\tstyle=\"z-index:5;\"\n\t\t\t\t\t\t\t><img decoding=\"async\" src=\"\/\/terraixufa.com\/wp-content\/plugins\/revslider\/public\/assets\/assets\/dummy.png\" alt=\"\" class=\"tp-rs-img rs-lazyload\" width=\"1200\" height=\"644\" data-lazyload=\"\/\/terraixufa.com\/wp-content\/uploads\/2021\/04\/xufa-chufa-erdmandel-valencian-tigernut.jpg\" data-no-retina> \n\t\t\t\t\t\t\t<\/rs-layer><!--\n-->\t\t\t\t\t\t<\/rs-slide>\n\t\t\t\t\t\t<rs-slide style=\"position: absolute;\" data-key=\"rs-16\" data-title=\"Slide\" data-anim=\"adpr:false;\" data-in=\"o:0;\" data-out=\"a:false;\">\n\t\t\t\t\t\t\t<img decoding=\"async\" src=\"\/\/terraixufa.com\/wp-content\/plugins\/revslider\/public\/assets\/assets\/dummy.png\" alt=\"Slide\" title=\"xufa\" class=\"rev-slidebg tp-rs-img rs-lazyload\" data-lazyload=\"\/\/terraixufa.com\/wp-content\/plugins\/revslider\/public\/assets\/assets\/transparent.png\" data-no-retina>\n<!--\n\t\t\t\t\t\t\t--><rs-layer\n\t\t\t\t\t\t\t\tid=\"slider-5-slide-16-layer-0\" \n\t\t\t\t\t\t\t\tdata-type=\"image\"\n\t\t\t\t\t\t\t\tdata-rsp_ch=\"on\"\n\t\t\t\t\t\t\t\tdata-text=\"w:normal;\"\n\t\t\t\t\t\t\t\tdata-dim=\"w:1200px;h:644px;\"\n\t\t\t\t\t\t\t\tdata-frame_999=\"o:0;st:w;\"\n\t\t\t\t\t\t\t\tstyle=\"z-index:5;\"\n\t\t\t\t\t\t\t><img decoding=\"async\" src=\"\/\/terraixufa.com\/wp-content\/plugins\/revslider\/public\/assets\/assets\/dummy.png\" alt=\"\" class=\"tp-rs-img rs-lazyload\" width=\"1200\" height=\"644\" data-lazyload=\"\/\/terraixufa.com\/wp-content\/uploads\/2021\/04\/xufa-chufa-erdmandel-valencia-producto.jpg\" data-no-retina> \n\t\t\t\t\t\t\t<\/rs-layer><!--\n-->\t\t\t\t\t\t<\/rs-slide>\n\t\t\t\t\t\t<rs-slide style=\"position: absolute;\" data-key=\"rs-17\" data-title=\"Slide\" data-anim=\"adpr:false;\" data-in=\"o:0;\" data-out=\"a:false;\">\n\t\t\t\t\t\t\t<img decoding=\"async\" src=\"\/\/terraixufa.com\/wp-content\/plugins\/revslider\/public\/assets\/assets\/dummy.png\" alt=\"Slide\" title=\"xufa\" class=\"rev-slidebg tp-rs-img rs-lazyload\" data-lazyload=\"\/\/terraixufa.com\/wp-content\/plugins\/revslider\/public\/assets\/assets\/transparent.png\" data-no-retina>\n<!--\n\t\t\t\t\t\t\t--><rs-layer\n\t\t\t\t\t\t\t\tid=\"slider-5-slide-17-layer-0\" \n\t\t\t\t\t\t\t\tdata-type=\"image\"\n\t\t\t\t\t\t\t\tdata-rsp_ch=\"on\"\n\t\t\t\t\t\t\t\tdata-text=\"w:normal;\"\n\t\t\t\t\t\t\t\tdata-dim=\"w:1200px;h:644px;\"\n\t\t\t\t\t\t\t\tdata-frame_999=\"o:0;st:w;\"\n\t\t\t\t\t\t\t\tstyle=\"z-index:5;\"\n\t\t\t\t\t\t\t><img decoding=\"async\" src=\"\/\/terraixufa.com\/wp-content\/plugins\/revslider\/public\/assets\/assets\/dummy.png\" alt=\"\" class=\"tp-rs-img rs-lazyload\" width=\"1200\" height=\"644\" data-lazyload=\"\/\/terraixufa.com\/wp-content\/uploads\/2021\/04\/xufa-chufa-erdmandel-terra-i-xufa.jpg\" data-no-retina> \n\t\t\t\t\t\t\t<\/rs-layer><!--\n-->\t\t\t\t\t\t<\/rs-slide>\n\t\t\t\t\t\t<rs-slide style=\"position: absolute;\" data-key=\"rs-19\" data-title=\"Slide\" data-anim=\"adpr:false;\" data-in=\"o:0;\" data-out=\"a:false;\">\n\t\t\t\t\t\t\t<img decoding=\"async\" src=\"\/\/terraixufa.com\/wp-content\/plugins\/revslider\/public\/assets\/assets\/dummy.png\" alt=\"Slide\" title=\"xufa\" class=\"rev-slidebg tp-rs-img rs-lazyload\" data-lazyload=\"\/\/terraixufa.com\/wp-content\/plugins\/revslider\/public\/assets\/assets\/transparent.png\" data-no-retina>\n<!--\n\t\t\t\t\t\t\t--><rs-layer\n\t\t\t\t\t\t\t\tid=\"slider-5-slide-19-layer-0\" \n\t\t\t\t\t\t\t\tdata-type=\"image\"\n\t\t\t\t\t\t\t\tdata-rsp_ch=\"on\"\n\t\t\t\t\t\t\t\tdata-text=\"w:normal;\"\n\t\t\t\t\t\t\t\tdata-dim=\"w:1200px;h:644px;\"\n\t\t\t\t\t\t\t\tdata-frame_999=\"o:0;st:w;\"\n\t\t\t\t\t\t\t\tstyle=\"z-index:5;\"\n\t\t\t\t\t\t\t><img decoding=\"async\" src=\"\/\/terraixufa.com\/wp-content\/plugins\/revslider\/public\/assets\/assets\/dummy.png\" alt=\"\" class=\"tp-rs-img rs-lazyload\" width=\"1200\" height=\"644\" data-lazyload=\"\/\/terraixufa.com\/wp-content\/uploads\/2021\/04\/xufa-chufa-erdmandel-productor.jpg\" data-no-retina> \n\t\t\t\t\t\t\t<\/rs-layer><!--\n-->\t\t\t\t\t\t<\/rs-slide>\n\t\t\t\t\t<\/rs-slides>\n\t\t\t\t\t<rs-static-layers><!--\n\t\t\t\t\t--><\/rs-static-layers>\n\t\t\t\t<\/rs-module>\n\t\t\t\t<script>\n\t\t\t\t\tsetREVStartSize({c: 'rev_slider_5_1',rl:[1240,1024,778,480],el:[617.988],gw:[1200],gh:[618],type:'standard',justify:'',layout:'fullwidth',mh:\"0\"});if (window.RS_MODULES!==undefined && window.RS_MODULES.modules!==undefined && window.RS_MODULES.modules[\"revslider51\"]!==undefined) {window.RS_MODULES.modules[\"revslider51\"].once = false;window.revapi5 = undefined;if (window.RS_MODULES.checkMinimal!==undefined) window.RS_MODULES.checkMinimal()}\n\t\t\t\t<\/script>\n\t\t\t<\/rs-module-wrap>\n\t\t\t<!-- END REVOLUTION SLIDER -->\n[\/vc_column][\/vc_row][vc_row][vc_column width=&#8221;1\/6&#8243;][\/vc_column][vc_column width=&#8221;2\/3&#8243;][vc_empty_space][vc_column_text]<strong>Nom com\u00fa o vulgar:<\/strong> Xufa, Chufa, Catufa, juncia avellanada, erdmandeln, souchet, tigernut<\/p>\n<p><strong>Nom cient\u00edfic o llat\u00ed:<\/strong> <em>Cyperus esculentus<\/em>. Fam\u00edlia: Cipe\u00e0cies<\/p>\n<p><strong>Varietat:<\/strong> Ametla d&#8217;Alboraia i redona de Bonrep\u00f3s<\/p>\n<p><strong>Origen:<\/strong> Planta cosmopolita, el seu origen probable est\u00e0 a l&#8217;\u00c0frica occidental. Desenvolupa un sistema radicular rizom\u00e0tic on es crien les chufes. Les fulles s\u00f3n bassals de 10 a 30 cent\u00edmetres de llarg per 0,2 a 1 cent\u00edmetre d&#8217;ample. T\u00e9 una floraci\u00f3 en espigueta de 6 a 22 flors que en les condicions de Val\u00e8ncia no arriba a quallar cap llavor.<\/p>\n<p><strong>\u00das:<\/strong> Cultivada des d&#8217;almenys fa 4000 anys per les xufes trobades als soterraments de l&#8217;Antic Egipte, el seu \u00fas tradicional ha estat el medicinal per tal de curar afeccions gastrointestinals. Encara que segons contava Teofrast a \u201cL&#8217;hist\u00f2ria de les plantes\u201d els egipcis les bollien en cervesa per a prendre-les. S&#8217;utilitzen tant les xufes moltes en forma de farina, com el tubercle sencer pelat o trocejat per tal d&#8217;elaborar actualment dol\u00e7os, barretes o bescuits, ja que \u00e9s un producte lliure de gluten i altament energ\u00e8tic, amb un 30% de mat\u00e8ria grasa, de la qual un 70% \u00e9s \u00e0cid ol\u00e8ic, \u00e9s a dir, cardiosaludable, i el 8% de prote\u00efna. Destaca la pres\u00e8ncia predominant de l&#8217;arginina com a amino\u00e0cid essencial, un precursor de la prolactina. Per aix\u00f2 el consum d&#8217;orxata, el l\u00edquid emulsionat resultat de la maceraci\u00f3 i premsat de les xufes triturades, es recomana tradicionalment per a les mares gestants i per als xiquets i xiquetes.<\/p>\n<p>&nbsp;<\/p>\n<p><strong>Cultiu: <\/strong>En les condicions de Val\u00e8ncia es sembra durant els mesos d&#8217;abril-maig i el cultiu s&#8217;allarga fins al desembre. \u00c9s un cultiu molt exigent en s\u00f2ls f\u00e8rtils i arenosos, amb un alt percentatge de mat\u00e8ria org\u00e0nica. Les generacions de llauradors han esmenat els camps amb aportacions d&#8217;arena de la platja gastada com a ja\u00e7 per als animals. Necessita regs per\u00edodics i per inundaci\u00f3, en el per\u00edode estival com a bona ciper\u00e0cia. Llevat de la Bactra o barrinador de la xufa, no t\u00e9 excesius problemes de plagues i es recomanable el seu cultiu en ecol\u00f2gic.[\/vc_column_text][vc_btn title=&#8221;\u00bfOn comprar?&#8221; style=&#8221;flat&#8221; color=&#8221;black&#8221; align=&#8221;center&#8221; link=&#8221;url:https%3A%2F%2Fterraixufa.com%2Fca%2Fcontacto%2F|title:Contacte|&#8221;][vc_empty_space][\/vc_column][vc_column width=&#8221;1\/6&#8243;][\/vc_column][\/vc_row]<\/p>\n<\/div>","protected":false},"excerpt":{"rendered":"<p>[vc_row][vc_column width=&#8221;1\/6&#8243;][\/vc_column][vc_column width=&#8221;2\/3&#8243;][vc_column_text] Xufa, Chufa, Catufa, Juncia Avellanada, Erdmandeln, Souchet, Tigernut Cyperus esculentus [\/vc_column_text][\/vc_column][vc_column width=&#8221;1\/6&#8243;][\/vc_column][\/vc_row][vc_row][vc_column][\/vc_column][\/vc_row][vc_row][vc_column width=&#8221;1\/6&#8243;][\/vc_column][vc_column width=&#8221;2\/3&#8243;][vc_empty_space][vc_column_text]Nom com\u00fa o vulgar: Xufa, Chufa, Catufa, juncia avellanada, erdmandeln, souchet, tigernut Nom cient\u00edfic o llat\u00ed: Cyperus esculentus. Fam\u00edlia: Cipe\u00e0cies Varietat: Ametla d&#8217;Alboraia i redona de Bonrep\u00f3s Origen: Planta cosmopolita, el seu origen probable est\u00e0 a l&#8217;\u00c0frica occidental. Desenvolupa&hellip;<\/p>\n","protected":false},"author":4,"featured_media":0,"parent":0,"menu_order":0,"comment_status":"closed","ping_status":"closed","template":"","meta":{"_acf_changed":false,"footnotes":""},"class_list":["post-2749","page","type-page","status-publish","hentry"],"acf":[],"yoast_head":"<!-- This site is optimized with the Yoast SEO plugin v27.4 - https:\/\/yoast.com\/product\/yoast-seo-wordpress\/ -->\n<title>xufa Xufa Tigernut Chufa Erdmandel - origen - uso - propiedades<\/title>\n<meta name=\"description\" content=\"El consum d&#039;orxata, el l\u00edquid emulsionat resultat de la maceraci\u00f3 i premsat de les xufes triturades.\" \/>\n<meta name=\"robots\" content=\"index, follow, max-snippet:-1, max-image-preview:large, max-video-preview:-1\" \/>\n<link rel=\"canonical\" href=\"https:\/\/terraixufa.com\/ca\/xufa-2\/\" \/>\n<meta property=\"og:locale\" content=\"en_US\" \/>\n<meta property=\"og:type\" content=\"article\" \/>\n<meta property=\"og:title\" content=\"xufa Xufa Tigernut Chufa Erdmandel - origen - uso - propiedades\" \/>\n<meta property=\"og:description\" content=\"El consum d&#039;orxata, el l\u00edquid emulsionat resultat de la maceraci\u00f3 i premsat de les xufes triturades.\" \/>\n<meta property=\"og:url\" content=\"https:\/\/terraixufa.com\/ca\/xufa-2\/\" \/>\n<meta property=\"og:site_name\" content=\"terraixufa\" \/>\n<meta property=\"article:modified_time\" content=\"2021-04-26T17:59:22+00:00\" \/>\n<meta name=\"twitter:card\" content=\"summary_large_image\" \/>\n<meta name=\"twitter:label1\" content=\"Est. reading time\" \/>\n\t<meta name=\"twitter:data1\" content=\"2 minutes\" \/>\n<script type=\"application\/ld+json\" class=\"yoast-schema-graph\">{\"@context\":\"https:\\\/\\\/schema.org\",\"@graph\":[{\"@type\":\"WebPage\",\"@id\":\"https:\\\/\\\/terraixufa.com\\\/ca\\\/xufa-2\\\/\",\"url\":\"https:\\\/\\\/terraixufa.com\\\/ca\\\/xufa-2\\\/\",\"name\":\"xufa Xufa Tigernut Chufa Erdmandel - origen - uso - propiedades\",\"isPartOf\":{\"@id\":\"https:\\\/\\\/terraixufa.com\\\/ca\\\/#website\"},\"datePublished\":\"2021-04-26T17:43:57+00:00\",\"dateModified\":\"2021-04-26T17:59:22+00:00\",\"description\":\"El consum d'orxata, el l\u00edquid emulsionat resultat de la maceraci\u00f3 i premsat de les xufes triturades.\",\"breadcrumb\":{\"@id\":\"https:\\\/\\\/terraixufa.com\\\/ca\\\/xufa-2\\\/#breadcrumb\"},\"inLanguage\":\"val\",\"potentialAction\":[{\"@type\":\"ReadAction\",\"target\":[\"https:\\\/\\\/terraixufa.com\\\/ca\\\/xufa-2\\\/\"]}]},{\"@type\":\"BreadcrumbList\",\"@id\":\"https:\\\/\\\/terraixufa.com\\\/ca\\\/xufa-2\\\/#breadcrumb\",\"itemListElement\":[{\"@type\":\"ListItem\",\"position\":1,\"name\":\"Portada\",\"item\":\"https:\\\/\\\/terraixufa.com\\\/ca\\\/\"},{\"@type\":\"ListItem\",\"position\":2,\"name\":\"xufa\"}]},{\"@type\":\"WebSite\",\"@id\":\"https:\\\/\\\/terraixufa.com\\\/ca\\\/#website\",\"url\":\"https:\\\/\\\/terraixufa.com\\\/ca\\\/\",\"name\":\"terraixufa\",\"description\":\"Productes locals i de temporada\",\"potentialAction\":[{\"@type\":\"SearchAction\",\"target\":{\"@type\":\"EntryPoint\",\"urlTemplate\":\"https:\\\/\\\/terraixufa.com\\\/ca\\\/?s={search_term_string}\"},\"query-input\":{\"@type\":\"PropertyValueSpecification\",\"valueRequired\":true,\"valueName\":\"search_term_string\"}}],\"inLanguage\":\"val\"}]}<\/script>\n<!-- \/ Yoast SEO plugin. -->","yoast_head_json":{"title":"xufa Xufa Tigernut Chufa Erdmandel - origen - uso - propiedades","description":"El consum d'orxata, el l\u00edquid emulsionat resultat de la maceraci\u00f3 i premsat de les xufes triturades.","robots":{"index":"index","follow":"follow","max-snippet":"max-snippet:-1","max-image-preview":"max-image-preview:large","max-video-preview":"max-video-preview:-1"},"canonical":"https:\/\/terraixufa.com\/ca\/xufa-2\/","og_locale":"en_US","og_type":"article","og_title":"xufa Xufa Tigernut Chufa Erdmandel - origen - uso - propiedades","og_description":"El consum d'orxata, el l\u00edquid emulsionat resultat de la maceraci\u00f3 i premsat de les xufes triturades.","og_url":"https:\/\/terraixufa.com\/ca\/xufa-2\/","og_site_name":"terraixufa","article_modified_time":"2021-04-26T17:59:22+00:00","twitter_card":"summary_large_image","twitter_misc":{"Est. reading time":"2 minutes"},"schema":{"@context":"https:\/\/schema.org","@graph":[{"@type":"WebPage","@id":"https:\/\/terraixufa.com\/ca\/xufa-2\/","url":"https:\/\/terraixufa.com\/ca\/xufa-2\/","name":"xufa Xufa Tigernut Chufa Erdmandel - origen - uso - propiedades","isPartOf":{"@id":"https:\/\/terraixufa.com\/ca\/#website"},"datePublished":"2021-04-26T17:43:57+00:00","dateModified":"2021-04-26T17:59:22+00:00","description":"El consum d'orxata, el l\u00edquid emulsionat resultat de la maceraci\u00f3 i premsat de les xufes triturades.","breadcrumb":{"@id":"https:\/\/terraixufa.com\/ca\/xufa-2\/#breadcrumb"},"inLanguage":"val","potentialAction":[{"@type":"ReadAction","target":["https:\/\/terraixufa.com\/ca\/xufa-2\/"]}]},{"@type":"BreadcrumbList","@id":"https:\/\/terraixufa.com\/ca\/xufa-2\/#breadcrumb","itemListElement":[{"@type":"ListItem","position":1,"name":"Portada","item":"https:\/\/terraixufa.com\/ca\/"},{"@type":"ListItem","position":2,"name":"xufa"}]},{"@type":"WebSite","@id":"https:\/\/terraixufa.com\/ca\/#website","url":"https:\/\/terraixufa.com\/ca\/","name":"terraixufa","description":"Productes locals i de temporada","potentialAction":[{"@type":"SearchAction","target":{"@type":"EntryPoint","urlTemplate":"https:\/\/terraixufa.com\/ca\/?s={search_term_string}"},"query-input":{"@type":"PropertyValueSpecification","valueRequired":true,"valueName":"search_term_string"}}],"inLanguage":"val"}]}},"_links":{"self":[{"href":"https:\/\/terraixufa.com\/ca\/wp-json\/wp\/v2\/pages\/2749","targetHints":{"allow":["GET"]}}],"collection":[{"href":"https:\/\/terraixufa.com\/ca\/wp-json\/wp\/v2\/pages"}],"about":[{"href":"https:\/\/terraixufa.com\/ca\/wp-json\/wp\/v2\/types\/page"}],"author":[{"embeddable":true,"href":"https:\/\/terraixufa.com\/ca\/wp-json\/wp\/v2\/users\/4"}],"replies":[{"embeddable":true,"href":"https:\/\/terraixufa.com\/ca\/wp-json\/wp\/v2\/comments?post=2749"}],"version-history":[{"count":10,"href":"https:\/\/terraixufa.com\/ca\/wp-json\/wp\/v2\/pages\/2749\/revisions"}],"predecessor-version":[{"id":2774,"href":"https:\/\/terraixufa.com\/ca\/wp-json\/wp\/v2\/pages\/2749\/revisions\/2774"}],"wp:attachment":[{"href":"https:\/\/terraixufa.com\/ca\/wp-json\/wp\/v2\/media?parent=2749"}],"curies":[{"name":"wp","href":"https:\/\/api.w.org\/{rel}","templated":true}]}}