{"id":626,"date":"2020-10-05T16:20:26","date_gmt":"2020-10-05T16:20:26","guid":{"rendered":"https:\/\/terraixufa.com\/sobre-nosaltres\/"},"modified":"2022-11-22T16:07:33","modified_gmt":"2022-11-22T16:07:33","slug":"sobre-nosaltres","status":"publish","type":"page","link":"https:\/\/terraixufa.com\/ca\/sobre-nosaltres\/","title":{"rendered":"Sobre nosaltres"},"content":{"rendered":"<div class=\"wpb-content-wrapper\"><p>[vc_row][vc_column][\/vc_column][\/vc_row][vc_row][vc_column width=&#8221;1\/6&#8243;][\/vc_column][vc_column width=&#8221;2\/3&#8243;][vc_column_text]<\/p>\n<p align=\"justify\">TERRA I XUFA som una empresa de productors i comercialitzadors de fruites i hortalisses ecol\u00f2giques de l&#8217;horta hist\u00f2rica de Val\u00e8ncia.<br \/>\nCreiem en una agricultura de proximitat, en la qual l&#8217;agricultor \u00e9s part\u00edcip de la cadena de valor del producte. En primer lloc, perqu\u00e8 ning\u00fa com el propi agricultor cuida la qualitat del producte des de la sembra fins a la taula del consumidor. I en segon lloc, perqu\u00e8 aix\u00ed s&#8217;assegura la viabilitat econ\u00f2mica de les xicotetes explotacions agroecol\u00f2giques<\/p>\n<p>Salut i agroecolog\u00eda!![\/vc_column_text][vc_empty_space height=&#8221;60px&#8221;][\/vc_column][vc_column width=&#8221;1\/6&#8243;][\/vc_column][\/vc_row][vc_row equal_height=&#8221;yes&#8221;][vc_column width=&#8221;1\/2&#8243;][vc_single_image image=&#8221;1221&#8243; img_size=&#8221;full&#8221;][vc_column_text]<\/p>\n<h4 class=\"p1\"><strong><span class=\"s1\">Coneixement.<\/span><\/strong><\/h4>\n<p align=\"justify\">L&#8217;agricultura que practiquem en Terra i Xufa beu de les arrels dels nostres avantpassats, els agricultors de l&#8217;horta valenciana i dels camps de sec\u00e0 que l&#8217;envolta.<\/p>\n<p>[\/vc_column_text][vc_empty_space height=&#8221;60px&#8221;][\/vc_column][vc_column width=&#8221;1\/2&#8243;][vc_single_image image=&#8221;1196&#8243; img_size=&#8221;full&#8221;][vc_column_text]<\/p>\n<h4 class=\"p1\"><strong><span class=\"s1\">Llavors.<\/span><\/strong><\/h4>\n<p align=\"justify\">Conservem el patrimoni gen\u00e8tic que durant generacions van millorar adaptant-lo a les t\u00e8cniques actuals de cultiu ecol\u00f2gic.<\/p>\n<p>[\/vc_column_text][vc_empty_space height=&#8221;60px&#8221;][\/vc_column][\/vc_row][vc_row equal_height=&#8221;yes&#8221;][vc_column width=&#8221;1\/2&#8243;][vc_single_image image=&#8221;1385&#8243; img_size=&#8221;full&#8221;][vc_column_text]<\/p>\n<h4 class=\"p1\"><strong><span class=\"s1\"> Consientes.<\/span><\/strong><\/h4>\n<p align=\"justify\">El millor tractament fitosanitari \u00e9s el que no es realitza, per aix\u00f2 invertim els nostres esfor\u00e7os en ampliar la rica biodiversitat del Mas.<\/p>\n<p>[\/vc_column_text][vc_column_text]<\/p>\n<h5 style=\"text-align: left;\"><em><a href=\"https:\/\/terraixufa.com\/mas-i-riurau-del-fondo\/\" rel=\"noopener noreferrer\">M\u00e9s informaci\u00f3 <strong>\u2192<\/strong><\/a><\/em> Mas i Riurau del Fondo<\/h5>\n<p>[\/vc_column_text][vc_empty_space height=&#8221;60px&#8221;][\/vc_column][vc_column width=&#8221;1\/2&#8243;][vc_single_image image=&#8221;1281&#8243; img_size=&#8221;full&#8221;][vc_column_text]<\/p>\n<h4 class=\"p1\"><strong><span class=\"s1\">Granja.<\/span><\/strong><\/h4>\n<p align=\"justify\">No entenem el agrosistema sense la ramaderia extensiva i ecol\u00f2gica, on les abelles i les nostres ovelles <strong>guirras<\/strong> entren en el cicle de les tasques agr\u00edcoles de la finca.<\/p>\n<p>[\/vc_column_text][vc_column_text]<\/p>\n<h5 style=\"text-align: left;\"><em><a href=\"https:\/\/terraixufa.com\/ca\/organisme\/\" target=\"_blank\" rel=\"noopener noreferrer\">M\u00e9s informaci\u00f3 <strong>\u2192<\/strong><\/a><\/em><\/h5>\n<p>[\/vc_column_text][\/vc_column][\/vc_row][vc_row equal_height=&#8221;yes&#8221;][vc_column width=&#8221;1\/2&#8243;][vc_single_image image=&#8221;1233&#8243; img_size=&#8221;full&#8221;][vc_column_text]<\/p>\n<h4 class=\"p1\"><strong><span class=\"s1\"> Fem.<\/span><\/strong><\/h4>\n<p align=\"justify\">En la base de tot el nostre treball est\u00e0 el compostatge fet amb el fem de les ovelles <em>guirras<\/em> que millorem i apliquem, tancant aix\u00ed el cicle de nutrients.<\/p>\n<p>[\/vc_column_text][vc_empty_space height=&#8221;60px&#8221;][\/vc_column][vc_column width=&#8221;1\/2&#8243;][vc_single_image image=&#8221;1286&#8243; img_size=&#8221;full&#8221;][vc_column_text]<\/p>\n<h4 class=\"p1\"><strong><span class=\"s1\"> Local.<\/span><\/strong><\/h4>\n<p align=\"justify\">Perqu\u00e8 creiem en un model agroecol\u00f2gic de consum, apostem per la venda directa, pels canals curts amb altres productors.<\/p>\n<p>[\/vc_column_text][vc_column_text]<\/p>\n<h5 style=\"text-align: left;\"><em><a href=\"https:\/\/terraixufa.com\/circular\/\" rel=\"noopener noreferrer\">M\u00e9s informaci\u00f3 <strong>\u2192<\/strong><\/a><\/em><\/h5>\n<p>[\/vc_column_text][vc_empty_space height=&#8221;60px&#8221;][\/vc_column][\/vc_row][vc_row equal_height=&#8221;yes&#8221;][vc_column width=&#8221;1\/2&#8243;][vc_single_image image=&#8221;3363&#8243; img_size=&#8221;full&#8221;][vc_column_text]<\/p>\n<h4 class=\"p1\"><strong><span class=\"s1\"> Social.<\/span><\/strong><\/h4>\n<p align=\"justify\">Entenem l&#8217;agricultura com una eina de transformaci\u00f3 social, per aix\u00f2 donem suport a projectes de formaci\u00f3 i integraci\u00f3 soci-laboral.<\/p>\n<h5><em><br \/>\n<a class=\"link-hover\" href=\"https:\/\/terraixufa.com\/social\/\" rel=\"noopener noreferrer\">M\u00e9s informaci\u00f3 <strong>\u2192<\/strong><\/a><\/em><\/h5>\n<p>[\/vc_column_text][vc_empty_space height=&#8221;60px&#8221;][\/vc_column][vc_column width=&#8221;1\/2&#8243;][vc_single_image image=&#8221;1344&#8243; img_size=&#8221;full&#8221;][vc_column_text]<\/p>\n<h4 class=\"p1\"><strong><span class=\"s1\">Dificultats.<\/span><\/strong><\/h4>\n<p>[\/vc_column_text][vc_column_text]<\/p>\n<h5 style=\"text-align: left;\"><em><a href=\" https:\/\/terraixufa.com\/dificultades\/\" rel=\"noopener noreferrer\">M\u00e9s informaci\u00f3 <strong>\u2192<\/strong><\/a><\/em><\/h5>\n<p>[\/vc_column_text][\/vc_column][\/vc_row][vc_row equal_height=&#8221;yes&#8221;][vc_column width=&#8221;1\/2&#8243;][vc_single_image image=&#8221;1396&#8243; img_size=&#8221;full&#8221;][vc_column_text]<\/p>\n<h4 class=\"p1\"><strong><span class=\"s1\">Circular.<\/span><\/strong><\/h4>\n<p align=\"justify\">Intentem tancar el cercle per a minimitzar la generaci\u00f3 de residus. Per aix\u00f2 gestionem la recollida dels nostres pl\u00e0stics agr\u00edcoles amb empreses locals per a valorar-los i convertir-los en taules i bancs per a la nostra finca.<\/p>\n<p>[\/vc_column_text][vc_column_text]<\/p>\n<h5 style=\"text-align: left;\"><em><a href=\" https:\/\/terraixufa.com\/dificultades\/\" rel=\"noopener noreferrer\">M\u00e9s informaci\u00f3 <strong>\u2192<\/strong><\/a><\/em><\/h5>\n<p>[\/vc_column_text][vc_empty_space height=&#8221;60px&#8221;][\/vc_column][vc_column width=&#8221;1\/2&#8243;][vc_single_image image=&#8221;1403&#8243; img_size=&#8221;full&#8221;][vc_column_text]<\/p>\n<h4 class=\"p1\"><strong><span class=\"s1\">Disseny<\/span><\/strong><\/h4>\n<p align=\"justify\">Des dels inicis del projecte hem confiat la imatge dels nostres productes a dissenyadors, il\u00b7lustradors o interioristes locals. El seu talent i creativitat s\u00f3n infinits. Des de la galeria de fotos dels productes, parades, camions, la porta del magatzem&#8230;<\/p>\n<p>Disseny: <a href=\"https:\/\/www.didacballester.com\/es\/packaging\/\" target=\"_blank\" rel=\"noopener noreferrer\">Didac Ballester<\/a><\/p>\n<p>Dibuix: <a href=\"https:\/\/www.paulabonet.com\/\" target=\"_blank\" rel=\"noopener noreferrer\">Paula Bonet<\/a><\/p>\n<p>Interioriste: <a href=\"http:\/\/fredericperers.cat\/\" target=\"_blank\" rel=\"noopener noreferrer\">Frederic Perers<\/a>[\/vc_column_text][\/vc_column][\/vc_row][vc_row equal_height=&#8221;yes&#8221;][vc_column width=&#8221;1\/2&#8243;][vc_single_image image=&#8221;1196&#8243; img_size=&#8221;full&#8221;][vc_column_text]<\/p>\n<h4 class=\"p1\"><strong><span class=\"s1\">Qu\u00e8 diuen sobre nosaltres?<\/span><\/strong><\/h4>\n<p>[\/vc_column_text][vc_column_text]<\/p>\n<h5 style=\"text-align: left;\"><em><a href=\"https:\/\/terraixufa.com\/ca\/que-diuen-sobre-nosaltres\/\" target=\"_blank\" rel=\"noopener noreferrer\">M\u00e9s informaci\u00f3 <strong>\u2192<\/strong><\/a><\/em><\/h5>\n<p>[\/vc_column_text][vc_empty_space height=&#8221;60px&#8221;][\/vc_column][vc_column width=&#8221;1\/2&#8243;][\/vc_column][\/vc_row]<\/p>\n<\/div>","protected":false},"excerpt":{"rendered":"<p>[vc_row][vc_column][\/vc_column][\/vc_row][vc_row][vc_column width=&#8221;1\/6&#8243;][\/vc_column][vc_column width=&#8221;2\/3&#8243;][vc_column_text] TERRA I XUFA som una empresa de productors i comercialitzadors de fruites i hortalisses ecol\u00f2giques de l&#8217;horta hist\u00f2rica de Val\u00e8ncia. Creiem en una agricultura de proximitat, en la qual l&#8217;agricultor \u00e9s part\u00edcip de la cadena de valor del producte. En primer lloc, perqu\u00e8 ning\u00fa com el propi agricultor cuida la qualitat del&hellip;<\/p>\n","protected":false},"author":5,"featured_media":0,"parent":0,"menu_order":0,"comment_status":"closed","ping_status":"closed","template":"","meta":{"_acf_changed":false,"footnotes":""},"class_list":["post-626","page","type-page","status-publish","hentry"],"acf":[],"yoast_head":"<!-- This site is optimized with the Yoast SEO plugin v27.5 - https:\/\/yoast.com\/product\/yoast-seo-wordpress\/ -->\n<title>Sobre nosaltres - terraixufa<\/title>\n<meta name=\"description\" content=\"TERRA I XUFA som una empresa de productors i comercialitzadors de fruites i hortalisses ecol\u00f2giques de l&#039;horta hist\u00f2rica de Val\u00e8ncia.\" \/>\n<meta name=\"robots\" content=\"index, follow, max-snippet:-1, max-image-preview:large, max-video-preview:-1\" \/>\n<link rel=\"canonical\" href=\"https:\/\/terraixufa.com\/ca\/sobre-nosaltres\/\" \/>\n<meta property=\"og:locale\" content=\"en_US\" \/>\n<meta property=\"og:type\" content=\"article\" \/>\n<meta property=\"og:title\" content=\"Sobre nosaltres - terraixufa\" \/>\n<meta property=\"og:description\" content=\"TERRA I XUFA som una empresa de productors i comercialitzadors de fruites i hortalisses ecol\u00f2giques de l&#039;horta hist\u00f2rica de Val\u00e8ncia.\" \/>\n<meta property=\"og:url\" content=\"https:\/\/terraixufa.com\/ca\/sobre-nosaltres\/\" \/>\n<meta property=\"og:site_name\" content=\"terraixufa\" \/>\n<meta property=\"article:modified_time\" content=\"2022-11-22T16:07:33+00:00\" \/>\n<meta name=\"twitter:card\" content=\"summary_large_image\" \/>\n<meta name=\"twitter:label1\" content=\"Est. reading time\" \/>\n\t<meta name=\"twitter:data1\" content=\"3 minutes\" \/>\n<script type=\"application\/ld+json\" class=\"yoast-schema-graph\">{\"@context\":\"https:\\\/\\\/schema.org\",\"@graph\":[{\"@type\":\"WebPage\",\"@id\":\"https:\\\/\\\/terraixufa.com\\\/ca\\\/sobre-nosaltres\\\/\",\"url\":\"https:\\\/\\\/terraixufa.com\\\/ca\\\/sobre-nosaltres\\\/\",\"name\":\"Sobre nosaltres - terraixufa\",\"isPartOf\":{\"@id\":\"https:\\\/\\\/terraixufa.com\\\/ca\\\/#website\"},\"datePublished\":\"2020-10-05T16:20:26+00:00\",\"dateModified\":\"2022-11-22T16:07:33+00:00\",\"description\":\"TERRA I XUFA som una empresa de productors i comercialitzadors de fruites i hortalisses ecol\u00f2giques de l'horta hist\u00f2rica de Val\u00e8ncia.\",\"breadcrumb\":{\"@id\":\"https:\\\/\\\/terraixufa.com\\\/ca\\\/sobre-nosaltres\\\/#breadcrumb\"},\"inLanguage\":\"val\",\"potentialAction\":[{\"@type\":\"ReadAction\",\"target\":[\"https:\\\/\\\/terraixufa.com\\\/ca\\\/sobre-nosaltres\\\/\"]}]},{\"@type\":\"BreadcrumbList\",\"@id\":\"https:\\\/\\\/terraixufa.com\\\/ca\\\/sobre-nosaltres\\\/#breadcrumb\",\"itemListElement\":[{\"@type\":\"ListItem\",\"position\":1,\"name\":\"Portada\",\"item\":\"https:\\\/\\\/terraixufa.com\\\/ca\\\/\"},{\"@type\":\"ListItem\",\"position\":2,\"name\":\"Sobre nosaltres\"}]},{\"@type\":\"WebSite\",\"@id\":\"https:\\\/\\\/terraixufa.com\\\/ca\\\/#website\",\"url\":\"https:\\\/\\\/terraixufa.com\\\/ca\\\/\",\"name\":\"terraixufa\",\"description\":\"Productes locals i de temporada\",\"potentialAction\":[{\"@type\":\"SearchAction\",\"target\":{\"@type\":\"EntryPoint\",\"urlTemplate\":\"https:\\\/\\\/terraixufa.com\\\/ca\\\/?s={search_term_string}\"},\"query-input\":{\"@type\":\"PropertyValueSpecification\",\"valueRequired\":true,\"valueName\":\"search_term_string\"}}],\"inLanguage\":\"val\"}]}<\/script>\n<!-- \/ Yoast SEO plugin. -->","yoast_head_json":{"title":"Sobre nosaltres - terraixufa","description":"TERRA I XUFA som una empresa de productors i comercialitzadors de fruites i hortalisses ecol\u00f2giques de l'horta hist\u00f2rica de Val\u00e8ncia.","robots":{"index":"index","follow":"follow","max-snippet":"max-snippet:-1","max-image-preview":"max-image-preview:large","max-video-preview":"max-video-preview:-1"},"canonical":"https:\/\/terraixufa.com\/ca\/sobre-nosaltres\/","og_locale":"en_US","og_type":"article","og_title":"Sobre nosaltres - terraixufa","og_description":"TERRA I XUFA som una empresa de productors i comercialitzadors de fruites i hortalisses ecol\u00f2giques de l'horta hist\u00f2rica de Val\u00e8ncia.","og_url":"https:\/\/terraixufa.com\/ca\/sobre-nosaltres\/","og_site_name":"terraixufa","article_modified_time":"2022-11-22T16:07:33+00:00","twitter_card":"summary_large_image","twitter_misc":{"Est. reading time":"3 minutes"},"schema":{"@context":"https:\/\/schema.org","@graph":[{"@type":"WebPage","@id":"https:\/\/terraixufa.com\/ca\/sobre-nosaltres\/","url":"https:\/\/terraixufa.com\/ca\/sobre-nosaltres\/","name":"Sobre nosaltres - terraixufa","isPartOf":{"@id":"https:\/\/terraixufa.com\/ca\/#website"},"datePublished":"2020-10-05T16:20:26+00:00","dateModified":"2022-11-22T16:07:33+00:00","description":"TERRA I XUFA som una empresa de productors i comercialitzadors de fruites i hortalisses ecol\u00f2giques de l'horta hist\u00f2rica de Val\u00e8ncia.","breadcrumb":{"@id":"https:\/\/terraixufa.com\/ca\/sobre-nosaltres\/#breadcrumb"},"inLanguage":"val","potentialAction":[{"@type":"ReadAction","target":["https:\/\/terraixufa.com\/ca\/sobre-nosaltres\/"]}]},{"@type":"BreadcrumbList","@id":"https:\/\/terraixufa.com\/ca\/sobre-nosaltres\/#breadcrumb","itemListElement":[{"@type":"ListItem","position":1,"name":"Portada","item":"https:\/\/terraixufa.com\/ca\/"},{"@type":"ListItem","position":2,"name":"Sobre nosaltres"}]},{"@type":"WebSite","@id":"https:\/\/terraixufa.com\/ca\/#website","url":"https:\/\/terraixufa.com\/ca\/","name":"terraixufa","description":"Productes locals i de temporada","potentialAction":[{"@type":"SearchAction","target":{"@type":"EntryPoint","urlTemplate":"https:\/\/terraixufa.com\/ca\/?s={search_term_string}"},"query-input":{"@type":"PropertyValueSpecification","valueRequired":true,"valueName":"search_term_string"}}],"inLanguage":"val"}]}},"_links":{"self":[{"href":"https:\/\/terraixufa.com\/ca\/wp-json\/wp\/v2\/pages\/626","targetHints":{"allow":["GET"]}}],"collection":[{"href":"https:\/\/terraixufa.com\/ca\/wp-json\/wp\/v2\/pages"}],"about":[{"href":"https:\/\/terraixufa.com\/ca\/wp-json\/wp\/v2\/types\/page"}],"author":[{"embeddable":true,"href":"https:\/\/terraixufa.com\/ca\/wp-json\/wp\/v2\/users\/5"}],"replies":[{"embeddable":true,"href":"https:\/\/terraixufa.com\/ca\/wp-json\/wp\/v2\/comments?post=626"}],"version-history":[{"count":67,"href":"https:\/\/terraixufa.com\/ca\/wp-json\/wp\/v2\/pages\/626\/revisions"}],"predecessor-version":[{"id":3393,"href":"https:\/\/terraixufa.com\/ca\/wp-json\/wp\/v2\/pages\/626\/revisions\/3393"}],"wp:attachment":[{"href":"https:\/\/terraixufa.com\/ca\/wp-json\/wp\/v2\/media?parent=626"}],"curies":[{"name":"wp","href":"https:\/\/api.w.org\/{rel}","templated":true}]}}