{"id":2487,"date":"2021-02-03T08:52:39","date_gmt":"2021-02-03T08:52:39","guid":{"rendered":"https:\/\/terraixufa.com\/tienda\/uncategorized\/crema-de-xufa-garrofa-tiggy-6-uts\/"},"modified":"2023-07-18T17:00:44","modified_gmt":"2023-07-18T17:00:44","slug":"crema-de-xufa-garrofa-tiggy-6-uts","status":"publish","type":"product","link":"https:\/\/terraixufa.com\/ca\/tienda\/derivats-xufa\/crema-de-xufa-garrofa-tiggy-6-uts\/","title":{"rendered":"CREMA DE XUFA I GARROFA TIGGY. CAIXA DE 6 UTS"},"content":{"rendered":"<p>Cultivem la xufa durant huit mesos com ho feien els nostres avis sense cap tractament qu\u00edmic. Gr\u00e0cies al curat, el mid\u00f3 de la xufa es transforma en sucres naturals que li donen el sabor caracter\u00edstic de xufa de cultiu propi en l&#8217;Horta de Val\u00e8ncia.<\/p>\n<p>La crema &#8220;Tiggy&#8221; no cont\u00e9 cap mena de conservant ni colorant, ni Lactosa, ni Oli de Palma, i est\u00e0 elaborada amb sucre de canya sense refinar. &#8220;Tiggy&#8221; \u00e9s 100% vegetal<\/p>\n<p>La seua base de xufa fa que siga un producte cardiosaludable i antioxidant, pel seu alt contingut en \u00e0cids oleic i f\u00f2lic i fitosteroles, ajudant a mantindre el nivell de colesterol sanguini. Cont\u00e9 amino\u00e0cids essencials com l&#8217;arginina, precursora de la prolactina. Alt contingut en fibra vegetal soluble, per la qual cosa pot previndre desordres de la funci\u00f3 intestinal, i fins i tot ajuda a previndre el c\u00e0ncer de c\u00f2lon. T\u00e9 efecte prebi\u00f2tic, i facilita la digesti\u00f3 dels Hidrats de Carboni. Rica en minerals, destacant el f\u00f2sfor, potassi, calci, ferro, magnesi, i vitamines E i C.<\/p>\n<p><strong>Ingredients:<\/strong><\/p>\n<p>Suc de xufa<br \/>\nSucre sense refinar<br \/>\nOli de Gira-sol<br \/>\nFarina de Garrofa<br \/>\nGoma Xantana (&lt;0,05%)<\/p>\n<p><strong>Caducitat:<\/strong> 6 mesos a temperatura ambient. Mantindre en lloc fresc i sec, i allunyat de la llum solar. Una vegada obert, mantindre refrigerat i consumir en el termini de dos mesos.<\/p>\n<p><strong>Al\u00b7lerg\u00f2gens:<\/strong> Pot contindre traces de blat, soja, s\u00e8sam i fruita seca.<\/p>\n<p><strong>Format:<\/strong> Env\u00e0s de cristall de 230 g.<\/p>\n<p><strong>Unitat de venda:<\/strong> Caixa de 6 unitats.<\/p>\n","protected":false},"excerpt":{"rendered":"<p>Crema untable de xufa i garrofa, per a gaudir dels nostres berenars i desdejunis. Ideal per a aplicar en rebosteria per a galetes, brownies o cobertura de pastissos.<br \/>\nElaborada amb xufa de cultiu propi D.O. Val\u00e8ncia de Terra i Xufa, fruit de l&#8217;esfor\u00e7 d&#8217;un grup d&#8217;agricultors ecol\u00f2gics de l&#8217;Horta de Val\u00e8ncia.<\/p>\n","protected":false},"featured_media":1001,"comment_status":"open","ping_status":"closed","template":"","meta":{"_acf_changed":false},"product_brand":[],"product_cat":[70],"product_tag":[],"class_list":{"0":"post-2487","1":"product","2":"type-product","3":"status-publish","4":"has-post-thumbnail","6":"product_cat-derivats-xufa","8":"first","9":"outofstock","10":"taxable","11":"shipping-taxable","12":"purchasable","13":"product-type-simple","15":"catalog-layout-default","16":"columns-xs-1"},"acf":[],"yoast_head":"<!-- This site is optimized with the Yoast SEO plugin v27.5 - https:\/\/yoast.com\/product\/yoast-seo-wordpress\/ -->\n<title>CREMA DE XUFA I GARROFA TIGGY. CAIXA DE 6 UTS - terraixufa<\/title>\n<meta name=\"robots\" content=\"index, follow, max-snippet:-1, max-image-preview:large, max-video-preview:-1\" \/>\n<link rel=\"canonical\" href=\"https:\/\/terraixufa.com\/ca\/tienda\/derivats-xufa\/crema-de-xufa-garrofa-tiggy-6-uts\/\" \/>\n<meta property=\"og:locale\" content=\"en_US\" \/>\n<meta property=\"og:type\" content=\"article\" \/>\n<meta property=\"og:title\" content=\"CREMA DE XUFA I GARROFA TIGGY. CAIXA DE 6 UTS - terraixufa\" \/>\n<meta property=\"og:description\" content=\"Crema untable de xufa i garrofa, per a gaudir dels nostres berenars i desdejunis. Ideal per a aplicar en rebosteria per a galetes, brownies o cobertura de pastissos. Elaborada amb xufa de cultiu propi D.O. Val\u00e8ncia de Terra i Xufa, fruit de l&#039;esfor\u00e7 d&#039;un grup d&#039;agricultors ecol\u00f2gics de l&#039;Horta de Val\u00e8ncia.\" \/>\n<meta property=\"og:url\" content=\"https:\/\/terraixufa.com\/ca\/tienda\/derivats-xufa\/crema-de-xufa-garrofa-tiggy-6-uts\/\" \/>\n<meta property=\"og:site_name\" content=\"terraixufa\" \/>\n<meta property=\"article:modified_time\" content=\"2023-07-18T17:00:44+00:00\" \/>\n<meta property=\"og:image\" content=\"https:\/\/terraixufa.com\/wp-content\/uploads\/2020\/11\/tiggy-terra-i-xufa.jpg\" \/>\n\t<meta property=\"og:image:width\" content=\"700\" \/>\n\t<meta property=\"og:image:height\" content=\"997\" \/>\n\t<meta property=\"og:image:type\" content=\"image\/jpeg\" \/>\n<meta name=\"twitter:card\" content=\"summary_large_image\" \/>\n<meta name=\"twitter:label1\" content=\"Est. reading time\" \/>\n\t<meta name=\"twitter:data1\" content=\"1 minute\" \/>\n<script type=\"application\/ld+json\" class=\"yoast-schema-graph\">{\"@context\":\"https:\\\/\\\/schema.org\",\"@graph\":[{\"@type\":\"WebPage\",\"@id\":\"https:\\\/\\\/terraixufa.com\\\/ca\\\/tienda\\\/derivats-xufa\\\/crema-de-xufa-garrofa-tiggy-6-uts\\\/\",\"url\":\"https:\\\/\\\/terraixufa.com\\\/ca\\\/tienda\\\/derivats-xufa\\\/crema-de-xufa-garrofa-tiggy-6-uts\\\/\",\"name\":\"CREMA DE XUFA I GARROFA TIGGY. CAIXA DE 6 UTS - terraixufa\",\"isPartOf\":{\"@id\":\"https:\\\/\\\/terraixufa.com\\\/ca\\\/#website\"},\"primaryImageOfPage\":{\"@id\":\"https:\\\/\\\/terraixufa.com\\\/ca\\\/tienda\\\/derivats-xufa\\\/crema-de-xufa-garrofa-tiggy-6-uts\\\/#primaryimage\"},\"image\":{\"@id\":\"https:\\\/\\\/terraixufa.com\\\/ca\\\/tienda\\\/derivats-xufa\\\/crema-de-xufa-garrofa-tiggy-6-uts\\\/#primaryimage\"},\"thumbnailUrl\":\"https:\\\/\\\/terraixufa.com\\\/wp-content\\\/uploads\\\/2020\\\/11\\\/tiggy-terra-i-xufa.jpg\",\"datePublished\":\"2021-02-03T08:52:39+00:00\",\"dateModified\":\"2023-07-18T17:00:44+00:00\",\"breadcrumb\":{\"@id\":\"https:\\\/\\\/terraixufa.com\\\/ca\\\/tienda\\\/derivats-xufa\\\/crema-de-xufa-garrofa-tiggy-6-uts\\\/#breadcrumb\"},\"inLanguage\":\"val\",\"potentialAction\":[{\"@type\":\"ReadAction\",\"target\":[\"https:\\\/\\\/terraixufa.com\\\/ca\\\/tienda\\\/derivats-xufa\\\/crema-de-xufa-garrofa-tiggy-6-uts\\\/\"]}]},{\"@type\":\"ImageObject\",\"inLanguage\":\"val\",\"@id\":\"https:\\\/\\\/terraixufa.com\\\/ca\\\/tienda\\\/derivats-xufa\\\/crema-de-xufa-garrofa-tiggy-6-uts\\\/#primaryimage\",\"url\":\"https:\\\/\\\/terraixufa.com\\\/wp-content\\\/uploads\\\/2020\\\/11\\\/tiggy-terra-i-xufa.jpg\",\"contentUrl\":\"https:\\\/\\\/terraixufa.com\\\/wp-content\\\/uploads\\\/2020\\\/11\\\/tiggy-terra-i-xufa.jpg\",\"width\":700,\"height\":997,\"caption\":\"Tiggy, terraixufa\"},{\"@type\":\"BreadcrumbList\",\"@id\":\"https:\\\/\\\/terraixufa.com\\\/ca\\\/tienda\\\/derivats-xufa\\\/crema-de-xufa-garrofa-tiggy-6-uts\\\/#breadcrumb\",\"itemListElement\":[{\"@type\":\"ListItem\",\"position\":1,\"name\":\"Portada\",\"item\":\"https:\\\/\\\/terraixufa.com\\\/ca\\\/\"},{\"@type\":\"ListItem\",\"position\":2,\"name\":\"Tienda\",\"item\":\"https:\\\/\\\/terraixufa.com\\\/tienda\\\/\"},{\"@type\":\"ListItem\",\"position\":3,\"name\":\"CREMA DE XUFA I GARROFA TIGGY. CAIXA DE 6 UTS\"}]},{\"@type\":\"WebSite\",\"@id\":\"https:\\\/\\\/terraixufa.com\\\/ca\\\/#website\",\"url\":\"https:\\\/\\\/terraixufa.com\\\/ca\\\/\",\"name\":\"terraixufa\",\"description\":\"Productes locals i de temporada\",\"potentialAction\":[{\"@type\":\"SearchAction\",\"target\":{\"@type\":\"EntryPoint\",\"urlTemplate\":\"https:\\\/\\\/terraixufa.com\\\/ca\\\/?s={search_term_string}\"},\"query-input\":{\"@type\":\"PropertyValueSpecification\",\"valueRequired\":true,\"valueName\":\"search_term_string\"}}],\"inLanguage\":\"val\"}]}<\/script>\n<!-- \/ Yoast SEO plugin. -->","yoast_head_json":{"title":"CREMA DE XUFA I GARROFA TIGGY. CAIXA DE 6 UTS - terraixufa","robots":{"index":"index","follow":"follow","max-snippet":"max-snippet:-1","max-image-preview":"max-image-preview:large","max-video-preview":"max-video-preview:-1"},"canonical":"https:\/\/terraixufa.com\/ca\/tienda\/derivats-xufa\/crema-de-xufa-garrofa-tiggy-6-uts\/","og_locale":"en_US","og_type":"article","og_title":"CREMA DE XUFA I GARROFA TIGGY. CAIXA DE 6 UTS - terraixufa","og_description":"Crema untable de xufa i garrofa, per a gaudir dels nostres berenars i desdejunis. Ideal per a aplicar en rebosteria per a galetes, brownies o cobertura de pastissos. Elaborada amb xufa de cultiu propi D.O. Val\u00e8ncia de Terra i Xufa, fruit de l'esfor\u00e7 d'un grup d'agricultors ecol\u00f2gics de l'Horta de Val\u00e8ncia.","og_url":"https:\/\/terraixufa.com\/ca\/tienda\/derivats-xufa\/crema-de-xufa-garrofa-tiggy-6-uts\/","og_site_name":"terraixufa","article_modified_time":"2023-07-18T17:00:44+00:00","og_image":[{"width":700,"height":997,"url":"https:\/\/terraixufa.com\/wp-content\/uploads\/2020\/11\/tiggy-terra-i-xufa.jpg","type":"image\/jpeg"}],"twitter_card":"summary_large_image","twitter_misc":{"Est. reading time":"1 minute"},"schema":{"@context":"https:\/\/schema.org","@graph":[{"@type":"WebPage","@id":"https:\/\/terraixufa.com\/ca\/tienda\/derivats-xufa\/crema-de-xufa-garrofa-tiggy-6-uts\/","url":"https:\/\/terraixufa.com\/ca\/tienda\/derivats-xufa\/crema-de-xufa-garrofa-tiggy-6-uts\/","name":"CREMA DE XUFA I GARROFA TIGGY. CAIXA DE 6 UTS - terraixufa","isPartOf":{"@id":"https:\/\/terraixufa.com\/ca\/#website"},"primaryImageOfPage":{"@id":"https:\/\/terraixufa.com\/ca\/tienda\/derivats-xufa\/crema-de-xufa-garrofa-tiggy-6-uts\/#primaryimage"},"image":{"@id":"https:\/\/terraixufa.com\/ca\/tienda\/derivats-xufa\/crema-de-xufa-garrofa-tiggy-6-uts\/#primaryimage"},"thumbnailUrl":"https:\/\/terraixufa.com\/wp-content\/uploads\/2020\/11\/tiggy-terra-i-xufa.jpg","datePublished":"2021-02-03T08:52:39+00:00","dateModified":"2023-07-18T17:00:44+00:00","breadcrumb":{"@id":"https:\/\/terraixufa.com\/ca\/tienda\/derivats-xufa\/crema-de-xufa-garrofa-tiggy-6-uts\/#breadcrumb"},"inLanguage":"val","potentialAction":[{"@type":"ReadAction","target":["https:\/\/terraixufa.com\/ca\/tienda\/derivats-xufa\/crema-de-xufa-garrofa-tiggy-6-uts\/"]}]},{"@type":"ImageObject","inLanguage":"val","@id":"https:\/\/terraixufa.com\/ca\/tienda\/derivats-xufa\/crema-de-xufa-garrofa-tiggy-6-uts\/#primaryimage","url":"https:\/\/terraixufa.com\/wp-content\/uploads\/2020\/11\/tiggy-terra-i-xufa.jpg","contentUrl":"https:\/\/terraixufa.com\/wp-content\/uploads\/2020\/11\/tiggy-terra-i-xufa.jpg","width":700,"height":997,"caption":"Tiggy, terraixufa"},{"@type":"BreadcrumbList","@id":"https:\/\/terraixufa.com\/ca\/tienda\/derivats-xufa\/crema-de-xufa-garrofa-tiggy-6-uts\/#breadcrumb","itemListElement":[{"@type":"ListItem","position":1,"name":"Portada","item":"https:\/\/terraixufa.com\/ca\/"},{"@type":"ListItem","position":2,"name":"Tienda","item":"https:\/\/terraixufa.com\/tienda\/"},{"@type":"ListItem","position":3,"name":"CREMA DE XUFA I GARROFA TIGGY. CAIXA DE 6 UTS"}]},{"@type":"WebSite","@id":"https:\/\/terraixufa.com\/ca\/#website","url":"https:\/\/terraixufa.com\/ca\/","name":"terraixufa","description":"Productes locals i de temporada","potentialAction":[{"@type":"SearchAction","target":{"@type":"EntryPoint","urlTemplate":"https:\/\/terraixufa.com\/ca\/?s={search_term_string}"},"query-input":{"@type":"PropertyValueSpecification","valueRequired":true,"valueName":"search_term_string"}}],"inLanguage":"val"}]}},"_links":{"self":[{"href":"https:\/\/terraixufa.com\/ca\/wp-json\/wp\/v2\/product\/2487","targetHints":{"allow":["GET"]}}],"collection":[{"href":"https:\/\/terraixufa.com\/ca\/wp-json\/wp\/v2\/product"}],"about":[{"href":"https:\/\/terraixufa.com\/ca\/wp-json\/wp\/v2\/types\/product"}],"replies":[{"embeddable":true,"href":"https:\/\/terraixufa.com\/ca\/wp-json\/wp\/v2\/comments?post=2487"}],"wp:featuredmedia":[{"embeddable":true,"href":"https:\/\/terraixufa.com\/ca\/wp-json\/wp\/v2\/media\/1001"}],"wp:attachment":[{"href":"https:\/\/terraixufa.com\/ca\/wp-json\/wp\/v2\/media?parent=2487"}],"wp:term":[{"taxonomy":"product_brand","embeddable":true,"href":"https:\/\/terraixufa.com\/ca\/wp-json\/wp\/v2\/product_brand?post=2487"},{"taxonomy":"product_cat","embeddable":true,"href":"https:\/\/terraixufa.com\/ca\/wp-json\/wp\/v2\/product_cat?post=2487"},{"taxonomy":"product_tag","embeddable":true,"href":"https:\/\/terraixufa.com\/ca\/wp-json\/wp\/v2\/product_tag?post=2487"}],"curies":[{"name":"wp","href":"https:\/\/api.w.org\/{rel}","templated":true}]}}