{"id":3023,"date":"2022-01-05T12:05:18","date_gmt":"2022-01-05T12:05:18","guid":{"rendered":"https:\/\/terraixufa.com\/?post_type=product&#038;p=3023"},"modified":"2024-04-03T11:26:19","modified_gmt":"2024-04-03T11:26:19","slug":"caixa-de-citrics-i-altres-fruites-caixa-de-6-kg","status":"publish","type":"product","link":"https:\/\/terraixufa.com\/ca\/tienda\/fruita-ecologica\/caixa-de-citrics-i-altres-fruites-caixa-de-6-kg\/","title":{"rendered":"CAIXA DE CITRICS I ALTRES FRUITES CAIXA DE 6 KG"},"content":{"rendered":"<p>Caixa multiproducte de c\u00edtrics i altres fruites de temporada. Una combinaci\u00f3 perfecta dels productes de la nostra horta. Selecci\u00f3 de les millors i saboroses taronges i mandarines, les vitaminades llimes i aranges, complementats amb altres sanes fruites de temporada.<\/p>\n<p>Una mostra dels millors productes de \u2018<em>Terra i Xufa<\/em>\u2018, fruit de l&#8217;esfor\u00e7 d&#8217;un grup d&#8217;agricultors ecol\u00f2gics de l&#8217;Horta de Val\u00e8ncia.<\/p>\n<p>Cultivem com a complement a les hortalisses i la xufa gran diversitat de fruites, com ho feien els nostres avis sense cap tractament qu\u00edmic.<\/p>\n<p>Diversitat de colors, de sabors i d&#8217;aliments que volem traslladar als teus plats i taules.<\/p>\n<p>&nbsp;<\/p>\n<p><strong>Ingredients:<\/strong><\/p>\n<ul>\n<li>Naranja*<\/li>\n<li>Mandarina*<\/li>\n<li>Pomelo*<\/li>\n<li>Lim\u00f3n*<\/li>\n<li>Aguacate*<\/li>\n<\/ul>\n<p>(*Procedent d&#8217;agricultura ecol\u00f2gica, depenent de la temporada la caixa pot patir alguna variaci\u00f3 en algun dels productes que ser\u00e0 pr\u00e8viament comunicat)<\/p>\n<p>&nbsp;<\/p>\n<p><strong>Caducitat:<\/strong> Producte fresc, mantindre refrigerat.<\/p>\n<p><strong>Al\u00b7lerg\u00f2gens:<\/strong> No cont\u00e9<\/p>\n<p><strong>Format:<\/strong> 6 kg net<\/p>\n<p><strong>Unitat de venda:<\/strong> Caixa multiproducte<\/p>\n","protected":false},"excerpt":{"rendered":"<p>Caixa multiproducte de c\u00edtrics i altres fruites de temporada. Una combinaci\u00f3 perfecta dels productes de la nostra horta. Selecci\u00f3 de les millors i saboroses taronges i mandarines, les vitaminades llimes i aranges, complementats amb altres sanes fruites de temporada.<\/p>\n<p>Una mostra dels millors productes de \u2018<em>Terra i Xufa<\/em>\u2018, fruit de l&#8217;esfor\u00e7 d&#8217;un grup d&#8217;agricultors ecol\u00f2gics de l&#8217;Horta de Val\u00e8ncia.<\/p>\n","protected":false},"featured_media":3202,"comment_status":"open","ping_status":"closed","template":"","meta":{"_acf_changed":false},"product_brand":[],"product_cat":[40],"product_tag":[],"class_list":{"0":"post-3023","1":"product","2":"type-product","3":"status-publish","4":"has-post-thumbnail","6":"product_cat-fruita-ecologica","8":"first","9":"instock","10":"taxable","11":"shipping-taxable","12":"purchasable","13":"product-type-simple","15":"catalog-layout-default","16":"columns-xs-1"},"acf":[],"yoast_head":"<!-- This site is optimized with the Yoast SEO plugin v27.4 - https:\/\/yoast.com\/product\/yoast-seo-wordpress\/ -->\n<title>CAIXA DE CITRICS I ALTRES FRUITES CAIXA DE 6 KG - terraixufa<\/title>\n<meta name=\"robots\" content=\"index, follow, max-snippet:-1, max-image-preview:large, max-video-preview:-1\" \/>\n<link rel=\"canonical\" href=\"https:\/\/terraixufa.com\/ca\/tienda\/fruita-ecologica\/caixa-de-citrics-i-altres-fruites-caixa-de-6-kg\/\" \/>\n<meta property=\"og:locale\" content=\"en_US\" \/>\n<meta property=\"og:type\" content=\"article\" \/>\n<meta property=\"og:title\" content=\"CAIXA DE CITRICS I ALTRES FRUITES CAIXA DE 6 KG - terraixufa\" \/>\n<meta property=\"og:description\" content=\"Caixa multiproducte de c\u00edtrics i altres fruites de temporada. Una combinaci\u00f3 perfecta dels productes de la nostra horta. Selecci\u00f3 de les millors i saboroses taronges i mandarines, les vitaminades llimes i aranges, complementats amb altres sanes fruites de temporada.  Una mostra dels millors productes de \u2018Terra i Xufa\u2018, fruit de l&#039;esfor\u00e7 d&#039;un grup d&#039;agricultors ecol\u00f2gics de l&#039;Horta de Val\u00e8ncia.\" \/>\n<meta property=\"og:url\" content=\"https:\/\/terraixufa.com\/ca\/tienda\/fruita-ecologica\/caixa-de-citrics-i-altres-fruites-caixa-de-6-kg\/\" \/>\n<meta property=\"og:site_name\" content=\"terraixufa\" \/>\n<meta property=\"article:modified_time\" content=\"2024-04-03T11:26:19+00:00\" \/>\n<meta property=\"og:image\" content=\"https:\/\/terraixufa.com\/wp-content\/uploads\/2022\/01\/IMG-0317-1.jpg\" \/>\n\t<meta property=\"og:image:width\" content=\"2049\" \/>\n\t<meta property=\"og:image:height\" content=\"1970\" \/>\n\t<meta property=\"og:image:type\" content=\"image\/jpeg\" \/>\n<meta name=\"twitter:card\" content=\"summary_large_image\" \/>\n<meta name=\"twitter:label1\" content=\"Est. reading time\" \/>\n\t<meta name=\"twitter:data1\" content=\"1 minute\" \/>\n<script type=\"application\/ld+json\" class=\"yoast-schema-graph\">{\"@context\":\"https:\\\/\\\/schema.org\",\"@graph\":[{\"@type\":\"WebPage\",\"@id\":\"https:\\\/\\\/terraixufa.com\\\/ca\\\/tienda\\\/fruita-ecologica\\\/caixa-de-citrics-i-altres-fruites-caixa-de-6-kg\\\/\",\"url\":\"https:\\\/\\\/terraixufa.com\\\/ca\\\/tienda\\\/fruita-ecologica\\\/caixa-de-citrics-i-altres-fruites-caixa-de-6-kg\\\/\",\"name\":\"CAIXA DE CITRICS I ALTRES FRUITES CAIXA DE 6 KG - terraixufa\",\"isPartOf\":{\"@id\":\"https:\\\/\\\/terraixufa.com\\\/ca\\\/#website\"},\"primaryImageOfPage\":{\"@id\":\"https:\\\/\\\/terraixufa.com\\\/ca\\\/tienda\\\/fruita-ecologica\\\/caixa-de-citrics-i-altres-fruites-caixa-de-6-kg\\\/#primaryimage\"},\"image\":{\"@id\":\"https:\\\/\\\/terraixufa.com\\\/ca\\\/tienda\\\/fruita-ecologica\\\/caixa-de-citrics-i-altres-fruites-caixa-de-6-kg\\\/#primaryimage\"},\"thumbnailUrl\":\"https:\\\/\\\/terraixufa.com\\\/wp-content\\\/uploads\\\/2022\\\/01\\\/IMG-0317-1.jpg\",\"datePublished\":\"2022-01-05T12:05:18+00:00\",\"dateModified\":\"2024-04-03T11:26:19+00:00\",\"breadcrumb\":{\"@id\":\"https:\\\/\\\/terraixufa.com\\\/ca\\\/tienda\\\/fruita-ecologica\\\/caixa-de-citrics-i-altres-fruites-caixa-de-6-kg\\\/#breadcrumb\"},\"inLanguage\":\"val\",\"potentialAction\":[{\"@type\":\"ReadAction\",\"target\":[\"https:\\\/\\\/terraixufa.com\\\/ca\\\/tienda\\\/fruita-ecologica\\\/caixa-de-citrics-i-altres-fruites-caixa-de-6-kg\\\/\"]}]},{\"@type\":\"ImageObject\",\"inLanguage\":\"val\",\"@id\":\"https:\\\/\\\/terraixufa.com\\\/ca\\\/tienda\\\/fruita-ecologica\\\/caixa-de-citrics-i-altres-fruites-caixa-de-6-kg\\\/#primaryimage\",\"url\":\"https:\\\/\\\/terraixufa.com\\\/wp-content\\\/uploads\\\/2022\\\/01\\\/IMG-0317-1.jpg\",\"contentUrl\":\"https:\\\/\\\/terraixufa.com\\\/wp-content\\\/uploads\\\/2022\\\/01\\\/IMG-0317-1.jpg\",\"width\":2049,\"height\":1970},{\"@type\":\"BreadcrumbList\",\"@id\":\"https:\\\/\\\/terraixufa.com\\\/ca\\\/tienda\\\/fruita-ecologica\\\/caixa-de-citrics-i-altres-fruites-caixa-de-6-kg\\\/#breadcrumb\",\"itemListElement\":[{\"@type\":\"ListItem\",\"position\":1,\"name\":\"Portada\",\"item\":\"https:\\\/\\\/terraixufa.com\\\/ca\\\/\"},{\"@type\":\"ListItem\",\"position\":2,\"name\":\"Tienda\",\"item\":\"https:\\\/\\\/terraixufa.com\\\/tienda\\\/\"},{\"@type\":\"ListItem\",\"position\":3,\"name\":\"CAIXA DE CITRICS I ALTRES FRUITES CAIXA DE 6 KG\"}]},{\"@type\":\"WebSite\",\"@id\":\"https:\\\/\\\/terraixufa.com\\\/ca\\\/#website\",\"url\":\"https:\\\/\\\/terraixufa.com\\\/ca\\\/\",\"name\":\"terraixufa\",\"description\":\"Productes locals i de temporada\",\"potentialAction\":[{\"@type\":\"SearchAction\",\"target\":{\"@type\":\"EntryPoint\",\"urlTemplate\":\"https:\\\/\\\/terraixufa.com\\\/ca\\\/?s={search_term_string}\"},\"query-input\":{\"@type\":\"PropertyValueSpecification\",\"valueRequired\":true,\"valueName\":\"search_term_string\"}}],\"inLanguage\":\"val\"}]}<\/script>\n<!-- \/ Yoast SEO plugin. -->","yoast_head_json":{"title":"CAIXA DE CITRICS I ALTRES FRUITES CAIXA DE 6 KG - terraixufa","robots":{"index":"index","follow":"follow","max-snippet":"max-snippet:-1","max-image-preview":"max-image-preview:large","max-video-preview":"max-video-preview:-1"},"canonical":"https:\/\/terraixufa.com\/ca\/tienda\/fruita-ecologica\/caixa-de-citrics-i-altres-fruites-caixa-de-6-kg\/","og_locale":"en_US","og_type":"article","og_title":"CAIXA DE CITRICS I ALTRES FRUITES CAIXA DE 6 KG - terraixufa","og_description":"Caixa multiproducte de c\u00edtrics i altres fruites de temporada. Una combinaci\u00f3 perfecta dels productes de la nostra horta. Selecci\u00f3 de les millors i saboroses taronges i mandarines, les vitaminades llimes i aranges, complementats amb altres sanes fruites de temporada.  Una mostra dels millors productes de \u2018Terra i Xufa\u2018, fruit de l'esfor\u00e7 d'un grup d'agricultors ecol\u00f2gics de l'Horta de Val\u00e8ncia.","og_url":"https:\/\/terraixufa.com\/ca\/tienda\/fruita-ecologica\/caixa-de-citrics-i-altres-fruites-caixa-de-6-kg\/","og_site_name":"terraixufa","article_modified_time":"2024-04-03T11:26:19+00:00","og_image":[{"width":2049,"height":1970,"url":"https:\/\/terraixufa.com\/wp-content\/uploads\/2022\/01\/IMG-0317-1.jpg","type":"image\/jpeg"}],"twitter_card":"summary_large_image","twitter_misc":{"Est. reading time":"1 minute"},"schema":{"@context":"https:\/\/schema.org","@graph":[{"@type":"WebPage","@id":"https:\/\/terraixufa.com\/ca\/tienda\/fruita-ecologica\/caixa-de-citrics-i-altres-fruites-caixa-de-6-kg\/","url":"https:\/\/terraixufa.com\/ca\/tienda\/fruita-ecologica\/caixa-de-citrics-i-altres-fruites-caixa-de-6-kg\/","name":"CAIXA DE CITRICS I ALTRES FRUITES CAIXA DE 6 KG - terraixufa","isPartOf":{"@id":"https:\/\/terraixufa.com\/ca\/#website"},"primaryImageOfPage":{"@id":"https:\/\/terraixufa.com\/ca\/tienda\/fruita-ecologica\/caixa-de-citrics-i-altres-fruites-caixa-de-6-kg\/#primaryimage"},"image":{"@id":"https:\/\/terraixufa.com\/ca\/tienda\/fruita-ecologica\/caixa-de-citrics-i-altres-fruites-caixa-de-6-kg\/#primaryimage"},"thumbnailUrl":"https:\/\/terraixufa.com\/wp-content\/uploads\/2022\/01\/IMG-0317-1.jpg","datePublished":"2022-01-05T12:05:18+00:00","dateModified":"2024-04-03T11:26:19+00:00","breadcrumb":{"@id":"https:\/\/terraixufa.com\/ca\/tienda\/fruita-ecologica\/caixa-de-citrics-i-altres-fruites-caixa-de-6-kg\/#breadcrumb"},"inLanguage":"val","potentialAction":[{"@type":"ReadAction","target":["https:\/\/terraixufa.com\/ca\/tienda\/fruita-ecologica\/caixa-de-citrics-i-altres-fruites-caixa-de-6-kg\/"]}]},{"@type":"ImageObject","inLanguage":"val","@id":"https:\/\/terraixufa.com\/ca\/tienda\/fruita-ecologica\/caixa-de-citrics-i-altres-fruites-caixa-de-6-kg\/#primaryimage","url":"https:\/\/terraixufa.com\/wp-content\/uploads\/2022\/01\/IMG-0317-1.jpg","contentUrl":"https:\/\/terraixufa.com\/wp-content\/uploads\/2022\/01\/IMG-0317-1.jpg","width":2049,"height":1970},{"@type":"BreadcrumbList","@id":"https:\/\/terraixufa.com\/ca\/tienda\/fruita-ecologica\/caixa-de-citrics-i-altres-fruites-caixa-de-6-kg\/#breadcrumb","itemListElement":[{"@type":"ListItem","position":1,"name":"Portada","item":"https:\/\/terraixufa.com\/ca\/"},{"@type":"ListItem","position":2,"name":"Tienda","item":"https:\/\/terraixufa.com\/tienda\/"},{"@type":"ListItem","position":3,"name":"CAIXA DE CITRICS I ALTRES FRUITES CAIXA DE 6 KG"}]},{"@type":"WebSite","@id":"https:\/\/terraixufa.com\/ca\/#website","url":"https:\/\/terraixufa.com\/ca\/","name":"terraixufa","description":"Productes locals i de temporada","potentialAction":[{"@type":"SearchAction","target":{"@type":"EntryPoint","urlTemplate":"https:\/\/terraixufa.com\/ca\/?s={search_term_string}"},"query-input":{"@type":"PropertyValueSpecification","valueRequired":true,"valueName":"search_term_string"}}],"inLanguage":"val"}]}},"_links":{"self":[{"href":"https:\/\/terraixufa.com\/ca\/wp-json\/wp\/v2\/product\/3023","targetHints":{"allow":["GET"]}}],"collection":[{"href":"https:\/\/terraixufa.com\/ca\/wp-json\/wp\/v2\/product"}],"about":[{"href":"https:\/\/terraixufa.com\/ca\/wp-json\/wp\/v2\/types\/product"}],"replies":[{"embeddable":true,"href":"https:\/\/terraixufa.com\/ca\/wp-json\/wp\/v2\/comments?post=3023"}],"wp:featuredmedia":[{"embeddable":true,"href":"https:\/\/terraixufa.com\/ca\/wp-json\/wp\/v2\/media\/3202"}],"wp:attachment":[{"href":"https:\/\/terraixufa.com\/ca\/wp-json\/wp\/v2\/media?parent=3023"}],"wp:term":[{"taxonomy":"product_brand","embeddable":true,"href":"https:\/\/terraixufa.com\/ca\/wp-json\/wp\/v2\/product_brand?post=3023"},{"taxonomy":"product_cat","embeddable":true,"href":"https:\/\/terraixufa.com\/ca\/wp-json\/wp\/v2\/product_cat?post=3023"},{"taxonomy":"product_tag","embeddable":true,"href":"https:\/\/terraixufa.com\/ca\/wp-json\/wp\/v2\/product_tag?post=3023"}],"curies":[{"name":"wp","href":"https:\/\/api.w.org\/{rel}","templated":true}]}}