{"id":3125,"date":"2022-03-14T10:04:35","date_gmt":"2022-03-14T10:04:35","guid":{"rendered":"https:\/\/terraixufa.com\/?post_type=product&#038;p=3125"},"modified":"2023-01-27T09:20:06","modified_gmt":"2023-01-27T09:20:06","slug":"visita-guiada-al-mas-del-fondo-27-de-marc","status":"publish","type":"product","link":"https:\/\/terraixufa.com\/ca\/tienda\/uncategorized-ca\/visita-guiada-al-mas-del-fondo-27-de-marc\/","title":{"rendered":"VISITA GUIADA AL MAS DEL FONDO FINS 12 ANYS 4-02-2023"},"content":{"rendered":"<p>Visita guiada al Mas del Fondo, Massarrojos-Montcada. Os mostrarem com seguir les rotacions dels diferents cultius, explicarem les diferents pr\u00e0ctiques de cultiu. Com preparem la terra, el compost o treballem amb el ramat d&#8217;ovelles guirras. Collirem cal\u00e7ots, un dels cultius de temporada.<\/p>\n<p>El preu per persona inclou un manoll de vint-i-cint cal\u00e7ots i un pot de salsa romesco.<\/p>\n<p>Opcionalment es podran adquirir les fruites i hortalisses de Terra i Xufa<\/p>\n<p>&nbsp;<\/p>\n<p><strong>Duraci\u00f3\u00a0 \u00a0<\/strong><\/p>\n<p>L&#8217;horari aproximat de l&#8217;activitat \u00e9s de 11 a 13:30 hores<\/p>\n","protected":false},"excerpt":{"rendered":"<p>Visita guiada al Mas del Fondo, Massarrojos-Montcada. Os mostrarem com seguir les rotacions dels diferents cultius, explicarem les diferents pr\u00e0ctiques de cultiu. Com preparem la terra, el compost o treballem amb el ramat d&#8217;ovelles guirras. Collirem cal\u00e7ots, un dels cultius de temporada.<\/p>\n<p>El preu per persona inclou un manoll de vint-i-cint cal\u00e7ots i un pot de salsa romesco.<\/p>\n<p>Opcionalment es podran adquirir les fruites i hortalisses de Terra i Xufa<\/p>\n<p>&nbsp;<\/p>\n<p><strong>Duraci\u00f3\u00a0 \u00a0<\/strong><\/p>\n<p>L&#8217;horari aproximat de l&#8217;activitat \u00e9s de 11 a 13:30 hores<\/p>\n","protected":false},"featured_media":3062,"comment_status":"open","ping_status":"closed","template":"","meta":{"_acf_changed":false},"product_brand":[],"product_cat":[102],"product_tag":[],"class_list":{"0":"post-3125","1":"product","2":"type-product","3":"status-publish","4":"has-post-thumbnail","6":"product_cat-uncategorized-ca","8":"first","9":"outofstock","10":"featured","11":"taxable","12":"shipping-taxable","13":"purchasable","14":"product-type-simple","16":"catalog-layout-default","17":"columns-xs-1"},"acf":[],"yoast_head":"<!-- This site is optimized with the Yoast SEO plugin v27.3 - https:\/\/yoast.com\/product\/yoast-seo-wordpress\/ -->\n<title>VISITA GUIADA AL MAS DEL FONDO FINS 12 ANYS 4-02-2023 - terraixufa<\/title>\n<meta name=\"robots\" content=\"index, follow, max-snippet:-1, max-image-preview:large, max-video-preview:-1\" \/>\n<link rel=\"canonical\" href=\"https:\/\/terraixufa.com\/ca\/tienda\/uncategorized-ca\/visita-guiada-al-mas-del-fondo-27-de-marc\/\" \/>\n<meta property=\"og:locale\" content=\"en_US\" \/>\n<meta property=\"og:type\" content=\"article\" \/>\n<meta property=\"og:title\" content=\"VISITA GUIADA AL MAS DEL FONDO FINS 12 ANYS 4-02-2023 - terraixufa\" \/>\n<meta property=\"og:description\" content=\"Visita guiada al Mas del Fondo, Massarrojos-Montcada. Os mostrarem com seguir les rotacions dels diferents cultius, explicarem les diferents pr\u00e0ctiques de cultiu. Com preparem la terra, el compost o treballem amb el ramat d&#039;ovelles guirras. Collirem cal\u00e7ots, un dels cultius de temporada.  El preu per persona inclou un manoll de vint-i-cint cal\u00e7ots i un pot de salsa romesco.  Opcionalment es podran adquirir les fruites i hortalisses de Terra i Xufa  &nbsp;  Duraci\u00f3\u00a0 \u00a0  L&#039;horari aproximat de l&#039;activitat \u00e9s de 11 a 13:30 hores\" \/>\n<meta property=\"og:url\" content=\"https:\/\/terraixufa.com\/ca\/tienda\/uncategorized-ca\/visita-guiada-al-mas-del-fondo-27-de-marc\/\" \/>\n<meta property=\"og:site_name\" content=\"terraixufa\" \/>\n<meta property=\"article:modified_time\" content=\"2023-01-27T09:20:06+00:00\" \/>\n<meta property=\"og:image\" content=\"https:\/\/terraixufa.com\/wp-content\/uploads\/2022\/03\/IMG-0007.jpg\" \/>\n\t<meta property=\"og:image:width\" content=\"2303\" \/>\n\t<meta property=\"og:image:height\" content=\"1536\" \/>\n\t<meta property=\"og:image:type\" content=\"image\/jpeg\" \/>\n<meta name=\"twitter:card\" content=\"summary_large_image\" \/>\n<meta name=\"twitter:label1\" content=\"Est. reading time\" \/>\n\t<meta name=\"twitter:data1\" content=\"1 minute\" \/>\n<script type=\"application\/ld+json\" class=\"yoast-schema-graph\">{\"@context\":\"https:\\\/\\\/schema.org\",\"@graph\":[{\"@type\":\"WebPage\",\"@id\":\"https:\\\/\\\/terraixufa.com\\\/ca\\\/tienda\\\/uncategorized-ca\\\/visita-guiada-al-mas-del-fondo-27-de-marc\\\/\",\"url\":\"https:\\\/\\\/terraixufa.com\\\/ca\\\/tienda\\\/uncategorized-ca\\\/visita-guiada-al-mas-del-fondo-27-de-marc\\\/\",\"name\":\"VISITA GUIADA AL MAS DEL FONDO FINS 12 ANYS 4-02-2023 - terraixufa\",\"isPartOf\":{\"@id\":\"https:\\\/\\\/terraixufa.com\\\/ca\\\/#website\"},\"primaryImageOfPage\":{\"@id\":\"https:\\\/\\\/terraixufa.com\\\/ca\\\/tienda\\\/uncategorized-ca\\\/visita-guiada-al-mas-del-fondo-27-de-marc\\\/#primaryimage\"},\"image\":{\"@id\":\"https:\\\/\\\/terraixufa.com\\\/ca\\\/tienda\\\/uncategorized-ca\\\/visita-guiada-al-mas-del-fondo-27-de-marc\\\/#primaryimage\"},\"thumbnailUrl\":\"https:\\\/\\\/terraixufa.com\\\/wp-content\\\/uploads\\\/2022\\\/03\\\/IMG-0007.jpg\",\"datePublished\":\"2022-03-14T10:04:35+00:00\",\"dateModified\":\"2023-01-27T09:20:06+00:00\",\"breadcrumb\":{\"@id\":\"https:\\\/\\\/terraixufa.com\\\/ca\\\/tienda\\\/uncategorized-ca\\\/visita-guiada-al-mas-del-fondo-27-de-marc\\\/#breadcrumb\"},\"inLanguage\":\"val\",\"potentialAction\":[{\"@type\":\"ReadAction\",\"target\":[\"https:\\\/\\\/terraixufa.com\\\/ca\\\/tienda\\\/uncategorized-ca\\\/visita-guiada-al-mas-del-fondo-27-de-marc\\\/\"]}]},{\"@type\":\"ImageObject\",\"inLanguage\":\"val\",\"@id\":\"https:\\\/\\\/terraixufa.com\\\/ca\\\/tienda\\\/uncategorized-ca\\\/visita-guiada-al-mas-del-fondo-27-de-marc\\\/#primaryimage\",\"url\":\"https:\\\/\\\/terraixufa.com\\\/wp-content\\\/uploads\\\/2022\\\/03\\\/IMG-0007.jpg\",\"contentUrl\":\"https:\\\/\\\/terraixufa.com\\\/wp-content\\\/uploads\\\/2022\\\/03\\\/IMG-0007.jpg\",\"width\":2303,\"height\":1536},{\"@type\":\"BreadcrumbList\",\"@id\":\"https:\\\/\\\/terraixufa.com\\\/ca\\\/tienda\\\/uncategorized-ca\\\/visita-guiada-al-mas-del-fondo-27-de-marc\\\/#breadcrumb\",\"itemListElement\":[{\"@type\":\"ListItem\",\"position\":1,\"name\":\"Portada\",\"item\":\"https:\\\/\\\/terraixufa.com\\\/ca\\\/\"},{\"@type\":\"ListItem\",\"position\":2,\"name\":\"Tienda\",\"item\":\"https:\\\/\\\/terraixufa.com\\\/tienda\\\/\"},{\"@type\":\"ListItem\",\"position\":3,\"name\":\"VISITA GUIADA AL MAS DEL FONDO FINS 12 ANYS 4-02-2023\"}]},{\"@type\":\"WebSite\",\"@id\":\"https:\\\/\\\/terraixufa.com\\\/ca\\\/#website\",\"url\":\"https:\\\/\\\/terraixufa.com\\\/ca\\\/\",\"name\":\"terraixufa\",\"description\":\"Productes locals i de temporada\",\"potentialAction\":[{\"@type\":\"SearchAction\",\"target\":{\"@type\":\"EntryPoint\",\"urlTemplate\":\"https:\\\/\\\/terraixufa.com\\\/ca\\\/?s={search_term_string}\"},\"query-input\":{\"@type\":\"PropertyValueSpecification\",\"valueRequired\":true,\"valueName\":\"search_term_string\"}}],\"inLanguage\":\"val\"}]}<\/script>\n<!-- \/ Yoast SEO plugin. -->","yoast_head_json":{"title":"VISITA GUIADA AL MAS DEL FONDO FINS 12 ANYS 4-02-2023 - terraixufa","robots":{"index":"index","follow":"follow","max-snippet":"max-snippet:-1","max-image-preview":"max-image-preview:large","max-video-preview":"max-video-preview:-1"},"canonical":"https:\/\/terraixufa.com\/ca\/tienda\/uncategorized-ca\/visita-guiada-al-mas-del-fondo-27-de-marc\/","og_locale":"en_US","og_type":"article","og_title":"VISITA GUIADA AL MAS DEL FONDO FINS 12 ANYS 4-02-2023 - terraixufa","og_description":"Visita guiada al Mas del Fondo, Massarrojos-Montcada. Os mostrarem com seguir les rotacions dels diferents cultius, explicarem les diferents pr\u00e0ctiques de cultiu. Com preparem la terra, el compost o treballem amb el ramat d'ovelles guirras. Collirem cal\u00e7ots, un dels cultius de temporada.  El preu per persona inclou un manoll de vint-i-cint cal\u00e7ots i un pot de salsa romesco.  Opcionalment es podran adquirir les fruites i hortalisses de Terra i Xufa  &nbsp;  Duraci\u00f3\u00a0 \u00a0  L'horari aproximat de l'activitat \u00e9s de 11 a 13:30 hores","og_url":"https:\/\/terraixufa.com\/ca\/tienda\/uncategorized-ca\/visita-guiada-al-mas-del-fondo-27-de-marc\/","og_site_name":"terraixufa","article_modified_time":"2023-01-27T09:20:06+00:00","og_image":[{"width":2303,"height":1536,"url":"https:\/\/terraixufa.com\/wp-content\/uploads\/2022\/03\/IMG-0007.jpg","type":"image\/jpeg"}],"twitter_card":"summary_large_image","twitter_misc":{"Est. reading time":"1 minute"},"schema":{"@context":"https:\/\/schema.org","@graph":[{"@type":"WebPage","@id":"https:\/\/terraixufa.com\/ca\/tienda\/uncategorized-ca\/visita-guiada-al-mas-del-fondo-27-de-marc\/","url":"https:\/\/terraixufa.com\/ca\/tienda\/uncategorized-ca\/visita-guiada-al-mas-del-fondo-27-de-marc\/","name":"VISITA GUIADA AL MAS DEL FONDO FINS 12 ANYS 4-02-2023 - terraixufa","isPartOf":{"@id":"https:\/\/terraixufa.com\/ca\/#website"},"primaryImageOfPage":{"@id":"https:\/\/terraixufa.com\/ca\/tienda\/uncategorized-ca\/visita-guiada-al-mas-del-fondo-27-de-marc\/#primaryimage"},"image":{"@id":"https:\/\/terraixufa.com\/ca\/tienda\/uncategorized-ca\/visita-guiada-al-mas-del-fondo-27-de-marc\/#primaryimage"},"thumbnailUrl":"https:\/\/terraixufa.com\/wp-content\/uploads\/2022\/03\/IMG-0007.jpg","datePublished":"2022-03-14T10:04:35+00:00","dateModified":"2023-01-27T09:20:06+00:00","breadcrumb":{"@id":"https:\/\/terraixufa.com\/ca\/tienda\/uncategorized-ca\/visita-guiada-al-mas-del-fondo-27-de-marc\/#breadcrumb"},"inLanguage":"val","potentialAction":[{"@type":"ReadAction","target":["https:\/\/terraixufa.com\/ca\/tienda\/uncategorized-ca\/visita-guiada-al-mas-del-fondo-27-de-marc\/"]}]},{"@type":"ImageObject","inLanguage":"val","@id":"https:\/\/terraixufa.com\/ca\/tienda\/uncategorized-ca\/visita-guiada-al-mas-del-fondo-27-de-marc\/#primaryimage","url":"https:\/\/terraixufa.com\/wp-content\/uploads\/2022\/03\/IMG-0007.jpg","contentUrl":"https:\/\/terraixufa.com\/wp-content\/uploads\/2022\/03\/IMG-0007.jpg","width":2303,"height":1536},{"@type":"BreadcrumbList","@id":"https:\/\/terraixufa.com\/ca\/tienda\/uncategorized-ca\/visita-guiada-al-mas-del-fondo-27-de-marc\/#breadcrumb","itemListElement":[{"@type":"ListItem","position":1,"name":"Portada","item":"https:\/\/terraixufa.com\/ca\/"},{"@type":"ListItem","position":2,"name":"Tienda","item":"https:\/\/terraixufa.com\/tienda\/"},{"@type":"ListItem","position":3,"name":"VISITA GUIADA AL MAS DEL FONDO FINS 12 ANYS 4-02-2023"}]},{"@type":"WebSite","@id":"https:\/\/terraixufa.com\/ca\/#website","url":"https:\/\/terraixufa.com\/ca\/","name":"terraixufa","description":"Productes locals i de temporada","potentialAction":[{"@type":"SearchAction","target":{"@type":"EntryPoint","urlTemplate":"https:\/\/terraixufa.com\/ca\/?s={search_term_string}"},"query-input":{"@type":"PropertyValueSpecification","valueRequired":true,"valueName":"search_term_string"}}],"inLanguage":"val"}]}},"_links":{"self":[{"href":"https:\/\/terraixufa.com\/ca\/wp-json\/wp\/v2\/product\/3125","targetHints":{"allow":["GET"]}}],"collection":[{"href":"https:\/\/terraixufa.com\/ca\/wp-json\/wp\/v2\/product"}],"about":[{"href":"https:\/\/terraixufa.com\/ca\/wp-json\/wp\/v2\/types\/product"}],"replies":[{"embeddable":true,"href":"https:\/\/terraixufa.com\/ca\/wp-json\/wp\/v2\/comments?post=3125"}],"wp:featuredmedia":[{"embeddable":true,"href":"https:\/\/terraixufa.com\/ca\/wp-json\/wp\/v2\/media\/3062"}],"wp:attachment":[{"href":"https:\/\/terraixufa.com\/ca\/wp-json\/wp\/v2\/media?parent=3125"}],"wp:term":[{"taxonomy":"product_brand","embeddable":true,"href":"https:\/\/terraixufa.com\/ca\/wp-json\/wp\/v2\/product_brand?post=3125"},{"taxonomy":"product_cat","embeddable":true,"href":"https:\/\/terraixufa.com\/ca\/wp-json\/wp\/v2\/product_cat?post=3125"},{"taxonomy":"product_tag","embeddable":true,"href":"https:\/\/terraixufa.com\/ca\/wp-json\/wp\/v2\/product_tag?post=3125"}],"curies":[{"name":"wp","href":"https:\/\/api.w.org\/{rel}","templated":true}]}}