{"id":3271,"date":"2022-10-14T06:24:14","date_gmt":"2022-10-14T06:24:14","guid":{"rendered":"https:\/\/terraixufa.com\/?post_type=product&#038;p=3271"},"modified":"2024-11-24T11:18:22","modified_gmt":"2024-11-24T11:18:22","slug":"caixa-de-carabasses","status":"publish","type":"product","link":"https:\/\/terraixufa.com\/ca\/tienda\/fruita-ecologica\/caixa-de-carabasses\/","title":{"rendered":"CAIXA DE CARABASSES. CAIXA DE 5 KG"},"content":{"rendered":"<div dir=\"ltr\">\n<div>\n<p dir=\"ltr\">Caixa de carabasses. Un dels fruits estrella de la tardor en diferents varietats per a diferents usos culinaris o decoratius.<\/p>\n<p dir=\"ltr\">Selecci\u00f3 de les millors varietats aut\u00f2ctones de carabasses, de les quals conservem la llavor de generaci\u00f3 en generaci\u00f3, juntament amb altres millorades per als nous usos culinaris.<\/p>\n<p dir=\"ltr\">Diversitat de presentacions, plats i sabors. Recomanades per a cremes, xips o rostides al forn com a postres.<\/p>\n<p dir=\"ltr\">Una mostra dels millors productes de Terra i Xufa, fruit de l\u00b4esfor\u00e7 d&#8217;un grup d&#8217;agricultors ecol\u00f2gics de l\u00b4Horta de Val\u00e8ncia.<\/p>\n<p dir=\"ltr\">Conreem alternant amb la xufa, gran diversitat d&#8217;hortalisses i verdures, com ho feien els nostres avis sense cap tractament qu\u00edmic.<\/p>\n<p dir=\"ltr\"><strong>Ingredients:<\/strong><\/p>\n<ul>\n<li dir=\"ltr\">\n<p dir=\"ltr\">Carabassa de torrar*<\/p>\n<\/li>\n<li dir=\"ltr\">\n<p dir=\"ltr\">Carabassa del terreny*<\/p>\n<\/li>\n<li dir=\"ltr\">\n<p dir=\"ltr\">Carabassa butternut*<\/p>\n<\/li>\n<\/ul>\n<p dir=\"ltr\">(*Procedent d\u2019agricultura ecol\u00f2gica, depenent de la temporada la caixa pot patir alguna variaci\u00f3 en algun dels productes que ser\u00e0 pr\u00e8viament comunicat)<\/p>\n<\/div>\n<\/div>\n<p class=\"p1\"><b>Caducitat:<\/b> Producte fresc, mantenir refrigerat.<\/p>\n<p class=\"p1\"><b>Al\u00b7l\u00e8rgens:<\/b> No cont\u00e9<\/p>\n<p class=\"p1\"><b>Format:<\/b> 5kg net<\/p>\n<p class=\"p2\"><b>Unitad de venda:<\/b> Caixa multiproducte<\/p>\n","protected":false},"excerpt":{"rendered":"<div dir=\"ltr\">\n<div>\n<p dir=\"ltr\">Caixa de carabasses. Un dels fruits estrella de la tardor en diferents varietats per a diferents usos culinaris o decoratius.<\/p>\n<p dir=\"ltr\">Selecci\u00f3 de les millors varietats aut\u00f2ctones de carabasses, de les quals conservem la llavor de generaci\u00f3 en generaci\u00f3, juntament amb altres millorades per als nous usos culinaris.<\/p>\n<p dir=\"ltr\">Diversitat de presentacions, plats i sabors. Recomanades per a cremes, xips o rostides al forn com a postres.<\/p>\n<p dir=\"ltr\">Una mostra dels millors productes de Terra i Xufa, fruit de l\u00b4esfor\u00e7 d\u00b4un grup d\u00b4agricultors ecol\u00f2gics de l\u00b4Horta de Val\u00e8ncia.<\/p>\n<p dir=\"ltr\">Conreem alternant amb la xufa, gran diversitat d&#8217;hortalisses i verdures, com ho feien els nostres avis sense cap tractament qu\u00edmic.<\/p>\n<p dir=\"ltr\"><strong>Ingredients:<\/strong><\/p>\n<ul>\n<li dir=\"ltr\">\n<p dir=\"ltr\">Carabassa de torrar*<\/p>\n<\/li>\n<li dir=\"ltr\">\n<p dir=\"ltr\">Carabassa del terreny*<\/p>\n<\/li>\n<li dir=\"ltr\">\n<p dir=\"ltr\">Carabassa butternut*<\/p>\n<\/li>\n<\/ul>\n<p dir=\"ltr\">(*Procedent d\u2019agricultura ecol\u00f2gica, depenent de la temporada la caixa pot patir alguna variaci\u00f3 en algun dels productes que ser\u00e0 pr\u00e8viament comunicat)<\/p>\n<\/div>\n<\/div>\n<p class=\"p1\"><b>Caducitat:<\/b> Producte fresc, mantenir refrigerat.<\/p>\n<p class=\"p1\"><b>Al\u00b7l\u00e8rgens:<\/b> No cont\u00e9<\/p>\n<p class=\"p1\"><b>Format:<\/b> 5kg net<\/p>\n<p class=\"p2\"><b>Unitad de venda:<\/b> Caixa multiproducte<\/p>\n","protected":false},"featured_media":3281,"comment_status":"open","ping_status":"closed","template":"","meta":{"_acf_changed":false},"product_brand":[],"product_cat":[40],"product_tag":[],"class_list":{"0":"post-3271","1":"product","2":"type-product","3":"status-publish","4":"has-post-thumbnail","6":"product_cat-fruita-ecologica","8":"first","9":"outofstock","10":"featured","11":"taxable","12":"shipping-taxable","13":"purchasable","14":"product-type-simple","16":"catalog-layout-default","17":"columns-xs-1"},"acf":[],"yoast_head":"<!-- This site is optimized with the Yoast SEO plugin v27.4 - https:\/\/yoast.com\/product\/yoast-seo-wordpress\/ -->\n<title>CAIXA DE CARABASSES. CAIXA DE 5 KG - terraixufa<\/title>\n<meta name=\"description\" content=\"Caixa de carabasses. Un dels fruits estrella de la tardor en diferents varietats per a diferents usos culinaris o decoratius.\" \/>\n<meta name=\"robots\" content=\"index, follow, max-snippet:-1, max-image-preview:large, max-video-preview:-1\" \/>\n<link rel=\"canonical\" href=\"https:\/\/terraixufa.com\/ca\/tienda\/fruita-ecologica\/caixa-de-carabasses\/\" \/>\n<meta property=\"og:locale\" content=\"en_US\" \/>\n<meta property=\"og:type\" content=\"article\" \/>\n<meta property=\"og:title\" content=\"CAIXA DE CARABASSES. CAIXA DE 5 KG - terraixufa\" \/>\n<meta property=\"og:description\" content=\"Caixa de carabasses. Un dels fruits estrella de la tardor en diferents varietats per a diferents usos culinaris o decoratius.\" \/>\n<meta property=\"og:url\" content=\"https:\/\/terraixufa.com\/ca\/tienda\/fruita-ecologica\/caixa-de-carabasses\/\" \/>\n<meta property=\"og:site_name\" content=\"terraixufa\" \/>\n<meta property=\"article:modified_time\" content=\"2024-11-24T11:18:22+00:00\" \/>\n<meta property=\"og:image\" content=\"https:\/\/terraixufa.com\/wp-content\/uploads\/2022\/10\/caixa-de-carabasses-halloween.jpeg\" \/>\n\t<meta property=\"og:image:width\" content=\"1536\" \/>\n\t<meta property=\"og:image:height\" content=\"2192\" \/>\n\t<meta property=\"og:image:type\" content=\"image\/jpeg\" \/>\n<meta name=\"twitter:card\" content=\"summary_large_image\" \/>\n<meta name=\"twitter:label1\" content=\"Est. reading time\" \/>\n\t<meta name=\"twitter:data1\" content=\"1 minute\" \/>\n<script type=\"application\/ld+json\" class=\"yoast-schema-graph\">{\"@context\":\"https:\\\/\\\/schema.org\",\"@graph\":[{\"@type\":\"WebPage\",\"@id\":\"https:\\\/\\\/terraixufa.com\\\/ca\\\/tienda\\\/fruita-ecologica\\\/caixa-de-carabasses\\\/\",\"url\":\"https:\\\/\\\/terraixufa.com\\\/ca\\\/tienda\\\/fruita-ecologica\\\/caixa-de-carabasses\\\/\",\"name\":\"CAIXA DE CARABASSES. CAIXA DE 5 KG - terraixufa\",\"isPartOf\":{\"@id\":\"https:\\\/\\\/terraixufa.com\\\/ca\\\/#website\"},\"primaryImageOfPage\":{\"@id\":\"https:\\\/\\\/terraixufa.com\\\/ca\\\/tienda\\\/fruita-ecologica\\\/caixa-de-carabasses\\\/#primaryimage\"},\"image\":{\"@id\":\"https:\\\/\\\/terraixufa.com\\\/ca\\\/tienda\\\/fruita-ecologica\\\/caixa-de-carabasses\\\/#primaryimage\"},\"thumbnailUrl\":\"https:\\\/\\\/terraixufa.com\\\/wp-content\\\/uploads\\\/2022\\\/10\\\/caixa-de-carabasses-halloween.jpeg\",\"datePublished\":\"2022-10-14T06:24:14+00:00\",\"dateModified\":\"2024-11-24T11:18:22+00:00\",\"description\":\"Caixa de carabasses. Un dels fruits estrella de la tardor en diferents varietats per a diferents usos culinaris o decoratius.\",\"breadcrumb\":{\"@id\":\"https:\\\/\\\/terraixufa.com\\\/ca\\\/tienda\\\/fruita-ecologica\\\/caixa-de-carabasses\\\/#breadcrumb\"},\"inLanguage\":\"val\",\"potentialAction\":[{\"@type\":\"ReadAction\",\"target\":[\"https:\\\/\\\/terraixufa.com\\\/ca\\\/tienda\\\/fruita-ecologica\\\/caixa-de-carabasses\\\/\"]}]},{\"@type\":\"ImageObject\",\"inLanguage\":\"val\",\"@id\":\"https:\\\/\\\/terraixufa.com\\\/ca\\\/tienda\\\/fruita-ecologica\\\/caixa-de-carabasses\\\/#primaryimage\",\"url\":\"https:\\\/\\\/terraixufa.com\\\/wp-content\\\/uploads\\\/2022\\\/10\\\/caixa-de-carabasses-halloween.jpeg\",\"contentUrl\":\"https:\\\/\\\/terraixufa.com\\\/wp-content\\\/uploads\\\/2022\\\/10\\\/caixa-de-carabasses-halloween.jpeg\",\"width\":1536,\"height\":2192},{\"@type\":\"BreadcrumbList\",\"@id\":\"https:\\\/\\\/terraixufa.com\\\/ca\\\/tienda\\\/fruita-ecologica\\\/caixa-de-carabasses\\\/#breadcrumb\",\"itemListElement\":[{\"@type\":\"ListItem\",\"position\":1,\"name\":\"Portada\",\"item\":\"https:\\\/\\\/terraixufa.com\\\/ca\\\/\"},{\"@type\":\"ListItem\",\"position\":2,\"name\":\"Tienda\",\"item\":\"https:\\\/\\\/terraixufa.com\\\/tienda\\\/\"},{\"@type\":\"ListItem\",\"position\":3,\"name\":\"CAIXA DE CARABASSES. CAIXA DE 5 KG\"}]},{\"@type\":\"WebSite\",\"@id\":\"https:\\\/\\\/terraixufa.com\\\/ca\\\/#website\",\"url\":\"https:\\\/\\\/terraixufa.com\\\/ca\\\/\",\"name\":\"terraixufa\",\"description\":\"Productes locals i de temporada\",\"potentialAction\":[{\"@type\":\"SearchAction\",\"target\":{\"@type\":\"EntryPoint\",\"urlTemplate\":\"https:\\\/\\\/terraixufa.com\\\/ca\\\/?s={search_term_string}\"},\"query-input\":{\"@type\":\"PropertyValueSpecification\",\"valueRequired\":true,\"valueName\":\"search_term_string\"}}],\"inLanguage\":\"val\"}]}<\/script>\n<!-- \/ Yoast SEO plugin. -->","yoast_head_json":{"title":"CAIXA DE CARABASSES. CAIXA DE 5 KG - terraixufa","description":"Caixa de carabasses. Un dels fruits estrella de la tardor en diferents varietats per a diferents usos culinaris o decoratius.","robots":{"index":"index","follow":"follow","max-snippet":"max-snippet:-1","max-image-preview":"max-image-preview:large","max-video-preview":"max-video-preview:-1"},"canonical":"https:\/\/terraixufa.com\/ca\/tienda\/fruita-ecologica\/caixa-de-carabasses\/","og_locale":"en_US","og_type":"article","og_title":"CAIXA DE CARABASSES. CAIXA DE 5 KG - terraixufa","og_description":"Caixa de carabasses. Un dels fruits estrella de la tardor en diferents varietats per a diferents usos culinaris o decoratius.","og_url":"https:\/\/terraixufa.com\/ca\/tienda\/fruita-ecologica\/caixa-de-carabasses\/","og_site_name":"terraixufa","article_modified_time":"2024-11-24T11:18:22+00:00","og_image":[{"width":1536,"height":2192,"url":"https:\/\/terraixufa.com\/wp-content\/uploads\/2022\/10\/caixa-de-carabasses-halloween.jpeg","type":"image\/jpeg"}],"twitter_card":"summary_large_image","twitter_misc":{"Est. reading time":"1 minute"},"schema":{"@context":"https:\/\/schema.org","@graph":[{"@type":"WebPage","@id":"https:\/\/terraixufa.com\/ca\/tienda\/fruita-ecologica\/caixa-de-carabasses\/","url":"https:\/\/terraixufa.com\/ca\/tienda\/fruita-ecologica\/caixa-de-carabasses\/","name":"CAIXA DE CARABASSES. CAIXA DE 5 KG - terraixufa","isPartOf":{"@id":"https:\/\/terraixufa.com\/ca\/#website"},"primaryImageOfPage":{"@id":"https:\/\/terraixufa.com\/ca\/tienda\/fruita-ecologica\/caixa-de-carabasses\/#primaryimage"},"image":{"@id":"https:\/\/terraixufa.com\/ca\/tienda\/fruita-ecologica\/caixa-de-carabasses\/#primaryimage"},"thumbnailUrl":"https:\/\/terraixufa.com\/wp-content\/uploads\/2022\/10\/caixa-de-carabasses-halloween.jpeg","datePublished":"2022-10-14T06:24:14+00:00","dateModified":"2024-11-24T11:18:22+00:00","description":"Caixa de carabasses. Un dels fruits estrella de la tardor en diferents varietats per a diferents usos culinaris o decoratius.","breadcrumb":{"@id":"https:\/\/terraixufa.com\/ca\/tienda\/fruita-ecologica\/caixa-de-carabasses\/#breadcrumb"},"inLanguage":"val","potentialAction":[{"@type":"ReadAction","target":["https:\/\/terraixufa.com\/ca\/tienda\/fruita-ecologica\/caixa-de-carabasses\/"]}]},{"@type":"ImageObject","inLanguage":"val","@id":"https:\/\/terraixufa.com\/ca\/tienda\/fruita-ecologica\/caixa-de-carabasses\/#primaryimage","url":"https:\/\/terraixufa.com\/wp-content\/uploads\/2022\/10\/caixa-de-carabasses-halloween.jpeg","contentUrl":"https:\/\/terraixufa.com\/wp-content\/uploads\/2022\/10\/caixa-de-carabasses-halloween.jpeg","width":1536,"height":2192},{"@type":"BreadcrumbList","@id":"https:\/\/terraixufa.com\/ca\/tienda\/fruita-ecologica\/caixa-de-carabasses\/#breadcrumb","itemListElement":[{"@type":"ListItem","position":1,"name":"Portada","item":"https:\/\/terraixufa.com\/ca\/"},{"@type":"ListItem","position":2,"name":"Tienda","item":"https:\/\/terraixufa.com\/tienda\/"},{"@type":"ListItem","position":3,"name":"CAIXA DE CARABASSES. CAIXA DE 5 KG"}]},{"@type":"WebSite","@id":"https:\/\/terraixufa.com\/ca\/#website","url":"https:\/\/terraixufa.com\/ca\/","name":"terraixufa","description":"Productes locals i de temporada","potentialAction":[{"@type":"SearchAction","target":{"@type":"EntryPoint","urlTemplate":"https:\/\/terraixufa.com\/ca\/?s={search_term_string}"},"query-input":{"@type":"PropertyValueSpecification","valueRequired":true,"valueName":"search_term_string"}}],"inLanguage":"val"}]}},"_links":{"self":[{"href":"https:\/\/terraixufa.com\/ca\/wp-json\/wp\/v2\/product\/3271","targetHints":{"allow":["GET"]}}],"collection":[{"href":"https:\/\/terraixufa.com\/ca\/wp-json\/wp\/v2\/product"}],"about":[{"href":"https:\/\/terraixufa.com\/ca\/wp-json\/wp\/v2\/types\/product"}],"replies":[{"embeddable":true,"href":"https:\/\/terraixufa.com\/ca\/wp-json\/wp\/v2\/comments?post=3271"}],"wp:featuredmedia":[{"embeddable":true,"href":"https:\/\/terraixufa.com\/ca\/wp-json\/wp\/v2\/media\/3281"}],"wp:attachment":[{"href":"https:\/\/terraixufa.com\/ca\/wp-json\/wp\/v2\/media?parent=3271"}],"wp:term":[{"taxonomy":"product_brand","embeddable":true,"href":"https:\/\/terraixufa.com\/ca\/wp-json\/wp\/v2\/product_brand?post=3271"},{"taxonomy":"product_cat","embeddable":true,"href":"https:\/\/terraixufa.com\/ca\/wp-json\/wp\/v2\/product_cat?post=3271"},{"taxonomy":"product_tag","embeddable":true,"href":"https:\/\/terraixufa.com\/ca\/wp-json\/wp\/v2\/product_tag?post=3271"}],"curies":[{"name":"wp","href":"https:\/\/api.w.org\/{rel}","templated":true}]}}