{"id":3350,"date":"2022-11-11T16:47:49","date_gmt":"2022-11-11T16:49:51","guid":{"rendered":"https:\/\/terraixufa.com\/?post_type=product&#038;p=3350"},"modified":"2022-11-11T16:51:25","modified_gmt":"2022-11-11T16:51:25","slug":"caixa-verdura-per-amanides-caixa-de-6-kg","status":"publish","type":"product","link":"https:\/\/terraixufa.com\/ca\/tienda\/verdura-ecologica-ca\/caixa-verdura-per-amanides-caixa-de-6-kg\/","title":{"rendered":"CAIXA VERDURA PER AMANIDES. CAIXA DE 6 KG."},"content":{"rendered":"<p class=\"p1\">Caixa multiproducte de verdures i hortalisses especials per amanides. Una combinaci\u00f3 perfecta dels productes de la nostra horta. Selecci\u00f3 de les millors i saboroses i colorades lletugues i tomates, el depuratiu i arom\u00e0tic fenoll o la ceba tendra, les vers\u00e0tils remolatxes o ravenets, les millor i m\u00e9s fresques cols com la xina, el kale i les carlotes.<\/p>\n<p class=\"p1\">Una mostra dels millors productes de \u2018<i>Terra i Xufa<\/i>\u2018, fruit de l\u2019esfor\u00e7 d\u2019un grup d\u2019agricultors ecol\u00f2gics de l\u2019Horta de Val\u00e8ncia.<\/p>\n<p class=\"p1\">Cultivem com complement a les hortalisses i la xufa gran diversitat de fruites, com ho feien els nostres avis sense cap tractament qu\u00edmic.<\/p>\n<p class=\"p1\">Diversitat de colors, de sabors i d\u2019aliments que volem traslladar als teus plats i taules.<\/p>\n<p>&nbsp;<\/p>\n<p class=\"p1\"><b>Ingredients:<\/b><\/p>\n<p class=\"p3\">\u00a0 \u00a0 Lletuga*<\/p>\n<p class=\"p3\">\u00a0 \u00a0 Tomata*<\/p>\n<p class=\"p3\">\u00a0 \u00a0 Ceba tendra*<\/p>\n<p class=\"p3\">\u00a0 \u00a0 Remolatxa o ravenet*<\/p>\n<p class=\"p3\">\u00a0 \u00a0 Col o kale*<\/p>\n<p class=\"p3\">\u00a0 \u00a0 Carlota o fenoll*<\/p>\n<p class=\"p4\">(*Procedent d\u2019agricultura ecol\u00f2gica, depenent de la temporada la caixa pot patir alguna variaci\u00f3 en algun dels productes que ser\u00e0 pr\u00e8viament comunicat)<\/p>\n<p>&nbsp;<\/p>\n<p class=\"p3\"><b>Caducitat: <\/b>Producte fresc, mantindre refrigerat.<\/p>\n<p class=\"p3\"><b>Al\u00b7lerg\u00f2gens:<\/b> No cont\u00e9<\/p>\n<p class=\"p3\"><b>Format:<\/b> 6kg net<\/p>\n<p class=\"p1\"><b>Unidad de venta:<\/b> Caixa multiproducte<\/p>\n","protected":false},"excerpt":{"rendered":"<p>Caixa multiproducte de verdures i hortalisses especials per amanides. Una combinaci\u00f3 perfecta dels productes de la nostra horta. Selecci\u00f3 de les millors i saboroses i colorades lletugues i tomates, el depuratiu i arom\u00e0tic fenoll o la ceba tendra, les vers\u00e0tils remolatxes o ravenets, les millor i m\u00e9s fresques cols com la xina, el kale i&hellip;<\/p>\n","protected":false},"featured_media":3347,"comment_status":"open","ping_status":"closed","template":"","meta":{"_acf_changed":false},"product_brand":[],"product_cat":[37],"product_tag":[],"class_list":{"0":"post-3350","1":"product","2":"type-product","3":"status-publish","4":"has-post-thumbnail","6":"product_cat-verdura-ecologica-ca","8":"first","9":"instock","10":"taxable","11":"shipping-taxable","12":"purchasable","13":"product-type-simple","15":"catalog-layout-default","16":"columns-xs-1"},"acf":[],"yoast_head":"<!-- This site is optimized with the Yoast SEO plugin v27.3 - https:\/\/yoast.com\/product\/yoast-seo-wordpress\/ -->\n<title>CAIXA VERDURA PER AMANIDES. CAIXA DE 6 KG. - terraixufa<\/title>\n<meta name=\"robots\" content=\"index, follow, max-snippet:-1, max-image-preview:large, max-video-preview:-1\" \/>\n<link rel=\"canonical\" href=\"https:\/\/terraixufa.com\/ca\/tienda\/verdura-ecologica-ca\/caixa-verdura-per-amanides-caixa-de-6-kg\/\" \/>\n<meta property=\"og:locale\" content=\"en_US\" \/>\n<meta property=\"og:type\" content=\"article\" \/>\n<meta property=\"og:title\" content=\"CAIXA VERDURA PER AMANIDES. CAIXA DE 6 KG. - terraixufa\" \/>\n<meta property=\"og:description\" content=\"Caixa multiproducte de verdures i hortalisses especials per amanides. Una combinaci\u00f3 perfecta dels productes de la nostra horta. Selecci\u00f3 de les millors i saboroses i colorades lletugues i tomates, el depuratiu i arom\u00e0tic fenoll o la ceba tendra, les vers\u00e0tils remolatxes o ravenets, les millor i m\u00e9s fresques cols com la xina, el kale i&hellip;\" \/>\n<meta property=\"og:url\" content=\"https:\/\/terraixufa.com\/ca\/tienda\/verdura-ecologica-ca\/caixa-verdura-per-amanides-caixa-de-6-kg\/\" \/>\n<meta property=\"og:site_name\" content=\"terraixufa\" \/>\n<meta property=\"article:modified_time\" content=\"2022-11-11T16:51:25+00:00\" \/>\n<meta property=\"og:image\" content=\"https:\/\/terraixufa.com\/wp-content\/uploads\/2022\/11\/IMG_0341.jpg\" \/>\n\t<meta property=\"og:image:width\" content=\"1537\" \/>\n\t<meta property=\"og:image:height\" content=\"2207\" \/>\n\t<meta property=\"og:image:type\" content=\"image\/jpeg\" \/>\n<meta name=\"twitter:card\" content=\"summary_large_image\" \/>\n<meta name=\"twitter:label1\" content=\"Est. reading time\" \/>\n\t<meta name=\"twitter:data1\" content=\"1 minute\" \/>\n<script type=\"application\/ld+json\" class=\"yoast-schema-graph\">{\"@context\":\"https:\\\/\\\/schema.org\",\"@graph\":[{\"@type\":\"WebPage\",\"@id\":\"https:\\\/\\\/terraixufa.com\\\/ca\\\/tienda\\\/verdura-ecologica-ca\\\/caixa-verdura-per-amanides-caixa-de-6-kg\\\/\",\"url\":\"https:\\\/\\\/terraixufa.com\\\/ca\\\/tienda\\\/verdura-ecologica-ca\\\/caixa-verdura-per-amanides-caixa-de-6-kg\\\/\",\"name\":\"CAIXA VERDURA PER AMANIDES. CAIXA DE 6 KG. - terraixufa\",\"isPartOf\":{\"@id\":\"https:\\\/\\\/terraixufa.com\\\/ca\\\/#website\"},\"primaryImageOfPage\":{\"@id\":\"https:\\\/\\\/terraixufa.com\\\/ca\\\/tienda\\\/verdura-ecologica-ca\\\/caixa-verdura-per-amanides-caixa-de-6-kg\\\/#primaryimage\"},\"image\":{\"@id\":\"https:\\\/\\\/terraixufa.com\\\/ca\\\/tienda\\\/verdura-ecologica-ca\\\/caixa-verdura-per-amanides-caixa-de-6-kg\\\/#primaryimage\"},\"thumbnailUrl\":\"https:\\\/\\\/terraixufa.com\\\/wp-content\\\/uploads\\\/2022\\\/11\\\/IMG_0341.jpg\",\"datePublished\":\"2022-11-11T16:49:51+00:00\",\"dateModified\":\"2022-11-11T16:51:25+00:00\",\"breadcrumb\":{\"@id\":\"https:\\\/\\\/terraixufa.com\\\/ca\\\/tienda\\\/verdura-ecologica-ca\\\/caixa-verdura-per-amanides-caixa-de-6-kg\\\/#breadcrumb\"},\"inLanguage\":\"val\",\"potentialAction\":[{\"@type\":\"ReadAction\",\"target\":[\"https:\\\/\\\/terraixufa.com\\\/ca\\\/tienda\\\/verdura-ecologica-ca\\\/caixa-verdura-per-amanides-caixa-de-6-kg\\\/\"]}]},{\"@type\":\"ImageObject\",\"inLanguage\":\"val\",\"@id\":\"https:\\\/\\\/terraixufa.com\\\/ca\\\/tienda\\\/verdura-ecologica-ca\\\/caixa-verdura-per-amanides-caixa-de-6-kg\\\/#primaryimage\",\"url\":\"https:\\\/\\\/terraixufa.com\\\/wp-content\\\/uploads\\\/2022\\\/11\\\/IMG_0341.jpg\",\"contentUrl\":\"https:\\\/\\\/terraixufa.com\\\/wp-content\\\/uploads\\\/2022\\\/11\\\/IMG_0341.jpg\",\"width\":1537,\"height\":2207},{\"@type\":\"BreadcrumbList\",\"@id\":\"https:\\\/\\\/terraixufa.com\\\/ca\\\/tienda\\\/verdura-ecologica-ca\\\/caixa-verdura-per-amanides-caixa-de-6-kg\\\/#breadcrumb\",\"itemListElement\":[{\"@type\":\"ListItem\",\"position\":1,\"name\":\"Portada\",\"item\":\"https:\\\/\\\/terraixufa.com\\\/ca\\\/\"},{\"@type\":\"ListItem\",\"position\":2,\"name\":\"Tienda\",\"item\":\"https:\\\/\\\/terraixufa.com\\\/tienda\\\/\"},{\"@type\":\"ListItem\",\"position\":3,\"name\":\"CAIXA VERDURA PER AMANIDES. CAIXA DE 6 KG.\"}]},{\"@type\":\"WebSite\",\"@id\":\"https:\\\/\\\/terraixufa.com\\\/ca\\\/#website\",\"url\":\"https:\\\/\\\/terraixufa.com\\\/ca\\\/\",\"name\":\"terraixufa\",\"description\":\"Productes locals i de temporada\",\"potentialAction\":[{\"@type\":\"SearchAction\",\"target\":{\"@type\":\"EntryPoint\",\"urlTemplate\":\"https:\\\/\\\/terraixufa.com\\\/ca\\\/?s={search_term_string}\"},\"query-input\":{\"@type\":\"PropertyValueSpecification\",\"valueRequired\":true,\"valueName\":\"search_term_string\"}}],\"inLanguage\":\"val\"}]}<\/script>\n<!-- \/ Yoast SEO plugin. -->","yoast_head_json":{"title":"CAIXA VERDURA PER AMANIDES. CAIXA DE 6 KG. - terraixufa","robots":{"index":"index","follow":"follow","max-snippet":"max-snippet:-1","max-image-preview":"max-image-preview:large","max-video-preview":"max-video-preview:-1"},"canonical":"https:\/\/terraixufa.com\/ca\/tienda\/verdura-ecologica-ca\/caixa-verdura-per-amanides-caixa-de-6-kg\/","og_locale":"en_US","og_type":"article","og_title":"CAIXA VERDURA PER AMANIDES. CAIXA DE 6 KG. - terraixufa","og_description":"Caixa multiproducte de verdures i hortalisses especials per amanides. Una combinaci\u00f3 perfecta dels productes de la nostra horta. Selecci\u00f3 de les millors i saboroses i colorades lletugues i tomates, el depuratiu i arom\u00e0tic fenoll o la ceba tendra, les vers\u00e0tils remolatxes o ravenets, les millor i m\u00e9s fresques cols com la xina, el kale i&hellip;","og_url":"https:\/\/terraixufa.com\/ca\/tienda\/verdura-ecologica-ca\/caixa-verdura-per-amanides-caixa-de-6-kg\/","og_site_name":"terraixufa","article_modified_time":"2022-11-11T16:51:25+00:00","og_image":[{"width":1537,"height":2207,"url":"https:\/\/terraixufa.com\/wp-content\/uploads\/2022\/11\/IMG_0341.jpg","type":"image\/jpeg"}],"twitter_card":"summary_large_image","twitter_misc":{"Est. reading time":"1 minute"},"schema":{"@context":"https:\/\/schema.org","@graph":[{"@type":"WebPage","@id":"https:\/\/terraixufa.com\/ca\/tienda\/verdura-ecologica-ca\/caixa-verdura-per-amanides-caixa-de-6-kg\/","url":"https:\/\/terraixufa.com\/ca\/tienda\/verdura-ecologica-ca\/caixa-verdura-per-amanides-caixa-de-6-kg\/","name":"CAIXA VERDURA PER AMANIDES. CAIXA DE 6 KG. - terraixufa","isPartOf":{"@id":"https:\/\/terraixufa.com\/ca\/#website"},"primaryImageOfPage":{"@id":"https:\/\/terraixufa.com\/ca\/tienda\/verdura-ecologica-ca\/caixa-verdura-per-amanides-caixa-de-6-kg\/#primaryimage"},"image":{"@id":"https:\/\/terraixufa.com\/ca\/tienda\/verdura-ecologica-ca\/caixa-verdura-per-amanides-caixa-de-6-kg\/#primaryimage"},"thumbnailUrl":"https:\/\/terraixufa.com\/wp-content\/uploads\/2022\/11\/IMG_0341.jpg","datePublished":"2022-11-11T16:49:51+00:00","dateModified":"2022-11-11T16:51:25+00:00","breadcrumb":{"@id":"https:\/\/terraixufa.com\/ca\/tienda\/verdura-ecologica-ca\/caixa-verdura-per-amanides-caixa-de-6-kg\/#breadcrumb"},"inLanguage":"val","potentialAction":[{"@type":"ReadAction","target":["https:\/\/terraixufa.com\/ca\/tienda\/verdura-ecologica-ca\/caixa-verdura-per-amanides-caixa-de-6-kg\/"]}]},{"@type":"ImageObject","inLanguage":"val","@id":"https:\/\/terraixufa.com\/ca\/tienda\/verdura-ecologica-ca\/caixa-verdura-per-amanides-caixa-de-6-kg\/#primaryimage","url":"https:\/\/terraixufa.com\/wp-content\/uploads\/2022\/11\/IMG_0341.jpg","contentUrl":"https:\/\/terraixufa.com\/wp-content\/uploads\/2022\/11\/IMG_0341.jpg","width":1537,"height":2207},{"@type":"BreadcrumbList","@id":"https:\/\/terraixufa.com\/ca\/tienda\/verdura-ecologica-ca\/caixa-verdura-per-amanides-caixa-de-6-kg\/#breadcrumb","itemListElement":[{"@type":"ListItem","position":1,"name":"Portada","item":"https:\/\/terraixufa.com\/ca\/"},{"@type":"ListItem","position":2,"name":"Tienda","item":"https:\/\/terraixufa.com\/tienda\/"},{"@type":"ListItem","position":3,"name":"CAIXA VERDURA PER AMANIDES. CAIXA DE 6 KG."}]},{"@type":"WebSite","@id":"https:\/\/terraixufa.com\/ca\/#website","url":"https:\/\/terraixufa.com\/ca\/","name":"terraixufa","description":"Productes locals i de temporada","potentialAction":[{"@type":"SearchAction","target":{"@type":"EntryPoint","urlTemplate":"https:\/\/terraixufa.com\/ca\/?s={search_term_string}"},"query-input":{"@type":"PropertyValueSpecification","valueRequired":true,"valueName":"search_term_string"}}],"inLanguage":"val"}]}},"_links":{"self":[{"href":"https:\/\/terraixufa.com\/ca\/wp-json\/wp\/v2\/product\/3350","targetHints":{"allow":["GET"]}}],"collection":[{"href":"https:\/\/terraixufa.com\/ca\/wp-json\/wp\/v2\/product"}],"about":[{"href":"https:\/\/terraixufa.com\/ca\/wp-json\/wp\/v2\/types\/product"}],"replies":[{"embeddable":true,"href":"https:\/\/terraixufa.com\/ca\/wp-json\/wp\/v2\/comments?post=3350"}],"wp:featuredmedia":[{"embeddable":true,"href":"https:\/\/terraixufa.com\/ca\/wp-json\/wp\/v2\/media\/3347"}],"wp:attachment":[{"href":"https:\/\/terraixufa.com\/ca\/wp-json\/wp\/v2\/media?parent=3350"}],"wp:term":[{"taxonomy":"product_brand","embeddable":true,"href":"https:\/\/terraixufa.com\/ca\/wp-json\/wp\/v2\/product_brand?post=3350"},{"taxonomy":"product_cat","embeddable":true,"href":"https:\/\/terraixufa.com\/ca\/wp-json\/wp\/v2\/product_cat?post=3350"},{"taxonomy":"product_tag","embeddable":true,"href":"https:\/\/terraixufa.com\/ca\/wp-json\/wp\/v2\/product_tag?post=3350"}],"curies":[{"name":"wp","href":"https:\/\/api.w.org\/{rel}","templated":true}]}}