{"id":758,"date":"2020-10-20T06:44:47","date_gmt":"2020-10-20T06:44:47","guid":{"rendered":"https:\/\/terraixufa.com\/tienda\/Sense%20categoria\/beguda-de-xufa-sense-sucre\/"},"modified":"2025-11-28T11:24:30","modified_gmt":"2025-11-28T11:24:30","slug":"beguda-de-xufa-sense-sucre","status":"publish","type":"product","link":"https:\/\/terraixufa.com\/ca\/tienda\/derivats-xufa\/beguda-de-xufa-sense-sucre\/","title":{"rendered":"BEGUDA DE XUFA SENSE SUCRE. Caixa de 12 UDS."},"content":{"rendered":"<p>La Beguda de xufa <strong>Terra i Xufa<\/strong> no cont\u00e9 cap mena de conservant ni colorant. \u00c9s <b>cardiosaludable<\/b> i antioxidant, pel seu alt contingut en \u00e0cids oleic i f\u00f2lic i <b>fitosteroles<\/b>, ajudant a mantindre el nivell de colesterol sanguini. Cont\u00e9 l&#8217;1% en prote\u00efna i amino\u00e0cids essencials com l&#8217;arginina, precursora de la <b>prolactina<\/b>. Alt contingut en fibra vegetal soluble, per la qual cosa pot previndre desordres de la funci\u00f3 intestinal, i fins i tot ajuda a previndre el c\u00e0ncer de c\u00f2lon. T\u00e9 efecte prebi\u00f2tic, i facilita la digesti\u00f3 dels Hidrats de Carboni. Rica en minerals, destacant el f\u00f2sfor, potassi, calci, ferro, magnesi, i vitamines E i C. 0% lactosa, 0% gluten, 100% vegetal.<\/p>\n<p>La Beguda de xufa <strong>Terra i Xufa<\/strong> es pot consumir tant fria com calenta. \u00c9s un substitut ideal d&#8217;altres llets animals i vegetals, en el desdejuni o el berenar, i acompanyant el caf\u00e9 o els cereals. A m\u00e9s \u00e9s un ingredient ideal per a donar un toc especial a la cuina. Substitueix la llet per a Orxata en les teues receptes favorites, i elabora sorprenents batuts, flams, natilles, bescuits, xocolate a la tassa &#8230;<\/p>\n<p><strong>Ingredients:<\/strong><\/p>\n<ul>\n<li>Aigua desmineralitzada (84,3%)<\/li>\n<li>Xufa (15%)<\/li>\n<li>Emulgent: lecitina de gira-sol (0.03%)<\/li>\n<li>Corrector d&#8217;acidesa: citrats de sodi (0,02%)<\/li>\n<li><b>Estabilizante<\/b>: goma <b>gel\u00e1n<\/b> (0,02%)<\/li>\n<li>Aromes naturals de llima i canyella<\/li>\n<\/ul>\n<p><strong>Caducitat:<\/strong> 1 any a temperatura ambient. Mantindre en lloc fresc i sec, i allunyat de la llum solar. 3 dies refrigerat una vegada obert l&#8217;env\u00e0s.<\/p>\n<p><strong>Format:<\/strong> Brik 1 litre.<\/p>\n<p><strong>Unitat de venda:<\/strong> Caixa de 12 unitats.<\/p>\n","protected":false},"excerpt":{"rendered":"<p>La Beguda de Xufa <strong>Terra i Xufa<\/strong> \u00e9s la primera beguda de xufa UHT 100% ecol\u00f2gica, elaborada sense sucres afegits, i sense cap edulcorant. Gr\u00e0cies al curat de la xufa durant el seu assecat, el mid\u00f3 es transforma en sucres naturals que li donen el sabor dol\u00e7 caracter\u00edstic de la xufa. A difer\u00e8ncia de la majoria d&#8217;orxates que podem trobar en el mercat, no usem prote\u00efna de llet com <strong>estabilizante<\/strong>, substituint-la per <b>estabilizantes<\/b> ecol\u00f2gics provinents de vegetals. Per tant, \u00e9s una beguda apta per a vegans i intolerants a la lactosa.<\/p>\n","protected":false},"featured_media":945,"comment_status":"open","ping_status":"closed","template":"","meta":{"_acf_changed":false},"product_brand":[],"product_cat":[70],"product_tag":[],"class_list":{"0":"post-758","1":"product","2":"type-product","3":"status-publish","4":"has-post-thumbnail","6":"product_cat-derivats-xufa","8":"first","9":"instock","10":"taxable","11":"shipping-taxable","12":"purchasable","13":"product-type-simple","15":"catalog-layout-default","16":"columns-xs-1"},"acf":[],"yoast_head":"<!-- This site is optimized with the Yoast SEO plugin v27.5 - https:\/\/yoast.com\/product\/yoast-seo-wordpress\/ -->\n<title>BEGUDA DE XUFA SENSE SUCRE. Caixa de 12 UDS. - terraixufa<\/title>\n<meta name=\"robots\" content=\"index, follow, max-snippet:-1, max-image-preview:large, max-video-preview:-1\" \/>\n<link rel=\"canonical\" href=\"https:\/\/terraixufa.com\/ca\/tienda\/derivats-xufa\/beguda-de-xufa-sense-sucre\/\" \/>\n<meta property=\"og:locale\" content=\"en_US\" \/>\n<meta property=\"og:type\" content=\"article\" \/>\n<meta property=\"og:title\" content=\"BEGUDA DE XUFA SENSE SUCRE. Caixa de 12 UDS. - terraixufa\" \/>\n<meta property=\"og:description\" content=\"La Beguda de Xufa Terra i Xufa \u00e9s la primera beguda de xufa UHT 100% ecol\u00f2gica, elaborada sense sucres afegits, i sense cap edulcorant. Gr\u00e0cies al curat de la xufa durant el seu assecat, el mid\u00f3 es transforma en sucres naturals que li donen el sabor dol\u00e7 caracter\u00edstic de la xufa. A difer\u00e8ncia de la majoria d&#039;orxates que podem trobar en el mercat, no usem prote\u00efna de llet com estabilizante, substituint-la per estabilizantes ecol\u00f2gics provinents de vegetals. Per tant, \u00e9s una beguda apta per a vegans i intolerants a la lactosa.\" \/>\n<meta property=\"og:url\" content=\"https:\/\/terraixufa.com\/ca\/tienda\/derivats-xufa\/beguda-de-xufa-sense-sucre\/\" \/>\n<meta property=\"og:site_name\" content=\"terraixufa\" \/>\n<meta property=\"article:modified_time\" content=\"2025-11-28T11:24:30+00:00\" \/>\n<meta property=\"og:image\" content=\"https:\/\/terraixufa.com\/wp-content\/uploads\/2020\/11\/Bebida-de-Chufa-Ecolo\u0301gica-Sin-Azu\u0301cares-An\u0303adidos.jpg\" \/>\n\t<meta property=\"og:image:width\" content=\"700\" \/>\n\t<meta property=\"og:image:height\" content=\"997\" \/>\n\t<meta property=\"og:image:type\" content=\"image\/jpeg\" \/>\n<meta name=\"twitter:card\" content=\"summary_large_image\" \/>\n<meta name=\"twitter:label1\" content=\"Est. reading time\" \/>\n\t<meta name=\"twitter:data1\" content=\"2 minutes\" \/>\n<script type=\"application\/ld+json\" class=\"yoast-schema-graph\">{\"@context\":\"https:\\\/\\\/schema.org\",\"@graph\":[{\"@type\":\"WebPage\",\"@id\":\"https:\\\/\\\/terraixufa.com\\\/ca\\\/tienda\\\/derivats-xufa\\\/beguda-de-xufa-sense-sucre\\\/\",\"url\":\"https:\\\/\\\/terraixufa.com\\\/ca\\\/tienda\\\/derivats-xufa\\\/beguda-de-xufa-sense-sucre\\\/\",\"name\":\"BEGUDA DE XUFA SENSE SUCRE. Caixa de 12 UDS. - terraixufa\",\"isPartOf\":{\"@id\":\"https:\\\/\\\/terraixufa.com\\\/ca\\\/#website\"},\"primaryImageOfPage\":{\"@id\":\"https:\\\/\\\/terraixufa.com\\\/ca\\\/tienda\\\/derivats-xufa\\\/beguda-de-xufa-sense-sucre\\\/#primaryimage\"},\"image\":{\"@id\":\"https:\\\/\\\/terraixufa.com\\\/ca\\\/tienda\\\/derivats-xufa\\\/beguda-de-xufa-sense-sucre\\\/#primaryimage\"},\"thumbnailUrl\":\"https:\\\/\\\/terraixufa.com\\\/wp-content\\\/uploads\\\/2020\\\/11\\\/Bebida-de-Chufa-Ecolo\u0301gica-Sin-Azu\u0301cares-An\u0303adidos.jpg\",\"datePublished\":\"2020-10-20T06:44:47+00:00\",\"dateModified\":\"2025-11-28T11:24:30+00:00\",\"breadcrumb\":{\"@id\":\"https:\\\/\\\/terraixufa.com\\\/ca\\\/tienda\\\/derivats-xufa\\\/beguda-de-xufa-sense-sucre\\\/#breadcrumb\"},\"inLanguage\":\"val\",\"potentialAction\":[{\"@type\":\"ReadAction\",\"target\":[\"https:\\\/\\\/terraixufa.com\\\/ca\\\/tienda\\\/derivats-xufa\\\/beguda-de-xufa-sense-sucre\\\/\"]}]},{\"@type\":\"ImageObject\",\"inLanguage\":\"val\",\"@id\":\"https:\\\/\\\/terraixufa.com\\\/ca\\\/tienda\\\/derivats-xufa\\\/beguda-de-xufa-sense-sucre\\\/#primaryimage\",\"url\":\"https:\\\/\\\/terraixufa.com\\\/wp-content\\\/uploads\\\/2020\\\/11\\\/Bebida-de-Chufa-Ecolo\u0301gica-Sin-Azu\u0301cares-An\u0303adidos.jpg\",\"contentUrl\":\"https:\\\/\\\/terraixufa.com\\\/wp-content\\\/uploads\\\/2020\\\/11\\\/Bebida-de-Chufa-Ecolo\u0301gica-Sin-Azu\u0301cares-An\u0303adidos.jpg\",\"width\":700,\"height\":997,\"caption\":\"Bebida, Chufa, Ecologica\"},{\"@type\":\"BreadcrumbList\",\"@id\":\"https:\\\/\\\/terraixufa.com\\\/ca\\\/tienda\\\/derivats-xufa\\\/beguda-de-xufa-sense-sucre\\\/#breadcrumb\",\"itemListElement\":[{\"@type\":\"ListItem\",\"position\":1,\"name\":\"Portada\",\"item\":\"https:\\\/\\\/terraixufa.com\\\/ca\\\/\"},{\"@type\":\"ListItem\",\"position\":2,\"name\":\"Tienda\",\"item\":\"https:\\\/\\\/terraixufa.com\\\/tienda\\\/\"},{\"@type\":\"ListItem\",\"position\":3,\"name\":\"BEGUDA DE XUFA SENSE SUCRE. Caixa de 12 UDS.\"}]},{\"@type\":\"WebSite\",\"@id\":\"https:\\\/\\\/terraixufa.com\\\/ca\\\/#website\",\"url\":\"https:\\\/\\\/terraixufa.com\\\/ca\\\/\",\"name\":\"terraixufa\",\"description\":\"Productes locals i de temporada\",\"potentialAction\":[{\"@type\":\"SearchAction\",\"target\":{\"@type\":\"EntryPoint\",\"urlTemplate\":\"https:\\\/\\\/terraixufa.com\\\/ca\\\/?s={search_term_string}\"},\"query-input\":{\"@type\":\"PropertyValueSpecification\",\"valueRequired\":true,\"valueName\":\"search_term_string\"}}],\"inLanguage\":\"val\"}]}<\/script>\n<!-- \/ Yoast SEO plugin. -->","yoast_head_json":{"title":"BEGUDA DE XUFA SENSE SUCRE. Caixa de 12 UDS. - terraixufa","robots":{"index":"index","follow":"follow","max-snippet":"max-snippet:-1","max-image-preview":"max-image-preview:large","max-video-preview":"max-video-preview:-1"},"canonical":"https:\/\/terraixufa.com\/ca\/tienda\/derivats-xufa\/beguda-de-xufa-sense-sucre\/","og_locale":"en_US","og_type":"article","og_title":"BEGUDA DE XUFA SENSE SUCRE. Caixa de 12 UDS. - terraixufa","og_description":"La Beguda de Xufa Terra i Xufa \u00e9s la primera beguda de xufa UHT 100% ecol\u00f2gica, elaborada sense sucres afegits, i sense cap edulcorant. Gr\u00e0cies al curat de la xufa durant el seu assecat, el mid\u00f3 es transforma en sucres naturals que li donen el sabor dol\u00e7 caracter\u00edstic de la xufa. A difer\u00e8ncia de la majoria d'orxates que podem trobar en el mercat, no usem prote\u00efna de llet com estabilizante, substituint-la per estabilizantes ecol\u00f2gics provinents de vegetals. Per tant, \u00e9s una beguda apta per a vegans i intolerants a la lactosa.","og_url":"https:\/\/terraixufa.com\/ca\/tienda\/derivats-xufa\/beguda-de-xufa-sense-sucre\/","og_site_name":"terraixufa","article_modified_time":"2025-11-28T11:24:30+00:00","og_image":[{"width":700,"height":997,"url":"https:\/\/terraixufa.com\/wp-content\/uploads\/2020\/11\/Bebida-de-Chufa-Ecolo\u0301gica-Sin-Azu\u0301cares-An\u0303adidos.jpg","type":"image\/jpeg"}],"twitter_card":"summary_large_image","twitter_misc":{"Est. reading time":"2 minutes"},"schema":{"@context":"https:\/\/schema.org","@graph":[{"@type":"WebPage","@id":"https:\/\/terraixufa.com\/ca\/tienda\/derivats-xufa\/beguda-de-xufa-sense-sucre\/","url":"https:\/\/terraixufa.com\/ca\/tienda\/derivats-xufa\/beguda-de-xufa-sense-sucre\/","name":"BEGUDA DE XUFA SENSE SUCRE. Caixa de 12 UDS. - terraixufa","isPartOf":{"@id":"https:\/\/terraixufa.com\/ca\/#website"},"primaryImageOfPage":{"@id":"https:\/\/terraixufa.com\/ca\/tienda\/derivats-xufa\/beguda-de-xufa-sense-sucre\/#primaryimage"},"image":{"@id":"https:\/\/terraixufa.com\/ca\/tienda\/derivats-xufa\/beguda-de-xufa-sense-sucre\/#primaryimage"},"thumbnailUrl":"https:\/\/terraixufa.com\/wp-content\/uploads\/2020\/11\/Bebida-de-Chufa-Ecolo\u0301gica-Sin-Azu\u0301cares-An\u0303adidos.jpg","datePublished":"2020-10-20T06:44:47+00:00","dateModified":"2025-11-28T11:24:30+00:00","breadcrumb":{"@id":"https:\/\/terraixufa.com\/ca\/tienda\/derivats-xufa\/beguda-de-xufa-sense-sucre\/#breadcrumb"},"inLanguage":"val","potentialAction":[{"@type":"ReadAction","target":["https:\/\/terraixufa.com\/ca\/tienda\/derivats-xufa\/beguda-de-xufa-sense-sucre\/"]}]},{"@type":"ImageObject","inLanguage":"val","@id":"https:\/\/terraixufa.com\/ca\/tienda\/derivats-xufa\/beguda-de-xufa-sense-sucre\/#primaryimage","url":"https:\/\/terraixufa.com\/wp-content\/uploads\/2020\/11\/Bebida-de-Chufa-Ecolo\u0301gica-Sin-Azu\u0301cares-An\u0303adidos.jpg","contentUrl":"https:\/\/terraixufa.com\/wp-content\/uploads\/2020\/11\/Bebida-de-Chufa-Ecolo\u0301gica-Sin-Azu\u0301cares-An\u0303adidos.jpg","width":700,"height":997,"caption":"Bebida, Chufa, Ecologica"},{"@type":"BreadcrumbList","@id":"https:\/\/terraixufa.com\/ca\/tienda\/derivats-xufa\/beguda-de-xufa-sense-sucre\/#breadcrumb","itemListElement":[{"@type":"ListItem","position":1,"name":"Portada","item":"https:\/\/terraixufa.com\/ca\/"},{"@type":"ListItem","position":2,"name":"Tienda","item":"https:\/\/terraixufa.com\/tienda\/"},{"@type":"ListItem","position":3,"name":"BEGUDA DE XUFA SENSE SUCRE. Caixa de 12 UDS."}]},{"@type":"WebSite","@id":"https:\/\/terraixufa.com\/ca\/#website","url":"https:\/\/terraixufa.com\/ca\/","name":"terraixufa","description":"Productes locals i de temporada","potentialAction":[{"@type":"SearchAction","target":{"@type":"EntryPoint","urlTemplate":"https:\/\/terraixufa.com\/ca\/?s={search_term_string}"},"query-input":{"@type":"PropertyValueSpecification","valueRequired":true,"valueName":"search_term_string"}}],"inLanguage":"val"}]}},"_links":{"self":[{"href":"https:\/\/terraixufa.com\/ca\/wp-json\/wp\/v2\/product\/758","targetHints":{"allow":["GET"]}}],"collection":[{"href":"https:\/\/terraixufa.com\/ca\/wp-json\/wp\/v2\/product"}],"about":[{"href":"https:\/\/terraixufa.com\/ca\/wp-json\/wp\/v2\/types\/product"}],"replies":[{"embeddable":true,"href":"https:\/\/terraixufa.com\/ca\/wp-json\/wp\/v2\/comments?post=758"}],"wp:featuredmedia":[{"embeddable":true,"href":"https:\/\/terraixufa.com\/ca\/wp-json\/wp\/v2\/media\/945"}],"wp:attachment":[{"href":"https:\/\/terraixufa.com\/ca\/wp-json\/wp\/v2\/media?parent=758"}],"wp:term":[{"taxonomy":"product_brand","embeddable":true,"href":"https:\/\/terraixufa.com\/ca\/wp-json\/wp\/v2\/product_brand?post=758"},{"taxonomy":"product_cat","embeddable":true,"href":"https:\/\/terraixufa.com\/ca\/wp-json\/wp\/v2\/product_cat?post=758"},{"taxonomy":"product_tag","embeddable":true,"href":"https:\/\/terraixufa.com\/ca\/wp-json\/wp\/v2\/product_tag?post=758"}],"curies":[{"name":"wp","href":"https:\/\/api.w.org\/{rel}","templated":true}]}}