{"id":759,"date":"2020-10-20T06:44:48","date_gmt":"2020-10-20T06:44:48","guid":{"rendered":"https:\/\/terraixufa.com\/tienda\/Sense%20categoria\/estuche-con-botella-medidora-caja-3-uds\/"},"modified":"2025-08-15T18:01:54","modified_gmt":"2025-08-15T18:01:54","slug":"estuche-botella-mesuradora","status":"publish","type":"product","link":"https:\/\/terraixufa.com\/ca\/tienda\/derivats-xufa\/estuche-botella-mesuradora\/","title":{"rendered":"ESTOIG D&#8217;ORXATA AMB BOTELLA MESURADORA. CAIXA DE 3 UDS."},"content":{"rendered":"<p>L&#8217;orxata concentrada <strong>Terra i Xufa<\/strong> \u00e9s la primera orxata de xufa 100% biol\u00f2gica elaborada amb xufa de cultiu propi de l&#8217;horta de Val\u00e8ncia. \u00c9s l&#8217;orxata embotellada que m\u00e9s s&#8217;aproxima a l&#8217;orxata natural, ja que en mesclar-se amb aigua obtenim una orxata amb els mateixos components que l&#8217;orxata recentment feta.<\/p>\n<p>Amb la botella de 500 ml es poden preparar entre 2,5 i 3 litres, depenent del punt de dol\u00e7or final que vulguem obtindre. La botella mesuradora ens facilita la preparaci\u00f3 de l&#8217;orxata, perqu\u00e8 ens marca la quantitat exacta de concentrat que necessitem per a la preparaci\u00f3 d&#8217;1 litre d&#8217;orxata. A m\u00e9s, ens permet tindre sempre a la nostra disposici\u00f3 l&#8217;orxata preparada en el nostre frigor\u00edfic.<\/p>\n<p>L&#8217;orxata <strong>Terra i Xufa<\/strong> est\u00e0 elaborada amb sucre de canya biol\u00f2gic sense refinar, i no cont\u00e9 cap mena de conservant, ja que la pr\u00f2pia concentraci\u00f3 l&#8217;ajuda a mantindre totes les propietats nutritives de l&#8217;orxata fresca: <b>Cardiosaludable <\/b>i antioxidant pel seu alt contingut en \u00e0cids oleic i f\u00f2lic i <b>fitosteroles<\/b>, ajudant a mantindre els nivells de colesterol sanguini. \/ Cont\u00e9 l&#8217;1% en prote\u00efna i amino\u00e0cids essencials com l&#8217;arginina, precursorade la prolactina.\/ Alt contingut en fibra vegetal soluble, per la qual cosa pot previndre desordres de la funci\u00f3 intestinal, i fins i tot ajuda a previndre el c\u00e0ncer de c\u00f2lon.<br \/>T\u00e9 efecte prebi\u00f2tic, i facilita la digesti\u00f3 dels Hidrats de Carboni. \/ Rica en minerals, destacant el f\u00f2sfor, potassi, calci, ferro, magnesi, i vitamines E i C. \/ 0% lactosa, 0% gluten, 100% vegetal. <\/p>\n<p>L&#8217;orxata <strong>Terra i Xufa<\/strong> es pot consumir tant fria com calenta. \u00c9s un substitut ideal d&#8217;altres llets animals i vegetals, en el desdejuni o el berenar, i acompanyant el caf\u00e9 o els cereals. A m\u00e9s \u00e9s un ingredient ideal per a donar un toc especial en la cuina. Substitueix la llet per orxata en les teues receptes favorites, i elabora sorprenents batuts, flams, natilles, bescuits, xocolate a la tassa &#8230;<\/p>\n<p><b>Ingredients: <\/b><\/p>\n<ul>\n<li>Extracte de Xufes Ecol\u00f2giques de Val\u00e8ncia: 54%<\/li>\n<li>Sacarosa (Sucre de canya ecol\u00f2gic sense refinar): 45.93%<\/li>\n<li>Estabilizante ( E-415, goma xantana): 0,07%<\/li>\n<\/ul>\n<p><strong>Caducitat:<\/strong> 2 anys a temperatura ambient. Mantindre en lloc fresc i sec, i allunyat de la llum solar. 3 mesos refrigerat una vegada obert l&#8217;env\u00e0s. Una vegada preparada l&#8217;orxata, ha de mantindre&#8217;s refrigerada i consumir-se en els 3 dies seg\u00fcents a la seua preparaci\u00f3.<\/p>\n<p><strong>Format:<\/strong> Estoig amb Botella de cristall de 500 ml. i Botella mesuradora d&#8217;1 litre.<\/p>\n<p><strong>Unitat de venda:<\/strong> Caixa de 3 unitats.<\/p>\n","protected":false},"excerpt":{"rendered":"<p>Estoig que cont\u00e9 una botella d&#8217;orxata concentrada i una botella mesuradora que ens facilita la preparaci\u00f3 de l&#8217;orxata. A m\u00e9s, per la seua presentaci\u00f3, ho podem utilitzar com un estupend regal.<\/p>\n","protected":false},"featured_media":949,"comment_status":"open","ping_status":"closed","template":"","meta":{"_acf_changed":false},"product_brand":[],"product_cat":[70],"product_tag":[],"class_list":{"0":"post-759","1":"product","2":"type-product","3":"status-publish","4":"has-post-thumbnail","6":"product_cat-derivats-xufa","8":"first","9":"instock","10":"taxable","11":"shipping-taxable","12":"purchasable","13":"product-type-simple","15":"catalog-layout-default","16":"columns-xs-1"},"acf":[],"yoast_head":"<!-- This site is optimized with the Yoast SEO plugin v27.4 - https:\/\/yoast.com\/product\/yoast-seo-wordpress\/ -->\n<title>ESTOIG D&#039;ORXATA AMB BOTELLA MESURADORA. CAIXA DE 3 UDS. - terraixufa<\/title>\n<meta name=\"robots\" content=\"index, follow, max-snippet:-1, max-image-preview:large, max-video-preview:-1\" \/>\n<link rel=\"canonical\" href=\"https:\/\/terraixufa.com\/ca\/tienda\/derivats-xufa\/estuche-botella-mesuradora\/\" \/>\n<meta property=\"og:locale\" content=\"en_US\" \/>\n<meta property=\"og:type\" content=\"article\" \/>\n<meta property=\"og:title\" content=\"ESTOIG D&#039;ORXATA AMB BOTELLA MESURADORA. CAIXA DE 3 UDS. - terraixufa\" \/>\n<meta property=\"og:description\" content=\"Estoig que cont\u00e9 una botella d&#039;orxata concentrada i una botella mesuradora que ens facilita la preparaci\u00f3 de l&#039;orxata. A m\u00e9s, per la seua presentaci\u00f3, ho podem utilitzar com un estupend regal.\" \/>\n<meta property=\"og:url\" content=\"https:\/\/terraixufa.com\/ca\/tienda\/derivats-xufa\/estuche-botella-mesuradora\/\" \/>\n<meta property=\"og:site_name\" content=\"terraixufa\" \/>\n<meta property=\"article:modified_time\" content=\"2025-08-15T18:01:54+00:00\" \/>\n<meta property=\"og:image\" content=\"https:\/\/terraixufa.com\/wp-content\/uploads\/2020\/11\/Estuche-de-Horchata-Concentrada-Ecolo\u0301gica-con-Azu\u0301car-500-ml.-Botella-Medidora.-Para-elaborar-25-litros-de-horchata-li\u0301quida.-terra-i-xufa.jpg\" \/>\n\t<meta property=\"og:image:width\" content=\"700\" \/>\n\t<meta property=\"og:image:height\" content=\"997\" \/>\n\t<meta property=\"og:image:type\" content=\"image\/jpeg\" \/>\n<meta name=\"twitter:card\" content=\"summary_large_image\" \/>\n<meta name=\"twitter:label1\" content=\"Est. reading time\" \/>\n\t<meta name=\"twitter:data1\" content=\"2 minutes\" \/>\n<script type=\"application\/ld+json\" class=\"yoast-schema-graph\">{\"@context\":\"https:\\\/\\\/schema.org\",\"@graph\":[{\"@type\":\"WebPage\",\"@id\":\"https:\\\/\\\/terraixufa.com\\\/ca\\\/tienda\\\/derivats-xufa\\\/estuche-botella-mesuradora\\\/\",\"url\":\"https:\\\/\\\/terraixufa.com\\\/ca\\\/tienda\\\/derivats-xufa\\\/estuche-botella-mesuradora\\\/\",\"name\":\"ESTOIG D'ORXATA AMB BOTELLA MESURADORA. CAIXA DE 3 UDS. - terraixufa\",\"isPartOf\":{\"@id\":\"https:\\\/\\\/terraixufa.com\\\/ca\\\/#website\"},\"primaryImageOfPage\":{\"@id\":\"https:\\\/\\\/terraixufa.com\\\/ca\\\/tienda\\\/derivats-xufa\\\/estuche-botella-mesuradora\\\/#primaryimage\"},\"image\":{\"@id\":\"https:\\\/\\\/terraixufa.com\\\/ca\\\/tienda\\\/derivats-xufa\\\/estuche-botella-mesuradora\\\/#primaryimage\"},\"thumbnailUrl\":\"https:\\\/\\\/terraixufa.com\\\/wp-content\\\/uploads\\\/2020\\\/11\\\/Estuche-de-Horchata-Concentrada-Ecolo\u0301gica-con-Azu\u0301car-500-ml.-Botella-Medidora.-Para-elaborar-25-litros-de-horchata-li\u0301quida.-terra-i-xufa.jpg\",\"datePublished\":\"2020-10-20T06:44:48+00:00\",\"dateModified\":\"2025-08-15T18:01:54+00:00\",\"breadcrumb\":{\"@id\":\"https:\\\/\\\/terraixufa.com\\\/ca\\\/tienda\\\/derivats-xufa\\\/estuche-botella-mesuradora\\\/#breadcrumb\"},\"inLanguage\":\"val\",\"potentialAction\":[{\"@type\":\"ReadAction\",\"target\":[\"https:\\\/\\\/terraixufa.com\\\/ca\\\/tienda\\\/derivats-xufa\\\/estuche-botella-mesuradora\\\/\"]}]},{\"@type\":\"ImageObject\",\"inLanguage\":\"val\",\"@id\":\"https:\\\/\\\/terraixufa.com\\\/ca\\\/tienda\\\/derivats-xufa\\\/estuche-botella-mesuradora\\\/#primaryimage\",\"url\":\"https:\\\/\\\/terraixufa.com\\\/wp-content\\\/uploads\\\/2020\\\/11\\\/Estuche-de-Horchata-Concentrada-Ecolo\u0301gica-con-Azu\u0301car-500-ml.-Botella-Medidora.-Para-elaborar-25-litros-de-horchata-li\u0301quida.-terra-i-xufa.jpg\",\"contentUrl\":\"https:\\\/\\\/terraixufa.com\\\/wp-content\\\/uploads\\\/2020\\\/11\\\/Estuche-de-Horchata-Concentrada-Ecolo\u0301gica-con-Azu\u0301car-500-ml.-Botella-Medidora.-Para-elaborar-25-litros-de-horchata-li\u0301quida.-terra-i-xufa.jpg\",\"width\":700,\"height\":997,\"caption\":\"Estuche, Horchata, Concentrada, Ecologica, TerraiXufa\"},{\"@type\":\"BreadcrumbList\",\"@id\":\"https:\\\/\\\/terraixufa.com\\\/ca\\\/tienda\\\/derivats-xufa\\\/estuche-botella-mesuradora\\\/#breadcrumb\",\"itemListElement\":[{\"@type\":\"ListItem\",\"position\":1,\"name\":\"Portada\",\"item\":\"https:\\\/\\\/terraixufa.com\\\/ca\\\/\"},{\"@type\":\"ListItem\",\"position\":2,\"name\":\"Tienda\",\"item\":\"https:\\\/\\\/terraixufa.com\\\/tienda\\\/\"},{\"@type\":\"ListItem\",\"position\":3,\"name\":\"ESTOIG D&#8217;ORXATA AMB BOTELLA MESURADORA. CAIXA DE 3 UDS.\"}]},{\"@type\":\"WebSite\",\"@id\":\"https:\\\/\\\/terraixufa.com\\\/ca\\\/#website\",\"url\":\"https:\\\/\\\/terraixufa.com\\\/ca\\\/\",\"name\":\"terraixufa\",\"description\":\"Productes locals i de temporada\",\"potentialAction\":[{\"@type\":\"SearchAction\",\"target\":{\"@type\":\"EntryPoint\",\"urlTemplate\":\"https:\\\/\\\/terraixufa.com\\\/ca\\\/?s={search_term_string}\"},\"query-input\":{\"@type\":\"PropertyValueSpecification\",\"valueRequired\":true,\"valueName\":\"search_term_string\"}}],\"inLanguage\":\"val\"}]}<\/script>\n<!-- \/ Yoast SEO plugin. -->","yoast_head_json":{"title":"ESTOIG D'ORXATA AMB BOTELLA MESURADORA. CAIXA DE 3 UDS. - terraixufa","robots":{"index":"index","follow":"follow","max-snippet":"max-snippet:-1","max-image-preview":"max-image-preview:large","max-video-preview":"max-video-preview:-1"},"canonical":"https:\/\/terraixufa.com\/ca\/tienda\/derivats-xufa\/estuche-botella-mesuradora\/","og_locale":"en_US","og_type":"article","og_title":"ESTOIG D'ORXATA AMB BOTELLA MESURADORA. CAIXA DE 3 UDS. - terraixufa","og_description":"Estoig que cont\u00e9 una botella d'orxata concentrada i una botella mesuradora que ens facilita la preparaci\u00f3 de l'orxata. A m\u00e9s, per la seua presentaci\u00f3, ho podem utilitzar com un estupend regal.","og_url":"https:\/\/terraixufa.com\/ca\/tienda\/derivats-xufa\/estuche-botella-mesuradora\/","og_site_name":"terraixufa","article_modified_time":"2025-08-15T18:01:54+00:00","og_image":[{"width":700,"height":997,"url":"https:\/\/terraixufa.com\/wp-content\/uploads\/2020\/11\/Estuche-de-Horchata-Concentrada-Ecolo\u0301gica-con-Azu\u0301car-500-ml.-Botella-Medidora.-Para-elaborar-25-litros-de-horchata-li\u0301quida.-terra-i-xufa.jpg","type":"image\/jpeg"}],"twitter_card":"summary_large_image","twitter_misc":{"Est. reading time":"2 minutes"},"schema":{"@context":"https:\/\/schema.org","@graph":[{"@type":"WebPage","@id":"https:\/\/terraixufa.com\/ca\/tienda\/derivats-xufa\/estuche-botella-mesuradora\/","url":"https:\/\/terraixufa.com\/ca\/tienda\/derivats-xufa\/estuche-botella-mesuradora\/","name":"ESTOIG D'ORXATA AMB BOTELLA MESURADORA. CAIXA DE 3 UDS. - terraixufa","isPartOf":{"@id":"https:\/\/terraixufa.com\/ca\/#website"},"primaryImageOfPage":{"@id":"https:\/\/terraixufa.com\/ca\/tienda\/derivats-xufa\/estuche-botella-mesuradora\/#primaryimage"},"image":{"@id":"https:\/\/terraixufa.com\/ca\/tienda\/derivats-xufa\/estuche-botella-mesuradora\/#primaryimage"},"thumbnailUrl":"https:\/\/terraixufa.com\/wp-content\/uploads\/2020\/11\/Estuche-de-Horchata-Concentrada-Ecolo\u0301gica-con-Azu\u0301car-500-ml.-Botella-Medidora.-Para-elaborar-25-litros-de-horchata-li\u0301quida.-terra-i-xufa.jpg","datePublished":"2020-10-20T06:44:48+00:00","dateModified":"2025-08-15T18:01:54+00:00","breadcrumb":{"@id":"https:\/\/terraixufa.com\/ca\/tienda\/derivats-xufa\/estuche-botella-mesuradora\/#breadcrumb"},"inLanguage":"val","potentialAction":[{"@type":"ReadAction","target":["https:\/\/terraixufa.com\/ca\/tienda\/derivats-xufa\/estuche-botella-mesuradora\/"]}]},{"@type":"ImageObject","inLanguage":"val","@id":"https:\/\/terraixufa.com\/ca\/tienda\/derivats-xufa\/estuche-botella-mesuradora\/#primaryimage","url":"https:\/\/terraixufa.com\/wp-content\/uploads\/2020\/11\/Estuche-de-Horchata-Concentrada-Ecolo\u0301gica-con-Azu\u0301car-500-ml.-Botella-Medidora.-Para-elaborar-25-litros-de-horchata-li\u0301quida.-terra-i-xufa.jpg","contentUrl":"https:\/\/terraixufa.com\/wp-content\/uploads\/2020\/11\/Estuche-de-Horchata-Concentrada-Ecolo\u0301gica-con-Azu\u0301car-500-ml.-Botella-Medidora.-Para-elaborar-25-litros-de-horchata-li\u0301quida.-terra-i-xufa.jpg","width":700,"height":997,"caption":"Estuche, Horchata, Concentrada, Ecologica, TerraiXufa"},{"@type":"BreadcrumbList","@id":"https:\/\/terraixufa.com\/ca\/tienda\/derivats-xufa\/estuche-botella-mesuradora\/#breadcrumb","itemListElement":[{"@type":"ListItem","position":1,"name":"Portada","item":"https:\/\/terraixufa.com\/ca\/"},{"@type":"ListItem","position":2,"name":"Tienda","item":"https:\/\/terraixufa.com\/tienda\/"},{"@type":"ListItem","position":3,"name":"ESTOIG D&#8217;ORXATA AMB BOTELLA MESURADORA. CAIXA DE 3 UDS."}]},{"@type":"WebSite","@id":"https:\/\/terraixufa.com\/ca\/#website","url":"https:\/\/terraixufa.com\/ca\/","name":"terraixufa","description":"Productes locals i de temporada","potentialAction":[{"@type":"SearchAction","target":{"@type":"EntryPoint","urlTemplate":"https:\/\/terraixufa.com\/ca\/?s={search_term_string}"},"query-input":{"@type":"PropertyValueSpecification","valueRequired":true,"valueName":"search_term_string"}}],"inLanguage":"val"}]}},"_links":{"self":[{"href":"https:\/\/terraixufa.com\/ca\/wp-json\/wp\/v2\/product\/759","targetHints":{"allow":["GET"]}}],"collection":[{"href":"https:\/\/terraixufa.com\/ca\/wp-json\/wp\/v2\/product"}],"about":[{"href":"https:\/\/terraixufa.com\/ca\/wp-json\/wp\/v2\/types\/product"}],"replies":[{"embeddable":true,"href":"https:\/\/terraixufa.com\/ca\/wp-json\/wp\/v2\/comments?post=759"}],"wp:featuredmedia":[{"embeddable":true,"href":"https:\/\/terraixufa.com\/ca\/wp-json\/wp\/v2\/media\/949"}],"wp:attachment":[{"href":"https:\/\/terraixufa.com\/ca\/wp-json\/wp\/v2\/media?parent=759"}],"wp:term":[{"taxonomy":"product_brand","embeddable":true,"href":"https:\/\/terraixufa.com\/ca\/wp-json\/wp\/v2\/product_brand?post=759"},{"taxonomy":"product_cat","embeddable":true,"href":"https:\/\/terraixufa.com\/ca\/wp-json\/wp\/v2\/product_cat?post=759"},{"taxonomy":"product_tag","embeddable":true,"href":"https:\/\/terraixufa.com\/ca\/wp-json\/wp\/v2\/product_tag?post=759"}],"curies":[{"name":"wp","href":"https:\/\/api.w.org\/{rel}","templated":true}]}}