{"id":764,"date":"2020-10-20T06:44:47","date_gmt":"2020-10-20T06:44:47","guid":{"rendered":"https:\/\/terraixufa.com\/tienda\/Sense%20categoria\/cervesa-de-xufa-antara-330-ml-caixa-6-uds\/"},"modified":"2025-08-12T12:48:08","modified_gmt":"2025-08-12T12:48:08","slug":"cervesa-xufa-antara-6-uds","status":"publish","type":"product","link":"https:\/\/terraixufa.com\/ca\/tienda\/derivats-xufa\/cervesa-xufa-antara-6-uds\/","title":{"rendered":"CERVESA DE XUFA \u201cANTARA\u201d (330 ML.) CAIXA 6 UDS."},"content":{"rendered":"<h4>Terra i Xufa et recorda que no est\u00e0 permesa la venda de begudes alcoh\u00f2liques a menors de 18 anys.<\/h4>\n<p>La dol\u00e7or de la xufa mitiga l&#8217;amargor del ll\u00fapol, i li confereix un sabor suau, per\u00f2 molt personal. El mid\u00f3 i les prote\u00efnes de la xufa li atorguen un cos dens i una espuma molt consistent.<\/p>\n<blockquote><p>Premi Associaci\u00f2 de Dissenyadors de la Comunitat Valenciana 2011 Millor Disseny d&#8217;Embalatge.<\/p><\/blockquote>\n<p><strong>Ingredients:<\/strong> Blat, Ordi, Xufa i Ll\u00fapol.<\/p>\n<p><strong>Caducitat:<\/strong> 2 anys a temperatura ambient. Mantindre en lloc fresc i sec, i allunyat de la llum solar.<\/p>\n<p><strong>Format:<\/strong> Botella de vidre de 330 ml.<\/p>\n<p><strong>Unitat de venda:<\/strong> Caixa de 6 unitats.<\/p>\n","protected":false},"excerpt":{"rendered":"<h4>Terra i Xufa et recorda que no est\u00e0 permesa la venda de begudes alcoh\u00f2liques a menors de 18 anys.<\/h4>\n<p>Des de 400 A. C. &#8220;&#8230; Els ind\u00edgenes recullen les xufes i les bullen en cervesa feta d&#8217;ordi &#8230; resulten molt agradables&#8230; Tots els mengen com a aliment exquisit&#8230; &#8220;Teofrasto&#8221; Hist\u00f2ria de les plantes &#8220;s.IV a.d. C.<\/p>\n<p>La cervesa <strong>ANTARA<\/strong> ha sigut concebuda com els aliments de l&#8217;antiguitat, mescla perfecta de cereals, xufa i flors de ll\u00fapol. Transcendeix amb una segona fermentaci\u00f3 en la botella deixant sedimentar els llevats naturals. No ha sigut filtrada ni pasteuritzada.<\/p>\n","protected":false},"featured_media":1026,"comment_status":"open","ping_status":"closed","template":"","meta":{"_acf_changed":false},"product_brand":[],"product_cat":[70],"product_tag":[],"class_list":{"0":"post-764","1":"product","2":"type-product","3":"status-publish","4":"has-post-thumbnail","6":"product_cat-derivats-xufa","8":"first","9":"instock","10":"taxable","11":"shipping-taxable","12":"purchasable","13":"product-type-simple","15":"catalog-layout-default","16":"columns-xs-1"},"acf":[],"yoast_head":"<!-- This site is optimized with the Yoast SEO plugin v27.4 - https:\/\/yoast.com\/product\/yoast-seo-wordpress\/ -->\n<title>CERVESA DE XUFA \u201cANTARA\u201d (330 ML.) CAIXA 6 UDS. - terraixufa<\/title>\n<meta name=\"robots\" content=\"index, follow, max-snippet:-1, max-image-preview:large, max-video-preview:-1\" \/>\n<link rel=\"canonical\" href=\"https:\/\/terraixufa.com\/ca\/tienda\/derivats-xufa\/cervesa-xufa-antara-6-uds\/\" \/>\n<meta property=\"og:locale\" content=\"en_US\" \/>\n<meta property=\"og:type\" content=\"article\" \/>\n<meta property=\"og:title\" content=\"CERVESA DE XUFA \u201cANTARA\u201d (330 ML.) CAIXA 6 UDS. - terraixufa\" \/>\n<meta property=\"og:description\" content=\"Terra i Xufa et recorda que no est\u00e0 permesa la venda de begudes alcoh\u00f2liques a menors de 18 anys. Des de 400 A. C. &quot;... Els ind\u00edgenes recullen les xufes i les bullen en cervesa feta d&#039;ordi ... resulten molt agradables... Tots els mengen com a aliment exquisit... &quot;Teofrasto&quot; Hist\u00f2ria de les plantes &quot;s.IV a.d. C.  La cervesa ANTARA ha sigut concebuda com els aliments de l&#039;antiguitat, mescla perfecta de cereals, xufa i flors de ll\u00fapol. Transcendeix amb una segona fermentaci\u00f3 en la botella deixant sedimentar els llevats naturals. No ha sigut filtrada ni pasteuritzada.\" \/>\n<meta property=\"og:url\" content=\"https:\/\/terraixufa.com\/ca\/tienda\/derivats-xufa\/cervesa-xufa-antara-6-uds\/\" \/>\n<meta property=\"og:site_name\" content=\"terraixufa\" \/>\n<meta property=\"article:modified_time\" content=\"2025-08-12T12:48:08+00:00\" \/>\n<meta property=\"og:image\" content=\"https:\/\/terraixufa.com\/wp-content\/uploads\/2020\/11\/Cerveza-Ecolo\u0301gica-de-Chufa-Antara-330-ml.-Caja-de-6-unidades-terra-i-xufa-copia.jpg\" \/>\n\t<meta property=\"og:image:width\" content=\"700\" \/>\n\t<meta property=\"og:image:height\" content=\"996\" \/>\n\t<meta property=\"og:image:type\" content=\"image\/jpeg\" \/>\n<meta name=\"twitter:card\" content=\"summary_large_image\" \/>\n<meta name=\"twitter:label1\" content=\"Est. reading time\" \/>\n\t<meta name=\"twitter:data1\" content=\"1 minute\" \/>\n<script type=\"application\/ld+json\" class=\"yoast-schema-graph\">{\"@context\":\"https:\\\/\\\/schema.org\",\"@graph\":[{\"@type\":\"WebPage\",\"@id\":\"https:\\\/\\\/terraixufa.com\\\/ca\\\/tienda\\\/derivats-xufa\\\/cervesa-xufa-antara-6-uds\\\/\",\"url\":\"https:\\\/\\\/terraixufa.com\\\/ca\\\/tienda\\\/derivats-xufa\\\/cervesa-xufa-antara-6-uds\\\/\",\"name\":\"CERVESA DE XUFA \u201cANTARA\u201d (330 ML.) CAIXA 6 UDS. - terraixufa\",\"isPartOf\":{\"@id\":\"https:\\\/\\\/terraixufa.com\\\/ca\\\/#website\"},\"primaryImageOfPage\":{\"@id\":\"https:\\\/\\\/terraixufa.com\\\/ca\\\/tienda\\\/derivats-xufa\\\/cervesa-xufa-antara-6-uds\\\/#primaryimage\"},\"image\":{\"@id\":\"https:\\\/\\\/terraixufa.com\\\/ca\\\/tienda\\\/derivats-xufa\\\/cervesa-xufa-antara-6-uds\\\/#primaryimage\"},\"thumbnailUrl\":\"https:\\\/\\\/terraixufa.com\\\/wp-content\\\/uploads\\\/2020\\\/11\\\/Cerveza-Ecolo\u0301gica-de-Chufa-Antara-330-ml.-Caja-de-6-unidades-terra-i-xufa-copia.jpg\",\"datePublished\":\"2020-10-20T06:44:47+00:00\",\"dateModified\":\"2025-08-12T12:48:08+00:00\",\"breadcrumb\":{\"@id\":\"https:\\\/\\\/terraixufa.com\\\/ca\\\/tienda\\\/derivats-xufa\\\/cervesa-xufa-antara-6-uds\\\/#breadcrumb\"},\"inLanguage\":\"val\",\"potentialAction\":[{\"@type\":\"ReadAction\",\"target\":[\"https:\\\/\\\/terraixufa.com\\\/ca\\\/tienda\\\/derivats-xufa\\\/cervesa-xufa-antara-6-uds\\\/\"]}]},{\"@type\":\"ImageObject\",\"inLanguage\":\"val\",\"@id\":\"https:\\\/\\\/terraixufa.com\\\/ca\\\/tienda\\\/derivats-xufa\\\/cervesa-xufa-antara-6-uds\\\/#primaryimage\",\"url\":\"https:\\\/\\\/terraixufa.com\\\/wp-content\\\/uploads\\\/2020\\\/11\\\/Cerveza-Ecolo\u0301gica-de-Chufa-Antara-330-ml.-Caja-de-6-unidades-terra-i-xufa-copia.jpg\",\"contentUrl\":\"https:\\\/\\\/terraixufa.com\\\/wp-content\\\/uploads\\\/2020\\\/11\\\/Cerveza-Ecolo\u0301gica-de-Chufa-Antara-330-ml.-Caja-de-6-unidades-terra-i-xufa-copia.jpg\",\"width\":700,\"height\":996,\"caption\":\"cervesa, ecologica, xufa, antara, terraixufa\"},{\"@type\":\"BreadcrumbList\",\"@id\":\"https:\\\/\\\/terraixufa.com\\\/ca\\\/tienda\\\/derivats-xufa\\\/cervesa-xufa-antara-6-uds\\\/#breadcrumb\",\"itemListElement\":[{\"@type\":\"ListItem\",\"position\":1,\"name\":\"Portada\",\"item\":\"https:\\\/\\\/terraixufa.com\\\/ca\\\/\"},{\"@type\":\"ListItem\",\"position\":2,\"name\":\"Tienda\",\"item\":\"https:\\\/\\\/terraixufa.com\\\/tienda\\\/\"},{\"@type\":\"ListItem\",\"position\":3,\"name\":\"CERVESA DE XUFA \u201cANTARA\u201d (330 ML.) CAIXA 6 UDS.\"}]},{\"@type\":\"WebSite\",\"@id\":\"https:\\\/\\\/terraixufa.com\\\/ca\\\/#website\",\"url\":\"https:\\\/\\\/terraixufa.com\\\/ca\\\/\",\"name\":\"terraixufa\",\"description\":\"Productes locals i de temporada\",\"potentialAction\":[{\"@type\":\"SearchAction\",\"target\":{\"@type\":\"EntryPoint\",\"urlTemplate\":\"https:\\\/\\\/terraixufa.com\\\/ca\\\/?s={search_term_string}\"},\"query-input\":{\"@type\":\"PropertyValueSpecification\",\"valueRequired\":true,\"valueName\":\"search_term_string\"}}],\"inLanguage\":\"val\"}]}<\/script>\n<!-- \/ Yoast SEO plugin. -->","yoast_head_json":{"title":"CERVESA DE XUFA \u201cANTARA\u201d (330 ML.) CAIXA 6 UDS. - terraixufa","robots":{"index":"index","follow":"follow","max-snippet":"max-snippet:-1","max-image-preview":"max-image-preview:large","max-video-preview":"max-video-preview:-1"},"canonical":"https:\/\/terraixufa.com\/ca\/tienda\/derivats-xufa\/cervesa-xufa-antara-6-uds\/","og_locale":"en_US","og_type":"article","og_title":"CERVESA DE XUFA \u201cANTARA\u201d (330 ML.) CAIXA 6 UDS. - terraixufa","og_description":"Terra i Xufa et recorda que no est\u00e0 permesa la venda de begudes alcoh\u00f2liques a menors de 18 anys. Des de 400 A. C. \"... Els ind\u00edgenes recullen les xufes i les bullen en cervesa feta d'ordi ... resulten molt agradables... Tots els mengen com a aliment exquisit... \"Teofrasto\" Hist\u00f2ria de les plantes \"s.IV a.d. C.  La cervesa ANTARA ha sigut concebuda com els aliments de l'antiguitat, mescla perfecta de cereals, xufa i flors de ll\u00fapol. Transcendeix amb una segona fermentaci\u00f3 en la botella deixant sedimentar els llevats naturals. No ha sigut filtrada ni pasteuritzada.","og_url":"https:\/\/terraixufa.com\/ca\/tienda\/derivats-xufa\/cervesa-xufa-antara-6-uds\/","og_site_name":"terraixufa","article_modified_time":"2025-08-12T12:48:08+00:00","og_image":[{"width":700,"height":996,"url":"https:\/\/terraixufa.com\/wp-content\/uploads\/2020\/11\/Cerveza-Ecolo\u0301gica-de-Chufa-Antara-330-ml.-Caja-de-6-unidades-terra-i-xufa-copia.jpg","type":"image\/jpeg"}],"twitter_card":"summary_large_image","twitter_misc":{"Est. reading time":"1 minute"},"schema":{"@context":"https:\/\/schema.org","@graph":[{"@type":"WebPage","@id":"https:\/\/terraixufa.com\/ca\/tienda\/derivats-xufa\/cervesa-xufa-antara-6-uds\/","url":"https:\/\/terraixufa.com\/ca\/tienda\/derivats-xufa\/cervesa-xufa-antara-6-uds\/","name":"CERVESA DE XUFA \u201cANTARA\u201d (330 ML.) CAIXA 6 UDS. - terraixufa","isPartOf":{"@id":"https:\/\/terraixufa.com\/ca\/#website"},"primaryImageOfPage":{"@id":"https:\/\/terraixufa.com\/ca\/tienda\/derivats-xufa\/cervesa-xufa-antara-6-uds\/#primaryimage"},"image":{"@id":"https:\/\/terraixufa.com\/ca\/tienda\/derivats-xufa\/cervesa-xufa-antara-6-uds\/#primaryimage"},"thumbnailUrl":"https:\/\/terraixufa.com\/wp-content\/uploads\/2020\/11\/Cerveza-Ecolo\u0301gica-de-Chufa-Antara-330-ml.-Caja-de-6-unidades-terra-i-xufa-copia.jpg","datePublished":"2020-10-20T06:44:47+00:00","dateModified":"2025-08-12T12:48:08+00:00","breadcrumb":{"@id":"https:\/\/terraixufa.com\/ca\/tienda\/derivats-xufa\/cervesa-xufa-antara-6-uds\/#breadcrumb"},"inLanguage":"val","potentialAction":[{"@type":"ReadAction","target":["https:\/\/terraixufa.com\/ca\/tienda\/derivats-xufa\/cervesa-xufa-antara-6-uds\/"]}]},{"@type":"ImageObject","inLanguage":"val","@id":"https:\/\/terraixufa.com\/ca\/tienda\/derivats-xufa\/cervesa-xufa-antara-6-uds\/#primaryimage","url":"https:\/\/terraixufa.com\/wp-content\/uploads\/2020\/11\/Cerveza-Ecolo\u0301gica-de-Chufa-Antara-330-ml.-Caja-de-6-unidades-terra-i-xufa-copia.jpg","contentUrl":"https:\/\/terraixufa.com\/wp-content\/uploads\/2020\/11\/Cerveza-Ecolo\u0301gica-de-Chufa-Antara-330-ml.-Caja-de-6-unidades-terra-i-xufa-copia.jpg","width":700,"height":996,"caption":"cervesa, ecologica, xufa, antara, terraixufa"},{"@type":"BreadcrumbList","@id":"https:\/\/terraixufa.com\/ca\/tienda\/derivats-xufa\/cervesa-xufa-antara-6-uds\/#breadcrumb","itemListElement":[{"@type":"ListItem","position":1,"name":"Portada","item":"https:\/\/terraixufa.com\/ca\/"},{"@type":"ListItem","position":2,"name":"Tienda","item":"https:\/\/terraixufa.com\/tienda\/"},{"@type":"ListItem","position":3,"name":"CERVESA DE XUFA \u201cANTARA\u201d (330 ML.) CAIXA 6 UDS."}]},{"@type":"WebSite","@id":"https:\/\/terraixufa.com\/ca\/#website","url":"https:\/\/terraixufa.com\/ca\/","name":"terraixufa","description":"Productes locals i de temporada","potentialAction":[{"@type":"SearchAction","target":{"@type":"EntryPoint","urlTemplate":"https:\/\/terraixufa.com\/ca\/?s={search_term_string}"},"query-input":{"@type":"PropertyValueSpecification","valueRequired":true,"valueName":"search_term_string"}}],"inLanguage":"val"}]}},"_links":{"self":[{"href":"https:\/\/terraixufa.com\/ca\/wp-json\/wp\/v2\/product\/764","targetHints":{"allow":["GET"]}}],"collection":[{"href":"https:\/\/terraixufa.com\/ca\/wp-json\/wp\/v2\/product"}],"about":[{"href":"https:\/\/terraixufa.com\/ca\/wp-json\/wp\/v2\/types\/product"}],"replies":[{"embeddable":true,"href":"https:\/\/terraixufa.com\/ca\/wp-json\/wp\/v2\/comments?post=764"}],"wp:featuredmedia":[{"embeddable":true,"href":"https:\/\/terraixufa.com\/ca\/wp-json\/wp\/v2\/media\/1026"}],"wp:attachment":[{"href":"https:\/\/terraixufa.com\/ca\/wp-json\/wp\/v2\/media?parent=764"}],"wp:term":[{"taxonomy":"product_brand","embeddable":true,"href":"https:\/\/terraixufa.com\/ca\/wp-json\/wp\/v2\/product_brand?post=764"},{"taxonomy":"product_cat","embeddable":true,"href":"https:\/\/terraixufa.com\/ca\/wp-json\/wp\/v2\/product_cat?post=764"},{"taxonomy":"product_tag","embeddable":true,"href":"https:\/\/terraixufa.com\/ca\/wp-json\/wp\/v2\/product_tag?post=764"}],"curies":[{"name":"wp","href":"https:\/\/api.w.org\/{rel}","templated":true}]}}