{"id":765,"date":"2020-10-19T07:28:03","date_gmt":"2020-10-19T07:28:03","guid":{"rendered":"https:\/\/terraixufa.com\/tienda\/Sense%20categoria\/xufa-do-valencia-borsa-1kg\/"},"modified":"2025-08-22T09:51:02","modified_gmt":"2025-08-22T09:51:02","slug":"xufa-do-valencia-borsa-1kg","status":"publish","type":"product","link":"https:\/\/terraixufa.com\/ca\/tienda\/xufa-ecologica\/xufa-do-valencia-borsa-1kg\/","title":{"rendered":"XUFA D.O. VAL\u00c8NCIA BORSA 1 KG. CAIXA 3 UDS."},"content":{"rendered":"<p>Seleccionem les xufes de major calibre i qualitat, i les envasem al buit o en atmosfera protectora, perqu\u00e8 conserven totes les seues propietats. Podr\u00e0s gaudir de tot el seu sabor consumint-les en cru, en remull o directament, o utilitzant-les per a elaborar orxata casolana. Tamb\u00e9 es va poder utilitzar com a llavor.<\/p>\n<p>La xufa posseeix innombrables beneficis per a la nostra salut. \u00c9s <b>cardiosaludable<\/b> i antioxidant pel seu alt contingut en \u00e0cids oleic, f\u00f2lic i fitosterols, ajudant a mantindre els nivells de colesterol sanguini. \/ Cont\u00e9 l&#8217;1% en prote\u00efna i amino\u00e0cids essencials com l&#8217;arginina, precursora de la prolactina.\/ Alt contingut en fibra vegetal soluble, per la qual cosa pot previndre desordres de la funci\u00f3 intestinal, i fins i tot ajuda a previndre el c\u00e0ncer de c\u00f2lon. T\u00e9 efecte prebi\u00f2tic, i facilita la digesti\u00f3 dels Hidrats de Carboni. \/ Rica en minerals, destacant el f\u00f2sfor, potassi, calci, ferro, magnesi, i vitamines E i C. \/ 0% lactosa, 0% gluten, 100% vegetal.<\/p>\n<p><strong>Ingredients:<\/strong> Xufa de Val\u00e8ncia<\/p>\n<p><strong>Caducitat:<\/strong> 2 anys a temperatura ambient. Mantindre en lloc fresc i sec, i allunyat de la llum solar.<\/p>\n<p><strong>Format:<\/strong> Borsa 1 kg. <\/p>\n<p><strong>Unitat de venda:<\/strong> Xufa 1 kg.: Caixa de 3 unitats<\/p>\n","protected":false},"excerpt":{"rendered":"<p>Aquesta xufa \u00e9s el fruit de l&#8217;esfor\u00e7 d&#8217;un grup d&#8217;agricultors ecol\u00f2gics de l&#8217;<strong>Horta de Val\u00e8ncia<\/strong>. Cultivem la xufa durant huit mesos com ho feien els nostres avis sense cap tractament qu\u00edmic. Posteriorment la llavem i assequem de manera natural en un proc\u00e9s de curat que dura tres mesos. Gr\u00e0cies a aquest curat, el mid\u00f3 de la xufa es transforma en sucres naturals, que li donen el sabor caracter\u00edstic de l&#8217;orxata feta amb la xufa de cultiu propi en l&#8217;<strong>Horta de Val\u00e8ncia<\/strong>.<\/p>\n","protected":false},"featured_media":1074,"comment_status":"open","ping_status":"closed","template":"","meta":{"_acf_changed":false},"product_brand":[],"product_cat":[38],"product_tag":[],"class_list":{"0":"post-765","1":"product","2":"type-product","3":"status-publish","4":"has-post-thumbnail","6":"product_cat-xufa-ecologica","8":"first","9":"instock","10":"taxable","11":"shipping-taxable","12":"purchasable","13":"product-type-simple","15":"catalog-layout-default","16":"columns-xs-1"},"acf":[],"yoast_head":"<!-- This site is optimized with the Yoast SEO plugin v27.3 - https:\/\/yoast.com\/product\/yoast-seo-wordpress\/ -->\n<title>XUFA D.O. VAL\u00c8NCIA BORSA 1 KG. CAIXA 3 UDS. - terraixufa<\/title>\n<meta name=\"robots\" content=\"index, follow, max-snippet:-1, max-image-preview:large, max-video-preview:-1\" \/>\n<link rel=\"canonical\" href=\"https:\/\/terraixufa.com\/ca\/tienda\/xufa-ecologica\/xufa-do-valencia-borsa-1kg\/\" \/>\n<meta property=\"og:locale\" content=\"en_US\" \/>\n<meta property=\"og:type\" content=\"article\" \/>\n<meta property=\"og:title\" content=\"XUFA D.O. VAL\u00c8NCIA BORSA 1 KG. CAIXA 3 UDS. - terraixufa\" \/>\n<meta property=\"og:description\" content=\"Aquesta xufa \u00e9s el fruit de l&#039;esfor\u00e7 d&#039;un grup d&#039;agricultors ecol\u00f2gics de l&#039;Horta de Val\u00e8ncia. Cultivem la xufa durant huit mesos com ho feien els nostres avis sense cap tractament qu\u00edmic. Posteriorment la llavem i assequem de manera natural en un proc\u00e9s de curat que dura tres mesos. Gr\u00e0cies a aquest curat, el mid\u00f3 de la xufa es transforma en sucres naturals, que li donen el sabor caracter\u00edstic de l&#039;orxata feta amb la xufa de cultiu propi en l&#039;Horta de Val\u00e8ncia.\" \/>\n<meta property=\"og:url\" content=\"https:\/\/terraixufa.com\/ca\/tienda\/xufa-ecologica\/xufa-do-valencia-borsa-1kg\/\" \/>\n<meta property=\"og:site_name\" content=\"terraixufa\" \/>\n<meta property=\"article:modified_time\" content=\"2025-08-22T09:51:02+00:00\" \/>\n<meta property=\"og:image\" content=\"https:\/\/terraixufa.com\/wp-content\/uploads\/2020\/11\/Chufa-Ecolo\u0301gica-D.O.-Valencia-Saquito-de-250-gr.-Caja-de-5-unidades-Bolsa-1-kg.-Caja-de-3-unidades-Saco-25-kg.jpg\" \/>\n\t<meta property=\"og:image:width\" content=\"700\" \/>\n\t<meta property=\"og:image:height\" content=\"997\" \/>\n\t<meta property=\"og:image:type\" content=\"image\/jpeg\" \/>\n<meta name=\"twitter:card\" content=\"summary_large_image\" \/>\n<meta name=\"twitter:label1\" content=\"Est. reading time\" \/>\n\t<meta name=\"twitter:data1\" content=\"1 minute\" \/>\n<script type=\"application\/ld+json\" class=\"yoast-schema-graph\">{\"@context\":\"https:\\\/\\\/schema.org\",\"@graph\":[{\"@type\":\"WebPage\",\"@id\":\"https:\\\/\\\/terraixufa.com\\\/ca\\\/tienda\\\/xufa-ecologica\\\/xufa-do-valencia-borsa-1kg\\\/\",\"url\":\"https:\\\/\\\/terraixufa.com\\\/ca\\\/tienda\\\/xufa-ecologica\\\/xufa-do-valencia-borsa-1kg\\\/\",\"name\":\"XUFA D.O. VAL\u00c8NCIA BORSA 1 KG. CAIXA 3 UDS. - terraixufa\",\"isPartOf\":{\"@id\":\"https:\\\/\\\/terraixufa.com\\\/ca\\\/#website\"},\"primaryImageOfPage\":{\"@id\":\"https:\\\/\\\/terraixufa.com\\\/ca\\\/tienda\\\/xufa-ecologica\\\/xufa-do-valencia-borsa-1kg\\\/#primaryimage\"},\"image\":{\"@id\":\"https:\\\/\\\/terraixufa.com\\\/ca\\\/tienda\\\/xufa-ecologica\\\/xufa-do-valencia-borsa-1kg\\\/#primaryimage\"},\"thumbnailUrl\":\"https:\\\/\\\/terraixufa.com\\\/wp-content\\\/uploads\\\/2020\\\/11\\\/Chufa-Ecolo\u0301gica-D.O.-Valencia-Saquito-de-250-gr.-Caja-de-5-unidades-Bolsa-1-kg.-Caja-de-3-unidades-Saco-25-kg.jpg\",\"datePublished\":\"2020-10-19T07:28:03+00:00\",\"dateModified\":\"2025-08-22T09:51:02+00:00\",\"breadcrumb\":{\"@id\":\"https:\\\/\\\/terraixufa.com\\\/ca\\\/tienda\\\/xufa-ecologica\\\/xufa-do-valencia-borsa-1kg\\\/#breadcrumb\"},\"inLanguage\":\"val\",\"potentialAction\":[{\"@type\":\"ReadAction\",\"target\":[\"https:\\\/\\\/terraixufa.com\\\/ca\\\/tienda\\\/xufa-ecologica\\\/xufa-do-valencia-borsa-1kg\\\/\"]}]},{\"@type\":\"ImageObject\",\"inLanguage\":\"val\",\"@id\":\"https:\\\/\\\/terraixufa.com\\\/ca\\\/tienda\\\/xufa-ecologica\\\/xufa-do-valencia-borsa-1kg\\\/#primaryimage\",\"url\":\"https:\\\/\\\/terraixufa.com\\\/wp-content\\\/uploads\\\/2020\\\/11\\\/Chufa-Ecolo\u0301gica-D.O.-Valencia-Saquito-de-250-gr.-Caja-de-5-unidades-Bolsa-1-kg.-Caja-de-3-unidades-Saco-25-kg.jpg\",\"contentUrl\":\"https:\\\/\\\/terraixufa.com\\\/wp-content\\\/uploads\\\/2020\\\/11\\\/Chufa-Ecolo\u0301gica-D.O.-Valencia-Saquito-de-250-gr.-Caja-de-5-unidades-Bolsa-1-kg.-Caja-de-3-unidades-Saco-25-kg.jpg\",\"width\":700,\"height\":997,\"caption\":\"xufa, ecologica, do, terraixufa\"},{\"@type\":\"BreadcrumbList\",\"@id\":\"https:\\\/\\\/terraixufa.com\\\/ca\\\/tienda\\\/xufa-ecologica\\\/xufa-do-valencia-borsa-1kg\\\/#breadcrumb\",\"itemListElement\":[{\"@type\":\"ListItem\",\"position\":1,\"name\":\"Portada\",\"item\":\"https:\\\/\\\/terraixufa.com\\\/ca\\\/\"},{\"@type\":\"ListItem\",\"position\":2,\"name\":\"Tienda\",\"item\":\"https:\\\/\\\/terraixufa.com\\\/tienda\\\/\"},{\"@type\":\"ListItem\",\"position\":3,\"name\":\"XUFA D.O. VAL\u00c8NCIA BORSA 1 KG. CAIXA 3 UDS.\"}]},{\"@type\":\"WebSite\",\"@id\":\"https:\\\/\\\/terraixufa.com\\\/ca\\\/#website\",\"url\":\"https:\\\/\\\/terraixufa.com\\\/ca\\\/\",\"name\":\"terraixufa\",\"description\":\"Productes locals i de temporada\",\"potentialAction\":[{\"@type\":\"SearchAction\",\"target\":{\"@type\":\"EntryPoint\",\"urlTemplate\":\"https:\\\/\\\/terraixufa.com\\\/ca\\\/?s={search_term_string}\"},\"query-input\":{\"@type\":\"PropertyValueSpecification\",\"valueRequired\":true,\"valueName\":\"search_term_string\"}}],\"inLanguage\":\"val\"}]}<\/script>\n<!-- \/ Yoast SEO plugin. -->","yoast_head_json":{"title":"XUFA D.O. VAL\u00c8NCIA BORSA 1 KG. CAIXA 3 UDS. - terraixufa","robots":{"index":"index","follow":"follow","max-snippet":"max-snippet:-1","max-image-preview":"max-image-preview:large","max-video-preview":"max-video-preview:-1"},"canonical":"https:\/\/terraixufa.com\/ca\/tienda\/xufa-ecologica\/xufa-do-valencia-borsa-1kg\/","og_locale":"en_US","og_type":"article","og_title":"XUFA D.O. VAL\u00c8NCIA BORSA 1 KG. CAIXA 3 UDS. - terraixufa","og_description":"Aquesta xufa \u00e9s el fruit de l'esfor\u00e7 d'un grup d'agricultors ecol\u00f2gics de l'Horta de Val\u00e8ncia. Cultivem la xufa durant huit mesos com ho feien els nostres avis sense cap tractament qu\u00edmic. Posteriorment la llavem i assequem de manera natural en un proc\u00e9s de curat que dura tres mesos. Gr\u00e0cies a aquest curat, el mid\u00f3 de la xufa es transforma en sucres naturals, que li donen el sabor caracter\u00edstic de l'orxata feta amb la xufa de cultiu propi en l'Horta de Val\u00e8ncia.","og_url":"https:\/\/terraixufa.com\/ca\/tienda\/xufa-ecologica\/xufa-do-valencia-borsa-1kg\/","og_site_name":"terraixufa","article_modified_time":"2025-08-22T09:51:02+00:00","og_image":[{"width":700,"height":997,"url":"https:\/\/terraixufa.com\/wp-content\/uploads\/2020\/11\/Chufa-Ecolo\u0301gica-D.O.-Valencia-Saquito-de-250-gr.-Caja-de-5-unidades-Bolsa-1-kg.-Caja-de-3-unidades-Saco-25-kg.jpg","type":"image\/jpeg"}],"twitter_card":"summary_large_image","twitter_misc":{"Est. reading time":"1 minute"},"schema":{"@context":"https:\/\/schema.org","@graph":[{"@type":"WebPage","@id":"https:\/\/terraixufa.com\/ca\/tienda\/xufa-ecologica\/xufa-do-valencia-borsa-1kg\/","url":"https:\/\/terraixufa.com\/ca\/tienda\/xufa-ecologica\/xufa-do-valencia-borsa-1kg\/","name":"XUFA D.O. VAL\u00c8NCIA BORSA 1 KG. CAIXA 3 UDS. - terraixufa","isPartOf":{"@id":"https:\/\/terraixufa.com\/ca\/#website"},"primaryImageOfPage":{"@id":"https:\/\/terraixufa.com\/ca\/tienda\/xufa-ecologica\/xufa-do-valencia-borsa-1kg\/#primaryimage"},"image":{"@id":"https:\/\/terraixufa.com\/ca\/tienda\/xufa-ecologica\/xufa-do-valencia-borsa-1kg\/#primaryimage"},"thumbnailUrl":"https:\/\/terraixufa.com\/wp-content\/uploads\/2020\/11\/Chufa-Ecolo\u0301gica-D.O.-Valencia-Saquito-de-250-gr.-Caja-de-5-unidades-Bolsa-1-kg.-Caja-de-3-unidades-Saco-25-kg.jpg","datePublished":"2020-10-19T07:28:03+00:00","dateModified":"2025-08-22T09:51:02+00:00","breadcrumb":{"@id":"https:\/\/terraixufa.com\/ca\/tienda\/xufa-ecologica\/xufa-do-valencia-borsa-1kg\/#breadcrumb"},"inLanguage":"val","potentialAction":[{"@type":"ReadAction","target":["https:\/\/terraixufa.com\/ca\/tienda\/xufa-ecologica\/xufa-do-valencia-borsa-1kg\/"]}]},{"@type":"ImageObject","inLanguage":"val","@id":"https:\/\/terraixufa.com\/ca\/tienda\/xufa-ecologica\/xufa-do-valencia-borsa-1kg\/#primaryimage","url":"https:\/\/terraixufa.com\/wp-content\/uploads\/2020\/11\/Chufa-Ecolo\u0301gica-D.O.-Valencia-Saquito-de-250-gr.-Caja-de-5-unidades-Bolsa-1-kg.-Caja-de-3-unidades-Saco-25-kg.jpg","contentUrl":"https:\/\/terraixufa.com\/wp-content\/uploads\/2020\/11\/Chufa-Ecolo\u0301gica-D.O.-Valencia-Saquito-de-250-gr.-Caja-de-5-unidades-Bolsa-1-kg.-Caja-de-3-unidades-Saco-25-kg.jpg","width":700,"height":997,"caption":"xufa, ecologica, do, terraixufa"},{"@type":"BreadcrumbList","@id":"https:\/\/terraixufa.com\/ca\/tienda\/xufa-ecologica\/xufa-do-valencia-borsa-1kg\/#breadcrumb","itemListElement":[{"@type":"ListItem","position":1,"name":"Portada","item":"https:\/\/terraixufa.com\/ca\/"},{"@type":"ListItem","position":2,"name":"Tienda","item":"https:\/\/terraixufa.com\/tienda\/"},{"@type":"ListItem","position":3,"name":"XUFA D.O. VAL\u00c8NCIA BORSA 1 KG. CAIXA 3 UDS."}]},{"@type":"WebSite","@id":"https:\/\/terraixufa.com\/ca\/#website","url":"https:\/\/terraixufa.com\/ca\/","name":"terraixufa","description":"Productes locals i de temporada","potentialAction":[{"@type":"SearchAction","target":{"@type":"EntryPoint","urlTemplate":"https:\/\/terraixufa.com\/ca\/?s={search_term_string}"},"query-input":{"@type":"PropertyValueSpecification","valueRequired":true,"valueName":"search_term_string"}}],"inLanguage":"val"}]}},"_links":{"self":[{"href":"https:\/\/terraixufa.com\/ca\/wp-json\/wp\/v2\/product\/765","targetHints":{"allow":["GET"]}}],"collection":[{"href":"https:\/\/terraixufa.com\/ca\/wp-json\/wp\/v2\/product"}],"about":[{"href":"https:\/\/terraixufa.com\/ca\/wp-json\/wp\/v2\/types\/product"}],"replies":[{"embeddable":true,"href":"https:\/\/terraixufa.com\/ca\/wp-json\/wp\/v2\/comments?post=765"}],"wp:featuredmedia":[{"embeddable":true,"href":"https:\/\/terraixufa.com\/ca\/wp-json\/wp\/v2\/media\/1074"}],"wp:attachment":[{"href":"https:\/\/terraixufa.com\/ca\/wp-json\/wp\/v2\/media?parent=765"}],"wp:term":[{"taxonomy":"product_brand","embeddable":true,"href":"https:\/\/terraixufa.com\/ca\/wp-json\/wp\/v2\/product_brand?post=765"},{"taxonomy":"product_cat","embeddable":true,"href":"https:\/\/terraixufa.com\/ca\/wp-json\/wp\/v2\/product_cat?post=765"},{"taxonomy":"product_tag","embeddable":true,"href":"https:\/\/terraixufa.com\/ca\/wp-json\/wp\/v2\/product_tag?post=765"}],"curies":[{"name":"wp","href":"https:\/\/api.w.org\/{rel}","templated":true}]}}