{"id":769,"date":"2020-10-19T07:28:02","date_gmt":"2020-10-19T07:28:02","guid":{"rendered":"https:\/\/terraixufa.com\/tienda\/Sense%20categoria\/oli-verge-xufa-250ml\/"},"modified":"2023-03-15T13:17:21","modified_gmt":"2023-03-15T13:17:21","slug":"oli-verge-xufa-250ml","status":"publish","type":"product","link":"https:\/\/terraixufa.com\/ca\/tienda\/derivats-xufa\/oli-verge-xufa-250ml\/","title":{"rendered":"OLI VERGE DE XUFA (250ML.) CAIXA DE 6 UDS."},"content":{"rendered":"<p>Aquesta composici\u00f3 \u00e9s la ideal des del punt de vista m\u00e8dic, ja que l&#8217;\u00e0cid oleic i els fitoesteroles ajuden a mantindre els nivells de colesterol sanguini, i col\u00b7laboren en la reducci\u00f3 dels triglic\u00e8rids. Tamb\u00e9 \u00e9s ric en vitamines com la D i l&#8217;E.<\/p>\n<p><strong>Comparativa d&#8217;\u00e0cids grassos:<\/strong><\/p>\n<p><strong>\u00a0 Saturats<\/strong> \u00a0\u00a0\u00a0\u00a0\u00a0\u00a0\u00a0\u00a0 <strong>Monoinsaturados\u00a0<\/strong> \u00a0 <strong>Poliinsaturats<\/strong><\/p>\n<ul>\n<li>Oli d&#8217;Oliva: \u00a0 \u00a0 \u00a0 \u00a0 \u00a0 \u00a0\u00a0 14% palm\u00edtic\u00a0\u00a0\u00a0\u00a0\u00a0\u00a0\u00a0\u00a0\u00a0\u00a0\u00a0 \u00a0\u00a0\u00a0 72% Oleic\u00a0\u00a0\u00a0\u00a0\u00a0\u00a0\u00a0\u00a0\u00a0\u00a0 \u00a0 \u00a0 \u00a0\u00a0 9% Linoleic<\/li>\n<li>Oli de Gira-sol: \u00a0 \u00a0 \u00a0 \u00a0 9% palm\u00edtic\u00a0\u00a0\u00a0\u00a0\u00a0\u00a0\u00a0\u00a0\u00a0\u00a0\u00a0\u00a0\u00a0\u00a0 20% Oleic\u00a0\u00a0\u00a0\u00a0\u00a0\u00a0\u00a0\u00a0\u00a0\u00a0 \u00a0 \u00a0\u00a0 63% Linoleic<\/li>\n<li>Oli de Xufa: \u00a0 \u00a0 \u00a0 \u00a0 \u00a0\u00a0\u00a0\u00a0 11% palm\u00edtic\u00a0\u00a0\u00a0\u00a0\u00a0\u00a0\u00a0\u00a0\u00a0\u00a0\u00a0\u00a0\u00a0 \u00a0 77% Oleic\u00a0\u00a0\u00a0\u00a0\u00a0\u00a0\u00a0\u00a0\u00a0\u00a0\u00a0\u00a0\u00a0\u00a0 8,5% Linoleic<\/li>\n<\/ul>\n<p><strong>Notes de tast:<\/strong><\/p>\n<p>Suau al paladar, sense picor ni astringencia. Dol\u00e7 en la seua entrada. Aromes de fusta seca, coco i #altre fruita seca, destacant el de xufa.<\/p>\n<p><strong>Maridatge:<\/strong> Un oli perfecte per a preparar vinagretes o donar un toc especial a ensalades i verdures a la planxa. Interessant tamb\u00e9 per a l&#8217;amaniment de peixos i carns. Per a la seua millor conservaci\u00f3 es recomana emmagatzemar-ho en un lloc fresc, sec i lluny de la llum.<\/p>\n<p><strong>Altres propietats:<\/strong> L&#8217;oli de xufa \u00e9s excel\u00b7lent per a una perfecta nutrici\u00f3 i cura de la pell, aix\u00ed com per a massatges. Ingredients: 100% Xufa Ecol\u00f2gica.<\/p>\n<p><strong> Caducitat:<\/strong> 1 any a temperatura ambient. Mantindre en lloc fresc i sec, i allunyat de la llum solar.<\/p>\n<p><strong>Format:<\/strong> Botella de cristall de 250 ml.<\/p>\n<p><strong>Unitat de venda:<\/strong> Caixa de 6 unitats.<\/p>\n","protected":false},"excerpt":{"rendered":"<p>L&#8217;oli de xufa \u00e9s el suc natural de la xufa obtingut per pressi\u00f3 en fred. La xufa de cultiu en l&#8217;<strong>Horta <\/strong>cont\u00e9 un percentatge alt en oli, superior al 30%. Es pot destacar la pres\u00e8ncia d&#8217;\u00e0cids grassos cardiosaludables coml&#8217;\u00e0cid oleic, el linoleic i el palm\u00edtic. \u00c0cids grassos insaturats 84%. \u00c0cid oleic 70% (superior al de moltes varietats d&#8217;oliva), i fins a 5 vegades m\u00e9s fitoesterols que l&#8217;oli d&#8217;oliva.<\/p>\n","protected":false},"featured_media":2931,"comment_status":"open","ping_status":"closed","template":"","meta":{"_acf_changed":false},"product_brand":[],"product_cat":[70],"product_tag":[],"class_list":{"0":"post-769","1":"product","2":"type-product","3":"status-publish","4":"has-post-thumbnail","6":"product_cat-derivats-xufa","8":"first","9":"instock","10":"taxable","11":"shipping-taxable","12":"purchasable","13":"product-type-simple","15":"catalog-layout-default","16":"columns-xs-1"},"acf":[],"yoast_head":"<!-- This site is optimized with the Yoast SEO plugin v27.4 - https:\/\/yoast.com\/product\/yoast-seo-wordpress\/ -->\n<title>OLI VERGE DE XUFA (250ML.) CAIXA DE 6 UDS. - terraixufa<\/title>\n<meta name=\"robots\" content=\"index, follow, max-snippet:-1, max-image-preview:large, max-video-preview:-1\" \/>\n<link rel=\"canonical\" href=\"https:\/\/terraixufa.com\/ca\/tienda\/derivats-xufa\/oli-verge-xufa-250ml\/\" \/>\n<meta property=\"og:locale\" content=\"en_US\" \/>\n<meta property=\"og:type\" content=\"article\" \/>\n<meta property=\"og:title\" content=\"OLI VERGE DE XUFA (250ML.) CAIXA DE 6 UDS. - terraixufa\" \/>\n<meta property=\"og:description\" content=\"L&#039;oli de xufa \u00e9s el suc natural de la xufa obtingut per pressi\u00f3 en fred. La xufa de cultiu en l&#039;Horta cont\u00e9 un percentatge alt en oli, superior al 30%. Es pot destacar la pres\u00e8ncia d&#039;\u00e0cids grassos cardiosaludables coml&#039;\u00e0cid oleic, el linoleic i el palm\u00edtic. \u00c0cids grassos insaturats 84%. \u00c0cid oleic 70% (superior al de moltes varietats d&#039;oliva), i fins a 5 vegades m\u00e9s fitoesterols que l&#039;oli d&#039;oliva.\" \/>\n<meta property=\"og:url\" content=\"https:\/\/terraixufa.com\/ca\/tienda\/derivats-xufa\/oli-verge-xufa-250ml\/\" \/>\n<meta property=\"og:site_name\" content=\"terraixufa\" \/>\n<meta property=\"article:modified_time\" content=\"2023-03-15T13:17:21+00:00\" \/>\n<meta property=\"og:image\" content=\"https:\/\/terraixufa.com\/wp-content\/uploads\/2020\/10\/aceite-oct-21-1-1.jpg\" \/>\n\t<meta property=\"og:image:width\" content=\"2041\" \/>\n\t<meta property=\"og:image:height\" content=\"2048\" \/>\n\t<meta property=\"og:image:type\" content=\"image\/jpeg\" \/>\n<meta name=\"twitter:card\" content=\"summary_large_image\" \/>\n<meta name=\"twitter:label1\" content=\"Est. reading time\" \/>\n\t<meta name=\"twitter:data1\" content=\"1 minute\" \/>\n<script type=\"application\/ld+json\" class=\"yoast-schema-graph\">{\"@context\":\"https:\\\/\\\/schema.org\",\"@graph\":[{\"@type\":\"WebPage\",\"@id\":\"https:\\\/\\\/terraixufa.com\\\/ca\\\/tienda\\\/derivats-xufa\\\/oli-verge-xufa-250ml\\\/\",\"url\":\"https:\\\/\\\/terraixufa.com\\\/ca\\\/tienda\\\/derivats-xufa\\\/oli-verge-xufa-250ml\\\/\",\"name\":\"OLI VERGE DE XUFA (250ML.) CAIXA DE 6 UDS. - terraixufa\",\"isPartOf\":{\"@id\":\"https:\\\/\\\/terraixufa.com\\\/ca\\\/#website\"},\"primaryImageOfPage\":{\"@id\":\"https:\\\/\\\/terraixufa.com\\\/ca\\\/tienda\\\/derivats-xufa\\\/oli-verge-xufa-250ml\\\/#primaryimage\"},\"image\":{\"@id\":\"https:\\\/\\\/terraixufa.com\\\/ca\\\/tienda\\\/derivats-xufa\\\/oli-verge-xufa-250ml\\\/#primaryimage\"},\"thumbnailUrl\":\"https:\\\/\\\/terraixufa.com\\\/wp-content\\\/uploads\\\/2020\\\/10\\\/aceite-oct-21-1-1.jpg\",\"datePublished\":\"2020-10-19T07:28:02+00:00\",\"dateModified\":\"2023-03-15T13:17:21+00:00\",\"breadcrumb\":{\"@id\":\"https:\\\/\\\/terraixufa.com\\\/ca\\\/tienda\\\/derivats-xufa\\\/oli-verge-xufa-250ml\\\/#breadcrumb\"},\"inLanguage\":\"val\",\"potentialAction\":[{\"@type\":\"ReadAction\",\"target\":[\"https:\\\/\\\/terraixufa.com\\\/ca\\\/tienda\\\/derivats-xufa\\\/oli-verge-xufa-250ml\\\/\"]}]},{\"@type\":\"ImageObject\",\"inLanguage\":\"val\",\"@id\":\"https:\\\/\\\/terraixufa.com\\\/ca\\\/tienda\\\/derivats-xufa\\\/oli-verge-xufa-250ml\\\/#primaryimage\",\"url\":\"https:\\\/\\\/terraixufa.com\\\/wp-content\\\/uploads\\\/2020\\\/10\\\/aceite-oct-21-1-1.jpg\",\"contentUrl\":\"https:\\\/\\\/terraixufa.com\\\/wp-content\\\/uploads\\\/2020\\\/10\\\/aceite-oct-21-1-1.jpg\",\"width\":2041,\"height\":2048},{\"@type\":\"BreadcrumbList\",\"@id\":\"https:\\\/\\\/terraixufa.com\\\/ca\\\/tienda\\\/derivats-xufa\\\/oli-verge-xufa-250ml\\\/#breadcrumb\",\"itemListElement\":[{\"@type\":\"ListItem\",\"position\":1,\"name\":\"Portada\",\"item\":\"https:\\\/\\\/terraixufa.com\\\/ca\\\/\"},{\"@type\":\"ListItem\",\"position\":2,\"name\":\"Tienda\",\"item\":\"https:\\\/\\\/terraixufa.com\\\/tienda\\\/\"},{\"@type\":\"ListItem\",\"position\":3,\"name\":\"OLI VERGE DE XUFA (250ML.) CAIXA DE 6 UDS.\"}]},{\"@type\":\"WebSite\",\"@id\":\"https:\\\/\\\/terraixufa.com\\\/ca\\\/#website\",\"url\":\"https:\\\/\\\/terraixufa.com\\\/ca\\\/\",\"name\":\"terraixufa\",\"description\":\"Productes locals i de temporada\",\"potentialAction\":[{\"@type\":\"SearchAction\",\"target\":{\"@type\":\"EntryPoint\",\"urlTemplate\":\"https:\\\/\\\/terraixufa.com\\\/ca\\\/?s={search_term_string}\"},\"query-input\":{\"@type\":\"PropertyValueSpecification\",\"valueRequired\":true,\"valueName\":\"search_term_string\"}}],\"inLanguage\":\"val\"}]}<\/script>\n<!-- \/ Yoast SEO plugin. -->","yoast_head_json":{"title":"OLI VERGE DE XUFA (250ML.) CAIXA DE 6 UDS. - terraixufa","robots":{"index":"index","follow":"follow","max-snippet":"max-snippet:-1","max-image-preview":"max-image-preview:large","max-video-preview":"max-video-preview:-1"},"canonical":"https:\/\/terraixufa.com\/ca\/tienda\/derivats-xufa\/oli-verge-xufa-250ml\/","og_locale":"en_US","og_type":"article","og_title":"OLI VERGE DE XUFA (250ML.) CAIXA DE 6 UDS. - terraixufa","og_description":"L'oli de xufa \u00e9s el suc natural de la xufa obtingut per pressi\u00f3 en fred. La xufa de cultiu en l'Horta cont\u00e9 un percentatge alt en oli, superior al 30%. Es pot destacar la pres\u00e8ncia d'\u00e0cids grassos cardiosaludables coml'\u00e0cid oleic, el linoleic i el palm\u00edtic. \u00c0cids grassos insaturats 84%. \u00c0cid oleic 70% (superior al de moltes varietats d'oliva), i fins a 5 vegades m\u00e9s fitoesterols que l'oli d'oliva.","og_url":"https:\/\/terraixufa.com\/ca\/tienda\/derivats-xufa\/oli-verge-xufa-250ml\/","og_site_name":"terraixufa","article_modified_time":"2023-03-15T13:17:21+00:00","og_image":[{"width":2041,"height":2048,"url":"https:\/\/terraixufa.com\/wp-content\/uploads\/2020\/10\/aceite-oct-21-1-1.jpg","type":"image\/jpeg"}],"twitter_card":"summary_large_image","twitter_misc":{"Est. reading time":"1 minute"},"schema":{"@context":"https:\/\/schema.org","@graph":[{"@type":"WebPage","@id":"https:\/\/terraixufa.com\/ca\/tienda\/derivats-xufa\/oli-verge-xufa-250ml\/","url":"https:\/\/terraixufa.com\/ca\/tienda\/derivats-xufa\/oli-verge-xufa-250ml\/","name":"OLI VERGE DE XUFA (250ML.) CAIXA DE 6 UDS. - terraixufa","isPartOf":{"@id":"https:\/\/terraixufa.com\/ca\/#website"},"primaryImageOfPage":{"@id":"https:\/\/terraixufa.com\/ca\/tienda\/derivats-xufa\/oli-verge-xufa-250ml\/#primaryimage"},"image":{"@id":"https:\/\/terraixufa.com\/ca\/tienda\/derivats-xufa\/oli-verge-xufa-250ml\/#primaryimage"},"thumbnailUrl":"https:\/\/terraixufa.com\/wp-content\/uploads\/2020\/10\/aceite-oct-21-1-1.jpg","datePublished":"2020-10-19T07:28:02+00:00","dateModified":"2023-03-15T13:17:21+00:00","breadcrumb":{"@id":"https:\/\/terraixufa.com\/ca\/tienda\/derivats-xufa\/oli-verge-xufa-250ml\/#breadcrumb"},"inLanguage":"val","potentialAction":[{"@type":"ReadAction","target":["https:\/\/terraixufa.com\/ca\/tienda\/derivats-xufa\/oli-verge-xufa-250ml\/"]}]},{"@type":"ImageObject","inLanguage":"val","@id":"https:\/\/terraixufa.com\/ca\/tienda\/derivats-xufa\/oli-verge-xufa-250ml\/#primaryimage","url":"https:\/\/terraixufa.com\/wp-content\/uploads\/2020\/10\/aceite-oct-21-1-1.jpg","contentUrl":"https:\/\/terraixufa.com\/wp-content\/uploads\/2020\/10\/aceite-oct-21-1-1.jpg","width":2041,"height":2048},{"@type":"BreadcrumbList","@id":"https:\/\/terraixufa.com\/ca\/tienda\/derivats-xufa\/oli-verge-xufa-250ml\/#breadcrumb","itemListElement":[{"@type":"ListItem","position":1,"name":"Portada","item":"https:\/\/terraixufa.com\/ca\/"},{"@type":"ListItem","position":2,"name":"Tienda","item":"https:\/\/terraixufa.com\/tienda\/"},{"@type":"ListItem","position":3,"name":"OLI VERGE DE XUFA (250ML.) CAIXA DE 6 UDS."}]},{"@type":"WebSite","@id":"https:\/\/terraixufa.com\/ca\/#website","url":"https:\/\/terraixufa.com\/ca\/","name":"terraixufa","description":"Productes locals i de temporada","potentialAction":[{"@type":"SearchAction","target":{"@type":"EntryPoint","urlTemplate":"https:\/\/terraixufa.com\/ca\/?s={search_term_string}"},"query-input":{"@type":"PropertyValueSpecification","valueRequired":true,"valueName":"search_term_string"}}],"inLanguage":"val"}]}},"_links":{"self":[{"href":"https:\/\/terraixufa.com\/ca\/wp-json\/wp\/v2\/product\/769","targetHints":{"allow":["GET"]}}],"collection":[{"href":"https:\/\/terraixufa.com\/ca\/wp-json\/wp\/v2\/product"}],"about":[{"href":"https:\/\/terraixufa.com\/ca\/wp-json\/wp\/v2\/types\/product"}],"replies":[{"embeddable":true,"href":"https:\/\/terraixufa.com\/ca\/wp-json\/wp\/v2\/comments?post=769"}],"wp:featuredmedia":[{"embeddable":true,"href":"https:\/\/terraixufa.com\/ca\/wp-json\/wp\/v2\/media\/2931"}],"wp:attachment":[{"href":"https:\/\/terraixufa.com\/ca\/wp-json\/wp\/v2\/media?parent=769"}],"wp:term":[{"taxonomy":"product_brand","embeddable":true,"href":"https:\/\/terraixufa.com\/ca\/wp-json\/wp\/v2\/product_brand?post=769"},{"taxonomy":"product_cat","embeddable":true,"href":"https:\/\/terraixufa.com\/ca\/wp-json\/wp\/v2\/product_cat?post=769"},{"taxonomy":"product_tag","embeddable":true,"href":"https:\/\/terraixufa.com\/ca\/wp-json\/wp\/v2\/product_tag?post=769"}],"curies":[{"name":"wp","href":"https:\/\/api.w.org\/{rel}","templated":true}]}}