{"id":1575,"date":"2020-12-06T22:07:04","date_gmt":"2020-12-06T22:07:04","guid":{"rendered":"https:\/\/terraixufa.com\/erdnuss\/"},"modified":"2020-12-17T22:55:32","modified_gmt":"2020-12-17T22:55:32","slug":"erdnuss","status":"publish","type":"page","link":"https:\/\/terraixufa.com\/de\/erdnuss\/","title":{"rendered":"Erdnuss"},"content":{"rendered":"<div class=\"wpb-content-wrapper\"><p>[vc_row][vc_column width=&#8220;1\/6&#8243;][\/vc_column][vc_column width=&#8220;2\/3&#8243;][vc_column_text]<\/p>\n<h2 style=\"text-align: center;\">Cacahuetes, Cacahuete, Man\u00ed, Manduv\u00ed<\/h2>\n<p style=\"text-align: center;\">Arachis hypogaea<\/p>\n<p>[\/vc_column_text][\/vc_column][vc_column width=&#8220;1\/6&#8243;][\/vc_column][\/vc_row][vc_row][vc_column][vc_single_image image=&#8220;1336&#8243; img_size=&#8220;full&#8220;][\/vc_column][\/vc_row][vc_row][vc_column width=&#8220;1\/6&#8243;][\/vc_column][vc_column width=&#8220;2\/3&#8243;][vc_empty_space][vc_column_text]<\/p>\n<p style=\"text-align: left;\"><strong>Nombre com\u00fan o vulgar:<\/strong> Cacahuetes, Cacahuete, Man\u00ed, Mandub\u00ed, Manduv\u00ed<\/p>\n<p style=\"text-align: left;\"><strong>Nombre cient\u00edfico o latino:<\/strong> Arachis hypogaea Familia: Leguminosas<\/p>\n<p style=\"text-align: left;\"><strong>Variedad<\/strong>: Cacahuete larga<\/p>\n<p style=\"text-align: justify;\"><strong>Origen:<\/strong> nativo de la parte tropical de Am\u00e9rica del Sur, probablemente Brasil. Planta anual herbacea, erecta, ascendente de 15-70 cm de alto con tallos ligeramente peludos, con ramificaciones desde la base, que desarrolla ra\u00edces cuando dichas ramas tocan el suelo.<\/p>\n<p style=\"text-align: justify;\"><strong>Uso:<\/strong> El man\u00ed o cacahuete es otra importante fuente de aceite vegetal en las zonas tropicales y subtropicales.<br \/>\nTambi\u00e9n se consumen grandes cantidades de frutos, tostados o cocidos y preparados en un sinf\u00edn de formas.<br \/>\nLos cacahuetes se utilizan tostados o cocidos, con todo y vaina, para luego ser consumidos por las dulces, pasteles, galletas y otras confecciones; en mantequilla de cacahuete; aceite de cacahuete, panes de cacahuete, etc.<\/p>\n<p style=\"text-align: left;\">Los granos frescos contienen de 35 a 32% de prote\u00ednas y de 40-50% de grasa y adem\u00e1s cistina, tiamina, riboflavina y niacina.<\/p>\n<p>[\/vc_column_text][vc_btn title=&#8220;\u00bfD\u00f3nde comprar?&#8220; style=&#8220;flat&#8220; color=&#8220;black&#8220; align=&#8220;center&#8220; link=&#8220;url:https%3A%2F%2Fterraixufa.com%2Fde%2Fkontakt%2F|title:Contacto|&#8220;][vc_empty_space][\/vc_column][vc_column width=&#8220;1\/6&#8243;][\/vc_column][\/vc_row][vc_row][vc_column width=&#8220;1\/4&#8243;][\/vc_column][vc_column width=&#8220;3\/4&#8243;][\/vc_column][\/vc_row]<\/p>\n<\/div>","protected":false},"excerpt":{"rendered":"<p>[vc_row][vc_column width=&#8220;1\/6&#8243;][\/vc_column][vc_column width=&#8220;2\/3&#8243;][vc_column_text] Cacahuetes, Cacahuete, Man\u00ed, Manduv\u00ed Arachis hypogaea [\/vc_column_text][\/vc_column][vc_column width=&#8220;1\/6&#8243;][\/vc_column][\/vc_row][vc_row][vc_column][vc_single_image image=&#8220;1336&#8243; img_size=&#8220;full&#8220;][\/vc_column][\/vc_row][vc_row][vc_column width=&#8220;1\/6&#8243;][\/vc_column][vc_column width=&#8220;2\/3&#8243;][vc_empty_space][vc_column_text] Nombre com\u00fan o vulgar: Cacahuetes, Cacahuete, Man\u00ed, Mandub\u00ed, Manduv\u00ed Nombre cient\u00edfico o latino: Arachis hypogaea Familia: Leguminosas Variedad: Cacahuete larga Origen: nativo de la parte tropical de Am\u00e9rica del Sur, probablemente Brasil. Planta anual herbacea, erecta, ascendente de 15-70 cm&hellip;<\/p>\n","protected":false},"author":3,"featured_media":0,"parent":0,"menu_order":0,"comment_status":"closed","ping_status":"closed","template":"","meta":{"_acf_changed":false,"footnotes":""},"class_list":["post-1575","page","type-page","status-publish","hentry"],"acf":[],"yoast_head":"<!-- This site is optimized with the Yoast SEO plugin v27.4 - https:\/\/yoast.com\/product\/yoast-seo-wordpress\/ -->\n<title>Erdnuss - terraixufa<\/title>\n<meta name=\"robots\" content=\"index, follow, max-snippet:-1, max-image-preview:large, max-video-preview:-1\" \/>\n<link rel=\"canonical\" href=\"https:\/\/terraixufa.com\/de\/erdnuss\/\" \/>\n<meta property=\"og:locale\" content=\"de_DE\" \/>\n<meta property=\"og:type\" content=\"article\" \/>\n<meta property=\"og:title\" content=\"Erdnuss - terraixufa\" \/>\n<meta property=\"og:description\" content=\"[vc_row][vc_column width=&#8220;1\/6&#8243;][\/vc_column][vc_column width=&#8220;2\/3&#8243;][vc_column_text] Cacahuetes, Cacahuete, Man\u00ed, Manduv\u00ed Arachis hypogaea [\/vc_column_text][\/vc_column][vc_column width=&#8220;1\/6&#8243;][\/vc_column][\/vc_row][vc_row][vc_column][vc_single_image image=&#8220;1336&#8243; img_size=&#8220;full&#8220;][\/vc_column][\/vc_row][vc_row][vc_column width=&#8220;1\/6&#8243;][\/vc_column][vc_column width=&#8220;2\/3&#8243;][vc_empty_space][vc_column_text] Nombre com\u00fan o vulgar: Cacahuetes, Cacahuete, Man\u00ed, Mandub\u00ed, Manduv\u00ed Nombre cient\u00edfico o latino: Arachis hypogaea Familia: Leguminosas Variedad: Cacahuete larga Origen: nativo de la parte tropical de Am\u00e9rica del Sur, probablemente Brasil. Planta anual herbacea, erecta, ascendente de 15-70 cm&hellip;\" \/>\n<meta property=\"og:url\" content=\"https:\/\/terraixufa.com\/de\/erdnuss\/\" \/>\n<meta property=\"og:site_name\" content=\"terraixufa\" \/>\n<meta property=\"article:modified_time\" content=\"2020-12-17T22:55:32+00:00\" \/>\n<meta name=\"twitter:card\" content=\"summary_large_image\" \/>\n<meta name=\"twitter:label1\" content=\"Gesch\u00e4tzte Lesezeit\" \/>\n\t<meta name=\"twitter:data1\" content=\"1\u00a0Minute\" \/>\n<script type=\"application\/ld+json\" class=\"yoast-schema-graph\">{\"@context\":\"https:\\\/\\\/schema.org\",\"@graph\":[{\"@type\":\"WebPage\",\"@id\":\"https:\\\/\\\/terraixufa.com\\\/de\\\/erdnuss\\\/\",\"url\":\"https:\\\/\\\/terraixufa.com\\\/de\\\/erdnuss\\\/\",\"name\":\"Erdnuss - terraixufa\",\"isPartOf\":{\"@id\":\"https:\\\/\\\/terraixufa.com\\\/de\\\/#website\"},\"datePublished\":\"2020-12-06T22:07:04+00:00\",\"dateModified\":\"2020-12-17T22:55:32+00:00\",\"breadcrumb\":{\"@id\":\"https:\\\/\\\/terraixufa.com\\\/de\\\/erdnuss\\\/#breadcrumb\"},\"inLanguage\":\"de\",\"potentialAction\":[{\"@type\":\"ReadAction\",\"target\":[\"https:\\\/\\\/terraixufa.com\\\/de\\\/erdnuss\\\/\"]}]},{\"@type\":\"BreadcrumbList\",\"@id\":\"https:\\\/\\\/terraixufa.com\\\/de\\\/erdnuss\\\/#breadcrumb\",\"itemListElement\":[{\"@type\":\"ListItem\",\"position\":1,\"name\":\"Portada\",\"item\":\"https:\\\/\\\/terraixufa.com\\\/de\\\/\"},{\"@type\":\"ListItem\",\"position\":2,\"name\":\"Erdnuss\"}]},{\"@type\":\"WebSite\",\"@id\":\"https:\\\/\\\/terraixufa.com\\\/de\\\/#website\",\"url\":\"https:\\\/\\\/terraixufa.com\\\/de\\\/\",\"name\":\"terraixufa\",\"description\":\"Productes locals i de temporada\",\"potentialAction\":[{\"@type\":\"SearchAction\",\"target\":{\"@type\":\"EntryPoint\",\"urlTemplate\":\"https:\\\/\\\/terraixufa.com\\\/de\\\/?s={search_term_string}\"},\"query-input\":{\"@type\":\"PropertyValueSpecification\",\"valueRequired\":true,\"valueName\":\"search_term_string\"}}],\"inLanguage\":\"de\"}]}<\/script>\n<!-- \/ Yoast SEO plugin. -->","yoast_head_json":{"title":"Erdnuss - terraixufa","robots":{"index":"index","follow":"follow","max-snippet":"max-snippet:-1","max-image-preview":"max-image-preview:large","max-video-preview":"max-video-preview:-1"},"canonical":"https:\/\/terraixufa.com\/de\/erdnuss\/","og_locale":"de_DE","og_type":"article","og_title":"Erdnuss - terraixufa","og_description":"[vc_row][vc_column width=&#8220;1\/6&#8243;][\/vc_column][vc_column width=&#8220;2\/3&#8243;][vc_column_text] Cacahuetes, Cacahuete, Man\u00ed, Manduv\u00ed Arachis hypogaea [\/vc_column_text][\/vc_column][vc_column width=&#8220;1\/6&#8243;][\/vc_column][\/vc_row][vc_row][vc_column][vc_single_image image=&#8220;1336&#8243; img_size=&#8220;full&#8220;][\/vc_column][\/vc_row][vc_row][vc_column width=&#8220;1\/6&#8243;][\/vc_column][vc_column width=&#8220;2\/3&#8243;][vc_empty_space][vc_column_text] Nombre com\u00fan o vulgar: Cacahuetes, Cacahuete, Man\u00ed, Mandub\u00ed, Manduv\u00ed Nombre cient\u00edfico o latino: Arachis hypogaea Familia: Leguminosas Variedad: Cacahuete larga Origen: nativo de la parte tropical de Am\u00e9rica del Sur, probablemente Brasil. Planta anual herbacea, erecta, ascendente de 15-70 cm&hellip;","og_url":"https:\/\/terraixufa.com\/de\/erdnuss\/","og_site_name":"terraixufa","article_modified_time":"2020-12-17T22:55:32+00:00","twitter_card":"summary_large_image","twitter_misc":{"Gesch\u00e4tzte Lesezeit":"1\u00a0Minute"},"schema":{"@context":"https:\/\/schema.org","@graph":[{"@type":"WebPage","@id":"https:\/\/terraixufa.com\/de\/erdnuss\/","url":"https:\/\/terraixufa.com\/de\/erdnuss\/","name":"Erdnuss - terraixufa","isPartOf":{"@id":"https:\/\/terraixufa.com\/de\/#website"},"datePublished":"2020-12-06T22:07:04+00:00","dateModified":"2020-12-17T22:55:32+00:00","breadcrumb":{"@id":"https:\/\/terraixufa.com\/de\/erdnuss\/#breadcrumb"},"inLanguage":"de","potentialAction":[{"@type":"ReadAction","target":["https:\/\/terraixufa.com\/de\/erdnuss\/"]}]},{"@type":"BreadcrumbList","@id":"https:\/\/terraixufa.com\/de\/erdnuss\/#breadcrumb","itemListElement":[{"@type":"ListItem","position":1,"name":"Portada","item":"https:\/\/terraixufa.com\/de\/"},{"@type":"ListItem","position":2,"name":"Erdnuss"}]},{"@type":"WebSite","@id":"https:\/\/terraixufa.com\/de\/#website","url":"https:\/\/terraixufa.com\/de\/","name":"terraixufa","description":"Productes locals i de temporada","potentialAction":[{"@type":"SearchAction","target":{"@type":"EntryPoint","urlTemplate":"https:\/\/terraixufa.com\/de\/?s={search_term_string}"},"query-input":{"@type":"PropertyValueSpecification","valueRequired":true,"valueName":"search_term_string"}}],"inLanguage":"de"}]}},"_links":{"self":[{"href":"https:\/\/terraixufa.com\/de\/wp-json\/wp\/v2\/pages\/1575","targetHints":{"allow":["GET"]}}],"collection":[{"href":"https:\/\/terraixufa.com\/de\/wp-json\/wp\/v2\/pages"}],"about":[{"href":"https:\/\/terraixufa.com\/de\/wp-json\/wp\/v2\/types\/page"}],"author":[{"embeddable":true,"href":"https:\/\/terraixufa.com\/de\/wp-json\/wp\/v2\/users\/3"}],"replies":[{"embeddable":true,"href":"https:\/\/terraixufa.com\/de\/wp-json\/wp\/v2\/comments?post=1575"}],"version-history":[{"count":8,"href":"https:\/\/terraixufa.com\/de\/wp-json\/wp\/v2\/pages\/1575\/revisions"}],"predecessor-version":[{"id":2169,"href":"https:\/\/terraixufa.com\/de\/wp-json\/wp\/v2\/pages\/1575\/revisions\/2169"}],"wp:attachment":[{"href":"https:\/\/terraixufa.com\/de\/wp-json\/wp\/v2\/media?parent=1575"}],"curies":[{"name":"wp","href":"https:\/\/api.w.org\/{rel}","templated":true}]}}