{"id":1579,"date":"2020-12-06T22:08:17","date_gmt":"2020-12-06T22:08:17","guid":{"rendered":"https:\/\/terraixufa.com\/kontakt\/"},"modified":"2023-06-08T09:19:49","modified_gmt":"2023-06-08T09:19:49","slug":"kontakt","status":"publish","type":"page","link":"https:\/\/terraixufa.com\/de\/kontakt\/","title":{"rendered":"Kontakt"},"content":{"rendered":"<div class=\"wpb-content-wrapper\"><p>[vc_row][vc_column][vc_empty_space height=&#8220;40px&#8220;][vc_column_text]<\/p>\n<h3 style=\"text-align: center;\"><b>Unsere L\u00e4den<\/b><\/h3>\n<p style=\"text-align: center;\">Nachfolgend finden Sie eine detaillierte Liste unserer L\u00e4den, bitte z\u00f6gern Sie nicht, uns kontaktieren.<\/p>\n<h5 style=\"text-align: center;\"><\/h5>\n<p>[\/vc_column_text][vc_separator color=&#8220;white&#8220;][\/vc_column][\/vc_row][vc_row][vc_column width=&#8220;1\/4&#8243;][vc_column_text]<\/p>\n<h4><b>Terra i Xufa verdura i fruita<\/b><\/h4>\n<p>Turia 13<\/p>\n<p><span style=\"font-weight: 400;\">P.I. Mediterrani<\/span><\/p>\n<p><span style=\"font-weight: 400;\">46550 Albuixech, ES-V<\/span><\/p>\n<p><span style=\"font-weight: 400;\">Espa\u00f1a<\/span><\/p>\n<p><span style=\"font-weight: 400;\">Tel\u00e9fono 647587244<\/span><\/p>\n<h5><a href=\"https:\/\/goo.gl\/maps\/YcHBkJo3bVEzBobv5\" target=\"_blank\" rel=\"noopener noreferrer\"><strong>como llegar<\/strong> \u2192<\/a><\/h5>\n<h5><\/h5>\n<p>[\/vc_column_text][\/vc_column][vc_column width=&#8220;1\/4&#8243;][vc_single_image image=&#8220;1205&#8243; img_size=&#8220;full&#8220;][\/vc_column][vc_column width=&#8220;1\/4&#8243;][vc_column_text]<\/p>\n<h4><b>Terra i Xufa Horchata &#8211; chufa &#8211; cerveza<\/b><\/h4>\n<p>Turia 13<\/p>\n<p><span style=\"font-weight: 400;\">P.I. Mediterrani<\/span><\/p>\n<p><span style=\"font-weight: 400;\">46550 Albuixech, ES-V<\/span><\/p>\n<p><span style=\"font-weight: 400;\">Espa\u00f1a<\/span><\/p>\n<p><span style=\"font-weight: 400;\">Tel\u00e9fono 647587244<\/span><\/p>\n<h5><a href=\"https:\/\/goo.gl\/maps\/YzsEqJyYsS1ZxAKQ9\" target=\"_blank\" rel=\"noopener noreferrer\"><strong>c\u00f3mo llegar<\/strong> \u2192<\/a><\/h5>\n<h4><\/h4>\n<p>[\/vc_column_text][\/vc_column][vc_column width=&#8220;1\/4&#8243;][vc_single_image image=&#8220;1205&#8243; img_size=&#8220;full&#8220;][\/vc_column][\/vc_row][vc_row][vc_column][vc_empty_space height=&#8220;55px&#8220;][\/vc_column][\/vc_row][vc_row][vc_column width=&#8220;1\/4&#8243;][vc_column_text]<\/p>\n<h4><a href=\"https:\/\/terraixufa.com\/terra-i-xufa-mercat-rojas-marcos\/\"><b>Terra i Xufa (Mercat Rojas Marcos)<\/b><\/a><\/h4>\n<p><span style=\"font-weight: 400;\">Pla\u00e7a de Rojas Clemente<\/span><\/p>\n<p><span style=\"font-weight: 400;\">Mercat Rojas Clemente<\/span><\/p>\n<p><span style=\"font-weight: 400;\">46008 Val\u00e8ncia, ES-V<\/span><\/p>\n<p><span style=\"font-weight: 400;\">Espa\u00f1a<\/span><\/p>\n<p><span style=\"font-weight: 400;\">Tel\u00e9fono 611415920<\/span><\/p>\n<h5><a href=\"https:\/\/goo.gl\/maps\/uZK8ZtFk5rqzcbdz6\" target=\"_blank\" rel=\"noopener noreferrer\">Anfahrtsplan\u2192<\/a><\/h5>\n<h5><\/h5>\n<p>[\/vc_column_text][\/vc_column][vc_column width=&#8220;1\/4&#8243;][vc_single_image image=&#8220;1297&#8243; img_size=&#8220;full&#8220; onclick=&#8220;custom_link&#8220; link=&#8220;https:\/\/terraixufa.com\/terra-i-xufa-mercat-russafa\/&#8220;][\/vc_column][vc_column width=&#8220;1\/4&#8243;][vc_column_text]<\/p>\n<h4><a href=\"https:\/\/terraixufa.com\/de\/terra-i-xufa-mercado-de-rojas-clemente\/\" target=\"_blank\" rel=\"noopener noreferrer\"><b>Terra i Xufa (Mercado Rojas Clemente)<\/b><\/a><\/h4>\n<p><span style=\"font-weight: 400;\">Plaza de Rojas Clemente<\/span><\/p>\n<p><span style=\"font-weight: 400;\">Mercado Rojas Clemente<\/span><\/p>\n<p><span style=\"font-weight: 400;\">46008 Valencia, ES-V<\/span><\/p>\n<p><span style=\"font-weight: 400;\">Espa\u00f1a<\/span><\/p>\n<p><span style=\"font-weight: 400;\">Tel\u00e9fono 611415920<\/span><\/p>\n<h5><a href=\"https:\/\/goo.gl\/maps\/uZK8ZtFk5rqzcbdz6\" target=\"_blank\" rel=\"noopener noreferrer\"><strong>c\u00f3mo llegar<\/strong> \u2192<\/a><\/h5>\n<h5><\/h5>\n<p>[\/vc_column_text][\/vc_column][vc_column width=&#8220;1\/4&#8243;][vc_single_image image=&#8220;1293&#8243; img_size=&#8220;full&#8220; onclick=&#8220;custom_link&#8220; link=&#8220;https:\/\/terraixufa.com\/terra-i-xufa-mercat-rojas-marcos\/&#8220;][\/vc_column][\/vc_row][vc_row][vc_column width=&#8220;1\/6&#8243;][\/vc_column][vc_column width=&#8220;2\/3&#8243;][vc_empty_space][lab_contact_form message_title=&#8220;Nachricht:&#8220; show_subject_field=&#8220;&#8220; submit_title=&#8220;Senden:&#8220; submit_success=&#8220;Danke # Nachricht gesendet!&#8220; alert_errors=&#8220;&#8220;][\/vc_column][vc_column width=&#8220;1\/6&#8243;][\/vc_column][\/vc_row]<\/p>\n<\/div>","protected":false},"excerpt":{"rendered":"<p>[vc_row][vc_column][vc_empty_space height=&#8220;40px&#8220;][vc_column_text] Unsere L\u00e4den Nachfolgend finden Sie eine detaillierte Liste unserer L\u00e4den, bitte z\u00f6gern Sie nicht, uns kontaktieren. [\/vc_column_text][vc_separator color=&#8220;white&#8220;][\/vc_column][\/vc_row][vc_row][vc_column width=&#8220;1\/4&#8243;][vc_column_text] Terra i Xufa verdura i fruita Turia 13 P.I. Mediterrani 46550 Albuixech, ES-V Espa\u00f1a Tel\u00e9fono 647587244 como llegar \u2192 [\/vc_column_text][\/vc_column][vc_column width=&#8220;1\/4&#8243;][vc_single_image image=&#8220;1205&#8243; img_size=&#8220;full&#8220;][\/vc_column][vc_column width=&#8220;1\/4&#8243;][vc_column_text] Terra i Xufa Horchata &#8211; chufa &#8211; cerveza Turia 13&hellip;<\/p>\n","protected":false},"author":5,"featured_media":0,"parent":0,"menu_order":0,"comment_status":"closed","ping_status":"closed","template":"","meta":{"_acf_changed":false,"footnotes":""},"class_list":["post-1579","page","type-page","status-publish","hentry"],"acf":[],"yoast_head":"<!-- This site is optimized with the Yoast SEO plugin v27.4 - https:\/\/yoast.com\/product\/yoast-seo-wordpress\/ -->\n<title>Kontakt - terraixufa<\/title>\n<meta name=\"description\" content=\"Nachfolgend finden Sie eine detaillierte Liste unserer L\u00e4den, bitte z\u00f6gern Sie nicht, eine der Filialen zu kontaktieren.\" \/>\n<meta name=\"robots\" content=\"index, follow, max-snippet:-1, max-image-preview:large, max-video-preview:-1\" \/>\n<link rel=\"canonical\" href=\"https:\/\/terraixufa.com\/de\/kontakt\/\" \/>\n<meta property=\"og:locale\" content=\"de_DE\" \/>\n<meta property=\"og:type\" content=\"article\" \/>\n<meta property=\"og:title\" content=\"Kontakt - terraixufa\" \/>\n<meta property=\"og:description\" content=\"Nachfolgend finden Sie eine detaillierte Liste unserer L\u00e4den, bitte z\u00f6gern Sie nicht, eine der Filialen zu kontaktieren.\" \/>\n<meta property=\"og:url\" content=\"https:\/\/terraixufa.com\/de\/kontakt\/\" \/>\n<meta property=\"og:site_name\" content=\"terraixufa\" \/>\n<meta property=\"article:modified_time\" content=\"2023-06-08T09:19:49+00:00\" \/>\n<meta name=\"twitter:card\" content=\"summary_large_image\" \/>\n<meta name=\"twitter:label1\" content=\"Gesch\u00e4tzte Lesezeit\" \/>\n\t<meta name=\"twitter:data1\" content=\"1\u00a0Minute\" \/>\n<script type=\"application\/ld+json\" class=\"yoast-schema-graph\">{\"@context\":\"https:\\\/\\\/schema.org\",\"@graph\":[{\"@type\":\"WebPage\",\"@id\":\"https:\\\/\\\/terraixufa.com\\\/de\\\/kontakt\\\/\",\"url\":\"https:\\\/\\\/terraixufa.com\\\/de\\\/kontakt\\\/\",\"name\":\"Kontakt - terraixufa\",\"isPartOf\":{\"@id\":\"https:\\\/\\\/terraixufa.com\\\/de\\\/#website\"},\"datePublished\":\"2020-12-06T22:08:17+00:00\",\"dateModified\":\"2023-06-08T09:19:49+00:00\",\"description\":\"Nachfolgend finden Sie eine detaillierte Liste unserer L\u00e4den, bitte z\u00f6gern Sie nicht, eine der Filialen zu kontaktieren.\",\"breadcrumb\":{\"@id\":\"https:\\\/\\\/terraixufa.com\\\/de\\\/kontakt\\\/#breadcrumb\"},\"inLanguage\":\"de\",\"potentialAction\":[{\"@type\":\"ReadAction\",\"target\":[\"https:\\\/\\\/terraixufa.com\\\/de\\\/kontakt\\\/\"]}]},{\"@type\":\"BreadcrumbList\",\"@id\":\"https:\\\/\\\/terraixufa.com\\\/de\\\/kontakt\\\/#breadcrumb\",\"itemListElement\":[{\"@type\":\"ListItem\",\"position\":1,\"name\":\"Portada\",\"item\":\"https:\\\/\\\/terraixufa.com\\\/de\\\/\"},{\"@type\":\"ListItem\",\"position\":2,\"name\":\"Kontakt\"}]},{\"@type\":\"WebSite\",\"@id\":\"https:\\\/\\\/terraixufa.com\\\/de\\\/#website\",\"url\":\"https:\\\/\\\/terraixufa.com\\\/de\\\/\",\"name\":\"terraixufa\",\"description\":\"Productes locals i de temporada\",\"potentialAction\":[{\"@type\":\"SearchAction\",\"target\":{\"@type\":\"EntryPoint\",\"urlTemplate\":\"https:\\\/\\\/terraixufa.com\\\/de\\\/?s={search_term_string}\"},\"query-input\":{\"@type\":\"PropertyValueSpecification\",\"valueRequired\":true,\"valueName\":\"search_term_string\"}}],\"inLanguage\":\"de\"}]}<\/script>\n<!-- \/ Yoast SEO plugin. -->","yoast_head_json":{"title":"Kontakt - terraixufa","description":"Nachfolgend finden Sie eine detaillierte Liste unserer L\u00e4den, bitte z\u00f6gern Sie nicht, eine der Filialen zu kontaktieren.","robots":{"index":"index","follow":"follow","max-snippet":"max-snippet:-1","max-image-preview":"max-image-preview:large","max-video-preview":"max-video-preview:-1"},"canonical":"https:\/\/terraixufa.com\/de\/kontakt\/","og_locale":"de_DE","og_type":"article","og_title":"Kontakt - terraixufa","og_description":"Nachfolgend finden Sie eine detaillierte Liste unserer L\u00e4den, bitte z\u00f6gern Sie nicht, eine der Filialen zu kontaktieren.","og_url":"https:\/\/terraixufa.com\/de\/kontakt\/","og_site_name":"terraixufa","article_modified_time":"2023-06-08T09:19:49+00:00","twitter_card":"summary_large_image","twitter_misc":{"Gesch\u00e4tzte Lesezeit":"1\u00a0Minute"},"schema":{"@context":"https:\/\/schema.org","@graph":[{"@type":"WebPage","@id":"https:\/\/terraixufa.com\/de\/kontakt\/","url":"https:\/\/terraixufa.com\/de\/kontakt\/","name":"Kontakt - terraixufa","isPartOf":{"@id":"https:\/\/terraixufa.com\/de\/#website"},"datePublished":"2020-12-06T22:08:17+00:00","dateModified":"2023-06-08T09:19:49+00:00","description":"Nachfolgend finden Sie eine detaillierte Liste unserer L\u00e4den, bitte z\u00f6gern Sie nicht, eine der Filialen zu kontaktieren.","breadcrumb":{"@id":"https:\/\/terraixufa.com\/de\/kontakt\/#breadcrumb"},"inLanguage":"de","potentialAction":[{"@type":"ReadAction","target":["https:\/\/terraixufa.com\/de\/kontakt\/"]}]},{"@type":"BreadcrumbList","@id":"https:\/\/terraixufa.com\/de\/kontakt\/#breadcrumb","itemListElement":[{"@type":"ListItem","position":1,"name":"Portada","item":"https:\/\/terraixufa.com\/de\/"},{"@type":"ListItem","position":2,"name":"Kontakt"}]},{"@type":"WebSite","@id":"https:\/\/terraixufa.com\/de\/#website","url":"https:\/\/terraixufa.com\/de\/","name":"terraixufa","description":"Productes locals i de temporada","potentialAction":[{"@type":"SearchAction","target":{"@type":"EntryPoint","urlTemplate":"https:\/\/terraixufa.com\/de\/?s={search_term_string}"},"query-input":{"@type":"PropertyValueSpecification","valueRequired":true,"valueName":"search_term_string"}}],"inLanguage":"de"}]}},"_links":{"self":[{"href":"https:\/\/terraixufa.com\/de\/wp-json\/wp\/v2\/pages\/1579","targetHints":{"allow":["GET"]}}],"collection":[{"href":"https:\/\/terraixufa.com\/de\/wp-json\/wp\/v2\/pages"}],"about":[{"href":"https:\/\/terraixufa.com\/de\/wp-json\/wp\/v2\/types\/page"}],"author":[{"embeddable":true,"href":"https:\/\/terraixufa.com\/de\/wp-json\/wp\/v2\/users\/5"}],"replies":[{"embeddable":true,"href":"https:\/\/terraixufa.com\/de\/wp-json\/wp\/v2\/comments?post=1579"}],"version-history":[{"count":12,"href":"https:\/\/terraixufa.com\/de\/wp-json\/wp\/v2\/pages\/1579\/revisions"}],"predecessor-version":[{"id":3482,"href":"https:\/\/terraixufa.com\/de\/wp-json\/wp\/v2\/pages\/1579\/revisions\/3482"}],"wp:attachment":[{"href":"https:\/\/terraixufa.com\/de\/wp-json\/wp\/v2\/media?parent=1579"}],"curies":[{"name":"wp","href":"https:\/\/api.w.org\/{rel}","templated":true}]}}