{"id":1583,"date":"2020-12-06T22:09:24","date_gmt":"2020-12-06T22:09:24","guid":{"rendered":"https:\/\/terraixufa.com\/schwierigkeiten\/"},"modified":"2020-12-16T12:06:33","modified_gmt":"2020-12-16T12:06:33","slug":"schwierigkeiten","status":"publish","type":"page","link":"https:\/\/terraixufa.com\/de\/schwierigkeiten\/","title":{"rendered":"Schwierigkeiten"},"content":{"rendered":"<div class=\"wpb-content-wrapper\"><p>[vc_row][vc_column][vc_column_text]<\/p>\n<h2 style=\"text-align: center;\">Schwierigkeiten<\/h2>\n<p style=\"text-align: center;\">&#8212;<\/p>\n<p>[\/vc_column_text][vc_single_image image=&#8220;1460&#8243; img_size=&#8220;full&#8220;][vc_column_text][\/vc_column_text][\/vc_column][\/vc_row][vc_row][vc_column width=&#8220;1\/2&#8243;][vc_single_image image=&#8220;1430&#8243; img_size=&#8220;full&#8220;][vc_column_text]<\/p>\n<h4 class=\"p1\"><strong><span class=\"s1\">Einsatz von Kunststoffplanen.<\/span><\/strong><\/h4>\n<p>Wir verwenden Kunststoffplanen, um das Wachstum von Gr\u00e4sern, die in Konkurrenz mit den Tigernusspflanzen treten, zu unterdr\u00fccken, die Ernte durch die Gewinnung von Sonnenenergie voranzutreiben und um Wasser zu sparen, indem wir die Evapotranspiration vermeiden.[\/vc_column_text][\/vc_column][vc_column width=&#8220;1\/2&#8243;][vc_single_image image=&#8220;1438&#8243; img_size=&#8220;full&#8220;][vc_column_text]<\/p>\n<h4 class=\"p1\"><strong><span class=\"s1\">Bew\u00e4sserungsrohre und W\u00e4rmedecken.<\/span><\/strong><\/h4>\n<p>Wir recyceln die Bew\u00e4sserungsrohre und die W\u00e4rmedecken, mit denen wir die Pflanzen vor Frost und vorzeitiger Bl\u00fcte sch\u00fctzen.[\/vc_column_text][vc_column_text]<\/p>\n<h5 style=\"text-align: left;\"><em><a href=\"https:\/\/www.cmplastik.com\/\" target=\"_blank\" rel=\"noopener noreferrer\">Mehr information <strong>\u2192 \u00a0<\/strong><\/a><\/em>CM Plastik<\/h5>\n<p>[\/vc_column_text][\/vc_column][\/vc_row][vc_row][vc_column width=&#8220;1\/2&#8243;][vc_single_image image=&#8220;1456&#8243; img_size=&#8220;full&#8220;][vc_column_text][\/vc_column_text][\/vc_column][vc_column width=&#8220;1\/2&#8243;][vc_single_image image=&#8220;1448&#8243; img_size=&#8220;full&#8220;][vc_column_text][\/vc_column_text][\/vc_column][\/vc_row][vc_row][vc_column width=&#8220;1\/2&#8243;][vc_single_image image=&#8220;1452&#8243; img_size=&#8220;full&#8220;][vc_column_text][\/vc_column_text][\/vc_column][vc_column width=&#8220;1\/2&#8243;][\/vc_column][\/vc_row]<\/p>\n<\/div>","protected":false},"excerpt":{"rendered":"<p>[vc_row][vc_column][vc_column_text] Schwierigkeiten &#8212; [\/vc_column_text][vc_single_image image=&#8220;1460&#8243; img_size=&#8220;full&#8220;][vc_column_text][\/vc_column_text][\/vc_column][\/vc_row][vc_row][vc_column width=&#8220;1\/2&#8243;][vc_single_image image=&#8220;1430&#8243; img_size=&#8220;full&#8220;][vc_column_text] Einsatz von Kunststoffplanen. Wir verwenden Kunststoffplanen, um das Wachstum von Gr\u00e4sern, die in Konkurrenz mit den Tigernusspflanzen treten, zu unterdr\u00fccken, die Ernte durch die Gewinnung von Sonnenenergie voranzutreiben und um Wasser zu sparen, indem wir die Evapotranspiration vermeiden.[\/vc_column_text][\/vc_column][vc_column width=&#8220;1\/2&#8243;][vc_single_image image=&#8220;1438&#8243; img_size=&#8220;full&#8220;][vc_column_text] Bew\u00e4sserungsrohre und W\u00e4rmedecken. Wir recyceln&hellip;<\/p>\n","protected":false},"author":3,"featured_media":0,"parent":0,"menu_order":0,"comment_status":"closed","ping_status":"closed","template":"","meta":{"_acf_changed":false,"footnotes":""},"class_list":["post-1583","page","type-page","status-publish","hentry"],"acf":[],"yoast_head":"<!-- This site is optimized with the Yoast SEO plugin v27.4 - https:\/\/yoast.com\/product\/yoast-seo-wordpress\/ -->\n<title>Schwierigkeiten - terraixufa<\/title>\n<meta name=\"robots\" content=\"index, follow, max-snippet:-1, max-image-preview:large, max-video-preview:-1\" \/>\n<link rel=\"canonical\" href=\"https:\/\/terraixufa.com\/de\/schwierigkeiten\/\" \/>\n<meta property=\"og:locale\" content=\"de_DE\" \/>\n<meta property=\"og:type\" content=\"article\" \/>\n<meta property=\"og:title\" content=\"Schwierigkeiten - terraixufa\" \/>\n<meta property=\"og:description\" content=\"[vc_row][vc_column][vc_column_text] Schwierigkeiten &#8212; [\/vc_column_text][vc_single_image image=&#8220;1460&#8243; img_size=&#8220;full&#8220;][vc_column_text][\/vc_column_text][\/vc_column][\/vc_row][vc_row][vc_column width=&#8220;1\/2&#8243;][vc_single_image image=&#8220;1430&#8243; img_size=&#8220;full&#8220;][vc_column_text] Einsatz von Kunststoffplanen. Wir verwenden Kunststoffplanen, um das Wachstum von Gr\u00e4sern, die in Konkurrenz mit den Tigernusspflanzen treten, zu unterdr\u00fccken, die Ernte durch die Gewinnung von Sonnenenergie voranzutreiben und um Wasser zu sparen, indem wir die Evapotranspiration vermeiden.[\/vc_column_text][\/vc_column][vc_column width=&#8220;1\/2&#8243;][vc_single_image image=&#8220;1438&#8243; img_size=&#8220;full&#8220;][vc_column_text] Bew\u00e4sserungsrohre und W\u00e4rmedecken. Wir recyceln&hellip;\" \/>\n<meta property=\"og:url\" content=\"https:\/\/terraixufa.com\/de\/schwierigkeiten\/\" \/>\n<meta property=\"og:site_name\" content=\"terraixufa\" \/>\n<meta property=\"article:modified_time\" content=\"2020-12-16T12:06:33+00:00\" \/>\n<meta name=\"twitter:card\" content=\"summary_large_image\" \/>\n<meta name=\"twitter:label1\" content=\"Gesch\u00e4tzte Lesezeit\" \/>\n\t<meta name=\"twitter:data1\" content=\"1\u00a0Minute\" \/>\n<script type=\"application\/ld+json\" class=\"yoast-schema-graph\">{\"@context\":\"https:\\\/\\\/schema.org\",\"@graph\":[{\"@type\":\"WebPage\",\"@id\":\"https:\\\/\\\/terraixufa.com\\\/de\\\/schwierigkeiten\\\/\",\"url\":\"https:\\\/\\\/terraixufa.com\\\/de\\\/schwierigkeiten\\\/\",\"name\":\"Schwierigkeiten - terraixufa\",\"isPartOf\":{\"@id\":\"https:\\\/\\\/terraixufa.com\\\/de\\\/#website\"},\"datePublished\":\"2020-12-06T22:09:24+00:00\",\"dateModified\":\"2020-12-16T12:06:33+00:00\",\"breadcrumb\":{\"@id\":\"https:\\\/\\\/terraixufa.com\\\/de\\\/schwierigkeiten\\\/#breadcrumb\"},\"inLanguage\":\"de\",\"potentialAction\":[{\"@type\":\"ReadAction\",\"target\":[\"https:\\\/\\\/terraixufa.com\\\/de\\\/schwierigkeiten\\\/\"]}]},{\"@type\":\"BreadcrumbList\",\"@id\":\"https:\\\/\\\/terraixufa.com\\\/de\\\/schwierigkeiten\\\/#breadcrumb\",\"itemListElement\":[{\"@type\":\"ListItem\",\"position\":1,\"name\":\"Portada\",\"item\":\"https:\\\/\\\/terraixufa.com\\\/de\\\/\"},{\"@type\":\"ListItem\",\"position\":2,\"name\":\"Schwierigkeiten\"}]},{\"@type\":\"WebSite\",\"@id\":\"https:\\\/\\\/terraixufa.com\\\/de\\\/#website\",\"url\":\"https:\\\/\\\/terraixufa.com\\\/de\\\/\",\"name\":\"terraixufa\",\"description\":\"Productes locals i de temporada\",\"potentialAction\":[{\"@type\":\"SearchAction\",\"target\":{\"@type\":\"EntryPoint\",\"urlTemplate\":\"https:\\\/\\\/terraixufa.com\\\/de\\\/?s={search_term_string}\"},\"query-input\":{\"@type\":\"PropertyValueSpecification\",\"valueRequired\":true,\"valueName\":\"search_term_string\"}}],\"inLanguage\":\"de\"}]}<\/script>\n<!-- \/ Yoast SEO plugin. -->","yoast_head_json":{"title":"Schwierigkeiten - terraixufa","robots":{"index":"index","follow":"follow","max-snippet":"max-snippet:-1","max-image-preview":"max-image-preview:large","max-video-preview":"max-video-preview:-1"},"canonical":"https:\/\/terraixufa.com\/de\/schwierigkeiten\/","og_locale":"de_DE","og_type":"article","og_title":"Schwierigkeiten - terraixufa","og_description":"[vc_row][vc_column][vc_column_text] Schwierigkeiten &#8212; [\/vc_column_text][vc_single_image image=&#8220;1460&#8243; img_size=&#8220;full&#8220;][vc_column_text][\/vc_column_text][\/vc_column][\/vc_row][vc_row][vc_column width=&#8220;1\/2&#8243;][vc_single_image image=&#8220;1430&#8243; img_size=&#8220;full&#8220;][vc_column_text] Einsatz von Kunststoffplanen. Wir verwenden Kunststoffplanen, um das Wachstum von Gr\u00e4sern, die in Konkurrenz mit den Tigernusspflanzen treten, zu unterdr\u00fccken, die Ernte durch die Gewinnung von Sonnenenergie voranzutreiben und um Wasser zu sparen, indem wir die Evapotranspiration vermeiden.[\/vc_column_text][\/vc_column][vc_column width=&#8220;1\/2&#8243;][vc_single_image image=&#8220;1438&#8243; img_size=&#8220;full&#8220;][vc_column_text] Bew\u00e4sserungsrohre und W\u00e4rmedecken. Wir recyceln&hellip;","og_url":"https:\/\/terraixufa.com\/de\/schwierigkeiten\/","og_site_name":"terraixufa","article_modified_time":"2020-12-16T12:06:33+00:00","twitter_card":"summary_large_image","twitter_misc":{"Gesch\u00e4tzte Lesezeit":"1\u00a0Minute"},"schema":{"@context":"https:\/\/schema.org","@graph":[{"@type":"WebPage","@id":"https:\/\/terraixufa.com\/de\/schwierigkeiten\/","url":"https:\/\/terraixufa.com\/de\/schwierigkeiten\/","name":"Schwierigkeiten - terraixufa","isPartOf":{"@id":"https:\/\/terraixufa.com\/de\/#website"},"datePublished":"2020-12-06T22:09:24+00:00","dateModified":"2020-12-16T12:06:33+00:00","breadcrumb":{"@id":"https:\/\/terraixufa.com\/de\/schwierigkeiten\/#breadcrumb"},"inLanguage":"de","potentialAction":[{"@type":"ReadAction","target":["https:\/\/terraixufa.com\/de\/schwierigkeiten\/"]}]},{"@type":"BreadcrumbList","@id":"https:\/\/terraixufa.com\/de\/schwierigkeiten\/#breadcrumb","itemListElement":[{"@type":"ListItem","position":1,"name":"Portada","item":"https:\/\/terraixufa.com\/de\/"},{"@type":"ListItem","position":2,"name":"Schwierigkeiten"}]},{"@type":"WebSite","@id":"https:\/\/terraixufa.com\/de\/#website","url":"https:\/\/terraixufa.com\/de\/","name":"terraixufa","description":"Productes locals i de temporada","potentialAction":[{"@type":"SearchAction","target":{"@type":"EntryPoint","urlTemplate":"https:\/\/terraixufa.com\/de\/?s={search_term_string}"},"query-input":{"@type":"PropertyValueSpecification","valueRequired":true,"valueName":"search_term_string"}}],"inLanguage":"de"}]}},"_links":{"self":[{"href":"https:\/\/terraixufa.com\/de\/wp-json\/wp\/v2\/pages\/1583","targetHints":{"allow":["GET"]}}],"collection":[{"href":"https:\/\/terraixufa.com\/de\/wp-json\/wp\/v2\/pages"}],"about":[{"href":"https:\/\/terraixufa.com\/de\/wp-json\/wp\/v2\/types\/page"}],"author":[{"embeddable":true,"href":"https:\/\/terraixufa.com\/de\/wp-json\/wp\/v2\/users\/3"}],"replies":[{"embeddable":true,"href":"https:\/\/terraixufa.com\/de\/wp-json\/wp\/v2\/comments?post=1583"}],"version-history":[{"count":13,"href":"https:\/\/terraixufa.com\/de\/wp-json\/wp\/v2\/pages\/1583\/revisions"}],"predecessor-version":[{"id":2129,"href":"https:\/\/terraixufa.com\/de\/wp-json\/wp\/v2\/pages\/1583\/revisions\/2129"}],"wp:attachment":[{"href":"https:\/\/terraixufa.com\/de\/wp-json\/wp\/v2\/media?parent=1583"}],"curies":[{"name":"wp","href":"https:\/\/api.w.org\/{rel}","templated":true}]}}