{"id":1589,"date":"2020-12-06T22:10:58","date_gmt":"2020-12-06T22:10:58","guid":{"rendered":"https:\/\/terraixufa.com\/ueber-uns\/"},"modified":"2022-11-22T16:09:34","modified_gmt":"2022-11-22T16:09:34","slug":"ueber-uns","status":"publish","type":"page","link":"https:\/\/terraixufa.com\/de\/ueber-uns\/","title":{"rendered":"\u00dcber uns"},"content":{"rendered":"<div class=\"wpb-content-wrapper\"><p>[vc_row][vc_column][\/vc_column][\/vc_row][vc_row][vc_column width=&#8220;1\/6&#8243;][\/vc_column][vc_column width=&#8220;2\/3&#8243;][vc_column_text]<\/p>\n<p align=\"justify\">TERRA I XUFA ist ein Unternehmen, bestehend aus Produzenten und Verk\u00e4ufern von Obst und Gem\u00fcse aus Valencia.<br \/>\nWir glauben an die Proximity-Landwirtschaft bei der der Landwirt an der Wertsch\u00f6pfungskette des Produkts beteiligt ist. Zum einen, weil niemand wie der Landwirt selbst sich um die Qualit\u00e4t des Produkts sorgt, angefangen von der Aussaat bis zum Verbraucher. Zum anderen, weil dies die Wirtschaftlichkeit kleiner agro\u00f6kologischer Betriebe sicherstellt.<\/p>\n<p>[\/vc_column_text][vc_empty_space height=&#8220;60px&#8220;][\/vc_column][vc_column width=&#8220;1\/6&#8243;][\/vc_column][\/vc_row][vc_row equal_height=&#8220;yes&#8220;][vc_column width=&#8220;1\/2&#8243;][vc_single_image image=&#8220;1223&#8243; img_size=&#8220;full&#8220;][vc_column_text]<\/p>\n<h4 class=\"p1\"><strong><span class=\"s1\">Wissen.<\/span><\/strong><\/h4>\n<p align=\"justify\">Die Landwirtschaft, die wir in Terra i Xufa betreiben, basiert auf den Wurzeln unserer Vorfahren, den Bauern der valencianischen Huerta und den trocken Feldern, die sie umgeben.<\/p>\n<p>[\/vc_column_text][vc_empty_space height=&#8220;60px&#8220;][\/vc_column][vc_column width=&#8220;1\/2&#8243;][vc_single_image image=&#8220;1198&#8243; img_size=&#8220;full&#8220;][vc_column_text]<\/p>\n<h4 class=\"p1\"><strong><span class=\"s1\"> Samen.<\/span><\/strong><\/h4>\n<p align=\"justify\">Wir erhalten das genetische Erbe, das seit Generationen verbessert wurde, und passen es an die aktuellen Techniken des \u00f6kologischen Landbaus an.<\/p>\n<p>[\/vc_column_text][vc_empty_space height=&#8220;60px&#8220;][\/vc_column][\/vc_row][vc_row equal_height=&#8220;yes&#8220;][vc_column width=&#8220;1\/2&#8243;][vc_single_image image=&#8220;1387&#8243; img_size=&#8220;full&#8220;][vc_column_text]<\/p>\n<h4>Bewusstsein.<\/h4>\n<p align=\"justify\">Die beste pflanzengesundheitliche Behandlung ist die, die nicht durchgef\u00fchrt wird. Deshalb gelten unsere Bem\u00fchungen einer gr\u00f6\u00dferen Biodiversit\u00e4t auf dem Mas (Biohof).<\/p>\n<p>[\/vc_column_text][vc_column_text]<\/p>\n<h5 style=\"text-align: left;\"><em><a href=\"https:\/\/terraixufa.com\/de\/mas-i-riurau-del-fondo\/\" rel=\"noopener noreferrer\">Mehr Information <strong>\u2192<\/strong><\/a><\/em> Mas i Riurau del Fondo<\/h5>\n<p>[\/vc_column_text][vc_empty_space height=&#8220;60px&#8220;][\/vc_column][vc_column width=&#8220;1\/2&#8243;][vc_single_image image=&#8220;1283&#8243; img_size=&#8220;full&#8220;][vc_column_text]<\/p>\n<h4 class=\"p1\"><strong><span class=\"s1\">Farm.<\/span><\/strong><\/h4>\n<p align=\"justify\">F\u00fcr uns beinhaltet das Agrosystem eine umfangreiche und \u00f6kologische Tierhaltung. Bienen und unsere Guirra-Schafe sind in den Kreislauf der landwirtschaftlichen Aufgaben des Bio-Bauernhofes integriert.<\/p>\n<p>[\/vc_column_text][vc_column_text]<\/p>\n<h5 style=\"text-align: left;\"><em><a href=\"https:\/\/terraixufa.com\/de\/organismen\/\" target=\"_blank\" rel=\"noopener noreferrer\">Mehr Information <strong>\u2192<\/strong><\/a><\/em><\/h5>\n<p>[\/vc_column_text][\/vc_column][\/vc_row][vc_row equal_height=&#8220;yes&#8220;][vc_column width=&#8220;1\/2&#8243;][vc_single_image image=&#8220;1235&#8243; img_size=&#8220;full&#8220;][vc_column_text]<\/p>\n<h4 class=\"p1\"><strong><span class=\"s1\">D\u00fcnger.<\/span><\/strong><\/h4>\n<p align=\"justify\">Grundlage all unserer Arbeit ist die Kompostierung des Mistes der Guirras-Schafe, womit wir die Qualit\u00e4t des Komposts verbessern und durch das Einbringen in den Boden den N\u00e4hrstoffkreislauf schlie\u00dfen.<\/p>\n<p>[\/vc_column_text][vc_empty_space height=&#8220;60px&#8220;][\/vc_column][vc_column width=&#8220;1\/2&#8243;][vc_single_image image=&#8220;1288&#8243; img_size=&#8220;full&#8220;][vc_column_text]<\/p>\n<h4 class=\"p1\"><strong><span class=\"s1\">Lokal.<\/span><\/strong><\/h4>\n<p align=\"justify\">Da wir an ein agro\u00f6kologisches Verbrauchsmodell glauben, verpflichten wir uns zum Direktvertrieb \u00fcber kurze Wege mit anderen Herstellern.<\/p>\n<p>[\/vc_column_text][vc_column_text]<\/p>\n<h5 style=\"text-align: left;\"><em><a href=\"https:\/\/terraixufa.com\/circular\/\" rel=\"noopener noreferrer\">Mehr Information <strong>\u2192<\/strong><\/a><\/em><\/h5>\n<p>[\/vc_column_text][vc_empty_space height=&#8220;60px&#8220;][\/vc_column][\/vc_row][vc_row equal_height=&#8220;yes&#8220;][vc_column width=&#8220;1\/2&#8243;][vc_single_image image=&#8220;3365&#8243; img_size=&#8220;full&#8220;][vc_column_text]<\/p>\n<h4 class=\"p1\"><strong><span class=\"s1\">Sozial.<\/span><\/strong><\/h4>\n<p align=\"justify\">Wir verstehen die Landwirtschaft als Instrument f\u00fcr den sozialen Wandel. Deshalb unterst\u00fctzen wir Projekte zur Ausbildung und Sozialarbeit.<\/p>\n<h5><em><a class=\"link-hover\" href=\"https:\/\/terraixufa.com\/social\/\" rel=\"noopener noreferrer\">Mehr information <strong>\u2192<\/strong><\/a><\/em><\/h5>\n<p>[\/vc_column_text][vc_empty_space height=&#8220;60px&#8220;][\/vc_column][vc_column width=&#8220;1\/2&#8243;][vc_single_image image=&#8220;1346&#8243; img_size=&#8220;full&#8220;][vc_column_text]<\/p>\n<h4 class=\"p1\"><strong><span class=\"s1\">Schwierigkeiten.<\/span><\/strong><\/h4>\n<p>[\/vc_column_text][vc_column_text]<\/p>\n<h5 style=\"text-align: left;\"><em><a href=\" https:\/\/terraixufa.com\/dificultades\/\" rel=\"noopener noreferrer\">Mehr Information <strong>\u2192<\/strong><\/a><\/em><\/h5>\n<p>[\/vc_column_text][\/vc_column][\/vc_row][vc_row equal_height=&#8220;yes&#8220;][vc_column width=&#8220;1\/2&#8243;][vc_single_image image=&#8220;1398&#8243; img_size=&#8220;full&#8220;][vc_column_text]<\/p>\n<h4 class=\"p1\"><strong><span class=\"s1\">Kreislauf.<\/span><\/strong><\/h4>\n<p>Wir versuchen, den Kreis zu schlie\u00dfen und<\/p>\n<p align=\"justify\">Abfallerzeugung zu minimieren. Aus diesem Grund sammeln wir unseren landwirtschaftlichen Kunststoffe mit f\u00fcr ein lokalen Unternehmen, welches diesen in Tische und B\u00e4nke f\u00fcr unseren Betrieb umwandelt.<\/p>\n<p>[\/vc_column_text][vc_column_text]<\/p>\n<h5 style=\"text-align: left;\"><em><a href=\" https:\/\/terraixufa.com\/dificultades\/\" rel=\"noopener noreferrer\">Mehr Information <strong>\u2192<\/strong><\/a><\/em><\/h5>\n<p>[\/vc_column_text][vc_empty_space height=&#8220;60px&#8220;][\/vc_column][vc_column width=&#8220;1\/2&#8243;][vc_single_image image=&#8220;1405&#8243; img_size=&#8220;full&#8220;][vc_column_text]<\/p>\n<h4 class=\"p1\"><strong><span class=\"s1\">Design.<\/span><\/strong><\/h4>\n<p align=\"justify\">Seit Beginn des Projekts haben wir das Image unserer Produkte lokalen Designern, Illustratoren oder Innenarchitekten anvertraut. Ihr Talent und ihre Kreativit\u00e4t sind endlos. Von der Fotogalerie der Produkte, Marktst\u00e4nden, LKWs, der Lagert\u00fcr&#8230;<\/p>\n<p>Design: <a href=\"https:\/\/www.didacballester.com\/es\/packaging\/\" target=\"_blank\" rel=\"noopener noreferrer\">Didac Ballester<\/a><\/p>\n<p>Zeichnungen: <a href=\"https:\/\/www.paulabonet.com\/\" target=\"_blank\" rel=\"noopener noreferrer\">Paula Bonet<\/a><\/p>\n<p>Innenarchitekt: <a href=\"http:\/\/fredericperers.cat\/\" target=\"_blank\" rel=\"noopener noreferrer\">Frederic Perers<\/a>[\/vc_column_text][\/vc_column][\/vc_row][vc_row equal_height=&#8220;yes&#8220;][vc_column width=&#8220;1\/2&#8243;][vc_single_image image=&#8220;1198&#8243; img_size=&#8220;full&#8220;][vc_column_text]<\/p>\n<h4 class=\"p1\"><strong><span class=\"s1\">Was wird \u00fcber uns gesagt?<\/span><\/strong><\/h4>\n<p>[\/vc_column_text][vc_column_text]<\/p>\n<h5 style=\"text-align: left;\"><em><a href=\"https:\/\/terraixufa.com\/difichttps:\/\/terraixufa.com\/que-dicen-sobre-nosotros\/ultades\/\" target=\"_blank\" rel=\"noopener noreferrer\">Zu den Links<\/a><\/em><\/h5>\n<p>[\/vc_column_text][vc_empty_space height=&#8220;60px&#8220;][\/vc_column][vc_column width=&#8220;1\/2&#8243;][\/vc_column][\/vc_row]<\/p>\n<\/div>","protected":false},"excerpt":{"rendered":"<p>[vc_row][vc_column][\/vc_column][\/vc_row][vc_row][vc_column width=&#8220;1\/6&#8243;][\/vc_column][vc_column width=&#8220;2\/3&#8243;][vc_column_text] TERRA I XUFA ist ein Unternehmen, bestehend aus Produzenten und Verk\u00e4ufern von Obst und Gem\u00fcse aus Valencia. Wir glauben an die Proximity-Landwirtschaft bei der der Landwirt an der Wertsch\u00f6pfungskette des Produkts beteiligt ist. Zum einen, weil niemand wie der Landwirt selbst sich um die Qualit\u00e4t des Produkts sorgt, angefangen von der Aussaat&hellip;<\/p>\n","protected":false},"author":5,"featured_media":0,"parent":0,"menu_order":0,"comment_status":"closed","ping_status":"closed","template":"","meta":{"_acf_changed":false,"footnotes":""},"class_list":["post-1589","page","type-page","status-publish","hentry"],"acf":[],"yoast_head":"<!-- This site is optimized with the Yoast SEO plugin v27.4 - https:\/\/yoast.com\/product\/yoast-seo-wordpress\/ -->\n<title>\u00dcber uns - terraixufa<\/title>\n<meta name=\"robots\" content=\"index, follow, max-snippet:-1, max-image-preview:large, max-video-preview:-1\" \/>\n<link rel=\"canonical\" href=\"https:\/\/terraixufa.com\/de\/ueber-uns\/\" \/>\n<meta property=\"og:locale\" content=\"de_DE\" \/>\n<meta property=\"og:type\" content=\"article\" \/>\n<meta property=\"og:title\" content=\"\u00dcber uns - terraixufa\" \/>\n<meta property=\"og:description\" content=\"[vc_row][vc_column][\/vc_column][\/vc_row][vc_row][vc_column width=&#8220;1\/6&#8243;][\/vc_column][vc_column width=&#8220;2\/3&#8243;][vc_column_text] TERRA I XUFA ist ein Unternehmen, bestehend aus Produzenten und Verk\u00e4ufern von Obst und Gem\u00fcse aus Valencia. Wir glauben an die Proximity-Landwirtschaft bei der der Landwirt an der Wertsch\u00f6pfungskette des Produkts beteiligt ist. Zum einen, weil niemand wie der Landwirt selbst sich um die Qualit\u00e4t des Produkts sorgt, angefangen von der Aussaat&hellip;\" \/>\n<meta property=\"og:url\" content=\"https:\/\/terraixufa.com\/de\/ueber-uns\/\" \/>\n<meta property=\"og:site_name\" content=\"terraixufa\" \/>\n<meta property=\"article:modified_time\" content=\"2022-11-22T16:09:34+00:00\" \/>\n<meta name=\"twitter:card\" content=\"summary_large_image\" \/>\n<meta name=\"twitter:label1\" content=\"Gesch\u00e4tzte Lesezeit\" \/>\n\t<meta name=\"twitter:data1\" content=\"2\u00a0Minuten\" \/>\n<script type=\"application\/ld+json\" class=\"yoast-schema-graph\">{\"@context\":\"https:\\\/\\\/schema.org\",\"@graph\":[{\"@type\":\"WebPage\",\"@id\":\"https:\\\/\\\/terraixufa.com\\\/de\\\/ueber-uns\\\/\",\"url\":\"https:\\\/\\\/terraixufa.com\\\/de\\\/ueber-uns\\\/\",\"name\":\"\u00dcber uns - terraixufa\",\"isPartOf\":{\"@id\":\"https:\\\/\\\/terraixufa.com\\\/de\\\/#website\"},\"datePublished\":\"2020-12-06T22:10:58+00:00\",\"dateModified\":\"2022-11-22T16:09:34+00:00\",\"breadcrumb\":{\"@id\":\"https:\\\/\\\/terraixufa.com\\\/de\\\/ueber-uns\\\/#breadcrumb\"},\"inLanguage\":\"de\",\"potentialAction\":[{\"@type\":\"ReadAction\",\"target\":[\"https:\\\/\\\/terraixufa.com\\\/de\\\/ueber-uns\\\/\"]}]},{\"@type\":\"BreadcrumbList\",\"@id\":\"https:\\\/\\\/terraixufa.com\\\/de\\\/ueber-uns\\\/#breadcrumb\",\"itemListElement\":[{\"@type\":\"ListItem\",\"position\":1,\"name\":\"Portada\",\"item\":\"https:\\\/\\\/terraixufa.com\\\/de\\\/\"},{\"@type\":\"ListItem\",\"position\":2,\"name\":\"\u00dcber uns\"}]},{\"@type\":\"WebSite\",\"@id\":\"https:\\\/\\\/terraixufa.com\\\/de\\\/#website\",\"url\":\"https:\\\/\\\/terraixufa.com\\\/de\\\/\",\"name\":\"terraixufa\",\"description\":\"Productes locals i de temporada\",\"potentialAction\":[{\"@type\":\"SearchAction\",\"target\":{\"@type\":\"EntryPoint\",\"urlTemplate\":\"https:\\\/\\\/terraixufa.com\\\/de\\\/?s={search_term_string}\"},\"query-input\":{\"@type\":\"PropertyValueSpecification\",\"valueRequired\":true,\"valueName\":\"search_term_string\"}}],\"inLanguage\":\"de\"}]}<\/script>\n<!-- \/ Yoast SEO plugin. -->","yoast_head_json":{"title":"\u00dcber uns - terraixufa","robots":{"index":"index","follow":"follow","max-snippet":"max-snippet:-1","max-image-preview":"max-image-preview:large","max-video-preview":"max-video-preview:-1"},"canonical":"https:\/\/terraixufa.com\/de\/ueber-uns\/","og_locale":"de_DE","og_type":"article","og_title":"\u00dcber uns - terraixufa","og_description":"[vc_row][vc_column][\/vc_column][\/vc_row][vc_row][vc_column width=&#8220;1\/6&#8243;][\/vc_column][vc_column width=&#8220;2\/3&#8243;][vc_column_text] TERRA I XUFA ist ein Unternehmen, bestehend aus Produzenten und Verk\u00e4ufern von Obst und Gem\u00fcse aus Valencia. Wir glauben an die Proximity-Landwirtschaft bei der der Landwirt an der Wertsch\u00f6pfungskette des Produkts beteiligt ist. Zum einen, weil niemand wie der Landwirt selbst sich um die Qualit\u00e4t des Produkts sorgt, angefangen von der Aussaat&hellip;","og_url":"https:\/\/terraixufa.com\/de\/ueber-uns\/","og_site_name":"terraixufa","article_modified_time":"2022-11-22T16:09:34+00:00","twitter_card":"summary_large_image","twitter_misc":{"Gesch\u00e4tzte Lesezeit":"2\u00a0Minuten"},"schema":{"@context":"https:\/\/schema.org","@graph":[{"@type":"WebPage","@id":"https:\/\/terraixufa.com\/de\/ueber-uns\/","url":"https:\/\/terraixufa.com\/de\/ueber-uns\/","name":"\u00dcber uns - terraixufa","isPartOf":{"@id":"https:\/\/terraixufa.com\/de\/#website"},"datePublished":"2020-12-06T22:10:58+00:00","dateModified":"2022-11-22T16:09:34+00:00","breadcrumb":{"@id":"https:\/\/terraixufa.com\/de\/ueber-uns\/#breadcrumb"},"inLanguage":"de","potentialAction":[{"@type":"ReadAction","target":["https:\/\/terraixufa.com\/de\/ueber-uns\/"]}]},{"@type":"BreadcrumbList","@id":"https:\/\/terraixufa.com\/de\/ueber-uns\/#breadcrumb","itemListElement":[{"@type":"ListItem","position":1,"name":"Portada","item":"https:\/\/terraixufa.com\/de\/"},{"@type":"ListItem","position":2,"name":"\u00dcber uns"}]},{"@type":"WebSite","@id":"https:\/\/terraixufa.com\/de\/#website","url":"https:\/\/terraixufa.com\/de\/","name":"terraixufa","description":"Productes locals i de temporada","potentialAction":[{"@type":"SearchAction","target":{"@type":"EntryPoint","urlTemplate":"https:\/\/terraixufa.com\/de\/?s={search_term_string}"},"query-input":{"@type":"PropertyValueSpecification","valueRequired":true,"valueName":"search_term_string"}}],"inLanguage":"de"}]}},"_links":{"self":[{"href":"https:\/\/terraixufa.com\/de\/wp-json\/wp\/v2\/pages\/1589","targetHints":{"allow":["GET"]}}],"collection":[{"href":"https:\/\/terraixufa.com\/de\/wp-json\/wp\/v2\/pages"}],"about":[{"href":"https:\/\/terraixufa.com\/de\/wp-json\/wp\/v2\/types\/page"}],"author":[{"embeddable":true,"href":"https:\/\/terraixufa.com\/de\/wp-json\/wp\/v2\/users\/5"}],"replies":[{"embeddable":true,"href":"https:\/\/terraixufa.com\/de\/wp-json\/wp\/v2\/comments?post=1589"}],"version-history":[{"count":29,"href":"https:\/\/terraixufa.com\/de\/wp-json\/wp\/v2\/pages\/1589\/revisions"}],"predecessor-version":[{"id":3395,"href":"https:\/\/terraixufa.com\/de\/wp-json\/wp\/v2\/pages\/1589\/revisions\/3395"}],"wp:attachment":[{"href":"https:\/\/terraixufa.com\/de\/wp-json\/wp\/v2\/media?parent=1589"}],"curies":[{"name":"wp","href":"https:\/\/api.w.org\/{rel}","templated":true}]}}