{"id":2176,"date":"2020-12-21T22:27:26","date_gmt":"2020-12-21T22:27:26","guid":{"rendered":"https:\/\/terraixufa.com\/nutzungsbedingungen\/"},"modified":"2021-02-14T23:51:27","modified_gmt":"2021-02-14T23:51:27","slug":"nutzungsbedingungen","status":"publish","type":"page","link":"https:\/\/terraixufa.com\/de\/nutzungsbedingungen\/","title":{"rendered":"Nutzungsbedingungen"},"content":{"rendered":"<div class=\"wpb-content-wrapper\"><p>[vc_row][vc_column][vc_column_text]<\/p>\n<p><span style=\"color: #333333;\"><\/p>\n&#13;\n<h3 class=\"wp-block-heading\"><span style=\"color: #333333;\"><strong>VERTRAGSBEDINGUNGEN.<\/strong><\/span><\/h3>&#13;\n<p><span style=\"color: #333333;\"><\/span><\/p><p><\/span><\/p>\n&#13;\n<h4 class=\"wp-block-heading\"><span style=\"color: #333333;\"><strong>ALGEMEINE BEDINGUNGEN<\/strong><\/span><\/h4>&#13;\n<p><span style=\"color: #333333;\"><\/span><\/p><p><\/span><\/p>\n&#13;\n<p>Dieses Dokument enth\u00e4lt die Vertragsbedingungen f\u00fcr die Produkte des Online-Shops von <strong>TERRA I XUFA<\/strong> (<a href=\"https:\/\/terraixufa.com\/de\/shop\/\">https:\/\/terraixufa.com\/de\/shop\/<\/a>), dessen Eigent\u00fcmer <strong>TERRA I XUFA, S.L<\/strong>. ist.<\/p>&#13;\n<p><span style=\"color: #333333;\"><\/span><\/p><p><\/span><\/p>\n&#13;\n<p>Die vollst\u00e4ndige und vorbehaltlose Annahme dieser Bedingungen ist f\u00fcr den Kauf von Produkten aus dem Online-Shop erforderlich, ebenso wie die Annahme der \u00fcbrigen Bedingungen, die in unserer Datenschutzerkl\u00e4rung und im Impressum enthalten sind. Diese Vereinbarungen und Bedingungen bilden den &#8222;Vertrag&#8220; zwischen dem Nutzer\/Auftraggeber und TERRA I XUFA S.L. und regeln die Gesch\u00e4ftsbeziehung zwischen beiden. TERRA I XUFA S.L. beh\u00e4lt sich das Recht vor, den Inhalt, die Vertragsbedingungen sowie die Datenschutzbestimmungen zu \u00e4ndern und zu aktualisieren, weshalb der Nutzer sicherstellen muss, dass diese Bedingungen die zuletzt ver\u00f6ffentlichten sind.<\/p>&#13;\n<p><span style=\"color: #333333;\"><\/span><\/p><p><\/span><\/p>\n&#13;\n<p>Der Benutzer\/Auftraggeber, im Folgenden K\u00e4ufer genannt, muss, um einen Vertrag abschlie\u00dfen zu k\u00f6nnen, vollj\u00e4hrig sein und in voller Aus\u00fcbung seiner Vertragsvollmacht nach spanischem Recht stehen.&#13;\n\u00dcber den Online-Shop werden nur Lieferungen nach Spanien, mit Ausnahme der Kanarischen Inseln, Ceuta und Melilla, im Folgenden das &#8222;Gebiet&#8220; genannt, vorgenommen. Wenn sich der Benutzer\/Kunde au\u00dferhalb des &#8222;Gebiets&#8220; befindet, muss er unsere Exportabteilung per E-Mail (info@terraixufa.com) oder telefonisch unter folgender Nummer kontaktieren: +34 963733944<\/p>&#13;\n<p><span style=\"color: #333333;\"><\/span><\/p><p><\/span><\/p>\n&#13;\n<h4 class=\"wp-block-heading\"><span style=\"color: #333333;\"><strong>KAUF UND BEZAHLUNG<\/strong><\/span><\/h4>&#13;\n<p><span style=\"color: #333333;\"><\/span><\/p><p><\/span><\/p>\n&#13;\n<p><span style=\"color: #333333;\"><strong>a) Produktauswahl:<\/strong><\/span><\/p>&#13;\n<p><span style=\"color: #333333;\"><\/span><\/p><p><\/span><\/p>\n&#13;\n<p>Nach dem Aufrufen des Online-Shops muss der Benutzer die Produkte ausw\u00e4hlen, die er kaufen m\u00f6chte, und diese werden dann im Warenkorb angezeigt. Jedes der Produkte hat eine Beschreibung, den St\u00fcckpreis des Produkts mit den anfallenden Steuern und die Produktmenge. Der Endpreis des Kaufs, bei der Auswahl des Produkts, wird um die Versandkosten erh\u00f6ht. Je nachdem, wohin die Bestellung geschickt werden soll und wie hoch die endg\u00fcltige Abnahmemenge ist, k\u00f6nnen die Kosten jedoch variieren, und diese Abweichung wird in der Endphase des Vertrags, aber immer vor der Zahlung, mitgeteilt. Ebenso werden die Preise der Produkte jederzeit aktualisiert, es sei denn, es liegt ein offensichtlicher Fehler im Preis vor. In diesem Fall wird TERRA I XUFA S.L. den Verbraucher kontaktieren, der den korrekten Preis des Produkts akzeptiert, oder ihm die Stornierung der Bestellung und die R\u00fcckerstattung des gezahlten Betrags anbieten.<\/p>&#13;\n<p><span style=\"color: #333333;\"><\/span><\/p><p><\/span><\/p>\n&#13;\n<p>Nach der Auswahl der Produkte muss der Benutzer\/Kunde in den Warenkorb gehen und pr\u00fcfen, ob die Auswahl mit seiner Bestellung \u00fcbereinstimmt.<\/p>&#13;\n<p><span style=\"color: #333333;\"><\/span><\/p><p><\/span><\/p>\n&#13;\n<p>Bevor Sie den Kauf abschlie\u00dfen, m\u00fcssen Sie sich registrieren, indem Sie die im Formular enthaltenen Daten angeben. Die mit einem Sternchen gekennzeichneten Abschnitte sind obligatorisch, die \u00fcbrigen Felder sind optional. Die obligatorischen Felder sind notwendig, um den Kauf durchzuf\u00fchren, und Ihre Weigerung, sie auszuf\u00fcllen, verhindert die Bearbeitung der Bestellung. Sie m\u00fcssen auch die Datenschutzrichtlinie und andere Bedingungen und Konditionen akzeptieren. Die pers\u00f6nlichen Daten und andere Informationen, die f\u00fcr die Bestellung erforderlich sind, m\u00fcssen wahrheitsgem\u00e4\u00df und aktuell sein, andernfalls \u00fcbernimmt der K\u00e4ufer die Verantwortung f\u00fcr die Angabe unvollst\u00e4ndiger oder falscher Informationen.<\/p>&#13;\n<p><span style=\"color: #333333;\"><\/span><\/p><p><\/span><\/p>\n&#13;\n<p><span style=\"color: #333333;\"><strong><strong>b) b) Zahlungsarten:<\/strong><\/strong><\/span><\/p>&#13;\n<p><span style=\"color: #333333;\"><\/span><\/p><p><\/span><\/p>\n&#13;\n<p><span style=\"color: #333333;\">Der Online-Shop bietet Ihnen die folgenden Zahlungsmittel an:<\/span><\/p>&#13;\n<p><span style=\"color: #333333;\"><\/span><\/p><p><\/span><\/p>\n&#13;\n<p><strong>1. Kreditkarten:<\/strong> \u00dcber eine von der TRIODOS BANK zur Verf\u00fcgung gestellte virtuelle Kasse. Akzeptiert Kredit- und Debitkarten von Visa, Matercard, American Espress.&#13;\n<strong>2. \u00dcberweisung:<\/strong> Der Benutzer\/Kunde erh\u00e4lt eine E-Mail mit der Angabe der Kontonummer, auf die die \u00dcberweisung des Kaufbetrags erfolgen muss.<\/p>&#13;\n<p><span style=\"color: #333333;\"><\/span><\/p><p><\/span><\/p>\n&#13;\n<p><strong>3. Bizum:<\/strong> Es wird eine Telefonnummer angegeben, die mit unserem Bankkonto verbunden ist.<\/p>&#13;\n<p><span style=\"color: #333333;\"><\/span><\/p><p><\/span><\/p>\n&#13;\n<p>Alle Zahlungsformen werden \u00fcber sichere Plattformen abgewickelt, die Sicherheitsma\u00dfnahmen und -protokolle verwenden, die die Vertraulichkeit der Transaktionen garantieren. Die im Formular eingegebenen Zahlungsinformationen werden direkt von den Dienstleistern verarbeitet. TERRA I XUFA S.L. hat keinen Zugang zu ihr.<\/p>&#13;\n<p><span style=\"color: #333333;\"><\/span><\/p><p><\/span><\/p>\n&#13;\n<p>Nachdem alle Daten eingegeben und der Kauf vom Benutzer verifiziert wurde, erh\u00e4lt dieser eine E-Mail zur Best\u00e4tigung der Bestellung mit einer Zusammenfassung der Transaktion (gekaufte Produkte, Preis und ungef\u00e4hre Lieferzeiten). Sollte TERRA I XUFA nach dem Kauf eines oder mehrere der gekauften Produkte nicht vorr\u00e4tig haben, wird diese Tatsache dem Kunden direkt per E-Mail mitgeteilt, damit er die Produkte ersetzen oder die Bestellung stornieren kann.<\/p>&#13;\n<p><span style=\"color: #333333;\"><\/span><\/p><p><\/span><\/p>\n&#13;\n<p>F\u00fcr den Fall, dass Ihre Karte ohne Ihr Zutun belastet wird, haben Sie Anspruch auf eine sofortige Erstattung des Betrages. TERRA I XUFA, S.L. kann jedoch eine Begr\u00fcndung f\u00fcr den Verlust, den Diebstahl, das Abhandenkommen oder die Sperrung der Karte verlangen, um die betr\u00fcgerische Belastung anrechnen zu k\u00f6nnen.<\/p>&#13;\n<p><span style=\"color: #333333;\"><\/span><\/p><p><\/span><\/p>\n&#13;\n<h4 class=\"wp-block-heading\"><span style=\"color: #333333;\"><strong>LIEFERZEITEN UND KOSTEN<\/strong><\/span><\/h4>&#13;\n<p><span style=\"color: #333333;\"><\/span><\/p><p><\/span><\/p>\n&#13;\n<p>Nach \u00dcberpr\u00fcfung der Zahlung liefert TERRA I XUFA, S.L. die Bestellung innerhalb einer Frist von maximal 72 Arbeitsstunden (f\u00fcr Lieferungen innerhalb des &#8222;Territoriums&#8220;), gerechnet ab dem Tag nach Zahlungseingang, unabh\u00e4ngig von Samstagen, Sonn- und Feiertagen. Die Kosten sind im Preis enthalten und werden w\u00e4hrend des Vertragsabschlusses berechnet.<\/p>&#13;\n<p><span style=\"color: #333333;\"><\/span><\/p><p><\/span><\/p>\n&#13;\n<h4 class=\"wp-block-heading\"><span style=\"color: #333333;\"><strong>R\u00dcCKGABEPOLITIK<\/strong><\/span><\/h4>&#13;\n<p><span style=\"color: #333333;\"><\/span><\/p><p><\/span><\/p>\n&#13;\n<p><span style=\"color: #333333;\"><strong>a) Recht zum R\u00fccktritt vom Vertrag:<\/strong><\/span><\/p>&#13;\n<p><span style=\"color: #333333;\"><\/span><\/p><p><\/span><\/p>\n&#13;\n<p>Sofern der K\u00e4ufer ein Endverbraucher ist, hat er das Recht, innerhalb einer Frist von h\u00f6chstens 14 Kalendertagen ab Zugang der Bestellung vom Vertrag zur\u00fcckzutreten. Der R\u00fccktritt kann TERRA I XUFA, S.L. auf folgende Weise mitgeteilt werden:<\/p>&#13;\n<p><span style=\"color: #333333;\"><\/span><\/p><p><\/span><\/p>\n&#13;\n<p><span style=\"color: #333333;\">Telefonnummer des Kundendienstes: +34 +34 963733944 E-Mail: comercial@terraixufa.com<\/span><\/p>&#13;\n<p><span style=\"color: #333333;\"><\/span><\/p><p><\/span><\/p>\n&#13;\n<p>Nachdem Sie Ihren Wunsch, den Kauf zu stornieren, mitgeteilt haben, m\u00fcssen Sie die Bestellung in der Originalverpackung, da es sich um ein Lebensmittelprodukt handelt, und gegen Zahlung der Versandkosten an folgende Adresse senden:<\/p>&#13;\n<p><span style=\"color: #333333;\"><\/span><\/p><p><\/span><\/p>\n&#13;\n<p><span style=\"color: #333333;\">TERRA I XUFA S.L. Cam\u00ed dels Rochs, 19 46013. Valencia Espa\u00f1a<\/span><\/p>&#13;\n<p><span style=\"color: #333333;\"><\/span><\/p><p><\/span><\/p>\n&#13;\n<p><span style=\"color: #333333;\"><strong>TERRA I XUFA S.L., <\/strong>tras comprobar que el pedido se encuentra en perfecto estado y en su embalaje original proceder\u00e1 a la devoluci\u00f3n del importe abonado por el cliente (sin incluir gastos de devoluci\u00f3n que ser\u00e1n a cargo del comprador) en un plazo no superior a 14 d\u00edas naturales contados desde la recepci\u00f3n del pedido.<\/span><\/p>&#13;\n<p><span style=\"color: #333333;\"><\/span><\/p><p><\/span><\/p>\n&#13;\n<p><span style=\"color: #333333;\"><strong>b) R\u00fcckgabe bei \u00c4nderungen oder Zwischenf\u00e4llen in der Bestellung:<\/strong><\/span><\/p>&#13;\n<p><span style=\"color: #333333;\"><\/span><\/p><p><\/span><\/p>\n&#13;\n<p>Im Falle einer Diskrepanz zwischen dem Gekauften und dem Gesendeten \u00fcbernimmt TERRA I XUFA S.L. die notwendigen Kosten, um das versehentlich gesendete Produkt durch das richtige zu ersetzen. Um dies zu tun, m\u00fcssen Sie TERRA I XUFA S.L., den Fehler im Versand, innerhalb einer Frist von nicht mehr als 14 Kalendertagen ab Erhalt der Bestellung, durch die folgenden Mittel:<\/p>&#13;\n<p><span style=\"color: #333333;\"><\/span><\/p><p><\/span><\/p>\n&#13;\n<p><span style=\"color: #333333;\">Rufnummer des Kundendienstes: +34 963733944.<\/span><\/p>&#13;\n<p><span style=\"color: #333333;\"><\/span><\/p><p><\/span><\/p>\n&#13;\n<p><span style=\"color: #333333;\"><a style=\"color: #333333;\" href=\"mailto:comecial@terraixufa.com\" target=\"_blank\" rel=\"noreferrer noopener\">E-Mail: comecial@terraixufa.com<\/a><\/span><\/p>&#13;\n<p><span style=\"color: #333333;\"><\/span><\/p><p><\/span><\/p>\n&#13;\n<p>Nach Eingang des Vorfalls setzt sich TERRA I XUFA S.L. mit dem K\u00e4ufer in Verbindung, um die R\u00fccknahme des Produkts und dessen Ersatz durch das tats\u00e4chlich gekaufte Produkt zu veranlassen.<\/p>&#13;\n<p><span style=\"color: #333333;\"><\/span><\/p><p><\/span><\/p>\n&#13;\n<h4 class=\"wp-block-heading\"><span style=\"color: #333333;\"><strong>HAFTUNG VON TERRA I XUFA<\/strong><\/span><\/h4>&#13;\n<p><span style=\"color: #333333;\"><\/span><\/p><p><\/span><\/p>\n&#13;\n<p>TERRA I XUFA S.L. haftet nicht f\u00fcr verkaufte Produkte, die vom K\u00e4ufer vor dem Verzehr teilweise verbraucht oder unsachgem\u00e4\u00df gelagert worden sind.<\/p>&#13;\n<p><span style=\"color: #333333;\"><\/span><\/p><p><\/span><\/p>\n&#13;\n<p><span style=\"color: #333333;\"><\/span><\/p><p><\/span><\/p>\n&#13;\n<p>Die Fotos und \/ oder Abbildungen von Produkten, die im Online-Shop ver\u00f6ffentlicht werden, dienen der Veranschaulichung f\u00fcr den Kunden und der Identifikation unserer Produkte. Es kann zu leichten Unterschieden zwischen den Abbildungen und Fotos auf der Website mit der Realit\u00e4t des Produkts kommen (andere Farbt\u00f6ne, andere Aufmachung, etc.). TERRA I XUFA S.L. ist f\u00fcr diese kleinen Unterschiede nicht verantwortlich und, sofern sich das Produkt nicht wesentlich von dem gekauften unterscheidet, wird Ihre Anfrage aus diesem Grund nicht bearbeitet.<\/p>&#13;\n<p><span style=\"color: #333333;\"><\/span><\/p><p><\/span><\/p>\n&#13;\n<p>TERRA I XUFA S.L. haftet nicht f\u00fcr die Nichterf\u00fcllung des Vertrages, wenn diese Nichterf\u00fcllung durch Feuer, Streik, Zufall, h\u00f6here Gewalt verursacht wird. Sie haftet auch nicht f\u00fcr die Nichteinhaltung durch Dritte (Zahlungsgateways, Anbieter von Diensten der Informationsgesellschaft usw., kurz gesagt, durch solche Dritte, die keine Lieferanten von TERRA I XUFA S.L. sind.<\/p>&#13;\n<p><span style=\"color: #333333;\"><\/span><\/p><p><\/span><\/p>\n&#13;\n<p>Trotz aller Sorgfalt kann TERRA I XUFA S.L. nicht vermeiden, dass es gelegentlich zu Unterbrechungen der von ihr \u00fcber das Internet angebotenen Dienste kommt, sei es aus Gr\u00fcnden der Wartung, der Aktualisierung, der Sicherheit oder aus externen Gr\u00fcnden, noch kann sie die Lieferung und Verf\u00fcgbarkeit aller ihrer Produkte zu jeder Zeit gew\u00e4hrleisten. Ebenso steht hinter dem Online-Shop ein Team von Menschen, die Fehler machen k\u00f6nnen, die wir so schnell wie m\u00f6glich zu korrigieren versuchen. Keiner der oben genannten Gr\u00fcnde kann zu einem direkten oder indirekten Schadensersatzanspruch f\u00fchren.<\/p>&#13;\n<p><span style=\"color: #333333;\"><\/span><\/p><p><\/span><\/p>\n&#13;\n<h4 class=\"wp-block-heading\"><span style=\"color: #333333;\"><strong>GERICHTSBARKEIT UND ANWENDBARES RECHT.<\/strong><\/span><\/h4>&#13;\n<p><span style=\"color: #333333;\"><\/span><\/p><p><\/span><\/p>\n&#13;\n<p>Die Bedingungen des Vertrages unterliegen dem spanischen Recht. Alle Streitigkeiten, die zwischen dem K\u00e4ufer und dem Verk\u00e4ufer in Bezug auf die Auslegung und \/ oder die Ausf\u00fchrung des Vertrages entstehen k\u00f6nnen, werden vor den Gerichten des Wohnsitzes des Verbrauchers entschieden.<\/p>&#13;\n<p><span style=\"color: #333333;\"><\/span><\/p><p><\/span><\/p>\n&#13;\n<p>Wir erinnern Sie auch daran, dass Sie auf die Online-Streitbeilegungsplattform der Europ\u00e4ischen Union zugreifen k\u00f6nnen, indem Sie diesem Link folgen:<\/p>&#13;\n<p><span style=\"color: #333333;\"><\/span><\/p><p><\/span><\/p>\n&#13;\n<p><span style=\"color: #333333;\"><a style=\"color: #333333;\" href=\"https:\/\/ec.europa.eu\/consumers\/odr\/main\/?event=main.home2.show\">https:\/\/ec.europa.eu\/consumers\/odr\/main\/?event=main.home2.show<\/a><\/span><\/p>&#13;\n<p><span style=\"color: #333333;\"><\/span><\/p><p><\/span><\/p>\n&#13;\n<p>\u00a0<\/p>&#13;\n<p><span style=\"color: #333333;\"><\/span><\/p><p><\/span><\/p>\n&#13;\n<p>\u00a0<\/p>&#13;\n<p><span style=\"color: #333333;\"><\/span><\/p><p><\/span><\/p>\n&#13;\n<p>\u00a0<\/p>&#13;\n<p><span style=\"color: #333333;\"><\/span><\/p><p><\/span><\/p>\n&#13;\n<p>\u00a0<\/p>&#13;\n<p><span style=\"color: #333333;\"><\/span><\/p><p><\/span><\/p>\n<p>[\/vc_column_text][\/vc_column][\/vc_row]<\/p>\n<\/div>","protected":false},"excerpt":{"rendered":"<p>[vc_row][vc_column][vc_column_text] &#13; VERTRAGSBEDINGUNGEN. &#13; &#13; ALGEMEINE BEDINGUNGEN &#13; &#13; Dieses Dokument enth\u00e4lt die Vertragsbedingungen f\u00fcr die Produkte des Online-Shops von TERRA I XUFA (https:\/\/terraixufa.com\/de\/shop\/), dessen Eigent\u00fcmer TERRA I XUFA, S.L. ist. &#13; &#13; Die vollst\u00e4ndige und vorbehaltlose Annahme dieser Bedingungen ist f\u00fcr den Kauf von Produkten aus dem Online-Shop erforderlich, ebenso wie die Annahme der&hellip;<\/p>\n","protected":false},"author":5,"featured_media":0,"parent":0,"menu_order":0,"comment_status":"closed","ping_status":"closed","template":"","meta":{"_acf_changed":false,"footnotes":""},"class_list":["post-2176","page","type-page","status-publish","hentry"],"acf":[],"yoast_head":"<!-- This site is optimized with the Yoast SEO plugin v27.4 - https:\/\/yoast.com\/product\/yoast-seo-wordpress\/ -->\n<title>Nutzungsbedingungen - terraixufa<\/title>\n<meta name=\"description\" content=\"Dieses Dokument enth\u00e4lt die Vertragsbedingungen f\u00fcr die Produkte des TERRA I XUFA Online-Shops.\" \/>\n<meta name=\"robots\" content=\"index, follow, max-snippet:-1, max-image-preview:large, max-video-preview:-1\" \/>\n<link rel=\"canonical\" href=\"https:\/\/terraixufa.com\/de\/nutzungsbedingungen\/\" \/>\n<meta property=\"og:locale\" content=\"de_DE\" \/>\n<meta property=\"og:type\" content=\"article\" \/>\n<meta property=\"og:title\" content=\"Nutzungsbedingungen - terraixufa\" \/>\n<meta property=\"og:description\" content=\"Dieses Dokument enth\u00e4lt die Vertragsbedingungen f\u00fcr die Produkte des TERRA I XUFA Online-Shops.\" \/>\n<meta property=\"og:url\" content=\"https:\/\/terraixufa.com\/de\/nutzungsbedingungen\/\" \/>\n<meta property=\"og:site_name\" content=\"terraixufa\" \/>\n<meta property=\"article:modified_time\" content=\"2021-02-14T23:51:27+00:00\" \/>\n<meta name=\"twitter:card\" content=\"summary_large_image\" \/>\n<meta name=\"twitter:label1\" content=\"Gesch\u00e4tzte Lesezeit\" \/>\n\t<meta name=\"twitter:data1\" content=\"7\u00a0Minuten\" \/>\n<script type=\"application\/ld+json\" class=\"yoast-schema-graph\">{\"@context\":\"https:\\\/\\\/schema.org\",\"@graph\":[{\"@type\":\"WebPage\",\"@id\":\"https:\\\/\\\/terraixufa.com\\\/de\\\/nutzungsbedingungen\\\/\",\"url\":\"https:\\\/\\\/terraixufa.com\\\/de\\\/nutzungsbedingungen\\\/\",\"name\":\"Nutzungsbedingungen - terraixufa\",\"isPartOf\":{\"@id\":\"https:\\\/\\\/terraixufa.com\\\/de\\\/#website\"},\"datePublished\":\"2020-12-21T22:27:26+00:00\",\"dateModified\":\"2021-02-14T23:51:27+00:00\",\"description\":\"Dieses Dokument enth\u00e4lt die Vertragsbedingungen f\u00fcr die Produkte des TERRA I XUFA Online-Shops.\",\"breadcrumb\":{\"@id\":\"https:\\\/\\\/terraixufa.com\\\/de\\\/nutzungsbedingungen\\\/#breadcrumb\"},\"inLanguage\":\"de\",\"potentialAction\":[{\"@type\":\"ReadAction\",\"target\":[\"https:\\\/\\\/terraixufa.com\\\/de\\\/nutzungsbedingungen\\\/\"]}]},{\"@type\":\"BreadcrumbList\",\"@id\":\"https:\\\/\\\/terraixufa.com\\\/de\\\/nutzungsbedingungen\\\/#breadcrumb\",\"itemListElement\":[{\"@type\":\"ListItem\",\"position\":1,\"name\":\"Portada\",\"item\":\"https:\\\/\\\/terraixufa.com\\\/de\\\/\"},{\"@type\":\"ListItem\",\"position\":2,\"name\":\"Nutzungsbedingungen\"}]},{\"@type\":\"WebSite\",\"@id\":\"https:\\\/\\\/terraixufa.com\\\/de\\\/#website\",\"url\":\"https:\\\/\\\/terraixufa.com\\\/de\\\/\",\"name\":\"terraixufa\",\"description\":\"Productes locals i de temporada\",\"potentialAction\":[{\"@type\":\"SearchAction\",\"target\":{\"@type\":\"EntryPoint\",\"urlTemplate\":\"https:\\\/\\\/terraixufa.com\\\/de\\\/?s={search_term_string}\"},\"query-input\":{\"@type\":\"PropertyValueSpecification\",\"valueRequired\":true,\"valueName\":\"search_term_string\"}}],\"inLanguage\":\"de\"}]}<\/script>\n<!-- \/ Yoast SEO plugin. -->","yoast_head_json":{"title":"Nutzungsbedingungen - terraixufa","description":"Dieses Dokument enth\u00e4lt die Vertragsbedingungen f\u00fcr die Produkte des TERRA I XUFA Online-Shops.","robots":{"index":"index","follow":"follow","max-snippet":"max-snippet:-1","max-image-preview":"max-image-preview:large","max-video-preview":"max-video-preview:-1"},"canonical":"https:\/\/terraixufa.com\/de\/nutzungsbedingungen\/","og_locale":"de_DE","og_type":"article","og_title":"Nutzungsbedingungen - terraixufa","og_description":"Dieses Dokument enth\u00e4lt die Vertragsbedingungen f\u00fcr die Produkte des TERRA I XUFA Online-Shops.","og_url":"https:\/\/terraixufa.com\/de\/nutzungsbedingungen\/","og_site_name":"terraixufa","article_modified_time":"2021-02-14T23:51:27+00:00","twitter_card":"summary_large_image","twitter_misc":{"Gesch\u00e4tzte Lesezeit":"7\u00a0Minuten"},"schema":{"@context":"https:\/\/schema.org","@graph":[{"@type":"WebPage","@id":"https:\/\/terraixufa.com\/de\/nutzungsbedingungen\/","url":"https:\/\/terraixufa.com\/de\/nutzungsbedingungen\/","name":"Nutzungsbedingungen - terraixufa","isPartOf":{"@id":"https:\/\/terraixufa.com\/de\/#website"},"datePublished":"2020-12-21T22:27:26+00:00","dateModified":"2021-02-14T23:51:27+00:00","description":"Dieses Dokument enth\u00e4lt die Vertragsbedingungen f\u00fcr die Produkte des TERRA I XUFA Online-Shops.","breadcrumb":{"@id":"https:\/\/terraixufa.com\/de\/nutzungsbedingungen\/#breadcrumb"},"inLanguage":"de","potentialAction":[{"@type":"ReadAction","target":["https:\/\/terraixufa.com\/de\/nutzungsbedingungen\/"]}]},{"@type":"BreadcrumbList","@id":"https:\/\/terraixufa.com\/de\/nutzungsbedingungen\/#breadcrumb","itemListElement":[{"@type":"ListItem","position":1,"name":"Portada","item":"https:\/\/terraixufa.com\/de\/"},{"@type":"ListItem","position":2,"name":"Nutzungsbedingungen"}]},{"@type":"WebSite","@id":"https:\/\/terraixufa.com\/de\/#website","url":"https:\/\/terraixufa.com\/de\/","name":"terraixufa","description":"Productes locals i de temporada","potentialAction":[{"@type":"SearchAction","target":{"@type":"EntryPoint","urlTemplate":"https:\/\/terraixufa.com\/de\/?s={search_term_string}"},"query-input":{"@type":"PropertyValueSpecification","valueRequired":true,"valueName":"search_term_string"}}],"inLanguage":"de"}]}},"_links":{"self":[{"href":"https:\/\/terraixufa.com\/de\/wp-json\/wp\/v2\/pages\/2176","targetHints":{"allow":["GET"]}}],"collection":[{"href":"https:\/\/terraixufa.com\/de\/wp-json\/wp\/v2\/pages"}],"about":[{"href":"https:\/\/terraixufa.com\/de\/wp-json\/wp\/v2\/types\/page"}],"author":[{"embeddable":true,"href":"https:\/\/terraixufa.com\/de\/wp-json\/wp\/v2\/users\/5"}],"replies":[{"embeddable":true,"href":"https:\/\/terraixufa.com\/de\/wp-json\/wp\/v2\/comments?post=2176"}],"version-history":[{"count":11,"href":"https:\/\/terraixufa.com\/de\/wp-json\/wp\/v2\/pages\/2176\/revisions"}],"predecessor-version":[{"id":2571,"href":"https:\/\/terraixufa.com\/de\/wp-json\/wp\/v2\/pages\/2176\/revisions\/2571"}],"wp:attachment":[{"href":"https:\/\/terraixufa.com\/de\/wp-json\/wp\/v2\/media?parent=2176"}],"curies":[{"name":"wp","href":"https:\/\/api.w.org\/{rel}","templated":true}]}}