{"id":2559,"date":"2021-02-07T19:31:14","date_gmt":"2021-02-07T19:31:14","guid":{"rendered":"https:\/\/terraixufa.com\/terra-i-xufa-mercado-de-rojas-clemente\/"},"modified":"2021-02-07T19:31:16","modified_gmt":"2021-02-07T19:31:16","slug":"terra-i-xufa-mercado-de-rojas-clemente","status":"publish","type":"page","link":"https:\/\/terraixufa.com\/de\/terra-i-xufa-mercado-de-rojas-clemente\/","title":{"rendered":"Terra i Xufa (Mercado de Rojas Clemente)"},"content":{"rendered":"<div class=\"wpb-content-wrapper\"><p>[vc_row][vc_column][vc_column_text]<\/p>\n<h2 style=\"text-align: center;\">Stand Mercado Rojas Clemente<\/h2>\n<p style=\"text-align: center;\">Valencia<\/p>\n<p>[\/vc_column_text][vc_empty_space][\/vc_column][\/vc_row][vc_row][vc_column width=&#8220;1\/2&#8243;][vc_single_image image=&#8220;1486&#8243; img_size=&#8220;full&#8220;][vc_empty_space][\/vc_column][vc_column width=&#8220;1\/2&#8243;][vc_empty_space height=&#8220;20px&#8220;][vc_column_text]<strong>Maria Viana.<\/strong> Gesch\u00e4ftsf\u00fchrer<br \/>\n<strong>Sandra Hidalgo.<\/strong> Verk\u00e4uferin<br \/>\n<strong>Craft Torres.<\/strong> Verk\u00e4ufer<\/p>\n<p>&nbsp;<\/p>\n<h4>\u00d6FFNUNGSZEITEN<\/h4>\n<p>von Dienstags bis Samstags 9:00 a 14:00<\/p>\n<p>Abholung der Bestellungen von 8:30 a 14:30<\/p>\n<h4>BESTELLUNGEN VIA WHATSAPP O TELEGRAM<\/h4>\n<h4>611415920<\/h4>\n<p><a href=\"mailto:rojasclemente@terraixufa.com\" target=\"_blank\" rel=\"noopener noreferrer\">rojasclemente@terraixufa.com<\/a><\/p>\n<h4>SAMMELBESTELLUNGEN<\/h4>\n<p>Mit anderen St\u00e4nden des Marktes(link zu sozialen Netzwerken des Marktes) <a href=\"https:\/\/www.facebook.com\/mercadorojasclemente\/\" target=\"_blank\" rel=\"noopener noreferrer\">Mercado Rojas Clemente<\/a>[\/vc_column_text][\/vc_column][\/vc_row][vc_row][vc_column width=&#8220;1\/4&#8243;][vc_single_image image=&#8220;1520&#8243; img_size=&#8220;full&#8220;][\/vc_column][vc_column width=&#8220;1\/4&#8243;][vc_single_image image=&#8220;1508&#8243; img_size=&#8220;full&#8220;][\/vc_column][vc_column width=&#8220;1\/4&#8243;][vc_single_image image=&#8220;1524&#8243; img_size=&#8220;full&#8220;][\/vc_column][vc_column width=&#8220;1\/4&#8243;][vc_single_image image=&#8220;1516&#8243; img_size=&#8220;full&#8220;][\/vc_column][\/vc_row][vc_row][vc_column width=&#8220;3\/4&#8243;][vc_column_text]<\/p>\n<h4>Produkte: Obst und Gem\u00fcse der Saison, lose Produkte wie H\u00fclsenfr\u00fcchte, Mehlsorten, \u00d6le, Honig, Getr\u00e4nke und Konserven.<\/h4>\n<p>[\/vc_column_text][vc_empty_space][\/vc_column][vc_column width=&#8220;1\/4&#8243;][vc_column_text]<\/p>\n<h4><a href=\"https:\/\/ca-es.facebook.com\/lahuerta.pedalea\" target=\"_blank\" rel=\"noopener noreferrer\">Fahrrad-Lieferservice<\/a><\/h4>\n<p>[\/vc_column_text][\/vc_column][\/vc_row][vc_row][vc_column width=&#8220;1\/2&#8243;][vc_single_image image=&#8220;1477&#8243; img_size=&#8220;full&#8220;][\/vc_column][vc_column width=&#8220;1\/2&#8243;][vc_empty_space height=&#8220;50px&#8220;][vc_column_text]<br \/>\nSTANDORT<br \/>\n[\/vc_column_text][vc_column_text]<\/p>\n<h4><b>Terra i Xufa (Mercado Rojas Clemente)<\/b><\/h4>\n<p><span style=\"font-weight: 400;\">Plaza de Rojas Clemente<\/span><\/p>\n<p><span style=\"font-weight: 400;\">Mercado Rojas Clemente<\/span><\/p>\n<p><span style=\"font-weight: 400;\">46008 Valencia, ES-V<\/span><\/p>\n<p><span style=\"font-weight: 400;\">Espa\u00f1a<\/span><\/p>\n<p><span style=\"font-weight: 400;\">Tel\u00e9fono 611415920<\/span><\/p>\n<h5><a href=\"https:\/\/goo.gl\/maps\/uZK8ZtFk5rqzcbdz6\" target=\"_blank\" rel=\"noopener noreferrer\"><strong>como llegar<\/strong> \u2192<\/a><\/h5>\n<h5><\/h5>\n<p><strong>Parada Rojas Clemente<\/strong><br \/>\n<strong>Localizaci\u00f3n<\/strong>: Plaza Rojas Clemente 1 (46008) Valencia<br \/>\nParadas 39-40-41<\/p>\n<p><strong>C\u00f3mo llegar:<\/strong><br \/>\nBici Anillo ciclista entrando por la calle de Sant Pere Pasqual<br \/>\nEMT Bus: l\u00ednias C1, 28, 60, 62, 64, 79, 80, 92<br \/>\nMetro \u00c0ngel Guimer\u00e0<br \/>\nParquings; Guimer\u00e0 i Hospital[\/vc_column_text][\/vc_column][\/vc_row]<\/p>\n<\/div>","protected":false},"excerpt":{"rendered":"<p>[vc_row][vc_column][vc_column_text] Stand Mercado Rojas Clemente Valencia [\/vc_column_text][vc_empty_space][\/vc_column][\/vc_row][vc_row][vc_column width=&#8220;1\/2&#8243;][vc_single_image image=&#8220;1486&#8243; img_size=&#8220;full&#8220;][vc_empty_space][\/vc_column][vc_column width=&#8220;1\/2&#8243;][vc_empty_space height=&#8220;20px&#8220;][vc_column_text]Maria Viana. Gesch\u00e4ftsf\u00fchrer Sandra Hidalgo. Verk\u00e4uferin Craft Torres. Verk\u00e4ufer &nbsp; \u00d6FFNUNGSZEITEN von Dienstags bis Samstags 9:00 a 14:00 Abholung der Bestellungen von 8:30 a 14:30 BESTELLUNGEN VIA WHATSAPP O TELEGRAM 611415920 rojasclemente@terraixufa.com SAMMELBESTELLUNGEN Mit anderen St\u00e4nden des Marktes(link zu sozialen Netzwerken des Marktes) Mercado&hellip;<\/p>\n","protected":false},"author":3,"featured_media":0,"parent":0,"menu_order":0,"comment_status":"closed","ping_status":"closed","template":"","meta":{"_acf_changed":false,"footnotes":""},"class_list":["post-2559","page","type-page","status-publish","hentry"],"acf":[],"yoast_head":"<!-- This site is optimized with the Yoast SEO plugin v27.4 - https:\/\/yoast.com\/product\/yoast-seo-wordpress\/ -->\n<title>Terra i Xufa (Mercado de Rojas Clemente) - terraixufa<\/title>\n<meta name=\"description\" content=\"Produkte: Obst und Gem\u00fcse der Saison, lose Produkte wie H\u00fclsenfr\u00fcchte, Mehlsorten, \u00d6le, Honig, Getr\u00e4nke und Konserven.\" \/>\n<meta name=\"robots\" content=\"index, follow, max-snippet:-1, max-image-preview:large, max-video-preview:-1\" \/>\n<link rel=\"canonical\" href=\"https:\/\/terraixufa.com\/de\/terra-i-xufa-mercado-de-rojas-clemente\/\" \/>\n<meta property=\"og:locale\" content=\"de_DE\" \/>\n<meta property=\"og:type\" content=\"article\" \/>\n<meta property=\"og:title\" content=\"Terra i Xufa (Mercado de Rojas Clemente) - terraixufa\" \/>\n<meta property=\"og:description\" content=\"Produkte: Obst und Gem\u00fcse der Saison, lose Produkte wie H\u00fclsenfr\u00fcchte, Mehlsorten, \u00d6le, Honig, Getr\u00e4nke und Konserven.\" \/>\n<meta property=\"og:url\" content=\"https:\/\/terraixufa.com\/de\/terra-i-xufa-mercado-de-rojas-clemente\/\" \/>\n<meta property=\"og:site_name\" content=\"terraixufa\" \/>\n<meta property=\"article:modified_time\" content=\"2021-02-07T19:31:16+00:00\" \/>\n<meta name=\"twitter:card\" content=\"summary_large_image\" \/>\n<meta name=\"twitter:label1\" content=\"Gesch\u00e4tzte Lesezeit\" \/>\n\t<meta name=\"twitter:data1\" content=\"2\u00a0Minuten\" \/>\n<script type=\"application\/ld+json\" class=\"yoast-schema-graph\">{\"@context\":\"https:\\\/\\\/schema.org\",\"@graph\":[{\"@type\":\"WebPage\",\"@id\":\"https:\\\/\\\/terraixufa.com\\\/de\\\/terra-i-xufa-mercado-de-rojas-clemente\\\/\",\"url\":\"https:\\\/\\\/terraixufa.com\\\/de\\\/terra-i-xufa-mercado-de-rojas-clemente\\\/\",\"name\":\"Terra i Xufa (Mercado de Rojas Clemente) - terraixufa\",\"isPartOf\":{\"@id\":\"https:\\\/\\\/terraixufa.com\\\/de\\\/#website\"},\"datePublished\":\"2021-02-07T19:31:14+00:00\",\"dateModified\":\"2021-02-07T19:31:16+00:00\",\"description\":\"Produkte: Obst und Gem\u00fcse der Saison, lose Produkte wie H\u00fclsenfr\u00fcchte, Mehlsorten, \u00d6le, Honig, Getr\u00e4nke und Konserven.\",\"breadcrumb\":{\"@id\":\"https:\\\/\\\/terraixufa.com\\\/de\\\/terra-i-xufa-mercado-de-rojas-clemente\\\/#breadcrumb\"},\"inLanguage\":\"de\",\"potentialAction\":[{\"@type\":\"ReadAction\",\"target\":[\"https:\\\/\\\/terraixufa.com\\\/de\\\/terra-i-xufa-mercado-de-rojas-clemente\\\/\"]}]},{\"@type\":\"BreadcrumbList\",\"@id\":\"https:\\\/\\\/terraixufa.com\\\/de\\\/terra-i-xufa-mercado-de-rojas-clemente\\\/#breadcrumb\",\"itemListElement\":[{\"@type\":\"ListItem\",\"position\":1,\"name\":\"Portada\",\"item\":\"https:\\\/\\\/terraixufa.com\\\/de\\\/\"},{\"@type\":\"ListItem\",\"position\":2,\"name\":\"Terra i Xufa (Mercado de Rojas Clemente)\"}]},{\"@type\":\"WebSite\",\"@id\":\"https:\\\/\\\/terraixufa.com\\\/de\\\/#website\",\"url\":\"https:\\\/\\\/terraixufa.com\\\/de\\\/\",\"name\":\"terraixufa\",\"description\":\"Productes locals i de temporada\",\"potentialAction\":[{\"@type\":\"SearchAction\",\"target\":{\"@type\":\"EntryPoint\",\"urlTemplate\":\"https:\\\/\\\/terraixufa.com\\\/de\\\/?s={search_term_string}\"},\"query-input\":{\"@type\":\"PropertyValueSpecification\",\"valueRequired\":true,\"valueName\":\"search_term_string\"}}],\"inLanguage\":\"de\"}]}<\/script>\n<!-- \/ Yoast SEO plugin. -->","yoast_head_json":{"title":"Terra i Xufa (Mercado de Rojas Clemente) - terraixufa","description":"Produkte: Obst und Gem\u00fcse der Saison, lose Produkte wie H\u00fclsenfr\u00fcchte, Mehlsorten, \u00d6le, Honig, Getr\u00e4nke und Konserven.","robots":{"index":"index","follow":"follow","max-snippet":"max-snippet:-1","max-image-preview":"max-image-preview:large","max-video-preview":"max-video-preview:-1"},"canonical":"https:\/\/terraixufa.com\/de\/terra-i-xufa-mercado-de-rojas-clemente\/","og_locale":"de_DE","og_type":"article","og_title":"Terra i Xufa (Mercado de Rojas Clemente) - terraixufa","og_description":"Produkte: Obst und Gem\u00fcse der Saison, lose Produkte wie H\u00fclsenfr\u00fcchte, Mehlsorten, \u00d6le, Honig, Getr\u00e4nke und Konserven.","og_url":"https:\/\/terraixufa.com\/de\/terra-i-xufa-mercado-de-rojas-clemente\/","og_site_name":"terraixufa","article_modified_time":"2021-02-07T19:31:16+00:00","twitter_card":"summary_large_image","twitter_misc":{"Gesch\u00e4tzte Lesezeit":"2\u00a0Minuten"},"schema":{"@context":"https:\/\/schema.org","@graph":[{"@type":"WebPage","@id":"https:\/\/terraixufa.com\/de\/terra-i-xufa-mercado-de-rojas-clemente\/","url":"https:\/\/terraixufa.com\/de\/terra-i-xufa-mercado-de-rojas-clemente\/","name":"Terra i Xufa (Mercado de Rojas Clemente) - terraixufa","isPartOf":{"@id":"https:\/\/terraixufa.com\/de\/#website"},"datePublished":"2021-02-07T19:31:14+00:00","dateModified":"2021-02-07T19:31:16+00:00","description":"Produkte: Obst und Gem\u00fcse der Saison, lose Produkte wie H\u00fclsenfr\u00fcchte, Mehlsorten, \u00d6le, Honig, Getr\u00e4nke und Konserven.","breadcrumb":{"@id":"https:\/\/terraixufa.com\/de\/terra-i-xufa-mercado-de-rojas-clemente\/#breadcrumb"},"inLanguage":"de","potentialAction":[{"@type":"ReadAction","target":["https:\/\/terraixufa.com\/de\/terra-i-xufa-mercado-de-rojas-clemente\/"]}]},{"@type":"BreadcrumbList","@id":"https:\/\/terraixufa.com\/de\/terra-i-xufa-mercado-de-rojas-clemente\/#breadcrumb","itemListElement":[{"@type":"ListItem","position":1,"name":"Portada","item":"https:\/\/terraixufa.com\/de\/"},{"@type":"ListItem","position":2,"name":"Terra i Xufa (Mercado de Rojas Clemente)"}]},{"@type":"WebSite","@id":"https:\/\/terraixufa.com\/de\/#website","url":"https:\/\/terraixufa.com\/de\/","name":"terraixufa","description":"Productes locals i de temporada","potentialAction":[{"@type":"SearchAction","target":{"@type":"EntryPoint","urlTemplate":"https:\/\/terraixufa.com\/de\/?s={search_term_string}"},"query-input":{"@type":"PropertyValueSpecification","valueRequired":true,"valueName":"search_term_string"}}],"inLanguage":"de"}]}},"_links":{"self":[{"href":"https:\/\/terraixufa.com\/de\/wp-json\/wp\/v2\/pages\/2559","targetHints":{"allow":["GET"]}}],"collection":[{"href":"https:\/\/terraixufa.com\/de\/wp-json\/wp\/v2\/pages"}],"about":[{"href":"https:\/\/terraixufa.com\/de\/wp-json\/wp\/v2\/types\/page"}],"author":[{"embeddable":true,"href":"https:\/\/terraixufa.com\/de\/wp-json\/wp\/v2\/users\/3"}],"replies":[{"embeddable":true,"href":"https:\/\/terraixufa.com\/de\/wp-json\/wp\/v2\/comments?post=2559"}],"version-history":[{"count":3,"href":"https:\/\/terraixufa.com\/de\/wp-json\/wp\/v2\/pages\/2559\/revisions"}],"predecessor-version":[{"id":2562,"href":"https:\/\/terraixufa.com\/de\/wp-json\/wp\/v2\/pages\/2559\/revisions\/2562"}],"wp:attachment":[{"href":"https:\/\/terraixufa.com\/de\/wp-json\/wp\/v2\/media?parent=2559"}],"curies":[{"name":"wp","href":"https:\/\/api.w.org\/{rel}","templated":true}]}}