{"id":1617,"date":"2020-10-19T07:28:02","date_gmt":"2020-10-19T07:28:02","guid":{"rendered":"https:\/\/terraixufa.com\/tienda\/unkategorisiert\/bio-natives-tigernussol-250ml\/"},"modified":"2023-03-15T13:22:56","modified_gmt":"2023-03-15T13:22:56","slug":"bio-natives-tigernussol-250ml","status":"publish","type":"product","link":"https:\/\/terraixufa.com\/de\/tienda\/produkte-aus-erdmandeln\/bio-natives-tigernussol-250ml\/","title":{"rendered":"Bio Natives Tigernuss\u00f6l 250 ml. Box 6 Einheiten."},"content":{"rendered":"<p>Diese Zusammensetzung ist aus medizinischer Sicht ideal, da \u00d6ls\u00e4ure und Phytosterole zur Aufrechterhaltung eines gesunden Cholesterinspiegels im Blut beitragen und bei der Reduktion von Triglyceriden zusammenarbeiten. Das \u00d6l ist auch reich an Vitaminen, wie z.B. Vitamin D und E.<\/p>\n<p>&nbsp;<\/p>\n<p><b>Fetts\u00e4urevergleich:<\/b><\/p>\n<p style=\"text-align: left;\"><b>\u00a0\u00a0\u00a0\u00a0\u00a0\u00a0\u00a0\u00a0\u00a0\u00a0\u00a0\u00a0\u00a0\u00a0\u00a0\u00a0\u00a0\u00a0\u00a0\u00a0\u00a0\u00a0\u00a0\u00a0\u00a0 \u00a0 \u00a0 \u00a0 \u00a0 \u00a0 \u00a0 \u00a0 \u00a0 \u00a0 \u00a0 \u00a0 \u00a0 \u00a0 \u00a0 \u00a0 \u00a0 \u00a0 \u00a0 \u00a0 \u00a0 \u00a0 \u00a0 Ges\u00e4ttigte\u00a0\u00a0\u00a0\u00a0\u00a0\u00a0 \u00a0 \u00a0\u00a0\u00a0\u00a0\u00a0\u00a0\u00a0\u00a0\u00a0\u00a0 Einfach Unges\u00e4ttigte\u00a0\u00a0\u00a0\u00a0\u00a0\u00a0\u00a0\u00a0\u00a0\u00a0\u00a0\u00a0\u00a0\u00a0\u00a0\u00a0\u00a0 Mehrfach Unges\u00e4ttigte<\/b><\/p>\n<ul>\n<li style=\"list-style-type: none;\">\n<ul>\n<li>Oliven\u00f6l:\u00a0\u00a0\u00a0\u00a0\u00a0\u00a0\u00a0\u00a0\u00a0\u00a0\u00a0 \u00a0 \u00a0 \u00a0 \u00a0 \u00a0 \u00a0 \u00a0 \u00a0 \u00a0\u00a0\u00a0\u00a0\u00a0\u00a0 14% Palmitins\u00e4ure \u00a0 \u00a0 \u00a0 \u00a0 \u00a0 \u00a0 \u00a0 \u00a0 \u00a0 72% Palmitins\u00e4ure\u00a0\u00a0\u00a0\u00a0\u00a0\u00a0\u00a0\u00a0\u00a0\u00a0\u00a0\u00a0\u00a0\u00a0\u00a0\u00a0\u00a0\u00a0\u00a0\u00a0\u00a0\u00a0\u00a0\u00a0\u00a0\u00a0\u00a0\u00a0 9% Linols\u00e4ure<\/li>\n<li>Sonnenblumen\u00f6l:\u00a0 \u00a0 \u00a0 \u00a0 \u00a0 \u00a0 \u00a0 \u00a0 \u00a0\u00a0 9% Palmitins\u00e4ure\u00a0\u00a0\u00a0\u00a0\u00a0\u00a0\u00a0\u00a0\u00a0\u00a0\u00a0\u00a0\u00a0\u00a0\u00a0\u00a0\u00a0\u00a0\u00a0\u00a0 20% \u00d6ls\u00e4ure\u00a0\u00a0\u00a0\u00a0\u00a0\u00a0\u00a0\u00a0\u00a0\u00a0 \u00a0 \u00a0 \u00a0 \u00a0 \u00a0 \u00a0 \u00a0 \u00a0 \u00a0 \u00a0 \u00a0 \u00a0 \u00a0 \u00a0\u00a0 63% Linols\u00e4ure<\/li>\n<li>Tigernuss\u00f6l:\u00a0\u00a0\u00a0\u00a0\u00a0\u00a0\u00a0\u00a0\u00a0 \u00a0 \u00a0 \u00a0 \u00a0 \u00a0 \u00a0 \u00a0 \u00a0 \u00a0 1% Palmitins\u00e4ure\u00a0\u00a0\u00a0 \u00a0 \u00a0 \u00a0 \u00a0 \u00a0 \u00a0 \u00a0 \u00a0 \u00a0 7% \u00d6ls\u00e4ure\u00a0\u00a0\u00a0\u00a0\u00a0\u00a0\u00a0\u00a0\u00a0\u00a0\u00a0\u00a0\u00a0\u00a0\u00a0\u00a0\u00a0 \u00a0 \u00a0 \u00a0 \u00a0 \u00a0 \u00a0 \u00a0 \u00a0 \u00a0 \u00a0 \u00a0\u00a0\u00a0\u00a0 8,5% Linols\u00e4ure<\/li>\n<\/ul>\n<\/li>\n<\/ul>\n<p>&nbsp;<\/p>\n<p><strong>Verkostungsnotizen:<\/strong><\/p>\n<p>Am Gaumen weich, ohne Juckreiz oder Adstringenz\/Bitterkeit, am Anfang s\u00fc\u00df, mit Aromen von trockenem Holz, Kokosnuss und anderen N\u00fcssen, die das Aroma der Tigern\u00fcsse hervorheben.<\/p>\n<p><strong>Anwendung:<\/strong> Ein perfektes \u00d6l, um Vinaigretten oder Salate zuzubereiten und gegrilltem Gem\u00fcse eine besondere Note zu verleihen, interessant auch f\u00fcr Fisch- und Fleischdressing.<\/p>\n<p><strong>Weitere Eigenschaften:<\/strong> Tigernuss\u00f6l eignet sich hervorragend f\u00fcr eine perfekte Ern\u00e4hrung sowie f\u00fcr Hautpflege und Massagen.<\/p>\n<p><strong>Zutaten:<\/strong> 100% Bio-Tigernuss<\/p>\n<p><strong>Haltbarkeit:<\/strong> 1 Jahr haltbar bei Raumtemperatur, zur besseren Konservierung wird empfohlen, das \u00d6l an einem k\u00fchlen, trockenen Ort und lichtgesch\u00fctzt aufzubewahren.<\/p>\n<p><strong>Format:<\/strong> 250 ml Glasflasche<\/p>\n<p><strong>Verkaufseinheit:<\/strong> Box mit 6 Einheiten<\/p>\n","protected":false},"excerpt":{"rendered":"<p>Tigernuss\u00f6l ist der nat\u00fcrliche Inhaltsstoff der Tigernuss, das durch Kaltpressen gewonnen wird. Unsere selbst angebaute Tigernuss in der <em><strong>Huerta\u00a0<\/strong><\/em> enth\u00e4lt einen hohen \u00d6lanteil von \u00fcber 30%. Hervorzuheben sind die herzgesunden Fetts\u00e4uren wie \u00d6l-, Linol- und Palmitins\u00e4ure: unges\u00e4ttigte Fetts\u00e4uren 84%, \u00d6ls\u00e4ure 70% (h\u00f6her als bei vielen Olivensorten) und bis zu f\u00fcnfmal mehr Phytosterole als Oliven\u00f6l.<\/p>\n","protected":false},"featured_media":2933,"comment_status":"open","ping_status":"closed","template":"","meta":{"_acf_changed":false},"product_brand":[],"product_cat":[82],"product_tag":[],"class_list":{"0":"post-1617","1":"product","2":"type-product","3":"status-publish","4":"has-post-thumbnail","6":"product_cat-produkte-aus-erdmandeln","8":"first","9":"instock","10":"taxable","11":"shipping-taxable","12":"purchasable","13":"product-type-simple","15":"catalog-layout-default","16":"columns-xs-1"},"acf":[],"yoast_head":"<!-- This site is optimized with the Yoast SEO plugin v27.4 - https:\/\/yoast.com\/product\/yoast-seo-wordpress\/ -->\n<title>Bio Natives Tigernuss\u00f6l 250 ml. Box 6 Einheiten. - terraixufa<\/title>\n<meta name=\"robots\" content=\"index, follow, max-snippet:-1, max-image-preview:large, max-video-preview:-1\" \/>\n<link rel=\"canonical\" href=\"https:\/\/terraixufa.com\/de\/tienda\/produkte-aus-erdmandeln\/bio-natives-tigernussol-250ml\/\" \/>\n<meta property=\"og:locale\" content=\"de_DE\" \/>\n<meta property=\"og:type\" content=\"article\" \/>\n<meta property=\"og:title\" content=\"Bio Natives Tigernuss\u00f6l 250 ml. Box 6 Einheiten. - terraixufa\" \/>\n<meta property=\"og:description\" content=\"Tigernuss\u00f6l ist der nat\u00fcrliche Inhaltsstoff der Tigernuss, das durch Kaltpressen gewonnen wird. Unsere selbst angebaute Tigernuss in der Huerta\u00a0 enth\u00e4lt einen hohen \u00d6lanteil von \u00fcber 30%. Hervorzuheben sind die herzgesunden Fetts\u00e4uren wie \u00d6l-, Linol- und Palmitins\u00e4ure: unges\u00e4ttigte Fetts\u00e4uren 84%, \u00d6ls\u00e4ure 70% (h\u00f6her als bei vielen Olivensorten) und bis zu f\u00fcnfmal mehr Phytosterole als Oliven\u00f6l.\" \/>\n<meta property=\"og:url\" content=\"https:\/\/terraixufa.com\/de\/tienda\/produkte-aus-erdmandeln\/bio-natives-tigernussol-250ml\/\" \/>\n<meta property=\"og:site_name\" content=\"terraixufa\" \/>\n<meta property=\"article:modified_time\" content=\"2023-03-15T13:22:56+00:00\" \/>\n<meta property=\"og:image\" content=\"https:\/\/terraixufa.com\/wp-content\/uploads\/2020\/10\/aceite-oct-21-1-1.jpg\" \/>\n\t<meta property=\"og:image:width\" content=\"2041\" \/>\n\t<meta property=\"og:image:height\" content=\"2048\" \/>\n\t<meta property=\"og:image:type\" content=\"image\/jpeg\" \/>\n<meta name=\"twitter:card\" content=\"summary_large_image\" \/>\n<meta name=\"twitter:label1\" content=\"Gesch\u00e4tzte Lesezeit\" \/>\n\t<meta name=\"twitter:data1\" content=\"1\u00a0Minute\" \/>\n<script type=\"application\/ld+json\" class=\"yoast-schema-graph\">{\"@context\":\"https:\\\/\\\/schema.org\",\"@graph\":[{\"@type\":\"WebPage\",\"@id\":\"https:\\\/\\\/terraixufa.com\\\/de\\\/tienda\\\/produkte-aus-erdmandeln\\\/bio-natives-tigernussol-250ml\\\/\",\"url\":\"https:\\\/\\\/terraixufa.com\\\/de\\\/tienda\\\/produkte-aus-erdmandeln\\\/bio-natives-tigernussol-250ml\\\/\",\"name\":\"Bio Natives Tigernuss\u00f6l 250 ml. Box 6 Einheiten. - terraixufa\",\"isPartOf\":{\"@id\":\"https:\\\/\\\/terraixufa.com\\\/de\\\/#website\"},\"primaryImageOfPage\":{\"@id\":\"https:\\\/\\\/terraixufa.com\\\/de\\\/tienda\\\/produkte-aus-erdmandeln\\\/bio-natives-tigernussol-250ml\\\/#primaryimage\"},\"image\":{\"@id\":\"https:\\\/\\\/terraixufa.com\\\/de\\\/tienda\\\/produkte-aus-erdmandeln\\\/bio-natives-tigernussol-250ml\\\/#primaryimage\"},\"thumbnailUrl\":\"https:\\\/\\\/terraixufa.com\\\/wp-content\\\/uploads\\\/2020\\\/10\\\/aceite-oct-21-1-1.jpg\",\"datePublished\":\"2020-10-19T07:28:02+00:00\",\"dateModified\":\"2023-03-15T13:22:56+00:00\",\"breadcrumb\":{\"@id\":\"https:\\\/\\\/terraixufa.com\\\/de\\\/tienda\\\/produkte-aus-erdmandeln\\\/bio-natives-tigernussol-250ml\\\/#breadcrumb\"},\"inLanguage\":\"de\",\"potentialAction\":[{\"@type\":\"ReadAction\",\"target\":[\"https:\\\/\\\/terraixufa.com\\\/de\\\/tienda\\\/produkte-aus-erdmandeln\\\/bio-natives-tigernussol-250ml\\\/\"]}]},{\"@type\":\"ImageObject\",\"inLanguage\":\"de\",\"@id\":\"https:\\\/\\\/terraixufa.com\\\/de\\\/tienda\\\/produkte-aus-erdmandeln\\\/bio-natives-tigernussol-250ml\\\/#primaryimage\",\"url\":\"https:\\\/\\\/terraixufa.com\\\/wp-content\\\/uploads\\\/2020\\\/10\\\/aceite-oct-21-1-1.jpg\",\"contentUrl\":\"https:\\\/\\\/terraixufa.com\\\/wp-content\\\/uploads\\\/2020\\\/10\\\/aceite-oct-21-1-1.jpg\",\"width\":2041,\"height\":2048},{\"@type\":\"BreadcrumbList\",\"@id\":\"https:\\\/\\\/terraixufa.com\\\/de\\\/tienda\\\/produkte-aus-erdmandeln\\\/bio-natives-tigernussol-250ml\\\/#breadcrumb\",\"itemListElement\":[{\"@type\":\"ListItem\",\"position\":1,\"name\":\"Portada\",\"item\":\"https:\\\/\\\/terraixufa.com\\\/de\\\/\"},{\"@type\":\"ListItem\",\"position\":2,\"name\":\"Tienda\",\"item\":\"https:\\\/\\\/terraixufa.com\\\/tienda\\\/\"},{\"@type\":\"ListItem\",\"position\":3,\"name\":\"Bio Natives Tigernuss\u00f6l 250 ml. Box 6 Einheiten.\"}]},{\"@type\":\"WebSite\",\"@id\":\"https:\\\/\\\/terraixufa.com\\\/de\\\/#website\",\"url\":\"https:\\\/\\\/terraixufa.com\\\/de\\\/\",\"name\":\"terraixufa\",\"description\":\"Productes locals i de temporada\",\"potentialAction\":[{\"@type\":\"SearchAction\",\"target\":{\"@type\":\"EntryPoint\",\"urlTemplate\":\"https:\\\/\\\/terraixufa.com\\\/de\\\/?s={search_term_string}\"},\"query-input\":{\"@type\":\"PropertyValueSpecification\",\"valueRequired\":true,\"valueName\":\"search_term_string\"}}],\"inLanguage\":\"de\"}]}<\/script>\n<!-- \/ Yoast SEO plugin. -->","yoast_head_json":{"title":"Bio Natives Tigernuss\u00f6l 250 ml. Box 6 Einheiten. - terraixufa","robots":{"index":"index","follow":"follow","max-snippet":"max-snippet:-1","max-image-preview":"max-image-preview:large","max-video-preview":"max-video-preview:-1"},"canonical":"https:\/\/terraixufa.com\/de\/tienda\/produkte-aus-erdmandeln\/bio-natives-tigernussol-250ml\/","og_locale":"de_DE","og_type":"article","og_title":"Bio Natives Tigernuss\u00f6l 250 ml. Box 6 Einheiten. - terraixufa","og_description":"Tigernuss\u00f6l ist der nat\u00fcrliche Inhaltsstoff der Tigernuss, das durch Kaltpressen gewonnen wird. Unsere selbst angebaute Tigernuss in der Huerta\u00a0 enth\u00e4lt einen hohen \u00d6lanteil von \u00fcber 30%. Hervorzuheben sind die herzgesunden Fetts\u00e4uren wie \u00d6l-, Linol- und Palmitins\u00e4ure: unges\u00e4ttigte Fetts\u00e4uren 84%, \u00d6ls\u00e4ure 70% (h\u00f6her als bei vielen Olivensorten) und bis zu f\u00fcnfmal mehr Phytosterole als Oliven\u00f6l.","og_url":"https:\/\/terraixufa.com\/de\/tienda\/produkte-aus-erdmandeln\/bio-natives-tigernussol-250ml\/","og_site_name":"terraixufa","article_modified_time":"2023-03-15T13:22:56+00:00","og_image":[{"width":2041,"height":2048,"url":"https:\/\/terraixufa.com\/wp-content\/uploads\/2020\/10\/aceite-oct-21-1-1.jpg","type":"image\/jpeg"}],"twitter_card":"summary_large_image","twitter_misc":{"Gesch\u00e4tzte Lesezeit":"1\u00a0Minute"},"schema":{"@context":"https:\/\/schema.org","@graph":[{"@type":"WebPage","@id":"https:\/\/terraixufa.com\/de\/tienda\/produkte-aus-erdmandeln\/bio-natives-tigernussol-250ml\/","url":"https:\/\/terraixufa.com\/de\/tienda\/produkte-aus-erdmandeln\/bio-natives-tigernussol-250ml\/","name":"Bio Natives Tigernuss\u00f6l 250 ml. Box 6 Einheiten. - terraixufa","isPartOf":{"@id":"https:\/\/terraixufa.com\/de\/#website"},"primaryImageOfPage":{"@id":"https:\/\/terraixufa.com\/de\/tienda\/produkte-aus-erdmandeln\/bio-natives-tigernussol-250ml\/#primaryimage"},"image":{"@id":"https:\/\/terraixufa.com\/de\/tienda\/produkte-aus-erdmandeln\/bio-natives-tigernussol-250ml\/#primaryimage"},"thumbnailUrl":"https:\/\/terraixufa.com\/wp-content\/uploads\/2020\/10\/aceite-oct-21-1-1.jpg","datePublished":"2020-10-19T07:28:02+00:00","dateModified":"2023-03-15T13:22:56+00:00","breadcrumb":{"@id":"https:\/\/terraixufa.com\/de\/tienda\/produkte-aus-erdmandeln\/bio-natives-tigernussol-250ml\/#breadcrumb"},"inLanguage":"de","potentialAction":[{"@type":"ReadAction","target":["https:\/\/terraixufa.com\/de\/tienda\/produkte-aus-erdmandeln\/bio-natives-tigernussol-250ml\/"]}]},{"@type":"ImageObject","inLanguage":"de","@id":"https:\/\/terraixufa.com\/de\/tienda\/produkte-aus-erdmandeln\/bio-natives-tigernussol-250ml\/#primaryimage","url":"https:\/\/terraixufa.com\/wp-content\/uploads\/2020\/10\/aceite-oct-21-1-1.jpg","contentUrl":"https:\/\/terraixufa.com\/wp-content\/uploads\/2020\/10\/aceite-oct-21-1-1.jpg","width":2041,"height":2048},{"@type":"BreadcrumbList","@id":"https:\/\/terraixufa.com\/de\/tienda\/produkte-aus-erdmandeln\/bio-natives-tigernussol-250ml\/#breadcrumb","itemListElement":[{"@type":"ListItem","position":1,"name":"Portada","item":"https:\/\/terraixufa.com\/de\/"},{"@type":"ListItem","position":2,"name":"Tienda","item":"https:\/\/terraixufa.com\/tienda\/"},{"@type":"ListItem","position":3,"name":"Bio Natives Tigernuss\u00f6l 250 ml. Box 6 Einheiten."}]},{"@type":"WebSite","@id":"https:\/\/terraixufa.com\/de\/#website","url":"https:\/\/terraixufa.com\/de\/","name":"terraixufa","description":"Productes locals i de temporada","potentialAction":[{"@type":"SearchAction","target":{"@type":"EntryPoint","urlTemplate":"https:\/\/terraixufa.com\/de\/?s={search_term_string}"},"query-input":{"@type":"PropertyValueSpecification","valueRequired":true,"valueName":"search_term_string"}}],"inLanguage":"de"}]}},"_links":{"self":[{"href":"https:\/\/terraixufa.com\/de\/wp-json\/wp\/v2\/product\/1617","targetHints":{"allow":["GET"]}}],"collection":[{"href":"https:\/\/terraixufa.com\/de\/wp-json\/wp\/v2\/product"}],"about":[{"href":"https:\/\/terraixufa.com\/de\/wp-json\/wp\/v2\/types\/product"}],"replies":[{"embeddable":true,"href":"https:\/\/terraixufa.com\/de\/wp-json\/wp\/v2\/comments?post=1617"}],"wp:featuredmedia":[{"embeddable":true,"href":"https:\/\/terraixufa.com\/de\/wp-json\/wp\/v2\/media\/2933"}],"wp:attachment":[{"href":"https:\/\/terraixufa.com\/de\/wp-json\/wp\/v2\/media?parent=1617"}],"wp:term":[{"taxonomy":"product_brand","embeddable":true,"href":"https:\/\/terraixufa.com\/de\/wp-json\/wp\/v2\/product_brand?post=1617"},{"taxonomy":"product_cat","embeddable":true,"href":"https:\/\/terraixufa.com\/de\/wp-json\/wp\/v2\/product_cat?post=1617"},{"taxonomy":"product_tag","embeddable":true,"href":"https:\/\/terraixufa.com\/de\/wp-json\/wp\/v2\/product_tag?post=1617"}],"curies":[{"name":"wp","href":"https:\/\/api.w.org\/{rel}","templated":true}]}}