{"id":1629,"date":"2020-10-20T06:44:47","date_gmt":"2020-10-20T06:44:47","guid":{"rendered":"https:\/\/terraixufa.com\/tienda\/unkategorisiert\/bio-tigernussgetrank-ohne-zuckerzusatz-box-mit-12-einheiten\/"},"modified":"2021-06-02T17:13:41","modified_gmt":"2021-06-02T17:13:41","slug":"bio-tigernussgetrank-ohne-zuckerzusatz-box-mit-12-einheiten","status":"publish","type":"product","link":"https:\/\/terraixufa.com\/de\/tienda\/produkte-aus-erdmandeln\/bio-tigernussgetrank-ohne-zuckerzusatz-box-mit-12-einheiten\/","title":{"rendered":"Bio-Tigernussgetr\u00e4nk ohne Zuckerzusatz. Box mit 12 Einheiten."},"content":{"rendered":"<p>Das Tigernussgetr\u00e4nk <strong><em>Terra i Xufa<\/em><\/strong> enth\u00e4lt keinerlei Konservierungsmittel oder Farbstoffe. Aufgrund seines hohen Gehalts an \u00d6l- und Fols\u00e4ure sowie Phytosterolen ist es herzgesund und antioxidativ und tr\u00e4gt zur Aufrechterhaltung des gesunden Cholesterinspiegels im Blut bei. Es enth\u00e4lt 1% Protein und essentielle Aminos\u00e4uren wie Arginin, die Vorstufe von Prolaktin. Reich an l\u00f6slichen Pflanzenfasern kann es Darmfunktionsst\u00f6rungen verhindern und Darmkrebs vorbeugen. Es hat eine pr\u00e4biotische Wirkung und erleichtert die Verdauung von Kohlenhydraten. Reich an Mineralien, hervorzuheben sind Phosphor, Kalium, Kalzium, Eisen, Magnesium und Vitamin E und C, besteht das Getr\u00e4nk aus 100% Gem\u00fcse, es enth\u00e4lt 0% Laktose und 0% Gluten.<\/p>\n<p>Das Tigernussgetr\u00e4nk <strong><em>Terra i Xufa<\/em><\/strong> kann sowohl hei\u00df als auch kalt verzehrt werden. Es ist ein idealer Ersatz f\u00fcr tierische und andere pflanzliche Milch, zum Fr\u00fchst\u00fcck oder als Snack sowie zum dazugeh\u00f6rigen Kaffee oder M\u00fcsli zu genie\u00dfen. Es ist auch eine ideale Zutat, um den Gerichten eine besondere Note zu verleihen. Ersetzen Sie Milch durch Horchata in Ihren Lieblingsrezepten und machen Sie \u00fcberraschende Smoothies, Pudding, Kuchen, hei\u00dfe Schokolade&#8230;<\/p>\n<p><b>Zutaten:<\/b><\/p>\n<ul>\n<li>Demineralisiertes Wasser (84,3%)<\/li>\n<li>Tigernuss\u00a0 (15%)<\/li>\n<li>Emulgator: Sonnenblumenlecithin (0,03%)<\/li>\n<li>S\u00e4urekorrektur: Natriumcitrat (0,02%)<\/li>\n<li>Stabilisator: Gellangummi (0,02%)<\/li>\n<li>Nat\u00fcrliche Aromen von Zitrone und Zimt<\/li>\n<\/ul>\n<p><strong>Haltbarkeit:<\/strong> 1 Jahr bei Raumtemperatur, an einem k\u00fchlen und trockenen Ort lagern und vor Sonnenlicht sch\u00fctzen, ge\u00f6ffnet 3 Tage gek\u00fchlt haltbar<\/p>\n<p><strong>Format:<\/strong> Tetra Brik 1 Liter.<\/p>\n<p><strong>Verkaufseinheit:<\/strong> Box mit 12 Einheiten.<\/p>\n","protected":false},"excerpt":{"rendered":"<p>Das Tigernussgetr\u00e4nk <strong><em>Terra i Xufa<\/em> <\/strong>ist das erste UHT-Tigernussgetr\u00e4nk 100% biologisch, hergestellt nur aus gepressten N\u00fcssen ohne Zuckerzusatz und ohne S\u00fc\u00dfstoff. Dank der Aush\u00e4rtung der Tigernuss w\u00e4hrend des Trocknens wird die St\u00e4rke in nat\u00fcrlichen Zucker umgewandelt, der der Nuss den charakteristischen s\u00fc\u00dfen Geschmack verleiht. Im Gegensatz zu den meisten Horchatas, die wir auf dem Markt finden, verwenden wir kein Milcheiwei\u00df als Stabilisator, sondern ersetzen es durch organische Stabilisatoren aus Gem\u00fcse. Daher ist es ein Getr\u00e4nk, das f\u00fcr Veganer und Personen mit Laktoseintoleranz geeignet ist.<\/p>\n","protected":false},"featured_media":947,"comment_status":"open","ping_status":"closed","template":"","meta":{"_acf_changed":false},"product_brand":[],"product_cat":[82],"product_tag":[],"class_list":{"0":"post-1629","1":"product","2":"type-product","3":"status-publish","4":"has-post-thumbnail","6":"product_cat-produkte-aus-erdmandeln","8":"first","9":"instock","10":"taxable","11":"shipping-taxable","12":"purchasable","13":"product-type-simple","15":"catalog-layout-default","16":"columns-xs-1"},"acf":[],"yoast_head":"<!-- This site is optimized with the Yoast SEO plugin v27.4 - https:\/\/yoast.com\/product\/yoast-seo-wordpress\/ -->\n<title>Bio-Tigernussgetr\u00e4nk ohne Zuckerzusatz. Box mit 12 Einheiten. - terraixufa<\/title>\n<meta name=\"robots\" content=\"index, follow, max-snippet:-1, max-image-preview:large, max-video-preview:-1\" \/>\n<link rel=\"canonical\" href=\"https:\/\/terraixufa.com\/de\/tienda\/produkte-aus-erdmandeln\/bio-tigernussgetrank-ohne-zuckerzusatz-box-mit-12-einheiten\/\" \/>\n<meta property=\"og:locale\" content=\"de_DE\" \/>\n<meta property=\"og:type\" content=\"article\" \/>\n<meta property=\"og:title\" content=\"Bio-Tigernussgetr\u00e4nk ohne Zuckerzusatz. Box mit 12 Einheiten. - terraixufa\" \/>\n<meta property=\"og:description\" content=\"Das Tigernussgetr\u00e4nk Terra i Xufa ist das erste UHT-Tigernussgetr\u00e4nk 100% biologisch, hergestellt nur aus gepressten N\u00fcssen ohne Zuckerzusatz und ohne S\u00fc\u00dfstoff. Dank der Aush\u00e4rtung der Tigernuss w\u00e4hrend des Trocknens wird die St\u00e4rke in nat\u00fcrlichen Zucker umgewandelt, der der Nuss den charakteristischen s\u00fc\u00dfen Geschmack verleiht. Im Gegensatz zu den meisten Horchatas, die wir auf dem Markt finden, verwenden wir kein Milcheiwei\u00df als Stabilisator, sondern ersetzen es durch organische Stabilisatoren aus Gem\u00fcse. Daher ist es ein Getr\u00e4nk, das f\u00fcr Veganer und Personen mit Laktoseintoleranz geeignet ist.\" \/>\n<meta property=\"og:url\" content=\"https:\/\/terraixufa.com\/de\/tienda\/produkte-aus-erdmandeln\/bio-tigernussgetrank-ohne-zuckerzusatz-box-mit-12-einheiten\/\" \/>\n<meta property=\"og:site_name\" content=\"terraixufa\" \/>\n<meta property=\"article:modified_time\" content=\"2021-06-02T17:13:41+00:00\" \/>\n<meta property=\"og:image\" content=\"https:\/\/terraixufa.com\/wp-content\/uploads\/2021\/04\/OFERTA-Bebida-de-Chufa-Ecolo\u0301gica-Sin-Azu\u0301cares-An\u0303adidos.jpg\" \/>\n\t<meta property=\"og:image:width\" content=\"700\" \/>\n\t<meta property=\"og:image:height\" content=\"997\" \/>\n\t<meta property=\"og:image:type\" content=\"image\/jpeg\" \/>\n<meta name=\"twitter:card\" content=\"summary_large_image\" \/>\n<meta name=\"twitter:label1\" content=\"Gesch\u00e4tzte Lesezeit\" \/>\n\t<meta name=\"twitter:data1\" content=\"1\u00a0Minute\" \/>\n<script type=\"application\/ld+json\" class=\"yoast-schema-graph\">{\"@context\":\"https:\\\/\\\/schema.org\",\"@graph\":[{\"@type\":\"WebPage\",\"@id\":\"https:\\\/\\\/terraixufa.com\\\/de\\\/tienda\\\/produkte-aus-erdmandeln\\\/bio-tigernussgetrank-ohne-zuckerzusatz-box-mit-12-einheiten\\\/\",\"url\":\"https:\\\/\\\/terraixufa.com\\\/de\\\/tienda\\\/produkte-aus-erdmandeln\\\/bio-tigernussgetrank-ohne-zuckerzusatz-box-mit-12-einheiten\\\/\",\"name\":\"Bio-Tigernussgetr\u00e4nk ohne Zuckerzusatz. Box mit 12 Einheiten. - terraixufa\",\"isPartOf\":{\"@id\":\"https:\\\/\\\/terraixufa.com\\\/de\\\/#website\"},\"primaryImageOfPage\":{\"@id\":\"https:\\\/\\\/terraixufa.com\\\/de\\\/tienda\\\/produkte-aus-erdmandeln\\\/bio-tigernussgetrank-ohne-zuckerzusatz-box-mit-12-einheiten\\\/#primaryimage\"},\"image\":{\"@id\":\"https:\\\/\\\/terraixufa.com\\\/de\\\/tienda\\\/produkte-aus-erdmandeln\\\/bio-tigernussgetrank-ohne-zuckerzusatz-box-mit-12-einheiten\\\/#primaryimage\"},\"thumbnailUrl\":\"https:\\\/\\\/terraixufa.com\\\/wp-content\\\/uploads\\\/2020\\\/11\\\/Bebida-de-Chufa-Ecolo\u0301gica-Sin-Azu\u0301cares-An\u0303adidos.jpg\",\"datePublished\":\"2020-10-20T06:44:47+00:00\",\"dateModified\":\"2021-06-02T17:13:41+00:00\",\"breadcrumb\":{\"@id\":\"https:\\\/\\\/terraixufa.com\\\/de\\\/tienda\\\/produkte-aus-erdmandeln\\\/bio-tigernussgetrank-ohne-zuckerzusatz-box-mit-12-einheiten\\\/#breadcrumb\"},\"inLanguage\":\"de\",\"potentialAction\":[{\"@type\":\"ReadAction\",\"target\":[\"https:\\\/\\\/terraixufa.com\\\/de\\\/tienda\\\/produkte-aus-erdmandeln\\\/bio-tigernussgetrank-ohne-zuckerzusatz-box-mit-12-einheiten\\\/\"]}]},{\"@type\":\"ImageObject\",\"inLanguage\":\"de\",\"@id\":\"https:\\\/\\\/terraixufa.com\\\/de\\\/tienda\\\/produkte-aus-erdmandeln\\\/bio-tigernussgetrank-ohne-zuckerzusatz-box-mit-12-einheiten\\\/#primaryimage\",\"url\":\"https:\\\/\\\/terraixufa.com\\\/wp-content\\\/uploads\\\/2020\\\/11\\\/Bebida-de-Chufa-Ecolo\u0301gica-Sin-Azu\u0301cares-An\u0303adidos.jpg\",\"contentUrl\":\"https:\\\/\\\/terraixufa.com\\\/wp-content\\\/uploads\\\/2020\\\/11\\\/Bebida-de-Chufa-Ecolo\u0301gica-Sin-Azu\u0301cares-An\u0303adidos.jpg\",\"width\":700,\"height\":997,\"caption\":\"Bebida, Chufa, Ecologica\"},{\"@type\":\"BreadcrumbList\",\"@id\":\"https:\\\/\\\/terraixufa.com\\\/de\\\/tienda\\\/produkte-aus-erdmandeln\\\/bio-tigernussgetrank-ohne-zuckerzusatz-box-mit-12-einheiten\\\/#breadcrumb\",\"itemListElement\":[{\"@type\":\"ListItem\",\"position\":1,\"name\":\"Portada\",\"item\":\"https:\\\/\\\/terraixufa.com\\\/de\\\/\"},{\"@type\":\"ListItem\",\"position\":2,\"name\":\"Tienda\",\"item\":\"https:\\\/\\\/terraixufa.com\\\/tienda\\\/\"},{\"@type\":\"ListItem\",\"position\":3,\"name\":\"Bio-Tigernussgetr\u00e4nk ohne Zuckerzusatz. Box mit 12 Einheiten.\"}]},{\"@type\":\"WebSite\",\"@id\":\"https:\\\/\\\/terraixufa.com\\\/de\\\/#website\",\"url\":\"https:\\\/\\\/terraixufa.com\\\/de\\\/\",\"name\":\"terraixufa\",\"description\":\"Productes locals i de temporada\",\"potentialAction\":[{\"@type\":\"SearchAction\",\"target\":{\"@type\":\"EntryPoint\",\"urlTemplate\":\"https:\\\/\\\/terraixufa.com\\\/de\\\/?s={search_term_string}\"},\"query-input\":{\"@type\":\"PropertyValueSpecification\",\"valueRequired\":true,\"valueName\":\"search_term_string\"}}],\"inLanguage\":\"de\"}]}<\/script>\n<!-- \/ Yoast SEO plugin. -->","yoast_head_json":{"title":"Bio-Tigernussgetr\u00e4nk ohne Zuckerzusatz. Box mit 12 Einheiten. - terraixufa","robots":{"index":"index","follow":"follow","max-snippet":"max-snippet:-1","max-image-preview":"max-image-preview:large","max-video-preview":"max-video-preview:-1"},"canonical":"https:\/\/terraixufa.com\/de\/tienda\/produkte-aus-erdmandeln\/bio-tigernussgetrank-ohne-zuckerzusatz-box-mit-12-einheiten\/","og_locale":"de_DE","og_type":"article","og_title":"Bio-Tigernussgetr\u00e4nk ohne Zuckerzusatz. Box mit 12 Einheiten. - terraixufa","og_description":"Das Tigernussgetr\u00e4nk Terra i Xufa ist das erste UHT-Tigernussgetr\u00e4nk 100% biologisch, hergestellt nur aus gepressten N\u00fcssen ohne Zuckerzusatz und ohne S\u00fc\u00dfstoff. Dank der Aush\u00e4rtung der Tigernuss w\u00e4hrend des Trocknens wird die St\u00e4rke in nat\u00fcrlichen Zucker umgewandelt, der der Nuss den charakteristischen s\u00fc\u00dfen Geschmack verleiht. Im Gegensatz zu den meisten Horchatas, die wir auf dem Markt finden, verwenden wir kein Milcheiwei\u00df als Stabilisator, sondern ersetzen es durch organische Stabilisatoren aus Gem\u00fcse. Daher ist es ein Getr\u00e4nk, das f\u00fcr Veganer und Personen mit Laktoseintoleranz geeignet ist.","og_url":"https:\/\/terraixufa.com\/de\/tienda\/produkte-aus-erdmandeln\/bio-tigernussgetrank-ohne-zuckerzusatz-box-mit-12-einheiten\/","og_site_name":"terraixufa","article_modified_time":"2021-06-02T17:13:41+00:00","og_image":[{"width":700,"height":997,"url":"https:\/\/terraixufa.com\/wp-content\/uploads\/2021\/04\/OFERTA-Bebida-de-Chufa-Ecolo\u0301gica-Sin-Azu\u0301cares-An\u0303adidos.jpg","type":"image\/jpeg"}],"twitter_card":"summary_large_image","twitter_misc":{"Gesch\u00e4tzte Lesezeit":"1\u00a0Minute"},"schema":{"@context":"https:\/\/schema.org","@graph":[{"@type":"WebPage","@id":"https:\/\/terraixufa.com\/de\/tienda\/produkte-aus-erdmandeln\/bio-tigernussgetrank-ohne-zuckerzusatz-box-mit-12-einheiten\/","url":"https:\/\/terraixufa.com\/de\/tienda\/produkte-aus-erdmandeln\/bio-tigernussgetrank-ohne-zuckerzusatz-box-mit-12-einheiten\/","name":"Bio-Tigernussgetr\u00e4nk ohne Zuckerzusatz. Box mit 12 Einheiten. - terraixufa","isPartOf":{"@id":"https:\/\/terraixufa.com\/de\/#website"},"primaryImageOfPage":{"@id":"https:\/\/terraixufa.com\/de\/tienda\/produkte-aus-erdmandeln\/bio-tigernussgetrank-ohne-zuckerzusatz-box-mit-12-einheiten\/#primaryimage"},"image":{"@id":"https:\/\/terraixufa.com\/de\/tienda\/produkte-aus-erdmandeln\/bio-tigernussgetrank-ohne-zuckerzusatz-box-mit-12-einheiten\/#primaryimage"},"thumbnailUrl":"https:\/\/terraixufa.com\/wp-content\/uploads\/2020\/11\/Bebida-de-Chufa-Ecolo\u0301gica-Sin-Azu\u0301cares-An\u0303adidos.jpg","datePublished":"2020-10-20T06:44:47+00:00","dateModified":"2021-06-02T17:13:41+00:00","breadcrumb":{"@id":"https:\/\/terraixufa.com\/de\/tienda\/produkte-aus-erdmandeln\/bio-tigernussgetrank-ohne-zuckerzusatz-box-mit-12-einheiten\/#breadcrumb"},"inLanguage":"de","potentialAction":[{"@type":"ReadAction","target":["https:\/\/terraixufa.com\/de\/tienda\/produkte-aus-erdmandeln\/bio-tigernussgetrank-ohne-zuckerzusatz-box-mit-12-einheiten\/"]}]},{"@type":"ImageObject","inLanguage":"de","@id":"https:\/\/terraixufa.com\/de\/tienda\/produkte-aus-erdmandeln\/bio-tigernussgetrank-ohne-zuckerzusatz-box-mit-12-einheiten\/#primaryimage","url":"https:\/\/terraixufa.com\/wp-content\/uploads\/2020\/11\/Bebida-de-Chufa-Ecolo\u0301gica-Sin-Azu\u0301cares-An\u0303adidos.jpg","contentUrl":"https:\/\/terraixufa.com\/wp-content\/uploads\/2020\/11\/Bebida-de-Chufa-Ecolo\u0301gica-Sin-Azu\u0301cares-An\u0303adidos.jpg","width":700,"height":997,"caption":"Bebida, Chufa, Ecologica"},{"@type":"BreadcrumbList","@id":"https:\/\/terraixufa.com\/de\/tienda\/produkte-aus-erdmandeln\/bio-tigernussgetrank-ohne-zuckerzusatz-box-mit-12-einheiten\/#breadcrumb","itemListElement":[{"@type":"ListItem","position":1,"name":"Portada","item":"https:\/\/terraixufa.com\/de\/"},{"@type":"ListItem","position":2,"name":"Tienda","item":"https:\/\/terraixufa.com\/tienda\/"},{"@type":"ListItem","position":3,"name":"Bio-Tigernussgetr\u00e4nk ohne Zuckerzusatz. Box mit 12 Einheiten."}]},{"@type":"WebSite","@id":"https:\/\/terraixufa.com\/de\/#website","url":"https:\/\/terraixufa.com\/de\/","name":"terraixufa","description":"Productes locals i de temporada","potentialAction":[{"@type":"SearchAction","target":{"@type":"EntryPoint","urlTemplate":"https:\/\/terraixufa.com\/de\/?s={search_term_string}"},"query-input":{"@type":"PropertyValueSpecification","valueRequired":true,"valueName":"search_term_string"}}],"inLanguage":"de"}]}},"_links":{"self":[{"href":"https:\/\/terraixufa.com\/de\/wp-json\/wp\/v2\/product\/1629","targetHints":{"allow":["GET"]}}],"collection":[{"href":"https:\/\/terraixufa.com\/de\/wp-json\/wp\/v2\/product"}],"about":[{"href":"https:\/\/terraixufa.com\/de\/wp-json\/wp\/v2\/types\/product"}],"replies":[{"embeddable":true,"href":"https:\/\/terraixufa.com\/de\/wp-json\/wp\/v2\/comments?post=1629"}],"wp:featuredmedia":[{"embeddable":true,"href":"https:\/\/terraixufa.com\/de\/wp-json\/wp\/v2\/media\/947"}],"wp:attachment":[{"href":"https:\/\/terraixufa.com\/de\/wp-json\/wp\/v2\/media?parent=1629"}],"wp:term":[{"taxonomy":"product_brand","embeddable":true,"href":"https:\/\/terraixufa.com\/de\/wp-json\/wp\/v2\/product_brand?post=1629"},{"taxonomy":"product_cat","embeddable":true,"href":"https:\/\/terraixufa.com\/de\/wp-json\/wp\/v2\/product_cat?post=1629"},{"taxonomy":"product_tag","embeddable":true,"href":"https:\/\/terraixufa.com\/de\/wp-json\/wp\/v2\/product_tag?post=1629"}],"curies":[{"name":"wp","href":"https:\/\/api.w.org\/{rel}","templated":true}]}}