{"id":1632,"date":"2020-10-20T06:44:47","date_gmt":"2020-10-20T06:44:47","guid":{"rendered":"https:\/\/terraixufa.com\/tienda\/unkategorisiert\/bio-bier-aus-tigernussen-antara-330-ml-box-mit-6-oder\/"},"modified":"2021-02-08T11:31:01","modified_gmt":"2021-02-08T11:31:01","slug":"bio-bier-aus-tigernussen-antara-330ml-box6","status":"publish","type":"product","link":"https:\/\/terraixufa.com\/de\/tienda\/produkte-aus-erdmandeln\/bio-bier-aus-tigernussen-antara-330ml-box6\/","title":{"rendered":"Bio Bier aus Tigern\u00fcssen &#8222;Antara&#8220; 330 ml. Box mit 6 oder"},"content":{"rendered":"<p>Die S\u00fc\u00dfe der Tigernuss mildert die Bitterkeit des Hopfens und verleiht dem Bier einen weichen, aber sehr pers\u00f6nlichen Geschmack. Die St\u00e4rke und die Proteine \u200b\u200bder Tigernuss verleihen ihm einen dichten K\u00f6rper und einen sehr gleichm\u00e4\u00dfigen Schaum.<\/p>\n<blockquote><p>Verband der Designer des Valencian Community Award 2011: Bestes Verpackungsdesign.<\/p><\/blockquote>\n<p><b>Zutaten:<\/b> Weizen, Gerste, Tigernuss und Hopfen<\/p>\n<p><b>Haltbarkeit:<\/b> 2 Jahre bei Raumtemperatur. An einem k\u00fchlen und trockenen Ort lagern und vor Sonnenlicht sch\u00fctzen.<\/p>\n<p><b>Format<\/b>: 330 ml Glasflasche<\/p>\n<p><b>Verkaufseinheit: <\/b>Box mit 6 Einheiten<\/p>\n","protected":false},"excerpt":{"rendered":"<p>Ab 400 v. Chr. &#8222;&#8230; Die Eingeborenen sammeln Tigern\u00fcsse und kochen sie in Bier aus Gerste &#8230; sie sind sehr angenehm &#8230; Jeder isst sie als exquisites Essen &#8230;&#8220; Theophrastus\u00a0 &#8222;Geschichte der Pflanzen&#8220; 4. Jahrhundert n. Chr.<\/p>\n<p><strong>ANTARA<\/strong>-Bier wurde als Lebensmittel der Antike konzipiert, eine perfekte Mischung aus Getreide, Tigern\u00fcssen und Hopfenblumen. Es findet eine zweite G\u00e4rung in der Flasche statt, so dass sich die nat\u00fcrlichen Hefen absetzen k\u00f6nnen. Das Getr\u00e4nk wird nicht gefiltert oder pasteurisiert.<\/p>\n","protected":false},"featured_media":1028,"comment_status":"open","ping_status":"closed","template":"","meta":{"_acf_changed":false},"product_brand":[],"product_cat":[82],"product_tag":[],"class_list":{"0":"post-1632","1":"product","2":"type-product","3":"status-publish","4":"has-post-thumbnail","6":"product_cat-produkte-aus-erdmandeln","8":"first","9":"instock","10":"taxable","11":"shipping-taxable","12":"purchasable","13":"product-type-simple","15":"catalog-layout-default","16":"columns-xs-1"},"acf":[],"yoast_head":"<!-- This site is optimized with the Yoast SEO plugin v27.4 - https:\/\/yoast.com\/product\/yoast-seo-wordpress\/ -->\n<title>Bio Bier aus Tigern\u00fcssen &quot;Antara&quot; 330 ml. Box mit 6 oder - terraixufa<\/title>\n<meta name=\"robots\" content=\"index, follow, max-snippet:-1, max-image-preview:large, max-video-preview:-1\" \/>\n<link rel=\"canonical\" href=\"https:\/\/terraixufa.com\/de\/tienda\/produkte-aus-erdmandeln\/bio-bier-aus-tigernussen-antara-330ml-box6\/\" \/>\n<meta property=\"og:locale\" content=\"de_DE\" \/>\n<meta property=\"og:type\" content=\"article\" \/>\n<meta property=\"og:title\" content=\"Bio Bier aus Tigern\u00fcssen &quot;Antara&quot; 330 ml. Box mit 6 oder - terraixufa\" \/>\n<meta property=\"og:description\" content=\"Ab 400 v. Chr. &quot;... Die Eingeborenen sammeln Tigern\u00fcsse und kochen sie in Bier aus Gerste ... sie sind sehr angenehm ... Jeder isst sie als exquisites Essen ...&quot; Theophrastus\u00a0 &quot;Geschichte der Pflanzen&quot; 4. Jahrhundert n. Chr.  ANTARA-Bier wurde als Lebensmittel der Antike konzipiert, eine perfekte Mischung aus Getreide, Tigern\u00fcssen und Hopfenblumen. Es findet eine zweite G\u00e4rung in der Flasche statt, so dass sich die nat\u00fcrlichen Hefen absetzen k\u00f6nnen. Das Getr\u00e4nk wird nicht gefiltert oder pasteurisiert.\" \/>\n<meta property=\"og:url\" content=\"https:\/\/terraixufa.com\/de\/tienda\/produkte-aus-erdmandeln\/bio-bier-aus-tigernussen-antara-330ml-box6\/\" \/>\n<meta property=\"og:site_name\" content=\"terraixufa\" \/>\n<meta property=\"article:modified_time\" content=\"2021-02-08T11:31:01+00:00\" \/>\n<meta property=\"og:image\" content=\"https:\/\/terraixufa.com\/wp-content\/uploads\/2020\/11\/Cerveza-Ecolo\u0301gica-de-Chufa-Antara-330-ml.-Caja-de-6-unidades-terra-i-xufa-copia.jpg\" \/>\n\t<meta property=\"og:image:width\" content=\"700\" \/>\n\t<meta property=\"og:image:height\" content=\"996\" \/>\n\t<meta property=\"og:image:type\" content=\"image\/jpeg\" \/>\n<meta name=\"twitter:card\" content=\"summary_large_image\" \/>\n<script type=\"application\/ld+json\" class=\"yoast-schema-graph\">{\"@context\":\"https:\\\/\\\/schema.org\",\"@graph\":[{\"@type\":\"WebPage\",\"@id\":\"https:\\\/\\\/terraixufa.com\\\/de\\\/tienda\\\/produkte-aus-erdmandeln\\\/bio-bier-aus-tigernussen-antara-330ml-box6\\\/\",\"url\":\"https:\\\/\\\/terraixufa.com\\\/de\\\/tienda\\\/produkte-aus-erdmandeln\\\/bio-bier-aus-tigernussen-antara-330ml-box6\\\/\",\"name\":\"Bio Bier aus Tigern\u00fcssen \\\"Antara\\\" 330 ml. Box mit 6 oder - terraixufa\",\"isPartOf\":{\"@id\":\"https:\\\/\\\/terraixufa.com\\\/de\\\/#website\"},\"primaryImageOfPage\":{\"@id\":\"https:\\\/\\\/terraixufa.com\\\/de\\\/tienda\\\/produkte-aus-erdmandeln\\\/bio-bier-aus-tigernussen-antara-330ml-box6\\\/#primaryimage\"},\"image\":{\"@id\":\"https:\\\/\\\/terraixufa.com\\\/de\\\/tienda\\\/produkte-aus-erdmandeln\\\/bio-bier-aus-tigernussen-antara-330ml-box6\\\/#primaryimage\"},\"thumbnailUrl\":\"https:\\\/\\\/terraixufa.com\\\/wp-content\\\/uploads\\\/2020\\\/11\\\/Cerveza-Ecolo\u0301gica-de-Chufa-Antara-330-ml.-Caja-de-6-unidades-terra-i-xufa-copia.jpg\",\"datePublished\":\"2020-10-20T06:44:47+00:00\",\"dateModified\":\"2021-02-08T11:31:01+00:00\",\"breadcrumb\":{\"@id\":\"https:\\\/\\\/terraixufa.com\\\/de\\\/tienda\\\/produkte-aus-erdmandeln\\\/bio-bier-aus-tigernussen-antara-330ml-box6\\\/#breadcrumb\"},\"inLanguage\":\"de\",\"potentialAction\":[{\"@type\":\"ReadAction\",\"target\":[\"https:\\\/\\\/terraixufa.com\\\/de\\\/tienda\\\/produkte-aus-erdmandeln\\\/bio-bier-aus-tigernussen-antara-330ml-box6\\\/\"]}]},{\"@type\":\"ImageObject\",\"inLanguage\":\"de\",\"@id\":\"https:\\\/\\\/terraixufa.com\\\/de\\\/tienda\\\/produkte-aus-erdmandeln\\\/bio-bier-aus-tigernussen-antara-330ml-box6\\\/#primaryimage\",\"url\":\"https:\\\/\\\/terraixufa.com\\\/wp-content\\\/uploads\\\/2020\\\/11\\\/Cerveza-Ecolo\u0301gica-de-Chufa-Antara-330-ml.-Caja-de-6-unidades-terra-i-xufa-copia.jpg\",\"contentUrl\":\"https:\\\/\\\/terraixufa.com\\\/wp-content\\\/uploads\\\/2020\\\/11\\\/Cerveza-Ecolo\u0301gica-de-Chufa-Antara-330-ml.-Caja-de-6-unidades-terra-i-xufa-copia.jpg\",\"width\":700,\"height\":996,\"caption\":\"cervesa, ecologica, xufa, antara, terraixufa\"},{\"@type\":\"BreadcrumbList\",\"@id\":\"https:\\\/\\\/terraixufa.com\\\/de\\\/tienda\\\/produkte-aus-erdmandeln\\\/bio-bier-aus-tigernussen-antara-330ml-box6\\\/#breadcrumb\",\"itemListElement\":[{\"@type\":\"ListItem\",\"position\":1,\"name\":\"Portada\",\"item\":\"https:\\\/\\\/terraixufa.com\\\/de\\\/\"},{\"@type\":\"ListItem\",\"position\":2,\"name\":\"Tienda\",\"item\":\"https:\\\/\\\/terraixufa.com\\\/tienda\\\/\"},{\"@type\":\"ListItem\",\"position\":3,\"name\":\"Bio Bier aus Tigern\u00fcssen \u00abAntara\u00bb 330 ml. Box mit 6 oder\"}]},{\"@type\":\"WebSite\",\"@id\":\"https:\\\/\\\/terraixufa.com\\\/de\\\/#website\",\"url\":\"https:\\\/\\\/terraixufa.com\\\/de\\\/\",\"name\":\"terraixufa\",\"description\":\"Productes locals i de temporada\",\"potentialAction\":[{\"@type\":\"SearchAction\",\"target\":{\"@type\":\"EntryPoint\",\"urlTemplate\":\"https:\\\/\\\/terraixufa.com\\\/de\\\/?s={search_term_string}\"},\"query-input\":{\"@type\":\"PropertyValueSpecification\",\"valueRequired\":true,\"valueName\":\"search_term_string\"}}],\"inLanguage\":\"de\"}]}<\/script>\n<!-- \/ Yoast SEO plugin. -->","yoast_head_json":{"title":"Bio Bier aus Tigern\u00fcssen \"Antara\" 330 ml. Box mit 6 oder - terraixufa","robots":{"index":"index","follow":"follow","max-snippet":"max-snippet:-1","max-image-preview":"max-image-preview:large","max-video-preview":"max-video-preview:-1"},"canonical":"https:\/\/terraixufa.com\/de\/tienda\/produkte-aus-erdmandeln\/bio-bier-aus-tigernussen-antara-330ml-box6\/","og_locale":"de_DE","og_type":"article","og_title":"Bio Bier aus Tigern\u00fcssen \"Antara\" 330 ml. Box mit 6 oder - terraixufa","og_description":"Ab 400 v. Chr. \"... Die Eingeborenen sammeln Tigern\u00fcsse und kochen sie in Bier aus Gerste ... sie sind sehr angenehm ... Jeder isst sie als exquisites Essen ...\" Theophrastus\u00a0 \"Geschichte der Pflanzen\" 4. Jahrhundert n. Chr.  ANTARA-Bier wurde als Lebensmittel der Antike konzipiert, eine perfekte Mischung aus Getreide, Tigern\u00fcssen und Hopfenblumen. Es findet eine zweite G\u00e4rung in der Flasche statt, so dass sich die nat\u00fcrlichen Hefen absetzen k\u00f6nnen. Das Getr\u00e4nk wird nicht gefiltert oder pasteurisiert.","og_url":"https:\/\/terraixufa.com\/de\/tienda\/produkte-aus-erdmandeln\/bio-bier-aus-tigernussen-antara-330ml-box6\/","og_site_name":"terraixufa","article_modified_time":"2021-02-08T11:31:01+00:00","og_image":[{"width":700,"height":996,"url":"https:\/\/terraixufa.com\/wp-content\/uploads\/2020\/11\/Cerveza-Ecolo\u0301gica-de-Chufa-Antara-330-ml.-Caja-de-6-unidades-terra-i-xufa-copia.jpg","type":"image\/jpeg"}],"twitter_card":"summary_large_image","schema":{"@context":"https:\/\/schema.org","@graph":[{"@type":"WebPage","@id":"https:\/\/terraixufa.com\/de\/tienda\/produkte-aus-erdmandeln\/bio-bier-aus-tigernussen-antara-330ml-box6\/","url":"https:\/\/terraixufa.com\/de\/tienda\/produkte-aus-erdmandeln\/bio-bier-aus-tigernussen-antara-330ml-box6\/","name":"Bio Bier aus Tigern\u00fcssen \"Antara\" 330 ml. Box mit 6 oder - terraixufa","isPartOf":{"@id":"https:\/\/terraixufa.com\/de\/#website"},"primaryImageOfPage":{"@id":"https:\/\/terraixufa.com\/de\/tienda\/produkte-aus-erdmandeln\/bio-bier-aus-tigernussen-antara-330ml-box6\/#primaryimage"},"image":{"@id":"https:\/\/terraixufa.com\/de\/tienda\/produkte-aus-erdmandeln\/bio-bier-aus-tigernussen-antara-330ml-box6\/#primaryimage"},"thumbnailUrl":"https:\/\/terraixufa.com\/wp-content\/uploads\/2020\/11\/Cerveza-Ecolo\u0301gica-de-Chufa-Antara-330-ml.-Caja-de-6-unidades-terra-i-xufa-copia.jpg","datePublished":"2020-10-20T06:44:47+00:00","dateModified":"2021-02-08T11:31:01+00:00","breadcrumb":{"@id":"https:\/\/terraixufa.com\/de\/tienda\/produkte-aus-erdmandeln\/bio-bier-aus-tigernussen-antara-330ml-box6\/#breadcrumb"},"inLanguage":"de","potentialAction":[{"@type":"ReadAction","target":["https:\/\/terraixufa.com\/de\/tienda\/produkte-aus-erdmandeln\/bio-bier-aus-tigernussen-antara-330ml-box6\/"]}]},{"@type":"ImageObject","inLanguage":"de","@id":"https:\/\/terraixufa.com\/de\/tienda\/produkte-aus-erdmandeln\/bio-bier-aus-tigernussen-antara-330ml-box6\/#primaryimage","url":"https:\/\/terraixufa.com\/wp-content\/uploads\/2020\/11\/Cerveza-Ecolo\u0301gica-de-Chufa-Antara-330-ml.-Caja-de-6-unidades-terra-i-xufa-copia.jpg","contentUrl":"https:\/\/terraixufa.com\/wp-content\/uploads\/2020\/11\/Cerveza-Ecolo\u0301gica-de-Chufa-Antara-330-ml.-Caja-de-6-unidades-terra-i-xufa-copia.jpg","width":700,"height":996,"caption":"cervesa, ecologica, xufa, antara, terraixufa"},{"@type":"BreadcrumbList","@id":"https:\/\/terraixufa.com\/de\/tienda\/produkte-aus-erdmandeln\/bio-bier-aus-tigernussen-antara-330ml-box6\/#breadcrumb","itemListElement":[{"@type":"ListItem","position":1,"name":"Portada","item":"https:\/\/terraixufa.com\/de\/"},{"@type":"ListItem","position":2,"name":"Tienda","item":"https:\/\/terraixufa.com\/tienda\/"},{"@type":"ListItem","position":3,"name":"Bio Bier aus Tigern\u00fcssen \u00abAntara\u00bb 330 ml. Box mit 6 oder"}]},{"@type":"WebSite","@id":"https:\/\/terraixufa.com\/de\/#website","url":"https:\/\/terraixufa.com\/de\/","name":"terraixufa","description":"Productes locals i de temporada","potentialAction":[{"@type":"SearchAction","target":{"@type":"EntryPoint","urlTemplate":"https:\/\/terraixufa.com\/de\/?s={search_term_string}"},"query-input":{"@type":"PropertyValueSpecification","valueRequired":true,"valueName":"search_term_string"}}],"inLanguage":"de"}]}},"_links":{"self":[{"href":"https:\/\/terraixufa.com\/de\/wp-json\/wp\/v2\/product\/1632","targetHints":{"allow":["GET"]}}],"collection":[{"href":"https:\/\/terraixufa.com\/de\/wp-json\/wp\/v2\/product"}],"about":[{"href":"https:\/\/terraixufa.com\/de\/wp-json\/wp\/v2\/types\/product"}],"replies":[{"embeddable":true,"href":"https:\/\/terraixufa.com\/de\/wp-json\/wp\/v2\/comments?post=1632"}],"wp:featuredmedia":[{"embeddable":true,"href":"https:\/\/terraixufa.com\/de\/wp-json\/wp\/v2\/media\/1028"}],"wp:attachment":[{"href":"https:\/\/terraixufa.com\/de\/wp-json\/wp\/v2\/media?parent=1632"}],"wp:term":[{"taxonomy":"product_brand","embeddable":true,"href":"https:\/\/terraixufa.com\/de\/wp-json\/wp\/v2\/product_brand?post=1632"},{"taxonomy":"product_cat","embeddable":true,"href":"https:\/\/terraixufa.com\/de\/wp-json\/wp\/v2\/product_cat?post=1632"},{"taxonomy":"product_tag","embeddable":true,"href":"https:\/\/terraixufa.com\/de\/wp-json\/wp\/v2\/product_tag?post=1632"}],"curies":[{"name":"wp","href":"https:\/\/api.w.org\/{rel}","templated":true}]}}