{"id":1643,"date":"2020-10-19T07:28:02","date_gmt":"2020-10-19T07:28:02","guid":{"rendered":"https:\/\/terraixufa.com\/tienda\/unkategorisiert\/organic-chufa-do-valencia\/"},"modified":"2020-12-07T11:33:12","modified_gmt":"2020-12-07T11:33:12","slug":"organic-chufa-do-valencia","status":"publish","type":"product","link":"https:\/\/terraixufa.com\/de\/tienda\/bio-tigernusse\/organic-chufa-do-valencia\/","title":{"rendered":"Organic Chufa D.O. Valencia 25 kg Beutel"},"content":{"rendered":"<p>Wir w\u00e4hlen Tigern\u00fcsse von h\u00f6chster Qualit\u00e4t und Gr\u00f6\u00dfe aus und verpacken sie im Vakuum oder in einer Schutzatmosph\u00e4re, damit sie all ihre Eigenschaften behalten.<br \/>\nSie k\u00f6nnen sie nach ihrem eigenen Geschmack genie\u00dfen, indem Sie sie roh oder eingeweicht verzehren oder daraus hausgemachte Horchata herstellen. Sie k\u00f6nnen sie auch als Samen zur Aussaat verwendet.<\/p>\n<p>Die Tigernuss hat unz\u00e4hlige Vorteile f\u00fcr unsere Gesundheit. Sie ist herzgesund und antioxidativ aufgrund ihres hohen Gehalts an \u00d6l-, Fols\u00e4ure- und Phytosterols\u00e4uren<br \/>\nund tr\u00e4gt zur Aufrechterhaltung eines gesunden Cholesterinspiegels im Blut bei. Die Tigern\u00fcsse enthalten 1% Protein und essentielle Aminos\u00e4uren wie Arginin, eine Vorstufe von Prolaktin, haben einen hohen Gehalt an l\u00f6slichen Pflanzenfasern und k\u00f6nnen St\u00f6rungen der Darmfunktion verhindern und sogar Darmkrebs vorbeugen. Die N\u00fcsse haben eine pr\u00e4biotische Wirkung und erleichtern die Verdauung von Kohlenhydraten, sind reich an Mineralien, hervorgehoben seien Phosphor, Kalium, Kalzium, Eisen, Magnesium und Vitamin E und C, erhalten 0% Laktose, 0% Gluten und bestehen aus 100% Gem\u00fcse.<\/p>\n<p><b>Zutaten:<\/b> Tigernuss aus Valencia<\/p>\n<p><b>Haltbarkeit:<\/b> 2 Jahre bei Raumtemperatur, an einem k\u00fchlen und trockenen Ort lagern und vor Sonnenlicht sch\u00fctzen.<\/p>\n<p><b>Format:\u00a0<\/b>25 kg Beutel<\/p>\n<p><b>Verkaufseinheit:\u00a0<\/b>Tigernuss 25 kg: 25 kg Jutesack.<\/p>\n","protected":false},"excerpt":{"rendered":"<p>Diese Tigernuss ist das Ergebnis der Bem\u00fchungen einer Gruppe von Biobauern aus der <strong><i>Huerta de Valencia<\/i><\/strong>. Wir kultivieren wie unsere Gro\u00dfeltern die Tigernuss acht Monate lang ohne chemische Behandlung. Sp\u00e4ter waschen und trocknen wir sie auf nat\u00fcrliche Weise in einem Aush\u00e4rtungsprozess, der drei Monate dauert. Dank dieser Aush\u00e4rtung wird die St\u00e4rke der Tigernuss in nat\u00fcrlichen Zucker umgewandelt, der ihr den charakteristischen Geschmack der Horchata verleiht<\/p>\n","protected":false},"featured_media":0,"comment_status":"open","ping_status":"closed","template":"","meta":{"_acf_changed":false},"product_brand":[],"product_cat":[83],"product_tag":[],"class_list":{"0":"post-1643","1":"product","2":"type-product","3":"status-publish","5":"product_cat-bio-tigernusse","7":"first","8":"instock","9":"taxable","10":"shipping-taxable","11":"purchasable","12":"product-type-simple","14":"catalog-layout-default","15":"columns-xs-1"},"acf":[],"yoast_head":"<!-- This site is optimized with the Yoast SEO plugin v27.4 - https:\/\/yoast.com\/product\/yoast-seo-wordpress\/ -->\n<title>Organic Chufa D.O. Valencia 25 kg Beutel - terraixufa<\/title>\n<meta name=\"robots\" content=\"index, follow, max-snippet:-1, max-image-preview:large, max-video-preview:-1\" \/>\n<link rel=\"canonical\" href=\"https:\/\/terraixufa.com\/de\/tienda\/bio-tigernusse\/organic-chufa-do-valencia\/\" \/>\n<meta property=\"og:locale\" content=\"de_DE\" \/>\n<meta property=\"og:type\" content=\"article\" \/>\n<meta property=\"og:title\" content=\"Organic Chufa D.O. Valencia 25 kg Beutel - terraixufa\" \/>\n<meta property=\"og:description\" content=\"Diese Tigernuss ist das Ergebnis der Bem\u00fchungen einer Gruppe von Biobauern aus der Huerta de Valencia. Wir kultivieren wie unsere Gro\u00dfeltern die Tigernuss acht Monate lang ohne chemische Behandlung. Sp\u00e4ter waschen und trocknen wir sie auf nat\u00fcrliche Weise in einem Aush\u00e4rtungsprozess, der drei Monate dauert. Dank dieser Aush\u00e4rtung wird die St\u00e4rke der Tigernuss in nat\u00fcrlichen Zucker umgewandelt, der ihr den charakteristischen Geschmack der Horchata verleiht\" \/>\n<meta property=\"og:url\" content=\"https:\/\/terraixufa.com\/de\/tienda\/bio-tigernusse\/organic-chufa-do-valencia\/\" \/>\n<meta property=\"og:site_name\" content=\"terraixufa\" \/>\n<meta property=\"article:modified_time\" content=\"2020-12-07T11:33:12+00:00\" \/>\n<meta name=\"twitter:card\" content=\"summary_large_image\" \/>\n<meta name=\"twitter:label1\" content=\"Gesch\u00e4tzte Lesezeit\" \/>\n\t<meta name=\"twitter:data1\" content=\"1\u00a0Minute\" \/>\n<script type=\"application\/ld+json\" class=\"yoast-schema-graph\">{\"@context\":\"https:\\\/\\\/schema.org\",\"@graph\":[{\"@type\":\"WebPage\",\"@id\":\"https:\\\/\\\/terraixufa.com\\\/de\\\/tienda\\\/bio-tigernusse\\\/organic-chufa-do-valencia\\\/\",\"url\":\"https:\\\/\\\/terraixufa.com\\\/de\\\/tienda\\\/bio-tigernusse\\\/organic-chufa-do-valencia\\\/\",\"name\":\"Organic Chufa D.O. Valencia 25 kg Beutel - terraixufa\",\"isPartOf\":{\"@id\":\"https:\\\/\\\/terraixufa.com\\\/de\\\/#website\"},\"datePublished\":\"2020-10-19T07:28:02+00:00\",\"dateModified\":\"2020-12-07T11:33:12+00:00\",\"breadcrumb\":{\"@id\":\"https:\\\/\\\/terraixufa.com\\\/de\\\/tienda\\\/bio-tigernusse\\\/organic-chufa-do-valencia\\\/#breadcrumb\"},\"inLanguage\":\"de\",\"potentialAction\":[{\"@type\":\"ReadAction\",\"target\":[\"https:\\\/\\\/terraixufa.com\\\/de\\\/tienda\\\/bio-tigernusse\\\/organic-chufa-do-valencia\\\/\"]}]},{\"@type\":\"BreadcrumbList\",\"@id\":\"https:\\\/\\\/terraixufa.com\\\/de\\\/tienda\\\/bio-tigernusse\\\/organic-chufa-do-valencia\\\/#breadcrumb\",\"itemListElement\":[{\"@type\":\"ListItem\",\"position\":1,\"name\":\"Portada\",\"item\":\"https:\\\/\\\/terraixufa.com\\\/de\\\/\"},{\"@type\":\"ListItem\",\"position\":2,\"name\":\"Tienda\",\"item\":\"https:\\\/\\\/terraixufa.com\\\/tienda\\\/\"},{\"@type\":\"ListItem\",\"position\":3,\"name\":\"Organic Chufa D.O. Valencia 25 kg Beutel\"}]},{\"@type\":\"WebSite\",\"@id\":\"https:\\\/\\\/terraixufa.com\\\/de\\\/#website\",\"url\":\"https:\\\/\\\/terraixufa.com\\\/de\\\/\",\"name\":\"terraixufa\",\"description\":\"Productes locals i de temporada\",\"potentialAction\":[{\"@type\":\"SearchAction\",\"target\":{\"@type\":\"EntryPoint\",\"urlTemplate\":\"https:\\\/\\\/terraixufa.com\\\/de\\\/?s={search_term_string}\"},\"query-input\":{\"@type\":\"PropertyValueSpecification\",\"valueRequired\":true,\"valueName\":\"search_term_string\"}}],\"inLanguage\":\"de\"}]}<\/script>\n<!-- \/ Yoast SEO plugin. -->","yoast_head_json":{"title":"Organic Chufa D.O. Valencia 25 kg Beutel - terraixufa","robots":{"index":"index","follow":"follow","max-snippet":"max-snippet:-1","max-image-preview":"max-image-preview:large","max-video-preview":"max-video-preview:-1"},"canonical":"https:\/\/terraixufa.com\/de\/tienda\/bio-tigernusse\/organic-chufa-do-valencia\/","og_locale":"de_DE","og_type":"article","og_title":"Organic Chufa D.O. Valencia 25 kg Beutel - terraixufa","og_description":"Diese Tigernuss ist das Ergebnis der Bem\u00fchungen einer Gruppe von Biobauern aus der Huerta de Valencia. Wir kultivieren wie unsere Gro\u00dfeltern die Tigernuss acht Monate lang ohne chemische Behandlung. Sp\u00e4ter waschen und trocknen wir sie auf nat\u00fcrliche Weise in einem Aush\u00e4rtungsprozess, der drei Monate dauert. Dank dieser Aush\u00e4rtung wird die St\u00e4rke der Tigernuss in nat\u00fcrlichen Zucker umgewandelt, der ihr den charakteristischen Geschmack der Horchata verleiht","og_url":"https:\/\/terraixufa.com\/de\/tienda\/bio-tigernusse\/organic-chufa-do-valencia\/","og_site_name":"terraixufa","article_modified_time":"2020-12-07T11:33:12+00:00","twitter_card":"summary_large_image","twitter_misc":{"Gesch\u00e4tzte Lesezeit":"1\u00a0Minute"},"schema":{"@context":"https:\/\/schema.org","@graph":[{"@type":"WebPage","@id":"https:\/\/terraixufa.com\/de\/tienda\/bio-tigernusse\/organic-chufa-do-valencia\/","url":"https:\/\/terraixufa.com\/de\/tienda\/bio-tigernusse\/organic-chufa-do-valencia\/","name":"Organic Chufa D.O. Valencia 25 kg Beutel - terraixufa","isPartOf":{"@id":"https:\/\/terraixufa.com\/de\/#website"},"datePublished":"2020-10-19T07:28:02+00:00","dateModified":"2020-12-07T11:33:12+00:00","breadcrumb":{"@id":"https:\/\/terraixufa.com\/de\/tienda\/bio-tigernusse\/organic-chufa-do-valencia\/#breadcrumb"},"inLanguage":"de","potentialAction":[{"@type":"ReadAction","target":["https:\/\/terraixufa.com\/de\/tienda\/bio-tigernusse\/organic-chufa-do-valencia\/"]}]},{"@type":"BreadcrumbList","@id":"https:\/\/terraixufa.com\/de\/tienda\/bio-tigernusse\/organic-chufa-do-valencia\/#breadcrumb","itemListElement":[{"@type":"ListItem","position":1,"name":"Portada","item":"https:\/\/terraixufa.com\/de\/"},{"@type":"ListItem","position":2,"name":"Tienda","item":"https:\/\/terraixufa.com\/tienda\/"},{"@type":"ListItem","position":3,"name":"Organic Chufa D.O. Valencia 25 kg Beutel"}]},{"@type":"WebSite","@id":"https:\/\/terraixufa.com\/de\/#website","url":"https:\/\/terraixufa.com\/de\/","name":"terraixufa","description":"Productes locals i de temporada","potentialAction":[{"@type":"SearchAction","target":{"@type":"EntryPoint","urlTemplate":"https:\/\/terraixufa.com\/de\/?s={search_term_string}"},"query-input":{"@type":"PropertyValueSpecification","valueRequired":true,"valueName":"search_term_string"}}],"inLanguage":"de"}]}},"_links":{"self":[{"href":"https:\/\/terraixufa.com\/de\/wp-json\/wp\/v2\/product\/1643","targetHints":{"allow":["GET"]}}],"collection":[{"href":"https:\/\/terraixufa.com\/de\/wp-json\/wp\/v2\/product"}],"about":[{"href":"https:\/\/terraixufa.com\/de\/wp-json\/wp\/v2\/types\/product"}],"replies":[{"embeddable":true,"href":"https:\/\/terraixufa.com\/de\/wp-json\/wp\/v2\/comments?post=1643"}],"wp:attachment":[{"href":"https:\/\/terraixufa.com\/de\/wp-json\/wp\/v2\/media?parent=1643"}],"wp:term":[{"taxonomy":"product_brand","embeddable":true,"href":"https:\/\/terraixufa.com\/de\/wp-json\/wp\/v2\/product_brand?post=1643"},{"taxonomy":"product_cat","embeddable":true,"href":"https:\/\/terraixufa.com\/de\/wp-json\/wp\/v2\/product_cat?post=1643"},{"taxonomy":"product_tag","embeddable":true,"href":"https:\/\/terraixufa.com\/de\/wp-json\/wp\/v2\/product_tag?post=1643"}],"curies":[{"name":"wp","href":"https:\/\/api.w.org\/{rel}","templated":true}]}}