{"id":1670,"date":"2020-10-21T10:13:28","date_gmt":"2020-10-21T10:13:28","guid":{"rendered":"https:\/\/terraixufa.com\/tienda\/unkategorisiert\/bio-horchata-aus-valencia-box-mit-12-einheiten\/"},"modified":"2020-12-07T11:26:31","modified_gmt":"2020-12-07T11:26:31","slug":"bio-horchata-aus-valencia-box-mit-12-einheiten","status":"publish","type":"product","link":"https:\/\/terraixufa.com\/de\/tienda\/produkte-aus-erdmandeln\/bio-horchata-aus-valencia-box-mit-12-einheiten\/","title":{"rendered":"Bio-Horchata aus Valencia. Box mit 12 Einheiten."},"content":{"rendered":"<p>Wir kultivieren die Tigernuss acht Monate lang, wie unsere Gro\u00dfeltern ohne chemische Behandlung. Dank der Aush\u00e4rtung wird die St\u00e4rke<br \/>\nder Tigernuss in nat\u00fcrlichen Zucker umgewandelt, der ihr den charakteristischen Geschmack der Horchata verleiht. Im Gegensatz zu den meisten Horchatas, die wir auf dem Markt finden, verwenden wir kein Milcheiwei\u00df als Stabilisator, sondern ersetzen es durch organische Stabilisatoren aus Gem\u00fcse. Daher ist es ein Getr\u00e4nk, das f\u00fcr Veganer und Menschen mit Laktoseintoleranz geeignet ist.<\/p>\n<p><em><strong>Terra i Xufa horchata<\/strong><\/em> wird aus kalt gepressten Tigern\u00fcssen und nicht raffiniertem Bio-Rohrzucker hergestellt, somit enth\u00e4lt sie keinerlei Konservierungsmittel oder Farbstoffe. Aufgrund ihres hohen Gehalts an \u00d6l- und Fols\u00e4ure sowie Phytosterolen ist sie herzgesund und antioxidativ und tr\u00e4gt zur Aufrechterhaltung eines gesunden Cholesterinspiegels im Blut bei. Sie enth\u00e4lt 1% Protein und essentielle Aminos\u00e4uren wie Arginin, die Vorstufe von Prolaktin. Reich an l\u00f6slichen Pflanzenfasern, kann also mit dem Verzehr der Horchata Darmfunktionsst\u00f6rungen und Darmkrebs vorgebeugt werden, denn sie hat eine pr\u00e4biotische Wirkung und erleichtert die Verdauung von Kohlenhydraten. Reich an Mineralien, besonders Phosphor, Kalium, Kalzium, Eisen, Magnesium und Vitamin E und C, besteht sie aus100% Gem\u00fcse ohne Laktose und Gluten.<\/p>\n<p><em><strong>Horchata Terra i Xufa<\/strong><\/em> kann sowohl hei\u00df als auch kalt verzehrt werden. Es ist ein idealer Ersatz f\u00fcr tierische und andere pflanzliche Milch zum Fr\u00fchst\u00fcck oder als Snack sowie zum Kaffee oder M\u00fcsli. Es ist auch eine ideale Zutat, um der K\u00fcche eine besondere Note zu verleihen. Ersetzen Sie Milch durch Horchata in Ihren Lieblingsrezepten und machen Sie \u00fcberraschende Smoothies, Pudding, Pudding, Kuchen, hei\u00dfe Schokolade&#8230;<\/p>\n<p><strong>Zutaten:<\/strong><\/p>\n<ul>\n<li>Demineralisiertes Wasser (73,3%)<\/li>\n<li>Tigernuss aus Valencia (15%)<\/li>\n<li>Rohrzucker (11%)<\/li>\n<li>Emulgator: Sonnenblumenlecithin (0,03%)<\/li>\n<li>S\u00e4urekorrektur: Natriumcitrat (0,02%)<\/li>\n<li>Stabilisator: Gellangummi (0,02%)<\/li>\n<li>Nat\u00fcrliche Aromen von Zitrone und Zimt<\/li>\n<\/ul>\n<p><strong>Haltbarkeit:<\/strong> 1 Jahr an einem k\u00fchlen und trockenen Ort lagern und vor Sonnenlicht sch\u00fctzen, sobald der Beh\u00e4lter ge\u00f6ffnet ist, 3 Tage gek\u00fchlt haltbar.<\/p>\n<p><strong>Format:<\/strong> Brik 1 Liter.<\/p>\n<p><strong>Verkaufseinheit:<\/strong> Box mit 12 Einheiten.<\/p>\n","protected":false},"excerpt":{"rendered":"<p><strong><em>Horchata Terra i Xufa<\/em><\/strong> ist die erste 100% biologische UHT-Tigernuss-Horchata, die aus Tigern\u00fcssen aus dem \u201eGarten von Valencia\u201c hergestellt wird. <em><strong>Terra i Xufa<\/strong><\/em> ist das Ergebnis der Bem\u00fchungen einer Gruppe von Biobauern aus der Huerta de Valencia.<\/p>\n","protected":false},"featured_media":2842,"comment_status":"open","ping_status":"closed","template":"","meta":{"_acf_changed":false},"product_brand":[],"product_cat":[82],"product_tag":[],"class_list":{"0":"post-1670","1":"product","2":"type-product","3":"status-publish","4":"has-post-thumbnail","6":"product_cat-produkte-aus-erdmandeln","8":"first","9":"instock","10":"taxable","11":"shipping-taxable","12":"purchasable","13":"product-type-simple","15":"catalog-layout-default","16":"columns-xs-1"},"acf":[],"yoast_head":"<!-- This site is optimized with the Yoast SEO plugin v27.4 - https:\/\/yoast.com\/product\/yoast-seo-wordpress\/ -->\n<title>Bio-Horchata aus Valencia. Box mit 12 Einheiten. - terraixufa<\/title>\n<meta name=\"robots\" content=\"index, follow, max-snippet:-1, max-image-preview:large, max-video-preview:-1\" \/>\n<link rel=\"canonical\" href=\"https:\/\/terraixufa.com\/de\/tienda\/produkte-aus-erdmandeln\/bio-horchata-aus-valencia-box-mit-12-einheiten\/\" \/>\n<meta property=\"og:locale\" content=\"de_DE\" \/>\n<meta property=\"og:type\" content=\"article\" \/>\n<meta property=\"og:title\" content=\"Bio-Horchata aus Valencia. Box mit 12 Einheiten. - terraixufa\" \/>\n<meta property=\"og:description\" content=\"Horchata Terra i Xufa ist die erste 100% biologische UHT-Tigernuss-Horchata, die aus Tigern\u00fcssen aus dem \u201eGarten von Valencia\u201c hergestellt wird. Terra i Xufa ist das Ergebnis der Bem\u00fchungen einer Gruppe von Biobauern aus der Huerta de Valencia.\" \/>\n<meta property=\"og:url\" content=\"https:\/\/terraixufa.com\/de\/tienda\/produkte-aus-erdmandeln\/bio-horchata-aus-valencia-box-mit-12-einheiten\/\" \/>\n<meta property=\"og:site_name\" content=\"terraixufa\" \/>\n<meta property=\"article:modified_time\" content=\"2020-12-07T11:26:31+00:00\" \/>\n<meta property=\"og:image\" content=\"https:\/\/terraixufa.com\/wp-content\/uploads\/2020\/10\/Horchata-OFERTA.jpg\" \/>\n\t<meta property=\"og:image:width\" content=\"700\" \/>\n\t<meta property=\"og:image:height\" content=\"998\" \/>\n\t<meta property=\"og:image:type\" content=\"image\/jpeg\" \/>\n<meta name=\"twitter:card\" content=\"summary_large_image\" \/>\n<meta name=\"twitter:label1\" content=\"Gesch\u00e4tzte Lesezeit\" \/>\n\t<meta name=\"twitter:data1\" content=\"2\u00a0Minuten\" \/>\n<script type=\"application\/ld+json\" class=\"yoast-schema-graph\">{\"@context\":\"https:\\\/\\\/schema.org\",\"@graph\":[{\"@type\":\"WebPage\",\"@id\":\"https:\\\/\\\/terraixufa.com\\\/de\\\/tienda\\\/produkte-aus-erdmandeln\\\/bio-horchata-aus-valencia-box-mit-12-einheiten\\\/\",\"url\":\"https:\\\/\\\/terraixufa.com\\\/de\\\/tienda\\\/produkte-aus-erdmandeln\\\/bio-horchata-aus-valencia-box-mit-12-einheiten\\\/\",\"name\":\"Bio-Horchata aus Valencia. Box mit 12 Einheiten. - terraixufa\",\"isPartOf\":{\"@id\":\"https:\\\/\\\/terraixufa.com\\\/de\\\/#website\"},\"primaryImageOfPage\":{\"@id\":\"https:\\\/\\\/terraixufa.com\\\/de\\\/tienda\\\/produkte-aus-erdmandeln\\\/bio-horchata-aus-valencia-box-mit-12-einheiten\\\/#primaryimage\"},\"image\":{\"@id\":\"https:\\\/\\\/terraixufa.com\\\/de\\\/tienda\\\/produkte-aus-erdmandeln\\\/bio-horchata-aus-valencia-box-mit-12-einheiten\\\/#primaryimage\"},\"thumbnailUrl\":\"https:\\\/\\\/terraixufa.com\\\/wp-content\\\/uploads\\\/2020\\\/10\\\/Horchata-Ecolo\u0301gica-de-Valencia_-Caja-de-12-unidades-terra.jpg\",\"datePublished\":\"2020-10-21T10:13:28+00:00\",\"dateModified\":\"2020-12-07T11:26:31+00:00\",\"breadcrumb\":{\"@id\":\"https:\\\/\\\/terraixufa.com\\\/de\\\/tienda\\\/produkte-aus-erdmandeln\\\/bio-horchata-aus-valencia-box-mit-12-einheiten\\\/#breadcrumb\"},\"inLanguage\":\"de\",\"potentialAction\":[{\"@type\":\"ReadAction\",\"target\":[\"https:\\\/\\\/terraixufa.com\\\/de\\\/tienda\\\/produkte-aus-erdmandeln\\\/bio-horchata-aus-valencia-box-mit-12-einheiten\\\/\"]}]},{\"@type\":\"ImageObject\",\"inLanguage\":\"de\",\"@id\":\"https:\\\/\\\/terraixufa.com\\\/de\\\/tienda\\\/produkte-aus-erdmandeln\\\/bio-horchata-aus-valencia-box-mit-12-einheiten\\\/#primaryimage\",\"url\":\"https:\\\/\\\/terraixufa.com\\\/wp-content\\\/uploads\\\/2020\\\/10\\\/Horchata-Ecolo\u0301gica-de-Valencia_-Caja-de-12-unidades-terra.jpg\",\"contentUrl\":\"https:\\\/\\\/terraixufa.com\\\/wp-content\\\/uploads\\\/2020\\\/10\\\/Horchata-Ecolo\u0301gica-de-Valencia_-Caja-de-12-unidades-terra.jpg\",\"width\":700,\"height\":997},{\"@type\":\"BreadcrumbList\",\"@id\":\"https:\\\/\\\/terraixufa.com\\\/de\\\/tienda\\\/produkte-aus-erdmandeln\\\/bio-horchata-aus-valencia-box-mit-12-einheiten\\\/#breadcrumb\",\"itemListElement\":[{\"@type\":\"ListItem\",\"position\":1,\"name\":\"Portada\",\"item\":\"https:\\\/\\\/terraixufa.com\\\/de\\\/\"},{\"@type\":\"ListItem\",\"position\":2,\"name\":\"Tienda\",\"item\":\"https:\\\/\\\/terraixufa.com\\\/tienda\\\/\"},{\"@type\":\"ListItem\",\"position\":3,\"name\":\"Bio-Horchata aus Valencia. Box mit 12 Einheiten.\"}]},{\"@type\":\"WebSite\",\"@id\":\"https:\\\/\\\/terraixufa.com\\\/de\\\/#website\",\"url\":\"https:\\\/\\\/terraixufa.com\\\/de\\\/\",\"name\":\"terraixufa\",\"description\":\"Productes locals i de temporada\",\"potentialAction\":[{\"@type\":\"SearchAction\",\"target\":{\"@type\":\"EntryPoint\",\"urlTemplate\":\"https:\\\/\\\/terraixufa.com\\\/de\\\/?s={search_term_string}\"},\"query-input\":{\"@type\":\"PropertyValueSpecification\",\"valueRequired\":true,\"valueName\":\"search_term_string\"}}],\"inLanguage\":\"de\"}]}<\/script>\n<!-- \/ Yoast SEO plugin. -->","yoast_head_json":{"title":"Bio-Horchata aus Valencia. Box mit 12 Einheiten. - terraixufa","robots":{"index":"index","follow":"follow","max-snippet":"max-snippet:-1","max-image-preview":"max-image-preview:large","max-video-preview":"max-video-preview:-1"},"canonical":"https:\/\/terraixufa.com\/de\/tienda\/produkte-aus-erdmandeln\/bio-horchata-aus-valencia-box-mit-12-einheiten\/","og_locale":"de_DE","og_type":"article","og_title":"Bio-Horchata aus Valencia. Box mit 12 Einheiten. - terraixufa","og_description":"Horchata Terra i Xufa ist die erste 100% biologische UHT-Tigernuss-Horchata, die aus Tigern\u00fcssen aus dem \u201eGarten von Valencia\u201c hergestellt wird. Terra i Xufa ist das Ergebnis der Bem\u00fchungen einer Gruppe von Biobauern aus der Huerta de Valencia.","og_url":"https:\/\/terraixufa.com\/de\/tienda\/produkte-aus-erdmandeln\/bio-horchata-aus-valencia-box-mit-12-einheiten\/","og_site_name":"terraixufa","article_modified_time":"2020-12-07T11:26:31+00:00","og_image":[{"width":700,"height":998,"url":"https:\/\/terraixufa.com\/wp-content\/uploads\/2020\/10\/Horchata-OFERTA.jpg","type":"image\/jpeg"}],"twitter_card":"summary_large_image","twitter_misc":{"Gesch\u00e4tzte Lesezeit":"2\u00a0Minuten"},"schema":{"@context":"https:\/\/schema.org","@graph":[{"@type":"WebPage","@id":"https:\/\/terraixufa.com\/de\/tienda\/produkte-aus-erdmandeln\/bio-horchata-aus-valencia-box-mit-12-einheiten\/","url":"https:\/\/terraixufa.com\/de\/tienda\/produkte-aus-erdmandeln\/bio-horchata-aus-valencia-box-mit-12-einheiten\/","name":"Bio-Horchata aus Valencia. Box mit 12 Einheiten. - terraixufa","isPartOf":{"@id":"https:\/\/terraixufa.com\/de\/#website"},"primaryImageOfPage":{"@id":"https:\/\/terraixufa.com\/de\/tienda\/produkte-aus-erdmandeln\/bio-horchata-aus-valencia-box-mit-12-einheiten\/#primaryimage"},"image":{"@id":"https:\/\/terraixufa.com\/de\/tienda\/produkte-aus-erdmandeln\/bio-horchata-aus-valencia-box-mit-12-einheiten\/#primaryimage"},"thumbnailUrl":"https:\/\/terraixufa.com\/wp-content\/uploads\/2020\/10\/Horchata-Ecolo\u0301gica-de-Valencia_-Caja-de-12-unidades-terra.jpg","datePublished":"2020-10-21T10:13:28+00:00","dateModified":"2020-12-07T11:26:31+00:00","breadcrumb":{"@id":"https:\/\/terraixufa.com\/de\/tienda\/produkte-aus-erdmandeln\/bio-horchata-aus-valencia-box-mit-12-einheiten\/#breadcrumb"},"inLanguage":"de","potentialAction":[{"@type":"ReadAction","target":["https:\/\/terraixufa.com\/de\/tienda\/produkte-aus-erdmandeln\/bio-horchata-aus-valencia-box-mit-12-einheiten\/"]}]},{"@type":"ImageObject","inLanguage":"de","@id":"https:\/\/terraixufa.com\/de\/tienda\/produkte-aus-erdmandeln\/bio-horchata-aus-valencia-box-mit-12-einheiten\/#primaryimage","url":"https:\/\/terraixufa.com\/wp-content\/uploads\/2020\/10\/Horchata-Ecolo\u0301gica-de-Valencia_-Caja-de-12-unidades-terra.jpg","contentUrl":"https:\/\/terraixufa.com\/wp-content\/uploads\/2020\/10\/Horchata-Ecolo\u0301gica-de-Valencia_-Caja-de-12-unidades-terra.jpg","width":700,"height":997},{"@type":"BreadcrumbList","@id":"https:\/\/terraixufa.com\/de\/tienda\/produkte-aus-erdmandeln\/bio-horchata-aus-valencia-box-mit-12-einheiten\/#breadcrumb","itemListElement":[{"@type":"ListItem","position":1,"name":"Portada","item":"https:\/\/terraixufa.com\/de\/"},{"@type":"ListItem","position":2,"name":"Tienda","item":"https:\/\/terraixufa.com\/tienda\/"},{"@type":"ListItem","position":3,"name":"Bio-Horchata aus Valencia. Box mit 12 Einheiten."}]},{"@type":"WebSite","@id":"https:\/\/terraixufa.com\/de\/#website","url":"https:\/\/terraixufa.com\/de\/","name":"terraixufa","description":"Productes locals i de temporada","potentialAction":[{"@type":"SearchAction","target":{"@type":"EntryPoint","urlTemplate":"https:\/\/terraixufa.com\/de\/?s={search_term_string}"},"query-input":{"@type":"PropertyValueSpecification","valueRequired":true,"valueName":"search_term_string"}}],"inLanguage":"de"}]}},"_links":{"self":[{"href":"https:\/\/terraixufa.com\/de\/wp-json\/wp\/v2\/product\/1670","targetHints":{"allow":["GET"]}}],"collection":[{"href":"https:\/\/terraixufa.com\/de\/wp-json\/wp\/v2\/product"}],"about":[{"href":"https:\/\/terraixufa.com\/de\/wp-json\/wp\/v2\/types\/product"}],"replies":[{"embeddable":true,"href":"https:\/\/terraixufa.com\/de\/wp-json\/wp\/v2\/comments?post=1670"}],"wp:featuredmedia":[{"embeddable":true,"href":"https:\/\/terraixufa.com\/de\/wp-json\/wp\/v2\/media\/2842"}],"wp:attachment":[{"href":"https:\/\/terraixufa.com\/de\/wp-json\/wp\/v2\/media?parent=1670"}],"wp:term":[{"taxonomy":"product_brand","embeddable":true,"href":"https:\/\/terraixufa.com\/de\/wp-json\/wp\/v2\/product_brand?post=1670"},{"taxonomy":"product_cat","embeddable":true,"href":"https:\/\/terraixufa.com\/de\/wp-json\/wp\/v2\/product_cat?post=1670"},{"taxonomy":"product_tag","embeddable":true,"href":"https:\/\/terraixufa.com\/de\/wp-json\/wp\/v2\/product_tag?post=1670"}],"curies":[{"name":"wp","href":"https:\/\/api.w.org\/{rel}","templated":true}]}}