{"id":2570,"date":"2021-02-03T08:52:39","date_gmt":"2021-02-03T08:52:39","guid":{"rendered":"https:\/\/terraixufa.com\/tienda\/unkategorisiert\/crema-de-chufa-y-algarroba-%c2%93tiggy%c2%94-chachtel-6-uds\/"},"modified":"2021-02-03T08:52:39","modified_gmt":"2021-02-03T08:52:39","slug":"crema-de-chufa-y-algarroba-%c2%93tiggy%c2%94-chachtel-6-uds","status":"publish","type":"product","link":"https:\/\/terraixufa.com\/de\/tienda\/produkte-aus-erdmandeln\/crema-de-chufa-y-algarroba-%c2%93tiggy%c2%94-chachtel-6-uds\/","title":{"rendered":"CREMA DE CHUFA Y ALGARROBA TIGGY. schachtel 6 UDS"},"content":{"rendered":"<p>Tigernuss- und Johannisbrotstreichcreme, um unsere Snacks und Fr\u00fchst\u00fccke zu genie\u00dfen. Ideal zum Einsatz in Geb\u00e4ck f\u00fcr Cookies, Brownies oder Tortenbelag.<\/p>\n<p>Hergestellt mit Erdmandeln aus eigenem Anbau D.O. Valencia &#8218;<strong><em>Terra i Xufa<\/em><\/strong>&#8218;, dem Ergebnis der Bem\u00fchungen einer Gruppe von Bio-Bauern in der Huerta de Valencia.<\/p>\n<p>Wir kultivieren die Erdmandel acht Monate lang, wie es unsere Gro\u00dfeltern taten, ohne jegliche chemische Behandlung. Durch den Reifeprozess wird die St\u00e4rke der Erdmandel in nat\u00fcrlichen Zucker umgewandelt, der ihr den charakteristischen Geschmack der Erdmandeln aus der Huerta de Valencia verleiht.<\/p>\n<p>Tiggy Streichcreme enth\u00e4lt keine Konservierungs- oder Farbstoffe, keine Laktose, kein Palm\u00f6l und wird mit unraffiniertem Rohrzucker hergestellt. Tiggy ist 100% pflanzlich.<\/p>\n<p>Seine Erdmandelbasis macht es zu einem herzgesunden und antioxidativen Produkt, da es einen hohen Gehalt an \u00d6ls\u00e4ure, Fols\u00e4ure und Phytosterinen aufweist, die helfen, den Cholesterinspiegel im Blut zu halten. Enth\u00e4lt essentielle Aminos\u00e4uren wie Arginin, eine Vorstufe von Prolaktin. Hoher Gehalt an l\u00f6slichen pflanzlichen Ballaststoffen, daher kann es St\u00f6rungen der Darmfunktion vorbeugen und hilft sogar, Darmkrebs zu verhindern. Es hat eine pr\u00e4biotische Wirkung und erleichtert die Verdauung von Kohlenhydraten. Reich an Mineralien, Hervorhebung Phosphor, Kalium, Kalzium, Eisen, Magnesium und Vitamine E und C.<\/p>\n<p><strong>Zutaten:<\/strong><\/p>\n<li>Tigernuss-Saft*.<\/li>\n<li>Unraffinierter Zucker*.<\/li>\n<li>Sonnenblumen\u00f6l*.<\/li>\n<li>Johannisbrotmehl*.<\/li>\n<li>Xanthangummi (&lt;0,05%).<\/li>\n<p><strong>Lagerf\u00e4higkeit:<\/strong> 6 Monate bei Raumtemperatur. An einem k\u00fchlen, trockenen Ort aufbewahren und vor Sonnenlicht sch\u00fctzen. Nach dem \u00d6ffnen im K\u00fchlschrank aufbewahren und innerhalb von zwei Monaten verbrauchen.<\/p>\n<p><strong>Allergene:<\/strong> Kann Spuren von Weizen, Soja, Sesam und N\u00fcssen enthalten.<\/p>\n<p><strong>Format:<\/strong> 230 g. Glasgef\u00e4\u00df.<\/p>\n<p><strong>Verkaufseinheit:<\/strong> Schachtel mit 6 St\u00fcck.<\/p>\n","protected":false},"excerpt":{"rendered":"<p>Tigernuss- und Johannisbrotstreichcreme, um unsere Snacks und Fr\u00fchst\u00fccke zu genie\u00dfen. Ideal zum Einsatz in Geb\u00e4ck f\u00fcr Cookies, Brownies oder Tortenbelag.<\/p>\n<p>&nbsp;<\/p>\n","protected":false},"featured_media":1003,"comment_status":"open","ping_status":"closed","template":"","meta":{"_acf_changed":false},"product_brand":[],"product_cat":[82],"product_tag":[],"class_list":{"0":"post-2570","1":"product","2":"type-product","3":"status-publish","4":"has-post-thumbnail","6":"product_cat-produkte-aus-erdmandeln","8":"first","9":"outofstock","10":"taxable","11":"shipping-taxable","12":"purchasable","13":"product-type-simple","15":"catalog-layout-default","16":"columns-xs-1"},"acf":[],"yoast_head":"<!-- This site is optimized with the Yoast SEO plugin v27.4 - https:\/\/yoast.com\/product\/yoast-seo-wordpress\/ -->\n<title>CREMA DE CHUFA Y ALGARROBA TIGGY. schachtel 6 UDS - terraixufa<\/title>\n<meta name=\"robots\" content=\"index, follow, max-snippet:-1, max-image-preview:large, max-video-preview:-1\" \/>\n<link rel=\"canonical\" href=\"https:\/\/terraixufa.com\/de\/tienda\/produkte-aus-erdmandeln\/crema-de-chufa-y-algarroba-%c2%93tiggy%c2%94-chachtel-6-uds\/\" \/>\n<meta property=\"og:locale\" content=\"de_DE\" \/>\n<meta property=\"og:type\" content=\"article\" \/>\n<meta property=\"og:title\" content=\"CREMA DE CHUFA Y ALGARROBA TIGGY. schachtel 6 UDS - terraixufa\" \/>\n<meta property=\"og:description\" content=\"Tigernuss- und Johannisbrotstreichcreme, um unsere Snacks und Fr\u00fchst\u00fccke zu genie\u00dfen. Ideal zum Einsatz in Geb\u00e4ck f\u00fcr Cookies, Brownies oder Tortenbelag.  &nbsp;\" \/>\n<meta property=\"og:url\" content=\"https:\/\/terraixufa.com\/de\/tienda\/produkte-aus-erdmandeln\/crema-de-chufa-y-algarroba-%c2%93tiggy%c2%94-chachtel-6-uds\/\" \/>\n<meta property=\"og:site_name\" content=\"terraixufa\" \/>\n<meta property=\"og:image\" content=\"https:\/\/terraixufa.com\/wp-content\/uploads\/2020\/11\/tiggy-terra-i-xufa.jpg\" \/>\n\t<meta property=\"og:image:width\" content=\"700\" \/>\n\t<meta property=\"og:image:height\" content=\"997\" \/>\n\t<meta property=\"og:image:type\" content=\"image\/jpeg\" \/>\n<meta name=\"twitter:card\" content=\"summary_large_image\" \/>\n<meta name=\"twitter:label1\" content=\"Gesch\u00e4tzte Lesezeit\" \/>\n\t<meta name=\"twitter:data1\" content=\"1\u00a0Minute\" \/>\n<script type=\"application\/ld+json\" class=\"yoast-schema-graph\">{\"@context\":\"https:\\\/\\\/schema.org\",\"@graph\":[{\"@type\":\"WebPage\",\"@id\":\"https:\\\/\\\/terraixufa.com\\\/de\\\/tienda\\\/produkte-aus-erdmandeln\\\/crema-de-chufa-y-algarroba-%c2%93tiggy%c2%94-chachtel-6-uds\\\/\",\"url\":\"https:\\\/\\\/terraixufa.com\\\/de\\\/tienda\\\/produkte-aus-erdmandeln\\\/crema-de-chufa-y-algarroba-%c2%93tiggy%c2%94-chachtel-6-uds\\\/\",\"name\":\"CREMA DE CHUFA Y ALGARROBA TIGGY. schachtel 6 UDS - terraixufa\",\"isPartOf\":{\"@id\":\"https:\\\/\\\/terraixufa.com\\\/de\\\/#website\"},\"primaryImageOfPage\":{\"@id\":\"https:\\\/\\\/terraixufa.com\\\/de\\\/tienda\\\/produkte-aus-erdmandeln\\\/crema-de-chufa-y-algarroba-%c2%93tiggy%c2%94-chachtel-6-uds\\\/#primaryimage\"},\"image\":{\"@id\":\"https:\\\/\\\/terraixufa.com\\\/de\\\/tienda\\\/produkte-aus-erdmandeln\\\/crema-de-chufa-y-algarroba-%c2%93tiggy%c2%94-chachtel-6-uds\\\/#primaryimage\"},\"thumbnailUrl\":\"https:\\\/\\\/terraixufa.com\\\/wp-content\\\/uploads\\\/2020\\\/11\\\/tiggy-terra-i-xufa.jpg\",\"datePublished\":\"2021-02-03T08:52:39+00:00\",\"breadcrumb\":{\"@id\":\"https:\\\/\\\/terraixufa.com\\\/de\\\/tienda\\\/produkte-aus-erdmandeln\\\/crema-de-chufa-y-algarroba-%c2%93tiggy%c2%94-chachtel-6-uds\\\/#breadcrumb\"},\"inLanguage\":\"de\",\"potentialAction\":[{\"@type\":\"ReadAction\",\"target\":[\"https:\\\/\\\/terraixufa.com\\\/de\\\/tienda\\\/produkte-aus-erdmandeln\\\/crema-de-chufa-y-algarroba-%c2%93tiggy%c2%94-chachtel-6-uds\\\/\"]}]},{\"@type\":\"ImageObject\",\"inLanguage\":\"de\",\"@id\":\"https:\\\/\\\/terraixufa.com\\\/de\\\/tienda\\\/produkte-aus-erdmandeln\\\/crema-de-chufa-y-algarroba-%c2%93tiggy%c2%94-chachtel-6-uds\\\/#primaryimage\",\"url\":\"https:\\\/\\\/terraixufa.com\\\/wp-content\\\/uploads\\\/2020\\\/11\\\/tiggy-terra-i-xufa.jpg\",\"contentUrl\":\"https:\\\/\\\/terraixufa.com\\\/wp-content\\\/uploads\\\/2020\\\/11\\\/tiggy-terra-i-xufa.jpg\",\"width\":700,\"height\":997,\"caption\":\"Tiggy, terraixufa\"},{\"@type\":\"BreadcrumbList\",\"@id\":\"https:\\\/\\\/terraixufa.com\\\/de\\\/tienda\\\/produkte-aus-erdmandeln\\\/crema-de-chufa-y-algarroba-%c2%93tiggy%c2%94-chachtel-6-uds\\\/#breadcrumb\",\"itemListElement\":[{\"@type\":\"ListItem\",\"position\":1,\"name\":\"Portada\",\"item\":\"https:\\\/\\\/terraixufa.com\\\/de\\\/\"},{\"@type\":\"ListItem\",\"position\":2,\"name\":\"Tienda\",\"item\":\"https:\\\/\\\/terraixufa.com\\\/tienda\\\/\"},{\"@type\":\"ListItem\",\"position\":3,\"name\":\"CREMA DE CHUFA Y ALGARROBA TIGGY. schachtel 6 UDS\"}]},{\"@type\":\"WebSite\",\"@id\":\"https:\\\/\\\/terraixufa.com\\\/de\\\/#website\",\"url\":\"https:\\\/\\\/terraixufa.com\\\/de\\\/\",\"name\":\"terraixufa\",\"description\":\"Productes locals i de temporada\",\"potentialAction\":[{\"@type\":\"SearchAction\",\"target\":{\"@type\":\"EntryPoint\",\"urlTemplate\":\"https:\\\/\\\/terraixufa.com\\\/de\\\/?s={search_term_string}\"},\"query-input\":{\"@type\":\"PropertyValueSpecification\",\"valueRequired\":true,\"valueName\":\"search_term_string\"}}],\"inLanguage\":\"de\"}]}<\/script>\n<!-- \/ Yoast SEO plugin. -->","yoast_head_json":{"title":"CREMA DE CHUFA Y ALGARROBA TIGGY. schachtel 6 UDS - terraixufa","robots":{"index":"index","follow":"follow","max-snippet":"max-snippet:-1","max-image-preview":"max-image-preview:large","max-video-preview":"max-video-preview:-1"},"canonical":"https:\/\/terraixufa.com\/de\/tienda\/produkte-aus-erdmandeln\/crema-de-chufa-y-algarroba-%c2%93tiggy%c2%94-chachtel-6-uds\/","og_locale":"de_DE","og_type":"article","og_title":"CREMA DE CHUFA Y ALGARROBA TIGGY. schachtel 6 UDS - terraixufa","og_description":"Tigernuss- und Johannisbrotstreichcreme, um unsere Snacks und Fr\u00fchst\u00fccke zu genie\u00dfen. Ideal zum Einsatz in Geb\u00e4ck f\u00fcr Cookies, Brownies oder Tortenbelag.  &nbsp;","og_url":"https:\/\/terraixufa.com\/de\/tienda\/produkte-aus-erdmandeln\/crema-de-chufa-y-algarroba-%c2%93tiggy%c2%94-chachtel-6-uds\/","og_site_name":"terraixufa","og_image":[{"width":700,"height":997,"url":"https:\/\/terraixufa.com\/wp-content\/uploads\/2020\/11\/tiggy-terra-i-xufa.jpg","type":"image\/jpeg"}],"twitter_card":"summary_large_image","twitter_misc":{"Gesch\u00e4tzte Lesezeit":"1\u00a0Minute"},"schema":{"@context":"https:\/\/schema.org","@graph":[{"@type":"WebPage","@id":"https:\/\/terraixufa.com\/de\/tienda\/produkte-aus-erdmandeln\/crema-de-chufa-y-algarroba-%c2%93tiggy%c2%94-chachtel-6-uds\/","url":"https:\/\/terraixufa.com\/de\/tienda\/produkte-aus-erdmandeln\/crema-de-chufa-y-algarroba-%c2%93tiggy%c2%94-chachtel-6-uds\/","name":"CREMA DE CHUFA Y ALGARROBA TIGGY. schachtel 6 UDS - terraixufa","isPartOf":{"@id":"https:\/\/terraixufa.com\/de\/#website"},"primaryImageOfPage":{"@id":"https:\/\/terraixufa.com\/de\/tienda\/produkte-aus-erdmandeln\/crema-de-chufa-y-algarroba-%c2%93tiggy%c2%94-chachtel-6-uds\/#primaryimage"},"image":{"@id":"https:\/\/terraixufa.com\/de\/tienda\/produkte-aus-erdmandeln\/crema-de-chufa-y-algarroba-%c2%93tiggy%c2%94-chachtel-6-uds\/#primaryimage"},"thumbnailUrl":"https:\/\/terraixufa.com\/wp-content\/uploads\/2020\/11\/tiggy-terra-i-xufa.jpg","datePublished":"2021-02-03T08:52:39+00:00","breadcrumb":{"@id":"https:\/\/terraixufa.com\/de\/tienda\/produkte-aus-erdmandeln\/crema-de-chufa-y-algarroba-%c2%93tiggy%c2%94-chachtel-6-uds\/#breadcrumb"},"inLanguage":"de","potentialAction":[{"@type":"ReadAction","target":["https:\/\/terraixufa.com\/de\/tienda\/produkte-aus-erdmandeln\/crema-de-chufa-y-algarroba-%c2%93tiggy%c2%94-chachtel-6-uds\/"]}]},{"@type":"ImageObject","inLanguage":"de","@id":"https:\/\/terraixufa.com\/de\/tienda\/produkte-aus-erdmandeln\/crema-de-chufa-y-algarroba-%c2%93tiggy%c2%94-chachtel-6-uds\/#primaryimage","url":"https:\/\/terraixufa.com\/wp-content\/uploads\/2020\/11\/tiggy-terra-i-xufa.jpg","contentUrl":"https:\/\/terraixufa.com\/wp-content\/uploads\/2020\/11\/tiggy-terra-i-xufa.jpg","width":700,"height":997,"caption":"Tiggy, terraixufa"},{"@type":"BreadcrumbList","@id":"https:\/\/terraixufa.com\/de\/tienda\/produkte-aus-erdmandeln\/crema-de-chufa-y-algarroba-%c2%93tiggy%c2%94-chachtel-6-uds\/#breadcrumb","itemListElement":[{"@type":"ListItem","position":1,"name":"Portada","item":"https:\/\/terraixufa.com\/de\/"},{"@type":"ListItem","position":2,"name":"Tienda","item":"https:\/\/terraixufa.com\/tienda\/"},{"@type":"ListItem","position":3,"name":"CREMA DE CHUFA Y ALGARROBA TIGGY. schachtel 6 UDS"}]},{"@type":"WebSite","@id":"https:\/\/terraixufa.com\/de\/#website","url":"https:\/\/terraixufa.com\/de\/","name":"terraixufa","description":"Productes locals i de temporada","potentialAction":[{"@type":"SearchAction","target":{"@type":"EntryPoint","urlTemplate":"https:\/\/terraixufa.com\/de\/?s={search_term_string}"},"query-input":{"@type":"PropertyValueSpecification","valueRequired":true,"valueName":"search_term_string"}}],"inLanguage":"de"}]}},"_links":{"self":[{"href":"https:\/\/terraixufa.com\/de\/wp-json\/wp\/v2\/product\/2570","targetHints":{"allow":["GET"]}}],"collection":[{"href":"https:\/\/terraixufa.com\/de\/wp-json\/wp\/v2\/product"}],"about":[{"href":"https:\/\/terraixufa.com\/de\/wp-json\/wp\/v2\/types\/product"}],"replies":[{"embeddable":true,"href":"https:\/\/terraixufa.com\/de\/wp-json\/wp\/v2\/comments?post=2570"}],"wp:featuredmedia":[{"embeddable":true,"href":"https:\/\/terraixufa.com\/de\/wp-json\/wp\/v2\/media\/1003"}],"wp:attachment":[{"href":"https:\/\/terraixufa.com\/de\/wp-json\/wp\/v2\/media?parent=2570"}],"wp:term":[{"taxonomy":"product_brand","embeddable":true,"href":"https:\/\/terraixufa.com\/de\/wp-json\/wp\/v2\/product_brand?post=2570"},{"taxonomy":"product_cat","embeddable":true,"href":"https:\/\/terraixufa.com\/de\/wp-json\/wp\/v2\/product_cat?post=2570"},{"taxonomy":"product_tag","embeddable":true,"href":"https:\/\/terraixufa.com\/de\/wp-json\/wp\/v2\/product_tag?post=2570"}],"curies":[{"name":"wp","href":"https:\/\/api.w.org\/{rel}","templated":true}]}}