{"id":3300,"date":"2021-03-15T11:00:44","date_gmt":"2022-10-14T12:15:37","guid":{"rendered":"https:\/\/terraixufa.com\/?post_type=product&#038;p=3300"},"modified":"2022-10-14T12:15:38","modified_gmt":"2022-10-14T12:15:38","slug":"cacauet-llarg-torrat-envas-25-kg","status":"publish","type":"product","link":"https:\/\/terraixufa.com\/de\/tienda\/unkategorisiert\/cacauet-llarg-torrat-envas-25-kg\/","title":{"rendered":"CACAUET LLARG TORRAT. Env\u00e0s 2,5 kg"},"content":{"rendered":"<p class=\"western\"><strong><span style=\"color: #000000;\"><span style=\"font-size: medium;\"><span lang=\"ca-ES\"><b>Cacauet llarg torrat.<\/b><\/span><\/span><\/span><\/strong><span lang=\"ca-ES\"> Cacauet llarg de tres o quatre grans de la varietat local \u201cCacaua\u201d. <\/span><\/p>\n<p class=\"western\"><span lang=\"ca-ES\"> Durant els m\u00e9s de 200 anys de cultiu en l&#8217;Horta de Val\u00e8ncia apareixen diferents varietats locals, com el del collaret o curt i la cacaua o llarg. <\/span><\/p>\n<p class=\"western\"><strong><span lang=\"ca-ES\"><br \/>\n<\/span><\/strong><strong><span style=\"color: #000000;\"><span style=\"font-size: medium;\"><span lang=\"ca-ES\">Ingredients:<\/span><\/span><\/span><\/strong><span lang=\"ca-ES\"> Cacauet valenci\u00e0 \u201cCacaua\u201d<\/span><\/p>\n<p class=\"western\"><strong><span style=\"color: #000000;\"><span style=\"font-size: medium;\"><span lang=\"ca-ES\">Caducitat: <\/span><\/span><\/span><\/strong><span lang=\"ca-ES\">1 any des del torrat. Envasat en atmosfera protectora<\/span><\/p>\n<p class=\"western\"><strong><span style=\"color: #000000;\"><span style=\"font-size: medium;\"><span lang=\"ca-ES\">Format: <\/span><\/span><\/span><\/strong><span lang=\"ca-ES\">Borsa de 2,5kg<\/span><\/p>\n<p class=\"western\"><strong><span style=\"color: #000000;\"><span style=\"font-size: medium;\"><span lang=\"ca-ES\">Unitat de venda:<\/span><\/span><\/span><\/strong><span lang=\"ca-ES\"> Borsa de 2,5kg <\/span><\/p>\n<p><strong>Observacions:<\/strong> Ocasionalment es disposa de la varietat curta o &#8222;Cacao del collaret&#8220;<\/p>\n","protected":false},"excerpt":{"rendered":"<p class=\"western\"><span lang=\"ca-ES\">Cacauet llarg de tres o quatre grans de la varietat local \u201cCacaua\u201d. <\/span><\/p>\n<p class=\"western\" lang=\"ca-ES\">Durant els m\u00e9s de 200 anys de cultiu en l&#8217;Horta de Val\u00e8ncia se seleccionen diferents varietats locals com el del collaret o curt i la cacaua o llarg.<\/p>\n<p class=\"western\"><span lang=\"ca-ES\">Lleugerament torrat perqu\u00e8 conserve el sabor i les caracter\u00edstiques nutricionals que el caracteritzen. S&#8217;envasa en atmosfera protectora per a garantir la seua conservaci\u00f3. <\/span><\/p>\n","protected":false},"featured_media":2703,"comment_status":"open","ping_status":"closed","template":"","meta":{"_acf_changed":false},"product_brand":[],"product_cat":[],"product_tag":[],"class_list":{"0":"post-3300","1":"product","2":"type-product","3":"status-publish","4":"has-post-thumbnail","7":"first","8":"outofstock","9":"taxable","10":"shipping-taxable","11":"purchasable","12":"product-type-simple","14":"catalog-layout-default","15":"columns-xs-1"},"acf":[],"yoast_head":"<!-- This site is optimized with the Yoast SEO plugin v27.5 - https:\/\/yoast.com\/product\/yoast-seo-wordpress\/ -->\n<title>CACAUET LLARG TORRAT. Env\u00e0s 2,5 kg - terraixufa<\/title>\n<meta name=\"robots\" content=\"index, follow, max-snippet:-1, max-image-preview:large, max-video-preview:-1\" \/>\n<link rel=\"canonical\" href=\"https:\/\/terraixufa.com\/de\/tienda\/unkategorisiert\/cacauet-llarg-torrat-envas-25-kg\/\" \/>\n<meta property=\"og:locale\" content=\"de_DE\" \/>\n<meta property=\"og:type\" content=\"article\" \/>\n<meta property=\"og:title\" content=\"CACAUET LLARG TORRAT. Env\u00e0s 2,5 kg - terraixufa\" \/>\n<meta property=\"og:description\" content=\"Cacauet llarg de tres o quatre grans de la varietat local \u201cCacaua\u201d.  Durant els m\u00e9s de 200 anys de cultiu en l&#039;Horta de Val\u00e8ncia se seleccionen diferents varietats locals com el del collaret o curt i la cacaua o llarg. Lleugerament torrat perqu\u00e8 conserve el sabor i les caracter\u00edstiques nutricionals que el caracteritzen. S&#039;envasa en atmosfera protectora per a garantir la seua conservaci\u00f3.\" \/>\n<meta property=\"og:url\" content=\"https:\/\/terraixufa.com\/de\/tienda\/unkategorisiert\/cacauet-llarg-torrat-envas-25-kg\/\" \/>\n<meta property=\"og:site_name\" content=\"terraixufa\" \/>\n<meta property=\"article:modified_time\" content=\"2022-10-14T12:15:38+00:00\" \/>\n<meta property=\"og:image\" content=\"https:\/\/terraixufa.com\/wp-content\/uploads\/2021\/04\/cacau-Ecolo\u0301gica-de-Valencia.jpg\" \/>\n\t<meta property=\"og:image:width\" content=\"700\" \/>\n\t<meta property=\"og:image:height\" content=\"998\" \/>\n\t<meta property=\"og:image:type\" content=\"image\/jpeg\" \/>\n<meta name=\"twitter:card\" content=\"summary_large_image\" \/>\n<meta name=\"twitter:label1\" content=\"Gesch\u00e4tzte Lesezeit\" \/>\n\t<meta name=\"twitter:data1\" content=\"1\u00a0Minute\" \/>\n<script type=\"application\/ld+json\" class=\"yoast-schema-graph\">{\"@context\":\"https:\\\/\\\/schema.org\",\"@graph\":[{\"@type\":\"WebPage\",\"@id\":\"https:\\\/\\\/terraixufa.com\\\/de\\\/tienda\\\/unkategorisiert\\\/cacauet-llarg-torrat-envas-25-kg\\\/\",\"url\":\"https:\\\/\\\/terraixufa.com\\\/de\\\/tienda\\\/unkategorisiert\\\/cacauet-llarg-torrat-envas-25-kg\\\/\",\"name\":\"CACAUET LLARG TORRAT. Env\u00e0s 2,5 kg - terraixufa\",\"isPartOf\":{\"@id\":\"https:\\\/\\\/terraixufa.com\\\/de\\\/#website\"},\"primaryImageOfPage\":{\"@id\":\"https:\\\/\\\/terraixufa.com\\\/de\\\/tienda\\\/unkategorisiert\\\/cacauet-llarg-torrat-envas-25-kg\\\/#primaryimage\"},\"image\":{\"@id\":\"https:\\\/\\\/terraixufa.com\\\/de\\\/tienda\\\/unkategorisiert\\\/cacauet-llarg-torrat-envas-25-kg\\\/#primaryimage\"},\"thumbnailUrl\":\"https:\\\/\\\/terraixufa.com\\\/wp-content\\\/uploads\\\/2021\\\/04\\\/cacau-Ecolo\u0301gica-de-Valencia.jpg\",\"datePublished\":\"2022-10-14T12:15:37+00:00\",\"dateModified\":\"2022-10-14T12:15:38+00:00\",\"breadcrumb\":{\"@id\":\"https:\\\/\\\/terraixufa.com\\\/de\\\/tienda\\\/unkategorisiert\\\/cacauet-llarg-torrat-envas-25-kg\\\/#breadcrumb\"},\"inLanguage\":\"de\",\"potentialAction\":[{\"@type\":\"ReadAction\",\"target\":[\"https:\\\/\\\/terraixufa.com\\\/de\\\/tienda\\\/unkategorisiert\\\/cacauet-llarg-torrat-envas-25-kg\\\/\"]}]},{\"@type\":\"ImageObject\",\"inLanguage\":\"de\",\"@id\":\"https:\\\/\\\/terraixufa.com\\\/de\\\/tienda\\\/unkategorisiert\\\/cacauet-llarg-torrat-envas-25-kg\\\/#primaryimage\",\"url\":\"https:\\\/\\\/terraixufa.com\\\/wp-content\\\/uploads\\\/2021\\\/04\\\/cacau-Ecolo\u0301gica-de-Valencia.jpg\",\"contentUrl\":\"https:\\\/\\\/terraixufa.com\\\/wp-content\\\/uploads\\\/2021\\\/04\\\/cacau-Ecolo\u0301gica-de-Valencia.jpg\",\"width\":700,\"height\":998},{\"@type\":\"BreadcrumbList\",\"@id\":\"https:\\\/\\\/terraixufa.com\\\/de\\\/tienda\\\/unkategorisiert\\\/cacauet-llarg-torrat-envas-25-kg\\\/#breadcrumb\",\"itemListElement\":[{\"@type\":\"ListItem\",\"position\":1,\"name\":\"Portada\",\"item\":\"https:\\\/\\\/terraixufa.com\\\/de\\\/\"},{\"@type\":\"ListItem\",\"position\":2,\"name\":\"Tienda\",\"item\":\"https:\\\/\\\/terraixufa.com\\\/tienda\\\/\"},{\"@type\":\"ListItem\",\"position\":3,\"name\":\"CACAUET LLARG TORRAT. Env\u00e0s 2,5 kg\"}]},{\"@type\":\"WebSite\",\"@id\":\"https:\\\/\\\/terraixufa.com\\\/de\\\/#website\",\"url\":\"https:\\\/\\\/terraixufa.com\\\/de\\\/\",\"name\":\"terraixufa\",\"description\":\"Productes locals i de temporada\",\"potentialAction\":[{\"@type\":\"SearchAction\",\"target\":{\"@type\":\"EntryPoint\",\"urlTemplate\":\"https:\\\/\\\/terraixufa.com\\\/de\\\/?s={search_term_string}\"},\"query-input\":{\"@type\":\"PropertyValueSpecification\",\"valueRequired\":true,\"valueName\":\"search_term_string\"}}],\"inLanguage\":\"de\"}]}<\/script>\n<!-- \/ Yoast SEO plugin. -->","yoast_head_json":{"title":"CACAUET LLARG TORRAT. Env\u00e0s 2,5 kg - terraixufa","robots":{"index":"index","follow":"follow","max-snippet":"max-snippet:-1","max-image-preview":"max-image-preview:large","max-video-preview":"max-video-preview:-1"},"canonical":"https:\/\/terraixufa.com\/de\/tienda\/unkategorisiert\/cacauet-llarg-torrat-envas-25-kg\/","og_locale":"de_DE","og_type":"article","og_title":"CACAUET LLARG TORRAT. Env\u00e0s 2,5 kg - terraixufa","og_description":"Cacauet llarg de tres o quatre grans de la varietat local \u201cCacaua\u201d.  Durant els m\u00e9s de 200 anys de cultiu en l'Horta de Val\u00e8ncia se seleccionen diferents varietats locals com el del collaret o curt i la cacaua o llarg. Lleugerament torrat perqu\u00e8 conserve el sabor i les caracter\u00edstiques nutricionals que el caracteritzen. S'envasa en atmosfera protectora per a garantir la seua conservaci\u00f3.","og_url":"https:\/\/terraixufa.com\/de\/tienda\/unkategorisiert\/cacauet-llarg-torrat-envas-25-kg\/","og_site_name":"terraixufa","article_modified_time":"2022-10-14T12:15:38+00:00","og_image":[{"width":700,"height":998,"url":"https:\/\/terraixufa.com\/wp-content\/uploads\/2021\/04\/cacau-Ecolo\u0301gica-de-Valencia.jpg","type":"image\/jpeg"}],"twitter_card":"summary_large_image","twitter_misc":{"Gesch\u00e4tzte Lesezeit":"1\u00a0Minute"},"schema":{"@context":"https:\/\/schema.org","@graph":[{"@type":"WebPage","@id":"https:\/\/terraixufa.com\/de\/tienda\/unkategorisiert\/cacauet-llarg-torrat-envas-25-kg\/","url":"https:\/\/terraixufa.com\/de\/tienda\/unkategorisiert\/cacauet-llarg-torrat-envas-25-kg\/","name":"CACAUET LLARG TORRAT. Env\u00e0s 2,5 kg - terraixufa","isPartOf":{"@id":"https:\/\/terraixufa.com\/de\/#website"},"primaryImageOfPage":{"@id":"https:\/\/terraixufa.com\/de\/tienda\/unkategorisiert\/cacauet-llarg-torrat-envas-25-kg\/#primaryimage"},"image":{"@id":"https:\/\/terraixufa.com\/de\/tienda\/unkategorisiert\/cacauet-llarg-torrat-envas-25-kg\/#primaryimage"},"thumbnailUrl":"https:\/\/terraixufa.com\/wp-content\/uploads\/2021\/04\/cacau-Ecolo\u0301gica-de-Valencia.jpg","datePublished":"2022-10-14T12:15:37+00:00","dateModified":"2022-10-14T12:15:38+00:00","breadcrumb":{"@id":"https:\/\/terraixufa.com\/de\/tienda\/unkategorisiert\/cacauet-llarg-torrat-envas-25-kg\/#breadcrumb"},"inLanguage":"de","potentialAction":[{"@type":"ReadAction","target":["https:\/\/terraixufa.com\/de\/tienda\/unkategorisiert\/cacauet-llarg-torrat-envas-25-kg\/"]}]},{"@type":"ImageObject","inLanguage":"de","@id":"https:\/\/terraixufa.com\/de\/tienda\/unkategorisiert\/cacauet-llarg-torrat-envas-25-kg\/#primaryimage","url":"https:\/\/terraixufa.com\/wp-content\/uploads\/2021\/04\/cacau-Ecolo\u0301gica-de-Valencia.jpg","contentUrl":"https:\/\/terraixufa.com\/wp-content\/uploads\/2021\/04\/cacau-Ecolo\u0301gica-de-Valencia.jpg","width":700,"height":998},{"@type":"BreadcrumbList","@id":"https:\/\/terraixufa.com\/de\/tienda\/unkategorisiert\/cacauet-llarg-torrat-envas-25-kg\/#breadcrumb","itemListElement":[{"@type":"ListItem","position":1,"name":"Portada","item":"https:\/\/terraixufa.com\/de\/"},{"@type":"ListItem","position":2,"name":"Tienda","item":"https:\/\/terraixufa.com\/tienda\/"},{"@type":"ListItem","position":3,"name":"CACAUET LLARG TORRAT. Env\u00e0s 2,5 kg"}]},{"@type":"WebSite","@id":"https:\/\/terraixufa.com\/de\/#website","url":"https:\/\/terraixufa.com\/de\/","name":"terraixufa","description":"Productes locals i de temporada","potentialAction":[{"@type":"SearchAction","target":{"@type":"EntryPoint","urlTemplate":"https:\/\/terraixufa.com\/de\/?s={search_term_string}"},"query-input":{"@type":"PropertyValueSpecification","valueRequired":true,"valueName":"search_term_string"}}],"inLanguage":"de"}]}},"_links":{"self":[{"href":"https:\/\/terraixufa.com\/de\/wp-json\/wp\/v2\/product\/3300","targetHints":{"allow":["GET"]}}],"collection":[{"href":"https:\/\/terraixufa.com\/de\/wp-json\/wp\/v2\/product"}],"about":[{"href":"https:\/\/terraixufa.com\/de\/wp-json\/wp\/v2\/types\/product"}],"replies":[{"embeddable":true,"href":"https:\/\/terraixufa.com\/de\/wp-json\/wp\/v2\/comments?post=3300"}],"wp:featuredmedia":[{"embeddable":true,"href":"https:\/\/terraixufa.com\/de\/wp-json\/wp\/v2\/media\/2703"}],"wp:attachment":[{"href":"https:\/\/terraixufa.com\/de\/wp-json\/wp\/v2\/media?parent=3300"}],"wp:term":[{"taxonomy":"product_brand","embeddable":true,"href":"https:\/\/terraixufa.com\/de\/wp-json\/wp\/v2\/product_brand?post=3300"},{"taxonomy":"product_cat","embeddable":true,"href":"https:\/\/terraixufa.com\/de\/wp-json\/wp\/v2\/product_cat?post=3300"},{"taxonomy":"product_tag","embeddable":true,"href":"https:\/\/terraixufa.com\/de\/wp-json\/wp\/v2\/product_tag?post=3300"}],"curies":[{"name":"wp","href":"https:\/\/api.w.org\/{rel}","templated":true}]}}