{"id":2670,"date":"2021-03-15T11:00:44","date_gmt":"2021-03-15T11:00:44","guid":{"rendered":"https:\/\/terraixufa.com\/tienda\/sin%20categor\u00eda\/cacahuete-largo-tostado-envase-25-kg\/"},"modified":"2021-04-25T16:22:54","modified_gmt":"2021-04-25T16:22:54","slug":"cacahuete-tostado-bolsa-25-kg-ecologico","status":"publish","type":"product","link":"https:\/\/terraixufa.com\/en\/tienda\/uncategorized\/cacahuete-tostado-bolsa-25-kg-ecologico\/","title":{"rendered":"CACAHUETE LARGO TOSTADO. Envase 2,5 kg"},"content":{"rendered":"<p class=\"western\"><strong>Cacahuete largo tostado.<\/strong> Cacahuete largo de tres o cuatro granos de la variedad local \u201cCacaua\u201d.<\/p>\n<p class=\"western\">Durante los m\u00e1s de 200 a\u00f1os de cultivo en la Huerta de Valencia aparecen diferentes variedades locales, como el del collaret o corto y la cacaua o largo.<\/p>\n<p class=\"western\"><strong>Ingredientes:<\/strong> Cacahuete valenciano \u201cCacaua\u201d<\/p>\n<p class=\"western\"><strong>Caducidad:<\/strong> 1 a\u00f1o desde el tostado. Envasado en atm\u00f3sfera protectora<\/p>\n<p class=\"western\"><strong>Formato:<\/strong> Bolsa de 2,5kg<\/p>\n<p class=\"western\"><strong>Unidad de venta:<\/strong> Bolsa de 2,5kg<\/p>\n","protected":false},"excerpt":{"rendered":"<p class=\"western\">CACAHUETE LARGO TOSTADO. Envase 2,5 kg<\/p>\n<p class=\"western\">Cacahuete largo de tres o cuatro granos de la variedad local \u201cCacaua\u201d. Durante los m\u00e1s de 200 a\u00f1os de cultivo en la Huerta de Valencia se seleccionan diferentes variedades locales como el del collaret o corto y la cacaua o largo.<\/p>\n<p class=\"western\">Ligeramente tostado para que conserve el sabor y las caracter\u00edsticas nutricionales que lo caracterizan. Se envasa en atm\u00f3sfera protectora para garantizar su conservaci\u00f3n.<\/p>\n","protected":false},"featured_media":2702,"comment_status":"open","ping_status":"closed","template":"","meta":{"_acf_changed":false},"product_brand":[],"product_cat":[],"product_tag":[],"class_list":{"0":"post-2670","1":"product","2":"type-product","3":"status-publish","4":"has-post-thumbnail","7":"first","8":"outofstock","9":"taxable","10":"shipping-taxable","11":"purchasable","12":"product-type-simple","14":"catalog-layout-default","15":"columns-xs-1"},"acf":[],"yoast_head":"<!-- This site is optimized with the Yoast SEO plugin v27.3 - https:\/\/yoast.com\/product\/yoast-seo-wordpress\/ -->\n<title>CACAHUETE LARGO TOSTADO. Envase 2,5 kg - terraixufa<\/title>\n<meta name=\"robots\" content=\"index, follow, max-snippet:-1, max-image-preview:large, max-video-preview:-1\" \/>\n<link rel=\"canonical\" href=\"https:\/\/terraixufa.com\/en\/tienda\/uncategorized\/cacahuete-tostado-bolsa-25-kg-ecologico\/\" \/>\n<meta property=\"og:locale\" content=\"en_US\" \/>\n<meta property=\"og:type\" content=\"article\" \/>\n<meta property=\"og:title\" content=\"CACAHUETE LARGO TOSTADO. Envase 2,5 kg - terraixufa\" \/>\n<meta property=\"og:description\" content=\"CACAHUETE LARGO TOSTADO. Envase 2,5 kg Cacahuete largo de tres o cuatro granos de la variedad local \u201cCacaua\u201d. Durante los m\u00e1s de 200 a\u00f1os de cultivo en la Huerta de Valencia se seleccionan diferentes variedades locales como el del collaret o corto y la cacaua o largo. Ligeramente tostado para que conserve el sabor y las caracter\u00edsticas nutricionales que lo caracterizan. Se envasa en atm\u00f3sfera protectora para garantizar su conservaci\u00f3n.\" \/>\n<meta property=\"og:url\" content=\"https:\/\/terraixufa.com\/en\/tienda\/uncategorized\/cacahuete-tostado-bolsa-25-kg-ecologico\/\" \/>\n<meta property=\"og:site_name\" content=\"terraixufa\" \/>\n<meta property=\"article:modified_time\" content=\"2021-04-25T16:22:54+00:00\" \/>\n<meta property=\"og:image\" content=\"https:\/\/terraixufa.com\/wp-content\/uploads\/2021\/04\/cacau-Ecolo\u0301gica-de-Valencia.jpg\" \/>\n\t<meta property=\"og:image:width\" content=\"700\" \/>\n\t<meta property=\"og:image:height\" content=\"998\" \/>\n\t<meta property=\"og:image:type\" content=\"image\/jpeg\" \/>\n<meta name=\"twitter:card\" content=\"summary_large_image\" \/>\n<script type=\"application\/ld+json\" class=\"yoast-schema-graph\">{\"@context\":\"https:\\\/\\\/schema.org\",\"@graph\":[{\"@type\":\"WebPage\",\"@id\":\"https:\\\/\\\/terraixufa.com\\\/en\\\/tienda\\\/uncategorized\\\/cacahuete-tostado-bolsa-25-kg-ecologico\\\/\",\"url\":\"https:\\\/\\\/terraixufa.com\\\/en\\\/tienda\\\/uncategorized\\\/cacahuete-tostado-bolsa-25-kg-ecologico\\\/\",\"name\":\"CACAHUETE LARGO TOSTADO. Envase 2,5 kg - terraixufa\",\"isPartOf\":{\"@id\":\"https:\\\/\\\/terraixufa.com\\\/en\\\/#website\"},\"primaryImageOfPage\":{\"@id\":\"https:\\\/\\\/terraixufa.com\\\/en\\\/tienda\\\/uncategorized\\\/cacahuete-tostado-bolsa-25-kg-ecologico\\\/#primaryimage\"},\"image\":{\"@id\":\"https:\\\/\\\/terraixufa.com\\\/en\\\/tienda\\\/uncategorized\\\/cacahuete-tostado-bolsa-25-kg-ecologico\\\/#primaryimage\"},\"thumbnailUrl\":\"https:\\\/\\\/terraixufa.com\\\/wp-content\\\/uploads\\\/2021\\\/04\\\/cacau-Ecolo\u0301gica-de-Valencia.jpg\",\"datePublished\":\"2021-03-15T11:00:44+00:00\",\"dateModified\":\"2021-04-25T16:22:54+00:00\",\"breadcrumb\":{\"@id\":\"https:\\\/\\\/terraixufa.com\\\/en\\\/tienda\\\/uncategorized\\\/cacahuete-tostado-bolsa-25-kg-ecologico\\\/#breadcrumb\"},\"inLanguage\":\"en-US\",\"potentialAction\":[{\"@type\":\"ReadAction\",\"target\":[\"https:\\\/\\\/terraixufa.com\\\/en\\\/tienda\\\/uncategorized\\\/cacahuete-tostado-bolsa-25-kg-ecologico\\\/\"]}]},{\"@type\":\"ImageObject\",\"inLanguage\":\"en-US\",\"@id\":\"https:\\\/\\\/terraixufa.com\\\/en\\\/tienda\\\/uncategorized\\\/cacahuete-tostado-bolsa-25-kg-ecologico\\\/#primaryimage\",\"url\":\"https:\\\/\\\/terraixufa.com\\\/wp-content\\\/uploads\\\/2021\\\/04\\\/cacau-Ecolo\u0301gica-de-Valencia.jpg\",\"contentUrl\":\"https:\\\/\\\/terraixufa.com\\\/wp-content\\\/uploads\\\/2021\\\/04\\\/cacau-Ecolo\u0301gica-de-Valencia.jpg\",\"width\":700,\"height\":998},{\"@type\":\"BreadcrumbList\",\"@id\":\"https:\\\/\\\/terraixufa.com\\\/en\\\/tienda\\\/uncategorized\\\/cacahuete-tostado-bolsa-25-kg-ecologico\\\/#breadcrumb\",\"itemListElement\":[{\"@type\":\"ListItem\",\"position\":1,\"name\":\"Portada\",\"item\":\"https:\\\/\\\/terraixufa.com\\\/en\\\/\"},{\"@type\":\"ListItem\",\"position\":2,\"name\":\"Tienda\",\"item\":\"https:\\\/\\\/terraixufa.com\\\/tienda\\\/\"},{\"@type\":\"ListItem\",\"position\":3,\"name\":\"CACAHUETE LARGO TOSTADO. Envase 2,5 kg\"}]},{\"@type\":\"WebSite\",\"@id\":\"https:\\\/\\\/terraixufa.com\\\/en\\\/#website\",\"url\":\"https:\\\/\\\/terraixufa.com\\\/en\\\/\",\"name\":\"terraixufa\",\"description\":\"Productes locals i de temporada\",\"potentialAction\":[{\"@type\":\"SearchAction\",\"target\":{\"@type\":\"EntryPoint\",\"urlTemplate\":\"https:\\\/\\\/terraixufa.com\\\/en\\\/?s={search_term_string}\"},\"query-input\":{\"@type\":\"PropertyValueSpecification\",\"valueRequired\":true,\"valueName\":\"search_term_string\"}}],\"inLanguage\":\"en-US\"}]}<\/script>\n<!-- \/ Yoast SEO plugin. -->","yoast_head_json":{"title":"CACAHUETE LARGO TOSTADO. Envase 2,5 kg - terraixufa","robots":{"index":"index","follow":"follow","max-snippet":"max-snippet:-1","max-image-preview":"max-image-preview:large","max-video-preview":"max-video-preview:-1"},"canonical":"https:\/\/terraixufa.com\/en\/tienda\/uncategorized\/cacahuete-tostado-bolsa-25-kg-ecologico\/","og_locale":"en_US","og_type":"article","og_title":"CACAHUETE LARGO TOSTADO. Envase 2,5 kg - terraixufa","og_description":"CACAHUETE LARGO TOSTADO. Envase 2,5 kg Cacahuete largo de tres o cuatro granos de la variedad local \u201cCacaua\u201d. Durante los m\u00e1s de 200 a\u00f1os de cultivo en la Huerta de Valencia se seleccionan diferentes variedades locales como el del collaret o corto y la cacaua o largo. Ligeramente tostado para que conserve el sabor y las caracter\u00edsticas nutricionales que lo caracterizan. Se envasa en atm\u00f3sfera protectora para garantizar su conservaci\u00f3n.","og_url":"https:\/\/terraixufa.com\/en\/tienda\/uncategorized\/cacahuete-tostado-bolsa-25-kg-ecologico\/","og_site_name":"terraixufa","article_modified_time":"2021-04-25T16:22:54+00:00","og_image":[{"width":700,"height":998,"url":"https:\/\/terraixufa.com\/wp-content\/uploads\/2021\/04\/cacau-Ecolo\u0301gica-de-Valencia.jpg","type":"image\/jpeg"}],"twitter_card":"summary_large_image","schema":{"@context":"https:\/\/schema.org","@graph":[{"@type":"WebPage","@id":"https:\/\/terraixufa.com\/en\/tienda\/uncategorized\/cacahuete-tostado-bolsa-25-kg-ecologico\/","url":"https:\/\/terraixufa.com\/en\/tienda\/uncategorized\/cacahuete-tostado-bolsa-25-kg-ecologico\/","name":"CACAHUETE LARGO TOSTADO. Envase 2,5 kg - terraixufa","isPartOf":{"@id":"https:\/\/terraixufa.com\/en\/#website"},"primaryImageOfPage":{"@id":"https:\/\/terraixufa.com\/en\/tienda\/uncategorized\/cacahuete-tostado-bolsa-25-kg-ecologico\/#primaryimage"},"image":{"@id":"https:\/\/terraixufa.com\/en\/tienda\/uncategorized\/cacahuete-tostado-bolsa-25-kg-ecologico\/#primaryimage"},"thumbnailUrl":"https:\/\/terraixufa.com\/wp-content\/uploads\/2021\/04\/cacau-Ecolo\u0301gica-de-Valencia.jpg","datePublished":"2021-03-15T11:00:44+00:00","dateModified":"2021-04-25T16:22:54+00:00","breadcrumb":{"@id":"https:\/\/terraixufa.com\/en\/tienda\/uncategorized\/cacahuete-tostado-bolsa-25-kg-ecologico\/#breadcrumb"},"inLanguage":"en-US","potentialAction":[{"@type":"ReadAction","target":["https:\/\/terraixufa.com\/en\/tienda\/uncategorized\/cacahuete-tostado-bolsa-25-kg-ecologico\/"]}]},{"@type":"ImageObject","inLanguage":"en-US","@id":"https:\/\/terraixufa.com\/en\/tienda\/uncategorized\/cacahuete-tostado-bolsa-25-kg-ecologico\/#primaryimage","url":"https:\/\/terraixufa.com\/wp-content\/uploads\/2021\/04\/cacau-Ecolo\u0301gica-de-Valencia.jpg","contentUrl":"https:\/\/terraixufa.com\/wp-content\/uploads\/2021\/04\/cacau-Ecolo\u0301gica-de-Valencia.jpg","width":700,"height":998},{"@type":"BreadcrumbList","@id":"https:\/\/terraixufa.com\/en\/tienda\/uncategorized\/cacahuete-tostado-bolsa-25-kg-ecologico\/#breadcrumb","itemListElement":[{"@type":"ListItem","position":1,"name":"Portada","item":"https:\/\/terraixufa.com\/en\/"},{"@type":"ListItem","position":2,"name":"Tienda","item":"https:\/\/terraixufa.com\/tienda\/"},{"@type":"ListItem","position":3,"name":"CACAHUETE LARGO TOSTADO. Envase 2,5 kg"}]},{"@type":"WebSite","@id":"https:\/\/terraixufa.com\/en\/#website","url":"https:\/\/terraixufa.com\/en\/","name":"terraixufa","description":"Productes locals i de temporada","potentialAction":[{"@type":"SearchAction","target":{"@type":"EntryPoint","urlTemplate":"https:\/\/terraixufa.com\/en\/?s={search_term_string}"},"query-input":{"@type":"PropertyValueSpecification","valueRequired":true,"valueName":"search_term_string"}}],"inLanguage":"en-US"}]}},"_links":{"self":[{"href":"https:\/\/terraixufa.com\/en\/wp-json\/wp\/v2\/product\/2670","targetHints":{"allow":["GET"]}}],"collection":[{"href":"https:\/\/terraixufa.com\/en\/wp-json\/wp\/v2\/product"}],"about":[{"href":"https:\/\/terraixufa.com\/en\/wp-json\/wp\/v2\/types\/product"}],"replies":[{"embeddable":true,"href":"https:\/\/terraixufa.com\/en\/wp-json\/wp\/v2\/comments?post=2670"}],"wp:featuredmedia":[{"embeddable":true,"href":"https:\/\/terraixufa.com\/en\/wp-json\/wp\/v2\/media\/2702"}],"wp:attachment":[{"href":"https:\/\/terraixufa.com\/en\/wp-json\/wp\/v2\/media?parent=2670"}],"wp:term":[{"taxonomy":"product_brand","embeddable":true,"href":"https:\/\/terraixufa.com\/en\/wp-json\/wp\/v2\/product_brand?post=2670"},{"taxonomy":"product_cat","embeddable":true,"href":"https:\/\/terraixufa.com\/en\/wp-json\/wp\/v2\/product_cat?post=2670"},{"taxonomy":"product_tag","embeddable":true,"href":"https:\/\/terraixufa.com\/en\/wp-json\/wp\/v2\/product_tag?post=2670"}],"curies":[{"name":"wp","href":"https:\/\/api.w.org\/{rel}","templated":true}]}}